{"id":679,"date":"2026-01-27T08:52:42","date_gmt":"2026-01-27T08:52:42","guid":{"rendered":"https:\/\/theinsulatedglass.com\/?post_type=product&#038;p=679"},"modified":"2026-01-27T08:52:42","modified_gmt":"2026-01-27T08:52:42","slug":"factory-direct-custom-insulating-glass-igu","status":"publish","type":"product","link":"https:\/\/theinsulatedglass.com\/pl\/factory-direct-custom-insulating-glass-igu\/","title":{"rendered":"Fabrycznie niestandardowe szyby zespolone ze szk\u0142a izolacyjnego"},"content":{"rendered":"<p data-start=\"55\" data-end=\"295\">Przegl\u0105d<br data-start=\"63\" data-end=\"66\" \/>Obni\u017cenie zapotrzebowania na HVAC cz\u0119sto zaczyna si\u0119 na linii szklenia. Nasze niestandardowe szyby zespolone Factory Direct s\u0105 montowane zgodnie z wymaganiami projektu, aby pom\u00f3c ograniczy\u0107 przenikanie ciep\u0142a, poprawi\u0107 komfort u\u017cytkownik\u00f3w i utrzyma\u0107 czyste i u\u017cyteczne \u015bwiat\u0142o dzienne.<\/p>\n<p data-start=\"299\" data-end=\"313\">Kluczowe cechy<\/p>\n<p data-start=\"316\" data-end=\"396\">Zmniejszenie strat ciep\u0142a zim\u0105 i przenikania ciep\u0142a latem w por\u00f3wnaniu ze szk\u0142em monolitycznym<\/p>\n<p data-start=\"399\" data-end=\"471\">Poprawa komfortu w pobli\u017cu okien poprzez stabilizacj\u0119 temperatury wewn\u0119trznej szyby<\/p>\n<p data-start=\"474\" data-end=\"550\">Wyra\u017aniejszy widok dzi\u0119ki kontrolowanej czysto\u015bci wewn\u0119trznej podczas monta\u017cu<\/p>\n<p data-start=\"553\" data-end=\"635\">Zwi\u0119kszona odporno\u015b\u0107 na kondensacj\u0119, gdy ca\u0142y system okienny jest odpowiednio zaprojektowany<\/p>\n<p data-start=\"638\" data-end=\"711\">Zachowanie powtarzalnych wymiar\u00f3w u\u0142atwia monta\u017c ramek i uszczelek<\/p>\n<p data-start=\"715\" data-end=\"740\">Opcje i personalizacja<\/p>\n<p data-start=\"743\" data-end=\"806\">Rozmiary i kszta\u0142ty szyb zespolonych na zam\u00f3wienie \/ niestandardowy rozmiar wed\u0142ug rysunk\u00f3w<\/p>\n<p data-start=\"809\" data-end=\"874\">Pow\u0142oki niskoemisyjne i przeciws\u0142oneczne dost\u0119pne na \u017cyczenie<\/p>\n<p data-start=\"877\" data-end=\"958\">Wyb\u00f3r podk\u0142adek dystansowych, opcji ciep\u0142ych kraw\u0119dzi i system\u00f3w uszczelnie\u0144 oferowanych zgodnie ze specyfikacj\u0105 projektu<\/p>\n<p data-start=\"961\" data-end=\"1041\">Wype\u0142nienie gazowe, przyciemniane pod\u0142o\u017ca i laminowane\/hartowane szyby dost\u0119pne na \u017cyczenie.<\/p>\n<p data-start=\"1044\" data-end=\"1111\">Siatki, obramowania frytowe i strefy usuwania kraw\u0119dzi dostarczane zgodnie z wymaganiami<\/p>\n<p data-start=\"1115\" data-end=\"1291\">Typowe zastosowania<br data-start=\"1135\" data-end=\"1138\" \/>Okna mieszkalne, komercyjne \u015bciany okienne, \u015bciany os\u0142onowe, systemy witryn sklepowych, \u015bwietliki, drzwi tarasowe, przeszklenia klatek schodowych, obudowy atri\u00f3w<\/p>\n<p data-start=\"1295\" data-end=\"1619\">Dostawa i wsparcie<br data-start=\"1311\" data-end=\"1314\" \/>Produkcja seryjna jest dost\u0119pna dla powtarzalnych program\u00f3w, z szybkim planowaniem czasu realizacji dla etapowych wyda\u0144. Wewn\u0119trzna kontrola jako\u015bci wspiera sp\u00f3jne kontrole monta\u017cu, a pakowanie eksportowe z pakowaniem w skrzynie mo\u017ce by\u0107 zorganizowane. Dost\u0119pne jest wsparcie w zakresie rysunk\u00f3w warsztatowych i przegl\u0105d\u00f3w rysunk\u00f3w; zgodno\u015b\u0107 z normami dost\u0119pna na \u017c\u0105danie.<\/p>","protected":false},"excerpt":{"rendered":"<p>Dobrze wykonana szyba zespolona to najszybsza droga do bardziej komfortowych pomieszcze\u0144 i zmniejszenia ryzyka kondensacji. Nasze fabrycznie produkowane na zam\u00f3wienie szyby zespolone s\u0105 dostarczane do okien mieszkalnych i komercyjnych system\u00f3w \u015bcian os\u0142onowych o sp\u00f3jnym dopasowaniu.<\/p>","protected":false},"featured_media":680,"template":"","meta":{"_gspb_post_css":""},"product_brand":[],"product_cat":[25],"product_tag":[66,232,64,230,228,57,229,233,234,60,231],"class_list":{"0":"post-679","1":"product","2":"type-product","3":"status-publish","4":"has-post-thumbnail","6":"product_cat-insulating-glass-igu","7":"product_tag-bulk-supply","8":"product_tag-curtain-wall-igu","9":"product_tag-custom-size","10":"product_tag-double-glazing","11":"product_tag-factory-direct-custom-insulating-glass-igu","12":"product_tag-insulated-glass-unit","13":"product_tag-low-e-igu","14":"product_tag-skylight-igu","15":"product_tag-storefront-igu","16":"product_tag-warm-edge-spacer","17":"product_tag-window-igu","19":"first","20":"instock","21":"shipping-taxable","22":"purchasable","23":"product-type-simple"},"_links":{"self":[{"href":"https:\/\/theinsulatedglass.com\/pl\/wp-json\/wp\/v2\/product\/679","targetHints":{"allow":["GET"]}}],"collection":[{"href":"https:\/\/theinsulatedglass.com\/pl\/wp-json\/wp\/v2\/product"}],"about":[{"href":"https:\/\/theinsulatedglass.com\/pl\/wp-json\/wp\/v2\/types\/product"}],"wp:featuredmedia":[{"embeddable":true,"href":"https:\/\/theinsulatedglass.com\/pl\/wp-json\/wp\/v2\/media\/680"}],"wp:attachment":[{"href":"https:\/\/theinsulatedglass.com\/pl\/wp-json\/wp\/v2\/media?parent=679"}],"wp:term":[{"taxonomy":"product_brand","embeddable":true,"href":"https:\/\/theinsulatedglass.com\/pl\/wp-json\/wp\/v2\/product_brand?post=679"},{"taxonomy":"product_cat","embeddable":true,"href":"https:\/\/theinsulatedglass.com\/pl\/wp-json\/wp\/v2\/product_cat?post=679"},{"taxonomy":"product_tag","embeddable":true,"href":"https:\/\/theinsulatedglass.com\/pl\/wp-json\/wp\/v2\/product_tag?post=679"}],"curies":[{"name":"wp","href":"https:\/\/api.w.org\/{rel}","templated":true}]}}