{"id":687,"date":"2026-01-27T09:01:17","date_gmt":"2026-01-27T09:01:17","guid":{"rendered":"https:\/\/theinsulatedglass.com\/?post_type=product&#038;p=687"},"modified":"2026-01-27T09:01:17","modified_gmt":"2026-01-27T09:01:17","slug":"clear-noise-control-acoustic-laminated-glass-for-business","status":"publish","type":"product","link":"https:\/\/theinsulatedglass.com\/pl\/clear-noise-control-acoustic-laminated-glass-for-business\/","title":{"rendered":"Wyra\u017ana kontrola ha\u0142asu Akustyczne szk\u0142o laminowane dla biznesu"},"content":{"rendered":"<p data-start=\"70\" data-end=\"385\">Przegl\u0105d<br data-start=\"78\" data-end=\"81\" \/>Spokojna przestrze\u0144 robocza mo\u017ce nadal wygl\u0105da\u0107 na otwart\u0105. Przezroczyste, laminowane szk\u0142o akustyczne z funkcj\u0105 kontroli ha\u0142asu zapewnia przejrzysty, wysokiej klasy wygl\u0105d, kt\u00f3rego oczekuj\u0105 projektanci, jednocze\u015bnie pomagaj\u0105c ograniczy\u0107 rozpraszaj\u0105ce d\u017awi\u0119ki przenoszone mi\u0119dzy strefami. Laminowana konstrukcja poprawia r\u00f3wnie\u017c trwa\u0142o\u015b\u0107 w przypadku st\u0142uczenia, zapewniaj\u0105c bezpieczniejsze wn\u0119trza.<\/p>\n<p data-start=\"389\" data-end=\"403\">Kluczowe cechy<\/p>\n<p data-start=\"406\" data-end=\"467\">Zachowaj czysty, nisko zabarwiony widok, aby uzyska\u0107 doskona\u0142e wyko\u0144czenie wizualne<\/p>\n<p data-start=\"470\" data-end=\"538\">T\u0142umienie mowy i szum\u00f3w o \u015bredniej cz\u0119stotliwo\u015bci w celu poprawy postrzeganej prywatno\u015bci<\/p>\n<p data-start=\"541\" data-end=\"610\">Lepsze trzymanie po zerwaniu dzi\u0119ki konstrukcji mi\u0119dzywarstwowej<\/p>\n<p data-start=\"613\" data-end=\"687\">Zachowaj sp\u00f3jno\u015b\u0107 kraw\u0119dzi i naro\u017cnik\u00f3w, aby uzyska\u0107 wyra\u017ane linie w ramkach i kana\u0142ach.<\/p>\n<p data-start=\"690\" data-end=\"772\">Obs\u0142uga stabilnej estetyki w wielu obszarach dzi\u0119ki przetwarzaniu sterowanemu wsadowo<\/p>\n<p data-start=\"776\" data-end=\"801\">Opcje i personalizacja<\/p>\n<p data-start=\"804\" data-end=\"878\">Panele o niestandardowych rozmiarach \/ wykonane na zam\u00f3wienie, przyci\u0119te zgodnie z rysunkami i harmonogramami otwor\u00f3w<\/p>\n<p data-start=\"881\" data-end=\"948\">Wyb\u00f3r mi\u0119dzywarstwy akustycznej i zabudowy dost\u0119pne na \u017cyczenie<\/p>\n<p data-start=\"951\" data-end=\"1029\">Kombinacje hartowane i laminowane dost\u0119pne na \u017cyczenie dla wi\u0119kszej wytrzyma\u0142o\u015bci<\/p>\n<p data-start=\"1032\" data-end=\"1102\">Otwory, naci\u0119cia i wyci\u0119cia CNC dla oku\u0107 i oku\u0107 drzwiowych<\/p>\n<p data-start=\"1105\" data-end=\"1185\">Przezroczyste, przyciemniane lub powlekane \u015bwiat\u0142a dost\u0119pne na \u017cyczenie dla zintegrowanej wydajno\u015bci<\/p>\n<p data-start=\"1189\" data-end=\"1389\">Typowe zastosowania<br data-start=\"1209\" data-end=\"1212\" \/>Przegrody biurowe, fronty sal konferencyjnych, biura kierownicze, ekrany recepcyjne, sale szkoleniowe, przeszklenia sklep\u00f3w detalicznych, hotelowe centra biznesowe, pokoje telefoniczne, boczne korytarze<\/p>\n<p data-start=\"1393\" data-end=\"1703\">Dostawa i wsparcie<br data-start=\"1409\" data-end=\"1412\" \/>Fabryczne dostawy masowe z planowaniem produkcji masowej i stabiln\u0105 koordynacj\u0105 czasu realizacji dla dostaw etapowych. Wewn\u0119trzna kontrola jako\u015bci z mo\u017cliwo\u015bci\u0105 \u015bledzenia jako\u015bci, a tak\u017ce pakowanie eksportowe i pakowanie w skrzynie dla bezpiecznej wysy\u0142ki. Dost\u0119pna jest obs\u0142uga rysunk\u00f3w warsztatowych; zgodno\u015b\u0107 z normami dost\u0119pna na \u017c\u0105danie.<\/p>","protected":false},"excerpt":{"rendered":"<p>Zachowaj wizualn\u0105 otwarto\u015b\u0107 wn\u0119trz, jednocze\u015bnie ograniczaj\u0105c rozpraszaj\u0105ce d\u017awi\u0119ki. Nasze przezroczyste akustyczne szk\u0142o laminowane jest produkowane na zam\u00f3wienie ze sta\u0142\u0105 jako\u015bci\u0105 kraw\u0119dzi do \u015bcianek dzia\u0142owych i front\u00f3w sal konferencyjnych, pomagaj\u0105c firmom tworzy\u0107 cichsze, bardziej komfortowe przestrzenie bez po\u015bwi\u0119cania \u015bwiat\u0142a dziennego.<\/p>","protected":false},"featured_media":688,"template":"","meta":{"_gspb_post_css":""},"product_brand":[],"product_cat":[30],"product_tag":[239,237,66,236,235,64,97,240,136,242,241,238],"class_list":{"0":"post-687","1":"product","2":"type-product","3":"status-publish","4":"has-post-thumbnail","6":"product_cat-laminated-glass","7":"product_tag-acoustic-igu","8":"product_tag-acoustic-pvb-interlayer","9":"product_tag-bulk-supply","10":"product_tag-clear-acoustic-laminated-glass","11":"product_tag-clear-noise-control-acoustic-laminated-glass-for-business","12":"product_tag-custom-size","13":"product_tag-factory-direct","14":"product_tag-meeting-room-glazing","15":"product_tag-office-partition-glass","16":"product_tag-reception-screen-glass","17":"product_tag-storefront-window-glass","18":"product_tag-tempered-laminated-glass","20":"first","21":"instock","22":"shipping-taxable","23":"purchasable","24":"product-type-simple"},"_links":{"self":[{"href":"https:\/\/theinsulatedglass.com\/pl\/wp-json\/wp\/v2\/product\/687","targetHints":{"allow":["GET"]}}],"collection":[{"href":"https:\/\/theinsulatedglass.com\/pl\/wp-json\/wp\/v2\/product"}],"about":[{"href":"https:\/\/theinsulatedglass.com\/pl\/wp-json\/wp\/v2\/types\/product"}],"wp:featuredmedia":[{"embeddable":true,"href":"https:\/\/theinsulatedglass.com\/pl\/wp-json\/wp\/v2\/media\/688"}],"wp:attachment":[{"href":"https:\/\/theinsulatedglass.com\/pl\/wp-json\/wp\/v2\/media?parent=687"}],"wp:term":[{"taxonomy":"product_brand","embeddable":true,"href":"https:\/\/theinsulatedglass.com\/pl\/wp-json\/wp\/v2\/product_brand?post=687"},{"taxonomy":"product_cat","embeddable":true,"href":"https:\/\/theinsulatedglass.com\/pl\/wp-json\/wp\/v2\/product_cat?post=687"},{"taxonomy":"product_tag","embeddable":true,"href":"https:\/\/theinsulatedglass.com\/pl\/wp-json\/wp\/v2\/product_tag?post=687"}],"curies":[{"name":"wp","href":"https:\/\/api.w.org\/{rel}","templated":true}]}}