{"id":694,"date":"2026-01-27T09:12:48","date_gmt":"2026-01-27T09:12:48","guid":{"rendered":"https:\/\/theinsulatedglass.com\/?post_type=product&#038;p=694"},"modified":"2026-01-27T09:12:48","modified_gmt":"2026-01-27T09:12:48","slug":"custom-and-useful-ultra-clear-tempered-glass","status":"publish","type":"product","link":"https:\/\/theinsulatedglass.com\/pl\/custom-and-useful-ultra-clear-tempered-glass\/","title":{"rendered":"Niestandardowe i u\u017cyteczne ultra-przezroczyste szk\u0142o hartowane"},"content":{"rendered":"<p data-start=\"57\" data-end=\"316\">Przegl\u0105d<br data-start=\"65\" data-end=\"68\" \/>Gdy priorytetem jest komfort wizualny, ultra przejrzyste szk\u0142o hartowane sprawia, \u017ce wn\u0119trza staj\u0105 si\u0119 ja\u015bniejsze i bardziej wyrafinowane. Przejrzysto\u015b\u0107 o niskiej zawarto\u015bci \u017celaza redukuje typowe zielone zabarwienie kraw\u0119dzi, a hartowanie zwi\u0119ksza bezpiecze\u0144stwo codziennych punkt\u00f3w styku w przestrzeniach publicznych i prywatnych.<\/p>\n<p data-start=\"320\" data-end=\"636\">Kluczowe cechy<br data-start=\"332\" data-end=\"335\" \/>Lepsze odwzorowanie kolor\u00f3w dzi\u0119ki ultra przezroczystemu szk\u0142u<\/p>\n<p data-start=\"320\" data-end=\"636\">\u00a0Zapewnia bezpiecze\u0144stwo dzi\u0119ki hartowanej obr\u00f3bce<br data-start=\"455\" data-end=\"458\" \/>\u00a0Zachowuje wyra\u017ane linie z wyrafinowanym wyko\u0144czeniem kraw\u0119dzi<br data-start=\"509\" data-end=\"512\" \/>\u00a0Opcjonalne, \u0142atwe w czyszczeniu powierzchnie u\u0142atwiaj\u0105 utrzymanie urz\u0105dzenia w czysto\u015bci<br data-start=\"574\" data-end=\"577\" \/>\u00a0Poprawia sp\u00f3jno\u015b\u0107 projektu dzi\u0119ki stabilnej jako\u015bci optycznej<\/p>\n<p data-start=\"640\" data-end=\"1090\">Opcje i personalizacja<br data-start=\"663\" data-end=\"666\" \/>\u00a0Rozmiar niestandardowy, ci\u0119cie na zam\u00f3wienie do wymiar\u00f3w projektu<br data-start=\"724\" data-end=\"727\" \/>\u00a0Kraw\u0119dzie do wyboru: arris, o\u0142\u00f3wek, p\u0142askie polerowanie, fazowane kraw\u0119dzie (zgodnie z wymaganiami)<br data-start=\"802\" data-end=\"805\" \/>\u00a0Otwory, naci\u0119cia i wyci\u0119cia CNC do integracji sprz\u0119tu<br data-start=\"863\" data-end=\"866\" \/>\u00a0Fryta ceramiczna \/ sitodruk i malowanie t\u0142a dost\u0119pne na \u017cyczenie<br data-start=\"937\" data-end=\"940\" \/>\u00a0Dost\u0119pne s\u0105 zakrzywione lub laminowane konstrukcje zapewniaj\u0105ce wy\u017cszy komfort u\u017cytkowania.<br data-start=\"1020\" data-end=\"1023\" \/>\u00a0Wsparcie w zakresie specyfikacji projektu i rysunk\u00f3w warsztatowych od rysunk\u00f3w do zatwierdzenia<\/p>\n<p data-start=\"1094\" data-end=\"1317\">Typowe zastosowania<br data-start=\"1114\" data-end=\"1117\" \/>Bezramowe drzwi prysznicowe, kabiny prysznicowe, \u015bcianki dzia\u0142owe w biurach, przeszklenia witryn sklepowych, gabloty muzealne, drzwi szafek, szklane p\u00f3\u0142ki, blaty meblowe, panele os\u0142onowe urz\u0105dze\u0144, panele wype\u0142niaj\u0105ce balustrady.<\/p>\n<p data-start=\"1321\" data-end=\"1575\">Dostawa i wsparcie<br data-start=\"1337\" data-end=\"1340\" \/>Factory Direct z produkcj\u0105 seryjn\u0105 dla program\u00f3w powtarzalnych lub jednorazowych. Zapewniamy stabilny czas realizacji, wewn\u0119trzn\u0105 kontrol\u0119 jako\u015bci z mo\u017cliwo\u015bci\u0105 \u015bledzenia jako\u015bci oraz opakowania eksportowe, w tym opakowania skrzynkowe. Zgodno\u015b\u0107 z normami dost\u0119pna na \u017cyczenie.<\/p>","protected":false},"excerpt":{"rendered":"<p>Ultra-przezroczyste szk\u0142o hartowane jest wybierane, gdy liczy si\u0119 komfort wizualny - przejrzysto\u015b\u0107 o niskiej zawarto\u015bci \u017celaza utrzymuje wierne kolory, a hartowanie poprawia bezpiecze\u0144stwo w obszarach o wysokim kontakcie. Dostarczane na zam\u00f3wienie do wysokiej jako\u015bci drzwi prysznicowych, wewn\u0119trznych \u015bcianek dzia\u0142owych i paneli wystawowych, gdzie wymagany jest czysty, jasny wygl\u0105d.<\/p>","protected":false},"featured_media":695,"template":"","meta":{"_gspb_post_css":""},"product_brand":[],"product_cat":[35],"product_tag":[66,245,243,64,247,73,81,51,86,246,113,244],"class_list":{"0":"post-694","1":"product","2":"type-product","3":"status-publish","4":"has-post-thumbnail","6":"product_cat-ultra-clear-glass","7":"product_tag-bulk-supply","8":"product_tag-ceramic-frit-printing","9":"product_tag-custom-and-useful-ultra-clear-tempered-glass","10":"product_tag-custom-size","11":"product_tag-display-case-glazing","12":"product_tag-glass-partition-panels","13":"product_tag-laminated-glass-option","14":"product_tag-low-iron-glass","15":"product_tag-oem-odm-service","16":"product_tag-shower-door-glass","17":"product_tag-tempered-safety-glass","18":"product_tag-ultra-clear-tempered-glass","20":"first","21":"instock","22":"shipping-taxable","23":"purchasable","24":"product-type-simple"},"_links":{"self":[{"href":"https:\/\/theinsulatedglass.com\/pl\/wp-json\/wp\/v2\/product\/694","targetHints":{"allow":["GET"]}}],"collection":[{"href":"https:\/\/theinsulatedglass.com\/pl\/wp-json\/wp\/v2\/product"}],"about":[{"href":"https:\/\/theinsulatedglass.com\/pl\/wp-json\/wp\/v2\/types\/product"}],"wp:featuredmedia":[{"embeddable":true,"href":"https:\/\/theinsulatedglass.com\/pl\/wp-json\/wp\/v2\/media\/695"}],"wp:attachment":[{"href":"https:\/\/theinsulatedglass.com\/pl\/wp-json\/wp\/v2\/media?parent=694"}],"wp:term":[{"taxonomy":"product_brand","embeddable":true,"href":"https:\/\/theinsulatedglass.com\/pl\/wp-json\/wp\/v2\/product_brand?post=694"},{"taxonomy":"product_cat","embeddable":true,"href":"https:\/\/theinsulatedglass.com\/pl\/wp-json\/wp\/v2\/product_cat?post=694"},{"taxonomy":"product_tag","embeddable":true,"href":"https:\/\/theinsulatedglass.com\/pl\/wp-json\/wp\/v2\/product_tag?post=694"}],"curies":[{"name":"wp","href":"https:\/\/api.w.org\/{rel}","templated":true}]}}