{"id":716,"date":"2026-01-27T09:39:57","date_gmt":"2026-01-27T09:39:57","guid":{"rendered":"https:\/\/theinsulatedglass.com\/?post_type=product&#038;p=716"},"modified":"2026-01-27T09:39:57","modified_gmt":"2026-01-27T09:39:57","slug":"energy-upgrade-useful-triple-glazed-low-e-insulating-glass","status":"publish","type":"product","link":"https:\/\/theinsulatedglass.com\/pl\/energy-upgrade-useful-triple-glazed-low-e-insulating-glass\/","title":{"rendered":"Przydatne w modernizacji energetycznej potr\u00f3jnie szklone niskoemisyjne szk\u0142o izolacyjne"},"content":{"rendered":"<p data-start=\"71\" data-end=\"472\">Przegl\u0105d<br data-start=\"79\" data-end=\"82\" \/>Koordynacja modernizacji energetycznej fasady cz\u0119sto zaczyna si\u0119 od zestawu rysunk\u00f3w, a potr\u00f3jnie oszklone szk\u0142o izolacyjne Low-E jest okre\u015blone w celu spe\u0142nienia cel\u00f3w w zakresie komfortu bez nadmiernego komplikowania instalacji. Trzy szyby i uszczelnione wn\u0119ki pomagaj\u0105 ustabilizowa\u0107 temperatur\u0119 wewn\u0119trzn\u0105 i zmniejszy\u0107 efekt zimnej powierzchni. Opcje pow\u0142oki niskoemisyjnej pozwalaj\u0105 na dostosowanie jednostki do projektu pod k\u0105tem nas\u0142onecznienia i \u015bwiat\u0142a dziennego.<\/p>\n<p data-start=\"476\" data-end=\"829\">Kluczowe cechy<br data-start=\"488\" data-end=\"491\" \/>\u00a0Poprawia wydajno\u015b\u0107 termiczn\u0105 dzi\u0119ki potr\u00f3jnej konstrukcji szyb zespolonych<br data-start=\"553\" data-end=\"556\" \/>\u00a0Ni\u017csze straty ciep\u0142a dzi\u0119ki opcjom powierzchni niskoemisyjnych<br data-start=\"609\" data-end=\"612\" \/>\u00a0Pomaga zmniejszy\u0107 ryzyko kondensacji, utrzymuj\u0105c wewn\u0119trzn\u0105 szyb\u0119 cieplejsz\u0105<br data-start=\"674\" data-end=\"677\" \/>\u00a0Utrzymuje sp\u00f3jne linie wzroku dzi\u0119ki kontrolowanemu wyr\u00f3wnaniu dystans\u00f3w<\/p>\n<p data-start=\"476\" data-end=\"829\">\u00a0Obs\u0142uguje bezpieczniejsze makija\u017ce w po\u0142\u0105czeniu z hartowanymi lub laminowanymi pod\u015bwietleniami na \u017cyczenie.<\/p>\n<p data-start=\"833\" data-end=\"1295\">Opcje i personalizacja<br data-start=\"856\" data-end=\"859\" \/>\u00a0Produkcja na zam\u00f3wienie w rozmiarze niestandardowym w celu dopasowania do modu\u0142\u00f3w i tolerancji sklepowych<br data-start=\"937\" data-end=\"940\" \/>\u00a0Wsparcie specyfikacji projektu i rysunk\u00f3w warsztatowych w zakresie umieszczania pow\u0142ok, etykietowania i orientacji jednostek.<br data-start=\"1033\" data-end=\"1036\" \/>\u00a0Kombinacje szk\u0142a do wyboru: odpr\u0119\u017cone \/ hartowane \/ laminowane zgodnie z wymaganiami<br data-start=\"1121\" data-end=\"1124\" \/>\u00a0Opcje typu i koloru ramki dystansowej, w tym wyb\u00f3r ciep\u0142ych kraw\u0119dzi na \u017cyczenie<\/p>\n<p data-start=\"833\" data-end=\"1295\">\u00a0Nape\u0142nianie gazem i dostrajanie osi\u0105g\u00f3w dost\u0119pne na \u017cyczenie dla r\u00f3\u017cnych klimat\u00f3w i wysoko\u015bci<\/p>\n<p data-start=\"1299\" data-end=\"1501\">Typowe zastosowania<br data-start=\"1319\" data-end=\"1322\" \/>Jednolite szyby zespolone do \u015bcian os\u0142onowych, wysokowydajne okna, \u015bwietliki, wst\u0119gi fasadowe, przeszklenia atrialne, wie\u017ce mieszkalne, koperty biurowe, renowacje w zimnym klimacie, fronty salon\u00f3w wystawowych.<\/p>\n<p data-start=\"1505\" data-end=\"1796\">Dostawa i wsparcie<br data-start=\"1521\" data-end=\"1524\" \/>Dost\u0119pne s\u0105 programy dostaw masowych z szybkim planowaniem czasu realizacji dla dostaw etapowych. Wewn\u0119trzna kontrola jako\u015bci z mo\u017cliwo\u015bci\u0105 \u015bledzenia jako\u015bci wspiera sp\u00f3jne uszczelnianie i pakowanie, z opakowaniami eksportowymi i skrzynkami do ochrony w transporcie. Zgodno\u015b\u0107 z normami dost\u0119pna na \u017cyczenie.<\/p>","protected":false},"excerpt":{"rendered":"<p>Potr\u00f3jne szk\u0142o izolacyjne Low-E to ulepszenie energetyczne dla wymagaj\u0105cych kopert, \u0142\u0105cz\u0105ce trzy szyby w celu poprawy komfortu i zmniejszenia przenikania ciep\u0142a. Dostarczane na zam\u00f3wienie do wysokowydajnych okien i \u015bcian os\u0142onowych, w kt\u00f3rych wa\u017cna jest stabilna temperatura wewn\u0119trzna i odporno\u015b\u0107 na kondensacj\u0119.<\/p>","protected":false},"featured_media":717,"template":"","meta":{"_gspb_post_css":""},"product_brand":[],"product_cat":[26],"product_tag":[66,232,64,264,271,267,270,266,269,265,268],"class_list":{"0":"post-716","1":"product","2":"type-product","3":"status-publish","4":"has-post-thumbnail","6":"product_cat-low-e-insulating-glass","7":"product_tag-bulk-supply","8":"product_tag-curtain-wall-igu","9":"product_tag-custom-size","10":"product_tag-energy-upgrade-useful-triple-glazed-low-e-insulating-glass","11":"product_tag-high-performance-windows","12":"product_tag-insulated-glass-unit-igu","13":"product_tag-laminated-glass-make-up","14":"product_tag-low-e-insulating-glass","15":"product_tag-tempered-glass-make-up","16":"product_tag-triple-glazed-igu","17":"product_tag-warm-edge-spacer-option","19":"first","20":"instock","21":"shipping-taxable","22":"purchasable","23":"product-type-simple"},"_links":{"self":[{"href":"https:\/\/theinsulatedglass.com\/pl\/wp-json\/wp\/v2\/product\/716","targetHints":{"allow":["GET"]}}],"collection":[{"href":"https:\/\/theinsulatedglass.com\/pl\/wp-json\/wp\/v2\/product"}],"about":[{"href":"https:\/\/theinsulatedglass.com\/pl\/wp-json\/wp\/v2\/types\/product"}],"wp:featuredmedia":[{"embeddable":true,"href":"https:\/\/theinsulatedglass.com\/pl\/wp-json\/wp\/v2\/media\/717"}],"wp:attachment":[{"href":"https:\/\/theinsulatedglass.com\/pl\/wp-json\/wp\/v2\/media?parent=716"}],"wp:term":[{"taxonomy":"product_brand","embeddable":true,"href":"https:\/\/theinsulatedglass.com\/pl\/wp-json\/wp\/v2\/product_brand?post=716"},{"taxonomy":"product_cat","embeddable":true,"href":"https:\/\/theinsulatedglass.com\/pl\/wp-json\/wp\/v2\/product_cat?post=716"},{"taxonomy":"product_tag","embeddable":true,"href":"https:\/\/theinsulatedglass.com\/pl\/wp-json\/wp\/v2\/product_tag?post=716"}],"curies":[{"name":"wp","href":"https:\/\/api.w.org\/{rel}","templated":true}]}}