{"id":744,"date":"2026-01-28T06:19:46","date_gmt":"2026-01-28T06:19:46","guid":{"rendered":"https:\/\/theinsulatedglass.com\/?post_type=product&#038;p=744"},"modified":"2026-01-28T06:19:46","modified_gmt":"2026-01-28T06:19:46","slug":"custom-size-wholesale-useful-pattern-glass","status":"publish","type":"product","link":"https:\/\/theinsulatedglass.com\/pl\/custom-size-wholesale-useful-pattern-glass\/","title":{"rendered":"Niestandardowy rozmiar hurtowy u\u017cyteczny wz\u00f3r szk\u0142a"},"content":{"rendered":"<p data-start=\"55\" data-end=\"349\">Przegl\u0105d<br data-start=\"63\" data-end=\"66\" \/>W przypadku przestrzeni, kt\u00f3re wymagaj\u0105 \u015bwiat\u0142a dziennego bez ostrej jasno\u015bci, u\u017cyteczne szk\u0142o wzorzyste pomaga stworzy\u0107 bardziej komfortowe \u015brodowisko wewn\u0119trzne. Jego teksturowana powierzchnia rozprasza wpadaj\u0105ce \u015bwiat\u0142o, zapewniaj\u0105c kontrol\u0119 ol\u015bnienia i prywatno\u015b\u0107, a w razie potrzeby mo\u017ce by\u0107 zintegrowana z energooszcz\u0119dnymi konstrukcjami szklanymi.<\/p>\n<p data-start=\"353\" data-end=\"367\">Kluczowe cechy<\/p>\n<p data-start=\"370\" data-end=\"432\">Rozproszenie \u015bwiat\u0142a dziennego w celu z\u0142agodzenia odblask\u00f3w i zmniejszenia wizualnych hotspot\u00f3w.<\/p>\n<p data-start=\"435\" data-end=\"503\">Zachowaj prywatno\u015b\u0107, utrzymuj\u0105c jasne i naturalnie o\u015bwietlone wn\u0119trza.<\/p>\n<p data-start=\"506\" data-end=\"579\">Wspieraj\u0105 izolowane i laminowane zespo\u0142y, zwi\u0119kszaj\u0105c komfort u\u017cytkowania.<\/p>\n<p data-start=\"582\" data-end=\"655\">Praktyczne teksturowane wyko\u0144czenie pomaga maskowa\u0107 drobne odciski palc\u00f3w.<\/p>\n<p data-start=\"658\" data-end=\"725\">Zapewnienie sp\u00f3jnych dostaw z wewn\u0119trzn\u0105 kontrol\u0105 jako\u015bci i identyfikowalno\u015bci\u0105 jako\u015bci.<\/p>\n<p data-start=\"729\" data-end=\"754\">Opcje i personalizacja<\/p>\n<p data-start=\"757\" data-end=\"824\">Wyb\u00f3r wzoru i poziom rozproszenia \u015bwiat\u0142a dost\u0119pne na \u017cyczenie.<\/p>\n<p data-start=\"827\" data-end=\"898\">Rozmiary ci\u0119cia na zam\u00f3wienie z obs\u0142ug\u0105 rysunk\u00f3w i przegl\u0105dem rysunk\u00f3w warsztatowych.<\/p>\n<p data-start=\"901\" data-end=\"973\">Opcje wyko\u0144czenia kraw\u0119dzi, takie jak kraw\u0119dzie ze szwem, z\u0105bkowane lub polerowane, w zale\u017cno\u015bci od potrzeb.<\/p>\n<p data-start=\"976\" data-end=\"1090\">Dost\u0119pne przetwarzanie: hartowane, laminowane lub wbudowane w szyb\u0119 zespolon\u0105; parowanie niskoemisyjne dost\u0119pne w jednostce izolowanej.<\/p>\n<p data-start=\"1093\" data-end=\"1171\">Us\u0142ugi OEM\/ODM w zakresie prywatnych etykiet, oznacze\u0144 opakowa\u0144 i przesy\u0142ek mieszanych.<\/p>\n<p data-start=\"1093\" data-end=\"1171\">Typowe zastosowania<br data-start=\"1195\" data-end=\"1198\" \/>Okna zapewniaj\u0105ce prywatno\u015b\u0107, \u015bcianki dzia\u0142owe, drzwi \u0142azienkowe, kabiny prysznicowe, drzwi boczne i rygle, przeszklenia klatek schodowych, wstawki do szaf i garder\u00f3b, panele do pomieszcze\u0144 gospodarczych.<\/p>\n<p data-start=\"1364\" data-end=\"1682\">Dostawa i wsparcie<br data-start=\"1380\" data-end=\"1383\" \/>Produkcja seryjna Factory Direct zapewnia stabilne planowanie czasu realizacji; czas r\u00f3\u017cni si\u0119 w zale\u017cno\u015bci od wyboru wzoru i trasy przetwarzania. Opakowania eksportowe z pakowaniem w skrzynie s\u0105 dost\u0119pne dla dostaw zagranicznych, z zapisami kontroli opartymi na partiach dostarczanymi na \u017c\u0105danie. Zgodno\u015b\u0107 z normami dost\u0119pna na \u017cyczenie.<\/p>","protected":false},"excerpt":{"rendered":"<p>Przydatne szk\u0142o Pattern w niestandardowych rozmiarach do sprzeda\u017cy hurtowej rozprasza \u015bwiat\u0142o, aby zmniejszy\u0107 odblaski, jednocze\u015bnie zapewniaj\u0105c prywatno\u015b\u0107 przestrzeni. Powszechnie stosowane do szklenia okien i drzwi lub \u015bcianek dzia\u0142owych w \u0142azienkach w domach, hotelach i biurach, gdzie preferowana jest teksturowana przezroczysto\u015b\u0107.<\/p>","protected":false},"featured_media":762,"template":"","meta":{"_gspb_post_css":""},"product_brand":[],"product_cat":[37],"product_tag":[66,64,307,312,164,192,310,229,308,85,309,311],"class_list":{"0":"post-744","1":"product","2":"type-product","3":"status-publish","4":"has-post-thumbnail","6":"product_cat-patterned-glass","7":"product_tag-bulk-supply","8":"product_tag-custom-size","9":"product_tag-custom-size-wholesale-useful-pattern-glass","10":"product_tag-door-panels","11":"product_tag-igu-glass","12":"product_tag-interior-partition-glass","13":"product_tag-laminated-pattern-glass","14":"product_tag-low-e-igu","15":"product_tag-patterned-glass","16":"product_tag-shower-enclosure-glass","17":"product_tag-tempered-patterned-glass","18":"product_tag-window-glazing","20":"first","21":"instock","22":"shipping-taxable","23":"purchasable","24":"product-type-simple"},"_links":{"self":[{"href":"https:\/\/theinsulatedglass.com\/pl\/wp-json\/wp\/v2\/product\/744","targetHints":{"allow":["GET"]}}],"collection":[{"href":"https:\/\/theinsulatedglass.com\/pl\/wp-json\/wp\/v2\/product"}],"about":[{"href":"https:\/\/theinsulatedglass.com\/pl\/wp-json\/wp\/v2\/types\/product"}],"wp:featuredmedia":[{"embeddable":true,"href":"https:\/\/theinsulatedglass.com\/pl\/wp-json\/wp\/v2\/media\/762"}],"wp:attachment":[{"href":"https:\/\/theinsulatedglass.com\/pl\/wp-json\/wp\/v2\/media?parent=744"}],"wp:term":[{"taxonomy":"product_brand","embeddable":true,"href":"https:\/\/theinsulatedglass.com\/pl\/wp-json\/wp\/v2\/product_brand?post=744"},{"taxonomy":"product_cat","embeddable":true,"href":"https:\/\/theinsulatedglass.com\/pl\/wp-json\/wp\/v2\/product_cat?post=744"},{"taxonomy":"product_tag","embeddable":true,"href":"https:\/\/theinsulatedglass.com\/pl\/wp-json\/wp\/v2\/product_tag?post=744"}],"curies":[{"name":"wp","href":"https:\/\/api.w.org\/{rel}","templated":true}]}}