{"id":831,"date":"2026-01-28T07:06:31","date_gmt":"2026-01-28T07:06:31","guid":{"rendered":"https:\/\/theinsulatedglass.com\/?post_type=product&#038;p=831"},"modified":"2026-01-28T07:06:31","modified_gmt":"2026-01-28T07:06:31","slug":"premium-clarity-bulk-ultra-clear-laminated-glass","status":"publish","type":"product","link":"https:\/\/theinsulatedglass.com\/pl\/premium-clarity-bulk-ultra-clear-laminated-glass\/","title":{"rendered":"Szk\u0142o laminowane Premium Clarity Bulk Ultra-Clear"},"content":{"rendered":"<p data-start=\"61\" data-end=\"461\">Przegl\u0105d<br data-start=\"69\" data-end=\"72\" \/>Koperty o\u015bwietlane \u015bwiat\u0142em dziennym maj\u0105 na celu zmniejszenie zale\u017cno\u015bci od sztucznego o\u015bwietlenia przy jednoczesnym zachowaniu komfortu wizualnego we wn\u0119trzach. Ultraprzezroczyste szk\u0142o laminowane klasy premium minimalizuje typowe zielone zabarwienie kraw\u0119dzi, pomagaj\u0105c architektom zachowa\u0107 wierne odwzorowanie kolor\u00f3w na du\u017cych powierzchniach przeszkle\u0144. Na \u017cyczenie mo\u017ce by\u0107 r\u00f3wnie\u017c stosowane w konstrukcjach szyb zespolonych lub parach pow\u0142ok, aby wspiera\u0107 og\u00f3lne cele w zakresie komfortu elewacji.<\/p>\n<p data-start=\"465\" data-end=\"479\">Kluczowe cechy<\/p>\n<p data-start=\"482\" data-end=\"549\">Wyrazisty, neutralny wygl\u0105d z wysok\u0105 przejrzysto\u015bci\u0105 wizualn\u0105<\/p>\n<p data-start=\"552\" data-end=\"611\">Po\u0142\u0105czenie laminowanego bezpiecze\u0144stwa z wysokiej klasy estetyk\u0105 o niskiej zawarto\u015bci \u017celaza<\/p>\n<p data-start=\"614\" data-end=\"678\">Wspieraj\u0105 ja\u015bniejsze wn\u0119trza poprzez maksymalizacj\u0119 przepuszczalno\u015bci \u015bwiat\u0142a dziennego<\/p>\n<p data-start=\"681\" data-end=\"737\">Zminimalizowanie przesuni\u0119cia koloru kraw\u0119dzi w celu uzyskania oszklenia skoncentrowanego na gablocie<\/p>\n<p data-start=\"740\" data-end=\"809\">Zwi\u0119kszona trwa\u0142o\u015b\u0107 u\u017cytkowa dzi\u0119ki kontrolowanemu procesowi laminowania<\/p>\n<p data-start=\"813\" data-end=\"838\">Opcje i personalizacja<\/p>\n<p data-start=\"841\" data-end=\"894\">Rozmiary i kszta\u0142ty ci\u0119te na zam\u00f3wienie zgodnie ze specyfikacj\u0105 projektu<\/p>\n<p data-start=\"897\" data-end=\"952\">Opcje typu mi\u0119dzywarstwy i tonu dost\u0119pne na \u017cyczenie<\/p>\n<p data-start=\"955\" data-end=\"1025\">Wyko\u0144czenie kraw\u0119dzi i naro\u017cnik\u00f3w dost\u0119pne na \u017cyczenie dla ods\u0142oni\u0119tych kraw\u0119dzi<\/p>\n<p data-start=\"1028\" data-end=\"1088\">Dost\u0119pne otwory\/wyci\u0119cia\/CNC dla wspornik\u00f3w i osprz\u0119tu<\/p>\n<p data-start=\"1091\" data-end=\"1147\">O\u015bwietlenie gotowe do monta\u017cu w szybach zespolonych i parowanie niskoemisyjne dost\u0119pne na \u017cyczenie.<\/p>\n<p data-start=\"1150\" data-end=\"1217\">Obs\u0142uga rysunk\u00f3w warsztatowych i rysunk\u00f3w na potrzeby proces\u00f3w zatwierdzania<\/p>\n<p data-start=\"1221\" data-end=\"1443\">Typowe zastosowania<br data-start=\"1241\" data-end=\"1244\" \/>Panele wizyjne do \u015bcian os\u0142onowych, wysokiej jako\u015bci przeszklenia witryn sklepowych, fronty wystaw muzealnych, luksusowe witryny detaliczne, ekrany w holu windowym, wysokiej klasy okna mieszkalne, \u015bciany wewn\u0119trzne, szklane balustrady<\/p>\n<p data-start=\"1447\" data-end=\"1749\">Dostawa i wsparcie<br data-start=\"1463\" data-end=\"1466\" \/>Dostawy hurtowe Factory Direct s\u0105 wspierane przez planowanie produkcji seryjnej i stabilny czas realizacji. Wewn\u0119trzna kontrola jako\u015bci z mo\u017cliwo\u015bci\u0105 \u015bledzenia jako\u015bci jest stosowana podczas przetwarzania, a opakowania eksportowe \/ skrzynie s\u0105 dost\u0119pne do wysy\u0142ki na du\u017ce odleg\u0142o\u015bci. Zgodno\u015b\u0107 z normami dost\u0119pna na \u017cyczenie.<\/p>","protected":false},"excerpt":{"rendered":"<p>Najwy\u017csza przejrzysto\u015b\u0107 w po\u0142\u0105czeniu z laminowanym szk\u0142em bezpiecznym o niskiej zawarto\u015bci \u017celaza, produkowanym zgodnie ze specyfikacj\u0105 projektu w rozmiarach na zam\u00f3wienie. Nadaje si\u0119 do obszar\u00f3w wizyjnych \u015bcian os\u0142onowych i luksusowych przeszkle\u0144 sklepowych, zachowuj\u0105c wierno\u015b\u0107 kolor\u00f3w i zapewniaj\u0105c sp\u00f3jne dopasowanie modu\u0142\u00f3w.<\/p>","protected":false},"featured_media":850,"template":"","meta":{"_gspb_post_css":""},"product_brand":[],"product_cat":[35],"product_tag":[66,363,365,361,68,362,51,366,364,359,277,360],"class_list":{"0":"post-831","1":"product","2":"type-product","3":"status-publish","4":"has-post-thumbnail","6":"product_cat-ultra-clear-glass","7":"product_tag-bulk-supply","8":"product_tag-curtain-wall-vision-panels","9":"product_tag-glass-balustrade","10":"product_tag-igu-ready-glazing","11":"product_tag-laminated-safety-glass","12":"product_tag-low-e-pairing","13":"product_tag-low-iron-glass","14":"product_tag-made-to-order","15":"product_tag-museum-display-glass","16":"product_tag-premium-clarity-bulk-ultra-clear-laminated-glass","17":"product_tag-storefront-glazing","18":"product_tag-ultra-clear-laminated-glass","20":"first","21":"instock","22":"shipping-taxable","23":"purchasable","24":"product-type-simple"},"_links":{"self":[{"href":"https:\/\/theinsulatedglass.com\/pl\/wp-json\/wp\/v2\/product\/831","targetHints":{"allow":["GET"]}}],"collection":[{"href":"https:\/\/theinsulatedglass.com\/pl\/wp-json\/wp\/v2\/product"}],"about":[{"href":"https:\/\/theinsulatedglass.com\/pl\/wp-json\/wp\/v2\/types\/product"}],"wp:featuredmedia":[{"embeddable":true,"href":"https:\/\/theinsulatedglass.com\/pl\/wp-json\/wp\/v2\/media\/850"}],"wp:attachment":[{"href":"https:\/\/theinsulatedglass.com\/pl\/wp-json\/wp\/v2\/media?parent=831"}],"wp:term":[{"taxonomy":"product_brand","embeddable":true,"href":"https:\/\/theinsulatedglass.com\/pl\/wp-json\/wp\/v2\/product_brand?post=831"},{"taxonomy":"product_cat","embeddable":true,"href":"https:\/\/theinsulatedglass.com\/pl\/wp-json\/wp\/v2\/product_cat?post=831"},{"taxonomy":"product_tag","embeddable":true,"href":"https:\/\/theinsulatedglass.com\/pl\/wp-json\/wp\/v2\/product_tag?post=831"}],"curies":[{"name":"wp","href":"https:\/\/api.w.org\/{rel}","templated":true}]}}