{"id":859,"date":"2026-01-28T07:27:02","date_gmt":"2026-01-28T07:27:02","guid":{"rendered":"https:\/\/theinsulatedglass.com\/?post_type=product&#038;p=859"},"modified":"2026-01-28T07:27:02","modified_gmt":"2026-01-28T07:27:02","slug":"custom-build-solar-control-low-e-insulating-glass","status":"publish","type":"product","link":"https:\/\/theinsulatedglass.com\/pl\/custom-build-solar-control-low-e-insulating-glass\/","title":{"rendered":"Niestandardowe szk\u0142o niskoemisyjne do kontroli s\u0142onecznej"},"content":{"rendered":"<p data-start=\"62\" data-end=\"403\">Przegl\u0105d<br data-start=\"70\" data-end=\"73\" \/>Skonfigurowane z my\u015bl\u0105 o projektach produkcyjnych, niskoemisyjne szk\u0142o izolacyjne Custom Build Solar Control \u0142\u0105czy w sobie powlekane szyby ze zdyscyplinowanym monta\u017cem szyb zespolonych, zapewniaj\u0105c niezawodne dzia\u0142anie w terenie. Kontrola na etapie ci\u0119cia, obr\u00f3bki pow\u0142oki i uszczelniania pomaga utrzyma\u0107 stabilno\u015b\u0107 optyki i trwa\u0142o\u015b\u0107 szyb zespolonych od momentu zatwierdzenia pr\u00f3bki a\u017c po seri\u0119 produkcyjn\u0105.<\/p>\n<p data-start=\"407\" data-end=\"421\">Kluczowe cechy<\/p>\n<p data-start=\"424\" data-end=\"505\">R\u00f3wnowaga mi\u0119dzy redukcj\u0105 ciep\u0142a s\u0142onecznego a izolacj\u0105 dzi\u0119ki kontroluj\u0105cym promieniowanie s\u0142oneczne warstwom niskoemisyjnym.<\/p>\n<p data-start=\"424\" data-end=\"505\">Mo\u017cliwo\u015b\u0107 \u0142\u0105czenia warstw hartowanych lub laminowanych w celu spe\u0142nienia wymaga\u0144 dotycz\u0105cych bezpiecznego oszklenia.<\/p>\n<p data-start=\"585\" data-end=\"672\">Zarz\u0105dzanie jako\u015bci\u0105 kraw\u0119dzi poprzez kontrolowane ci\u0119cie, wyka\u0144czanie i przygotowanie kraw\u0119dzi do powlekania.<\/p>\n<p data-start=\"675\" data-end=\"749\">Zapewnia komfort, redukuj\u0105c wewn\u0119trzne gor\u0105ce punkty i obwodowe podmuchy wiatru.<\/p>\n<p data-start=\"752\" data-end=\"815\">Weryfikacja produkcji poprzez wewn\u0119trzn\u0105 kontrol\u0119 jako\u015bci z mo\u017cliwo\u015bci\u0105 \u015bledzenia jako\u015bci wed\u0142ug partii.<\/p>\n<p data-start=\"819\" data-end=\"844\">Opcje i personalizacja<\/p>\n<p data-start=\"847\" data-end=\"934\">Rozmiary i kszta\u0142ty na zam\u00f3wienie, obs\u0142ugiwane przez wsparcie rysunkowe i przegl\u0105d rysunk\u00f3w warsztatowych.<\/p>\n<p data-start=\"937\" data-end=\"1012\">Po\u0142o\u017cenie pow\u0142oki, odcie\u0144 i wygl\u0105d mo\u017cna wybra\u0107 na \u017cyczenie.<\/p>\n<p data-start=\"1015\" data-end=\"1097\">Opcje budowy wn\u0119ki, w tym wype\u0142nienie argonem i konfiguracje przek\u0142adek zgodnie z wymaganiami.<\/p>\n<p data-start=\"1100\" data-end=\"1182\">Wst\u0119pne przygotowanie otwor\u00f3w\/wci\u0119\u0107 na pod\u015bwietleniach, gdy wymagaj\u0105 tego okucia lub kotwy.<\/p>\n<p data-start=\"1185\" data-end=\"1266\">Opcjonalna laminowana szyba wewn\u0119trzna zapewniaj\u0105ca ochron\u0119 przed upadkiem lub przeszklenie nad g\u0142ow\u0105.<\/p>\n<p data-start=\"1270\" data-end=\"1468\">Typowe zastosowania<br data-start=\"1290\" data-end=\"1293\" \/>Panele wizyjne \u015bcian os\u0142onowych, wysokowydajne okna, przeszklenia witryn sklepowych, fasady atrium, \u015bwietliki i na\u015bwietla dachowe, przeszklenia pochy\u0142e, sunroomy, terminale lotniskowe, wie\u017ce biurowe.<\/p>\n<p data-start=\"1472\" data-end=\"1751\">Dostawa i wsparcie<br data-start=\"1488\" data-end=\"1491\" \/>Szybkie planowanie czasu realizacji jest dost\u0119pne dla powtarzalnych produkcji i harmonogram\u00f3w produkcji seryjnej. Jednostki s\u0105 wysy\u0142ane w opakowaniach eksportowych i skrzynkowych dostosowanych do transportu na du\u017ce odleg\u0142o\u015bci, a dla ka\u017cdej partii mog\u0105 by\u0107 wystawiane protoko\u0142y kontroli. Zgodno\u015b\u0107 z normami dost\u0119pna na \u017cyczenie.<\/p>","protected":false},"excerpt":{"rendered":"<p>Niskoemisyjne szk\u0142o izolacyjne z pow\u0142ok\u0105 przeciws\u0142oneczn\u0105 produkowane na zam\u00f3wienie w celu zmniejszenia zysk\u00f3w ciep\u0142a przy jednoczesnym zachowaniu zr\u00f3wnowa\u017conego dost\u0119pu \u015bwiat\u0142a dziennego i komfortu wewn\u0105trz pomieszcze\u0144. Powszechnie stosowane w panelach wizyjnych \u015bcian os\u0142onowych i wysokowydajnych oknach w biurach, na lotniskach i w budynkach wielofunkcyjnych, w kt\u00f3rych liczy si\u0119 stabilny wygl\u0105d i niezawodny monta\u017c szyb zespolonych.<\/p>","protected":false},"featured_media":874,"template":"","meta":{"_gspb_post_css":""},"product_brand":[],"product_cat":[26],"product_tag":[89,66,405,62,401,404,229,366,233,402,403],"class_list":{"0":"post-859","1":"product","2":"type-product","3":"status-publish","4":"has-post-thumbnail","6":"product_cat-low-e-insulating-glass","7":"product_tag-argon-filled-igu","8":"product_tag-bulk-supply","9":"product_tag-commercial-window-igu","10":"product_tag-curtain-wall-glazing","11":"product_tag-custom-build-solar-control-low-e-insulating-glass","12":"product_tag-laminated-insulating-glass","13":"product_tag-low-e-igu","14":"product_tag-made-to-order","15":"product_tag-skylight-igu","16":"product_tag-solar-control-low-e-glass","17":"product_tag-tempered-insulating-glass","19":"first","20":"instock","21":"shipping-taxable","22":"purchasable","23":"product-type-simple"},"_links":{"self":[{"href":"https:\/\/theinsulatedglass.com\/pl\/wp-json\/wp\/v2\/product\/859","targetHints":{"allow":["GET"]}}],"collection":[{"href":"https:\/\/theinsulatedglass.com\/pl\/wp-json\/wp\/v2\/product"}],"about":[{"href":"https:\/\/theinsulatedglass.com\/pl\/wp-json\/wp\/v2\/types\/product"}],"wp:featuredmedia":[{"embeddable":true,"href":"https:\/\/theinsulatedglass.com\/pl\/wp-json\/wp\/v2\/media\/874"}],"wp:attachment":[{"href":"https:\/\/theinsulatedglass.com\/pl\/wp-json\/wp\/v2\/media?parent=859"}],"wp:term":[{"taxonomy":"product_brand","embeddable":true,"href":"https:\/\/theinsulatedglass.com\/pl\/wp-json\/wp\/v2\/product_brand?post=859"},{"taxonomy":"product_cat","embeddable":true,"href":"https:\/\/theinsulatedglass.com\/pl\/wp-json\/wp\/v2\/product_cat?post=859"},{"taxonomy":"product_tag","embeddable":true,"href":"https:\/\/theinsulatedglass.com\/pl\/wp-json\/wp\/v2\/product_tag?post=859"}],"curies":[{"name":"wp","href":"https:\/\/api.w.org\/{rel}","templated":true}]}}