{"id":924,"date":"2026-01-28T08:24:22","date_gmt":"2026-01-28T08:24:22","guid":{"rendered":"https:\/\/theinsulatedglass.com\/?post_type=product&#038;p=924"},"modified":"2026-01-28T08:24:22","modified_gmt":"2026-01-28T08:24:22","slug":"custom-build-back-paint-option-spandrel-frit-glass","status":"publish","type":"product","link":"https:\/\/theinsulatedglass.com\/pl\/custom-build-back-paint-option-spandrel-frit-glass\/","title":{"rendered":"Opcja niestandardowego malowania tylnej szyby Spandrel Frit Glass"},"content":{"rendered":"<p data-start=\"63\" data-end=\"456\">Przegl\u0105d<br data-start=\"71\" data-end=\"74\" \/>Odblaskowe hotspoty i nier\u00f3wne t\u0142a mog\u0105 podwa\u017cy\u0107 czysto\u015b\u0107 \u015bciany os\u0142onowej. Szk\u0142o Spandrel Frit zosta\u0142o zaprojektowane tak, aby strefy spandreli by\u0142y wizualnie ciche dzi\u0119ki po\u0142\u0105czeniu powierzchni z opcjonaln\u0105 warstw\u0105 malowan\u0105 od ty\u0142u w celu zamaskowania element\u00f3w konstrukcyjnych. Rezultat zwi\u0119ksza komfort u\u017cytkownik\u00f3w w pobli\u017cu kraw\u0119dzi p\u0142yt, zachowuj\u0105c jednocze\u015bnie sp\u00f3jny wygl\u0105d zewn\u0119trzny.<\/p>\n<p data-start=\"460\" data-end=\"474\">Kluczowe cechy<\/p>\n<p data-start=\"477\" data-end=\"549\">Maskuje linie pod\u0142ogowe, kotwy i izolacj\u0119, zapewniaj\u0105c jednolity pas spandrelu<\/p>\n<p data-start=\"552\" data-end=\"613\">Zmi\u0119kcza odbit\u0105 jasno\u015b\u0107 dzi\u0119ki kontrolowanej powierzchni fryty<\/p>\n<p data-start=\"616\" data-end=\"675\">Utrzymuje stabilny wygl\u0105d kolor\u00f3w w s\u0105siaduj\u0105cych modu\u0142ach<\/p>\n<p data-start=\"678\" data-end=\"764\">Obs\u0142uguje bezpieczniejsze konstrukcje z konfiguracjami hartowanymi lub laminowanymi dost\u0119pnymi na \u017cyczenie.<\/p>\n<p data-start=\"767\" data-end=\"839\">Poprawia d\u0142ugoterminow\u0105 sp\u00f3jno\u015b\u0107 wizualn\u0105 dzi\u0119ki trwa\u0142ym wypalanym wzorom fryty<\/p>\n<p data-start=\"843\" data-end=\"868\">Opcje i personalizacja<\/p>\n<p data-start=\"871\" data-end=\"924\">Rozmiary i kszta\u0142ty ci\u0119te na zam\u00f3wienie zgodnie ze specyfikacj\u0105 projektu<\/p>\n<p data-start=\"927\" data-end=\"993\">Dopasowanie koloru farby tylnej i poziom krycia dost\u0119pne na \u017cyczenie<\/p>\n<p data-start=\"996\" data-end=\"1063\">Wz\u00f3r frytki, obszar pokrycia i orientacja dost\u0119pne na \u017cyczenie<\/p>\n<p data-start=\"1066\" data-end=\"1152\">Kraw\u0119dzie, otwory i wyci\u0119cia\/CNC dost\u0119pne na \u017cyczenie dla kotew i wspornik\u00f3w<\/p>\n<p data-start=\"1155\" data-end=\"1223\">Zewn\u0119trzne szyby gotowe do monta\u017cu w szybach zespolonych dost\u0119pne na \u017cyczenie.<\/p>\n<p data-start=\"1226\" data-end=\"1293\">Obs\u0142uga rysunk\u00f3w warsztatowych i rysunk\u00f3w na potrzeby proces\u00f3w zatwierdzania<\/p>\n<p data-start=\"1297\" data-end=\"1525\">Typowe zastosowania<br data-start=\"1317\" data-end=\"1320\" \/>Panele spandreli \u015bcian os\u0142onowych, kasety fasadowe, pasma spandreli \u015bcian okiennych, przeszklenia spandreli podium, szk\u0142o parapetowe, strefy os\u0142onowe kolumn, os\u0142ony mechaniczne pod\u0142\u00f3g, spandrele rdzeni schod\u00f3w<\/p>\n<p data-start=\"1529\" data-end=\"1820\">Dostawa i wsparcie<br data-start=\"1545\" data-end=\"1548\" \/>Produkcja wielkoseryjna odbywa si\u0119 w stabilnym czasie realizacji, z wewn\u0119trzn\u0105 kontrol\u0105 jako\u015bci i identyfikowalno\u015bci\u0105 jako\u015bci utrzymywan\u0105 na podstawie zapis\u00f3w partii. Dost\u0119pne s\u0105 opakowania eksportowe i skrzyniowe, u\u0142atwiaj\u0105ce roz\u0142adunek na miejscu i transport na du\u017ce odleg\u0142o\u015bci. Zgodno\u015b\u0107 z normami dost\u0119pna na \u017cyczenie.<\/p>","protected":false},"excerpt":{"rendered":"<p>Zaprojektowane z my\u015bl\u0105 o wizualnie spokojnych fasadach, to spandrelowe szk\u0142o frytowe oferuje opcj\u0119 malowania wstecznego w celu uzyskania jednolitej nieprzezroczysto\u015bci i z\u0142agodzenia odblask\u00f3w. Dostarczane zgodnie ze specyfikacj\u0105 projektu w rozmiarach na zam\u00f3wienie, jest powszechnie stosowane w panelach spandreli \u015bcian os\u0142onowych do ukrywania p\u0142yt i izolacji.<\/p>","protected":false},"featured_media":945,"template":"","meta":{"_gspb_post_css":""},"product_brand":[],"product_cat":[38],"product_tag":[448,449,451,446,450,127,366,447,453,126,452],"class_list":{"0":"post-924","1":"product","2":"type-product","3":"status-publish","4":"has-post-thumbnail","6":"product_cat-silk-screen-printed-ceramic-frit-glass","7":"product_tag-back-painted-spandrel-glass","8":"product_tag-ceramic-fritted-glass","9":"product_tag-curtain-wall-spandrel-panels","10":"product_tag-custom-build-back-paint-option-spandrel-frit-glass","11":"product_tag-igu-ready-spandrel-lite","12":"product_tag-laminated-option","13":"product_tag-made-to-order","14":"product_tag-spandrel-frit-glass","15":"product_tag-stable-lead-time","16":"product_tag-tempered-option","17":"product_tag-unitized-facade-cassettes","19":"first","20":"instock","21":"shipping-taxable","22":"purchasable","23":"product-type-simple"},"_links":{"self":[{"href":"https:\/\/theinsulatedglass.com\/pl\/wp-json\/wp\/v2\/product\/924","targetHints":{"allow":["GET"]}}],"collection":[{"href":"https:\/\/theinsulatedglass.com\/pl\/wp-json\/wp\/v2\/product"}],"about":[{"href":"https:\/\/theinsulatedglass.com\/pl\/wp-json\/wp\/v2\/types\/product"}],"wp:featuredmedia":[{"embeddable":true,"href":"https:\/\/theinsulatedglass.com\/pl\/wp-json\/wp\/v2\/media\/945"}],"wp:attachment":[{"href":"https:\/\/theinsulatedglass.com\/pl\/wp-json\/wp\/v2\/media?parent=924"}],"wp:term":[{"taxonomy":"product_brand","embeddable":true,"href":"https:\/\/theinsulatedglass.com\/pl\/wp-json\/wp\/v2\/product_brand?post=924"},{"taxonomy":"product_cat","embeddable":true,"href":"https:\/\/theinsulatedglass.com\/pl\/wp-json\/wp\/v2\/product_cat?post=924"},{"taxonomy":"product_tag","embeddable":true,"href":"https:\/\/theinsulatedglass.com\/pl\/wp-json\/wp\/v2\/product_tag?post=924"}],"curies":[{"name":"wp","href":"https:\/\/api.w.org\/{rel}","templated":true}]}}