{"id":951,"date":"2026-01-28T09:02:54","date_gmt":"2026-01-28T09:02:54","guid":{"rendered":"https:\/\/theinsulatedglass.com\/?post_type=product&#038;p=951"},"modified":"2026-01-28T09:02:54","modified_gmt":"2026-01-28T09:02:54","slug":"project-spec-wholesale-smart-glass-for-partitions","status":"publish","type":"product","link":"https:\/\/theinsulatedglass.com\/pl\/project-spec-wholesale-smart-glass-for-partitions\/","title":{"rendered":"Specyfikacja projektu Hurtownia inteligentnego szk\u0142a do \u015bcianek dzia\u0142owych"},"content":{"rendered":"<p data-start=\"61\" data-end=\"406\">Przegl\u0105d<br data-start=\"69\" data-end=\"72\" \/>Zamiast dodawa\u0107 \u017caluzje lub folie po instalacji, inteligentne szk\u0142o mo\u017ce sprawi\u0107, \u017ce zarz\u0105dzanie prywatno\u015bci\u0105 i \u015bwiat\u0142em stanie si\u0119 cz\u0119\u015bci\u0105 samej przegrody. Project Spec WholesaleSmart Glass for Partitions jest dostarczane jako prze\u0142\u0105czane panele, kt\u00f3re pomagaj\u0105 utrzyma\u0107 jasne wn\u0119trza, zapewniaj\u0105c jednocze\u015bnie prywatno\u015b\u0107 w razie potrzeby, wspieraj\u0105c bardziej komfortowe miejsca pracy i go\u015bci.<\/p>\n<p data-start=\"410\" data-end=\"424\">Kluczowe cechy<\/p>\n<p data-start=\"427\" data-end=\"490\">Prze\u0142\u0105czanie mi\u0119dzy stanem czystym i prywatnym dla elastycznego korzystania z pokoju<\/p>\n<p data-start=\"493\" data-end=\"562\">Zachowuj\u0105 czysty, bezramkowy wygl\u0105d i sp\u00f3jny wygl\u0105d optyczny<\/p>\n<p data-start=\"565\" data-end=\"629\">Zmniejsz ba\u0142agan, wymieniaj\u0105c zas\u0142ony, rolety lub folie.<\/p>\n<p data-start=\"632\" data-end=\"703\">Bezpieczna integracja jako laminowane szk\u0142o bezpieczne do linii przeszkle\u0144 wewn\u0119trznych<\/p>\n<p data-start=\"706\" data-end=\"779\">Wsparcie dla uporz\u0105dkowanego monta\u017cu z powtarzalnymi kraw\u0119dziami i miejscami wyci\u0119\u0107<\/p>\n<p data-start=\"783\" data-end=\"808\">Opcje i personalizacja<\/p>\n<p data-start=\"783\" data-end=\"808\">Panele o niestandardowym rozmiarze \/ wykonane na zam\u00f3wienie, pasuj\u0105ce do kratek dzia\u0142owych i bocznych drzwi<\/p>\n<p data-start=\"894\" data-end=\"977\">Konstrukcje laminowane z inteligentn\u0105 warstw\u0105 po\u015bredni\u0105, dostarczane zgodnie z wymaganiami systemu<\/p>\n<p data-start=\"980\" data-end=\"1053\">Pod\u0142o\u017ca hartowane dost\u0119pne na \u017cyczenie, zapewniaj\u0105ce wy\u017csz\u0105 odporno\u015b\u0107 na zu\u017cycie<\/p>\n<p data-start=\"1056\" data-end=\"1129\">Lokalizacja wyj\u015bcia okablowania i interfejs sterowania skoordynowane za pomoc\u0105 rysunku warsztatowego<\/p>\n<p data-start=\"1132\" data-end=\"1203\">Us\u0142ugi OEM\/ODM w zakresie prywatnych etykiet, instrukcji i oznacze\u0144 opakowa\u0144<\/p>\n<p data-start=\"1207\" data-end=\"1461\">Typowe zastosowania<br data-start=\"1227\" data-end=\"1230\" \/>\u015acianki dzia\u0142owe w salach konferencyjnych, szklane \u015bciany w salach konferencyjnych, fronty biur kierowniczych, ekrany prywatno\u015bci w lobby hotelowym, pokoje konsultacyjne w s\u0142u\u017cbie zdrowia, \u015bcianki obserwacyjne w klinikach, przegrody w pomieszczeniach handlowych, t\u0142a recepcji<\/p>\n<p data-start=\"1465\" data-end=\"1788\">Dostawa i wsparcie<br data-start=\"1481\" data-end=\"1484\" \/>Dost\u0119pne s\u0105 programy produkcji masowej i dostaw masowych z planowaniem stabilnego czasu realizacji dla wdro\u017ce\u0144 wielopi\u0119trowych. Wewn\u0119trzna kontrola jako\u015bci i identyfikowalno\u015b\u0107 jako\u015bci s\u0105 stosowane do dozowania i identyfikacji paneli, a pakowanie eksportowe \/ pakowanie w skrzynie zapewnia bezpieczniejszy transport. Zgodno\u015b\u0107 z normami dost\u0119pna na \u017cyczenie.<\/p>","protected":false},"excerpt":{"rendered":"<p>Prze\u0142\u0105czane inteligentne panele szklane zbudowane zgodnie ze specyfikacj\u0105 projektu, zapewniaj\u0105ce prywatno\u015b\u0107 na \u017c\u0105danie bez po\u015bwi\u0119cania \u015bwiat\u0142a dziennego. Dostarczane w rozmiarach na zam\u00f3wienie z bezpo\u015brednim wsparciem obj\u0119to\u015bciowym dla \u015bcianek dzia\u0142owych w biurach i salach konferencyjnych, gdzie wa\u017cne s\u0105 czyste linie i \u0142atwa konserwacja.<\/p>","protected":false},"featured_media":961,"template":"","meta":{"_gspb_post_css":""},"product_brand":[],"product_cat":[39],"product_tag":[66,64,508,507,504,506,86,136,505,503,196,61],"class_list":{"0":"post-951","1":"product","2":"type-product","3":"status-publish","4":"has-post-thumbnail","6":"product_cat-smart-glass-pdlc-glass","7":"product_tag-bulk-supply","8":"product_tag-custom-size","9":"product_tag-healthcare-consultation-partition","10":"product_tag-hotel-privacy-partition","11":"product_tag-laminated-smart-glass-panels","12":"product_tag-meeting-room-glass-wall","13":"product_tag-oem-odm-service","14":"product_tag-office-partition-glass","15":"product_tag-privacy-glass-interlayer","16":"product_tag-project-spec-wholesalesmart-glass-for-partitions","17":"product_tag-switchable-smart-glass","18":"product_tag-tempered-glass-option","20":"first","21":"instock","22":"shipping-taxable","23":"purchasable","24":"product-type-simple"},"_links":{"self":[{"href":"https:\/\/theinsulatedglass.com\/pl\/wp-json\/wp\/v2\/product\/951","targetHints":{"allow":["GET"]}}],"collection":[{"href":"https:\/\/theinsulatedglass.com\/pl\/wp-json\/wp\/v2\/product"}],"about":[{"href":"https:\/\/theinsulatedglass.com\/pl\/wp-json\/wp\/v2\/types\/product"}],"wp:featuredmedia":[{"embeddable":true,"href":"https:\/\/theinsulatedglass.com\/pl\/wp-json\/wp\/v2\/media\/961"}],"wp:attachment":[{"href":"https:\/\/theinsulatedglass.com\/pl\/wp-json\/wp\/v2\/media?parent=951"}],"wp:term":[{"taxonomy":"product_brand","embeddable":true,"href":"https:\/\/theinsulatedglass.com\/pl\/wp-json\/wp\/v2\/product_brand?post=951"},{"taxonomy":"product_cat","embeddable":true,"href":"https:\/\/theinsulatedglass.com\/pl\/wp-json\/wp\/v2\/product_cat?post=951"},{"taxonomy":"product_tag","embeddable":true,"href":"https:\/\/theinsulatedglass.com\/pl\/wp-json\/wp\/v2\/product_tag?post=951"}],"curies":[{"name":"wp","href":"https:\/\/api.w.org\/{rel}","templated":true}]}}