{"id":1134,"date":"2026-01-29T02:34:32","date_gmt":"2026-01-29T02:34:32","guid":{"rendered":"https:\/\/theinsulatedglass.com\/?post_type=product&#038;p=1134"},"modified":"2026-01-29T02:34:32","modified_gmt":"2026-01-29T02:34:32","slug":"polished-edge-factory-direct-flat-tempered-glass-2","status":"publish","type":"product","link":"https:\/\/theinsulatedglass.com\/pt\/polished-edge-factory-direct-flat-tempered-glass-2\/","title":{"rendered":"Borda polida Vidro plano temperado direto da f\u00e1brica"},"content":{"rendered":"<p data-start=\"63\" data-end=\"407\">Vis\u00e3o geral<br data-start=\"71\" data-end=\"74\" \/>O acabamento de precis\u00e3o come\u00e7a na borda: O vidro temperado plano Polished Edge Factory Diret \u00e9 produzido com corte controlado e um per\u00edmetro liso e brilhante para um manuseamento seguro e instala\u00e7\u00f5es limpas e expostas. O processo de temperado plano proporciona uma resist\u00eancia fi\u00e1vel para os impactos di\u00e1rios, mantendo os pain\u00e9is dimensionalmente est\u00e1veis para a montagem.<\/p>\n<p data-start=\"411\" data-end=\"425\">Carater\u00edsticas principais<\/p>\n<p data-start=\"428\" data-end=\"503\">Proporciona um rebordo polido com um aspeto requintado e suave ao toque<\/p>\n<p data-start=\"506\" data-end=\"579\">Mant\u00e9m o desempenho de seguran\u00e7a temperado para uma maior resist\u00eancia \u00e0 rutura<\/p>\n<p data-start=\"582\" data-end=\"648\">Suporta um ajuste apertado atrav\u00e9s do controlo da esquadria e da qualidade dos bordos<\/p>\n<p data-start=\"651\" data-end=\"722\">Reduz o risco de lascagem atrav\u00e9s de passos de lixagem e polimento consistentes<\/p>\n<p data-start=\"725\" data-end=\"791\">Simplifica o fabrico a jusante, fornecendo lites limpas e planas<\/p>\n<p data-start=\"795\" data-end=\"820\">Op\u00e7\u00f5es e personaliza\u00e7\u00e3o<\/p>\n<p data-start=\"823\" data-end=\"877\">Tamanho personalizado e corte por encomenda de acordo com o seu esquema<\/p>\n<p data-start=\"880\" data-end=\"950\">Perfura\u00e7\u00e3o de furos, entalhes e perfis CNC dispon\u00edveis de acordo com as especifica\u00e7\u00f5es do projeto<\/p>\n<p data-start=\"953\" data-end=\"1033\">Sele\u00e7\u00e3o de arestas, incluindo arestas a l\u00e1pis, polidas planas ou suavizadas, a pedido<\/p>\n<p data-start=\"1036\" data-end=\"1114\">Substratos transparentes ou coloridos; tratamentos de superf\u00edcie analisados caso a caso<\/p>\n<p data-start=\"1117\" data-end=\"1187\">Desenho de fabrico e apoio ao desenho para aprova\u00e7\u00e3o e liberta\u00e7\u00e3o da produ\u00e7\u00e3o<\/p>\n<p data-start=\"1191\" data-end=\"1344\">Aplica\u00e7\u00f5es t\u00edpicas<br data-start=\"1211\" data-end=\"1214\" \/>Portas de duche, divis\u00f3rias sem moldura, prateleiras de vidro, tampos de mesa, vitrinas, pain\u00e9is de aparelhos, portas interiores, coberturas de prote\u00e7\u00e3o<\/p>\n<p data-start=\"1348\" data-end=\"1602\">Fornecimento e apoio<br data-start=\"1364\" data-end=\"1367\" \/>Fornecimento direto da f\u00e1brica com op\u00e7\u00f5es de prazos de entrega r\u00e1pidos para programas repetidos e calend\u00e1rios de constru\u00e7\u00e3o urgentes. Controlo de qualidade interno com rastreabilidade da qualidade e embalagem para exporta\u00e7\u00e3o\/embalagem em caixa para uma entrega mais segura. Conformidade com as normas dispon\u00edveis mediante pedido.<\/p>","protected":false},"excerpt":{"rendered":"<p>Com um per\u00edmetro polido e t\u00eampera plana, este vidro chega pronto para instala\u00e7\u00f5es com bordas expostas onde a apar\u00eancia e a seguran\u00e7a s\u00e3o importantes. As utiliza\u00e7\u00f5es comuns incluem divis\u00f3rias de duche e coberturas de mesa em projectos comerciais e residenciais, exigindo um dimensionamento preciso e um toque suave.<\/p>","protected":false},"featured_media":1146,"template":"","meta":{"_gspb_post_css":""},"product_brand":[],"product_cat":[20],"product_tag":[215,64,663,97,666,224,665,192,485,53,246,664],"class_list":{"0":"post-1134","1":"product","2":"type-product","3":"status-publish","4":"has-post-thumbnail","6":"product_cat-flat-tempered-glass","7":"product_tag-cnc-glass-cutting","8":"product_tag-custom-size","9":"product_tag-drilled-holes-tempered-glass","10":"product_tag-factory-direct","11":"product_tag-fast-lead-time","12":"product_tag-flat-tempered-glass","13":"product_tag-glass-shelving","14":"product_tag-interior-partition-glass","15":"product_tag-polished-edge-factory-direct-flat-tempered-glass","16":"product_tag-polished-edge-glass","17":"product_tag-shower-door-glass","18":"product_tag-tabletop-glass-panel","20":"first","21":"instock","22":"shipping-taxable","23":"purchasable","24":"product-type-simple"},"_links":{"self":[{"href":"https:\/\/theinsulatedglass.com\/pt\/wp-json\/wp\/v2\/product\/1134","targetHints":{"allow":["GET"]}}],"collection":[{"href":"https:\/\/theinsulatedglass.com\/pt\/wp-json\/wp\/v2\/product"}],"about":[{"href":"https:\/\/theinsulatedglass.com\/pt\/wp-json\/wp\/v2\/types\/product"}],"wp:featuredmedia":[{"embeddable":true,"href":"https:\/\/theinsulatedglass.com\/pt\/wp-json\/wp\/v2\/media\/1146"}],"wp:attachment":[{"href":"https:\/\/theinsulatedglass.com\/pt\/wp-json\/wp\/v2\/media?parent=1134"}],"wp:term":[{"taxonomy":"product_brand","embeddable":true,"href":"https:\/\/theinsulatedglass.com\/pt\/wp-json\/wp\/v2\/product_brand?post=1134"},{"taxonomy":"product_cat","embeddable":true,"href":"https:\/\/theinsulatedglass.com\/pt\/wp-json\/wp\/v2\/product_cat?post=1134"},{"taxonomy":"product_tag","embeddable":true,"href":"https:\/\/theinsulatedglass.com\/pt\/wp-json\/wp\/v2\/product_tag?post=1134"}],"curies":[{"name":"wp","href":"https:\/\/api.w.org\/{rel}","templated":true}]}}