{"id":1236,"date":"2026-01-29T03:59:10","date_gmt":"2026-01-29T03:59:10","guid":{"rendered":"https:\/\/theinsulatedglass.com\/?post_type=product&#038;p=1236"},"modified":"2026-01-29T03:59:11","modified_gmt":"2026-01-29T03:59:11","slug":"easy-clean-option-factory-direct-coated-glass","status":"publish","type":"product","link":"https:\/\/theinsulatedglass.com\/pt\/easy-clean-option-factory-direct-coated-glass\/","title":{"rendered":"Op\u00e7\u00e3o de limpeza f\u00e1cil Vidro com revestimento direto de f\u00e1brica"},"content":{"rendered":"<p data-start=\"60\" data-end=\"341\">Vis\u00e3o geral<br data-start=\"68\" data-end=\"71\" \/>Uma superf\u00edcie de aspeto limpo faz parte do design, n\u00e3o \u00e9 uma reflex\u00e3o tardia. Op\u00e7\u00e3o Easy-Clean O vidro com revestimento Factory Diret acrescenta um revestimento funcional duradouro que ajuda a reduzir as marcas de \u00e1gua vis\u00edveis e as manchas de manuseamento, mantendo a nitidez e a cor mais consistentes na utiliza\u00e7\u00e3o di\u00e1ria.<\/p>\n<p data-start=\"345\" data-end=\"359\">Carater\u00edsticas principais<\/p>\n<p data-start=\"362\" data-end=\"422\">Repele a acumula\u00e7\u00e3o de res\u00edduos para encurtar os ciclos de limpeza de rotina<\/p>\n<p data-start=\"425\" data-end=\"486\">Mant\u00e9m uma elevada transmiss\u00e3o de luz e um acabamento visual n\u00edtido<\/p>\n<p data-start=\"489\" data-end=\"562\">Reduz os riscos nas instala\u00e7\u00f5es verticais em condi\u00e7\u00f5es de \u00e1gua dura<\/p>\n<p data-start=\"565\" data-end=\"638\">Protege a apar\u00eancia em zonas de elevado contacto sem alterar o aspeto do vidro<\/p>\n<p data-start=\"641\" data-end=\"706\">Apoia a est\u00e9tica a longo prazo para vidros interiores e exteriores<\/p>\n<p data-start=\"710\" data-end=\"735\">Op\u00e7\u00f5es e personaliza\u00e7\u00e3o<\/p>\n<p data-start=\"738\" data-end=\"806\">Corte \u00e0 medida e formas por encomenda de acordo com a sua lista de descolagem<\/p>\n<p data-start=\"809\" data-end=\"881\">Localiza\u00e7\u00e3o\/orienta\u00e7\u00e3o do revestimento definida de acordo com as especifica\u00e7\u00f5es do projeto e o desenho da loja<\/p>\n<p data-start=\"884\" data-end=\"944\">Configura\u00e7\u00f5es temperadas ou laminadas dispon\u00edveis conforme necess\u00e1rio<\/p>\n<p data-start=\"947\" data-end=\"1023\">Bordaduras, orif\u00edcios e entalhes fornecidos a pedido para acess\u00f3rios e ferragens<\/p>\n<p data-start=\"1026\" data-end=\"1094\">Servi\u00e7o OEM\/ODM para caixas de cart\u00e3o com marca pr\u00f3pria e marcas de identifica\u00e7\u00e3o<\/p>\n<p data-start=\"1098\" data-end=\"1266\">Aplica\u00e7\u00f5es t\u00edpicas<br data-start=\"1118\" data-end=\"1121\" \/>Portas de duche, divis\u00f3rias de casa de banho, balaustradas de varandas, veda\u00e7\u00f5es de piscinas, clarab\u00f3ias, \u00e1reas de fachada, pain\u00e9is de vis\u00e3o de cortinas, coberturas de vidro<\/p>\n<p data-start=\"1270\" data-end=\"1513\">Fornecimento e apoio<br data-start=\"1286\" data-end=\"1289\" \/>Fornecimento a granel direto da f\u00e1brica com planeamento r\u00e1pido do prazo de entrega para entregas faseadas. CQ interno com rastreabilidade da qualidade, al\u00e9m de embalagem para exporta\u00e7\u00e3o e embalagem em caixotes para prote\u00e7\u00e3o em tr\u00e2nsito. Conformidade com as normas dispon\u00edveis mediante pedido.<\/p>","protected":false},"excerpt":{"rendered":"<p>Concebido para manter o vidro com um aspeto mais brilhante entre limpezas, este vidro revestido de f\u00e1cil limpeza ajuda a libertar mais facilmente a \u00e1gua e os res\u00edduos, mantendo uma elevada transpar\u00eancia. Uma escolha popular para portas de duche e divis\u00f3rias de casa de banho onde a apar\u00eancia e o tempo de manuten\u00e7\u00e3o s\u00e3o cr\u00edticos.<\/p>","protected":false},"featured_media":1254,"template":"","meta":{"_gspb_post_css":""},"product_brand":[],"product_cat":[24],"product_tag":[66,721,62,64,749,750,748,753,752,246,529,751],"class_list":{"0":"post-1236","1":"product","2":"type-product","3":"status-publish","4":"has-post-thumbnail","6":"product_cat-architectural-energy-saving-glass","7":"product_tag-bulk-supply","8":"product_tag-coated-float-glass","9":"product_tag-curtain-wall-glazing","10":"product_tag-custom-size","11":"product_tag-easy-clean-coated-glass","12":"product_tag-easy-clean-coating-option","13":"product_tag-easy-clean-option-factory-direct-coated-glass","14":"product_tag-igu-compatible-coated-glass","15":"product_tag-laminated-coated-glass-option","16":"product_tag-shower-door-glass","17":"product_tag-skylight-glass","18":"product_tag-tempered-coated-glass-option","20":"first","21":"instock","22":"shipping-taxable","23":"purchasable","24":"product-type-simple"},"_links":{"self":[{"href":"https:\/\/theinsulatedglass.com\/pt\/wp-json\/wp\/v2\/product\/1236","targetHints":{"allow":["GET"]}}],"collection":[{"href":"https:\/\/theinsulatedglass.com\/pt\/wp-json\/wp\/v2\/product"}],"about":[{"href":"https:\/\/theinsulatedglass.com\/pt\/wp-json\/wp\/v2\/types\/product"}],"wp:featuredmedia":[{"embeddable":true,"href":"https:\/\/theinsulatedglass.com\/pt\/wp-json\/wp\/v2\/media\/1254"}],"wp:attachment":[{"href":"https:\/\/theinsulatedglass.com\/pt\/wp-json\/wp\/v2\/media?parent=1236"}],"wp:term":[{"taxonomy":"product_brand","embeddable":true,"href":"https:\/\/theinsulatedglass.com\/pt\/wp-json\/wp\/v2\/product_brand?post=1236"},{"taxonomy":"product_cat","embeddable":true,"href":"https:\/\/theinsulatedglass.com\/pt\/wp-json\/wp\/v2\/product_cat?post=1236"},{"taxonomy":"product_tag","embeddable":true,"href":"https:\/\/theinsulatedglass.com\/pt\/wp-json\/wp\/v2\/product_tag?post=1236"}],"curies":[{"name":"wp","href":"https:\/\/api.w.org\/{rel}","templated":true}]}}