{"id":1269,"date":"2026-01-29T06:34:35","date_gmt":"2026-01-29T06:34:35","guid":{"rendered":"https:\/\/theinsulatedglass.com\/?post_type=product&#038;p=1269"},"modified":"2026-01-29T06:34:35","modified_gmt":"2026-01-29T06:34:35","slug":"project-spec-bullet-resistant-glass-for-security-use","status":"publish","type":"product","link":"https:\/\/theinsulatedglass.com\/pt\/project-spec-bullet-resistant-glass-for-security-use\/","title":{"rendered":"Vidro resistente a balas Project Spec para utiliza\u00e7\u00e3o em seguran\u00e7a"},"content":{"rendered":"<p data-start=\"65\" data-end=\"393\">Vis\u00e3o geral<br data-start=\"73\" data-end=\"76\" \/>Desde as primeiras notas de projeto at\u00e9 \u00e0 instala\u00e7\u00e3o final, o envidra\u00e7amento de seguran\u00e7a funciona melhor quando o vidro, a estrutura e os detalhes da interface est\u00e3o coordenados. O nosso vidro resistente a balas \u00e9 fornecido de acordo com as especifica\u00e7\u00f5es do projeto, com carater\u00edsticas de reten\u00e7\u00e3o melhoradas para ajudar a limitar a queda de subst\u00e2ncias perigosas e, ao mesmo tempo, manter linhas de vis\u00e3o claras para as opera\u00e7\u00f5es di\u00e1rias.<\/p>\n<p data-start=\"397\" data-end=\"805\">Carater\u00edsticas principais<br data-start=\"409\" data-end=\"412\" \/>- Coordenar a geometria do painel com as estruturas e ferragens para uma montagem previs\u00edvel<br data-start=\"485\" data-end=\"488\" \/>- Aumento da integridade p\u00f3s-quebra atrav\u00e9s da constru\u00e7\u00e3o laminada de v\u00e1rias camadas<br data-start=\"565\" data-end=\"568\" \/>- Manter as op\u00e7\u00f5es de claridade \u00f3tica adequadas aos pontos de seguran\u00e7a virados para o cliente<br data-start=\"644\" data-end=\"647\" \/>- Suportar uma vida \u00fatil duradoura com uma qualidade de arestas e orienta\u00e7\u00e3o de manuseamento controladas<br data-start=\"728\" data-end=\"731\" \/>- Simplificar o planeamento do risco do local, fornecendo constru\u00e7\u00f5es rastre\u00e1veis e repet\u00edveis<\/p>\n<p data-start=\"809\" data-end=\"1265\">Op\u00e7\u00f5es e personaliza\u00e7\u00e3o<br data-start=\"832\" data-end=\"835\" \/>- Dimens\u00f5es, formas e numera\u00e7\u00e3o de conjuntos por encomenda, de acordo com os desenhos<br data-start=\"901\" data-end=\"904\" \/>- Configura\u00e7\u00f5es de constru\u00e7\u00e3o dispon\u00edveis mediante pedido (laminado totalmente em vidro, policarbonato revestido a vidro ou camadas mistas)<br data-start=\"1010\" data-end=\"1013\" \/>- Acabamento dos bordos, furos e recortes para sistemas de passagem e fixa\u00e7\u00f5es<br data-start=\"1094\" data-end=\"1097\" \/>- Solu\u00e7\u00f5es opcionais de controlo de fissuras ou de superf\u00edcie anti-riscos dispon\u00edveis mediante pedido<br data-start=\"1176\" data-end=\"1179\" \/>- Podem ser fornecidas unidades resistentes a balas, preparadas para IGU, quando \u00e9 necess\u00e1rio conforto t\u00e9rmico<\/p>\n<p data-start=\"1269\" data-end=\"1473\">Aplica\u00e7\u00f5es t\u00edpicas<br data-start=\"1289\" data-end=\"1292\" \/>Janelas de transac\u00e7\u00f5es, caixas de seguran\u00e7a, cabinas de guarda, vidros de embaixadas e consulados, filas de caixas de banco, \u00e1reas de rece\u00e7\u00e3o seguras, observa\u00e7\u00e3o de instala\u00e7\u00f5es de deten\u00e7\u00e3o, janelas de salas de controlo<\/p>\n<p data-start=\"1477\" data-end=\"1800\">Fornecimento e apoio<br data-start=\"1493\" data-end=\"1496\" \/>O fornecimento direto da f\u00e1brica suporta o agendamento de programas com um prazo de entrega est\u00e1vel, incluindo embalagem para exporta\u00e7\u00e3o\/embalagem em caixa para transporte de longa dist\u00e2ncia. O controlo de qualidade interno e a rastreabilidade da qualidade s\u00e3o aplicados; o apoio ao desenho e a coordena\u00e7\u00e3o do desenho da loja est\u00e3o dispon\u00edveis, e a conformidade com as normas est\u00e1 dispon\u00edvel mediante pedido.<\/p>","protected":false},"excerpt":{"rendered":"<p>Concebido para pontos de seguran\u00e7a onde a coordena\u00e7\u00e3o \u00e9 importante, este vidro laminado resistente a balas \u00e9 produzido de acordo com as especifica\u00e7\u00f5es do projeto com reten\u00e7\u00e3o melhorada para um comportamento mais seguro ap\u00f3s a quebra. Comumente usado para janelas de transa\u00e7\u00e3o e cabines de guarda, suporta uma visibilidade clara enquanto se integra com estruturas e hardware compat\u00edveis.<\/p>","protected":false},"featured_media":1291,"template":"","meta":{"_gspb_post_css":""},"product_brand":[],"product_cat":[32],"product_tag":[590,66,765,64,97,767,429,766,764,768,65,428],"class_list":{"0":"post-1269","1":"product","2":"type-product","3":"status-publish","4":"has-post-thumbnail","6":"product_cat-bulletproof-glass","7":"product_tag-bank-teller-window-glass","8":"product_tag-bulk-supply","9":"product_tag-bullet-resistant-laminated-glass","10":"product_tag-custom-size","11":"product_tag-factory-direct","12":"product_tag-glass-clad-polycarbonate-option","13":"product_tag-guard-booth-glazing","14":"product_tag-multi-layer-security-glazing","15":"product_tag-project-spec-bullet-resistant-glass-for-security-use","16":"product_tag-security-reception-glazing","17":"product_tag-shop-drawing-support","18":"product_tag-transaction-window-glass","20":"first","21":"instock","22":"shipping-taxable","23":"purchasable","24":"product-type-simple"},"_links":{"self":[{"href":"https:\/\/theinsulatedglass.com\/pt\/wp-json\/wp\/v2\/product\/1269","targetHints":{"allow":["GET"]}}],"collection":[{"href":"https:\/\/theinsulatedglass.com\/pt\/wp-json\/wp\/v2\/product"}],"about":[{"href":"https:\/\/theinsulatedglass.com\/pt\/wp-json\/wp\/v2\/types\/product"}],"wp:featuredmedia":[{"embeddable":true,"href":"https:\/\/theinsulatedglass.com\/pt\/wp-json\/wp\/v2\/media\/1291"}],"wp:attachment":[{"href":"https:\/\/theinsulatedglass.com\/pt\/wp-json\/wp\/v2\/media?parent=1269"}],"wp:term":[{"taxonomy":"product_brand","embeddable":true,"href":"https:\/\/theinsulatedglass.com\/pt\/wp-json\/wp\/v2\/product_brand?post=1269"},{"taxonomy":"product_cat","embeddable":true,"href":"https:\/\/theinsulatedglass.com\/pt\/wp-json\/wp\/v2\/product_cat?post=1269"},{"taxonomy":"product_tag","embeddable":true,"href":"https:\/\/theinsulatedglass.com\/pt\/wp-json\/wp\/v2\/product_tag?post=1269"}],"curies":[{"name":"wp","href":"https:\/\/api.w.org\/{rel}","templated":true}]}}