{"id":536,"date":"2026-01-27T05:58:28","date_gmt":"2026-01-27T05:58:28","guid":{"rendered":"https:\/\/theinsulatedglass.com\/?post_type=product&#038;p=536"},"modified":"2026-01-27T06:02:56","modified_gmt":"2026-01-27T06:02:56","slug":"double-glazed-igu-custom-build-bulk-supply","status":"publish","type":"product","link":"https:\/\/theinsulatedglass.com\/pt\/double-glazed-igu-custom-build-bulk-supply\/","title":{"rendered":"Fornecimento a granel de IGU de vidro duplo para constru\u00e7\u00e3o personalizada"},"content":{"rendered":"<p data-start=\"49\" data-end=\"487\"><strong data-start=\"57\" data-end=\"69\">Vis\u00e3o geral<\/strong><br data-start=\"69\" data-end=\"72\" \/>As queixas de ru\u00eddo t\u00eam frequentemente origem na fachada. Uma IGU de vidro duplo utiliza dois pain\u00e9is espa\u00e7ados e hermeticamente fechados para formar um espa\u00e7o de ar isolante, ajudando a estabilizar as condi\u00e7\u00f5es interiores e melhorando o conforto dos ocupantes. Os revestimentos Low-E e os enchimentos de g\u00e1s inerte podem ser especificados para reduzir ainda mais a transfer\u00eancia de calor sem sacrificar a luz do dia.<\/p>\n<p data-start=\"489\" data-end=\"507\"><strong data-start=\"489\" data-end=\"505\">Carater\u00edsticas principais<\/strong><\/p>\n<ul data-start=\"508\" data-end=\"1001\">\n<li data-start=\"508\" data-end=\"613\">\n<p data-start=\"510\" data-end=\"613\">Amortecer o ru\u00eddo exterior atrav\u00e9s da afina\u00e7\u00e3o do design da cavidade e da composi\u00e7\u00e3o do vidro.<\/p>\n<\/li>\n<li data-start=\"614\" data-end=\"733\">\n<p data-start=\"616\" data-end=\"733\">Melhorar o desempenho t\u00e9rmico reduzindo o fluxo de calor atrav\u00e9s do sistema de envidra\u00e7amento.<\/p>\n<\/li>\n<li data-start=\"734\" data-end=\"849\">\n<p data-start=\"736\" data-end=\"849\">Gerir o ganho de calor solar e a luz vis\u00edvel quando as op\u00e7\u00f5es Low-E s\u00e3o selecionadas.<\/p>\n<\/li>\n<li data-start=\"850\" data-end=\"923\">\n<p data-start=\"852\" data-end=\"923\">Manter a coer\u00eancia da constru\u00e7\u00e3o com o controlo de qualidade interno e a rastreabilidade da qualidade.<\/p>\n<\/li>\n<li data-start=\"924\" data-end=\"1001\">\n<p data-start=\"926\" data-end=\"1001\">Escala fi\u00e1vel com a produ\u00e7\u00e3o em volume direta da f\u00e1brica para projectos repetidos.<\/p>\n<\/li>\n<\/ul>\n<p data-start=\"1003\" data-end=\"1032\"><strong data-start=\"1003\" data-end=\"1030\">Op\u00e7\u00f5es e personaliza\u00e7\u00e3o<\/strong><\/p>\n<ul data-start=\"1033\" data-end=\"1587\">\n<li data-start=\"1033\" data-end=\"1101\">\n<p data-start=\"1035\" data-end=\"1101\">Fabricado por encomenda com tamanhos e formas personalizados para corresponder \u00e0s especifica\u00e7\u00f5es do seu projeto.<\/p>\n<\/li>\n<li data-start=\"1102\" data-end=\"1183\">\n<p data-start=\"1104\" data-end=\"1183\">Desenho de loja e desenho de apoio para a disposi\u00e7\u00e3o das unidades, linhas de vis\u00e3o e toler\u00e2ncias.<\/p>\n<\/li>\n<li data-start=\"1184\" data-end=\"1321\">\n<p data-start=\"1186\" data-end=\"1321\">Combina\u00e7\u00f5es de vidro: transparente\/colorido, temperado, laminado ou de espessura mista para conforto ac\u00fastico.<\/p>\n<\/li>\n<li data-start=\"1322\" data-end=\"1465\">\n<p data-start=\"1324\" data-end=\"1465\">Op\u00e7\u00f5es de espa\u00e7adores, incluindo designs de extremidades quentes para ajudar a diminuir o fator U e reduzir o risco de condensa\u00e7\u00e3o nas extremidades.<\/p>\n<\/li>\n<li data-start=\"1466\" data-end=\"1587\">\n<p data-start=\"1468\" data-end=\"1587\">Enchimento com ar ou g\u00e1s inerte (\u00e1rgon\/cripto) e sistemas de veda\u00e7\u00e3o dispon\u00edveis mediante pedido.<\/p>\n<\/li>\n<\/ul>\n<p data-start=\"1589\" data-end=\"1822\"><strong data-start=\"1589\" data-end=\"1613\">Aplica\u00e7\u00f5es t\u00edpicas<\/strong><br data-start=\"1613\" data-end=\"1616\" \/>\u00c1reas de vis\u00e3o de paredes cortina, pain\u00e9is de fachada unificados, vidros de montras, janelas de quartos de hotel, janelas de per\u00edmetro de escrit\u00f3rios, salas de reuni\u00f5es, quartos de dormir residenciais, hospitais e cl\u00ednicas, escolas e bibliotecas.<\/p>\n<p data-start=\"1824\" data-end=\"2107\"><strong data-start=\"1824\" data-end=\"1844\">Fornecimento e apoio<\/strong><br data-start=\"1844\" data-end=\"1847\" \/>A programa\u00e7\u00e3o de prazos de entrega est\u00e1veis \u00e9 oferecida para constru\u00e7\u00f5es personalizadas e programas de fornecimento a granel, com embalagem para exporta\u00e7\u00e3o e embalagem em caixa para prote\u00e7\u00e3o da entrega. Conformidade com as normas dispon\u00edvel a pedido, com registos de inspe\u00e7\u00e3o e listas de embalagem fornecidas para cada remessa.<\/p>","protected":false},"excerpt":{"rendered":"<p>Constru\u00eddas para interiores mais silenciosos e confort\u00e1veis, as nossas IGUs de vidro duplo combinam espa\u00e7os de ar\/g\u00e1s selados com composi\u00e7\u00f5es de vidro configur\u00e1veis para controlar o fluxo de calor e o ru\u00eddo exterior. Fabricadas por encomenda para m\u00f3dulos de fachadas e janelas em hot\u00e9is, escrit\u00f3rios e torres residenciais.<\/p>","protected":false},"featured_media":537,"template":"","meta":{"_gspb_post_css":""},"product_brand":[],"product_cat":[25],"product_tag":[59,66,62,64,56,57,58,65,61,60,63],"class_list":{"0":"post-536","1":"product","2":"type-product","3":"status-publish","4":"has-post-thumbnail","6":"product_cat-insulating-glass-igu","7":"product_tag-argon-gas-fill","8":"product_tag-bulk-supply","9":"product_tag-curtain-wall-glazing","10":"product_tag-custom-size","11":"product_tag-double-glazed-igu","12":"product_tag-insulated-glass-unit","13":"product_tag-low-e-coated-glass","14":"product_tag-shop-drawing-support","15":"product_tag-tempered-glass-option","16":"product_tag-warm-edge-spacer","17":"product_tag-window-modules","19":"first","20":"instock","21":"shipping-taxable","22":"purchasable","23":"product-type-simple"},"_links":{"self":[{"href":"https:\/\/theinsulatedglass.com\/pt\/wp-json\/wp\/v2\/product\/536","targetHints":{"allow":["GET"]}}],"collection":[{"href":"https:\/\/theinsulatedglass.com\/pt\/wp-json\/wp\/v2\/product"}],"about":[{"href":"https:\/\/theinsulatedglass.com\/pt\/wp-json\/wp\/v2\/types\/product"}],"wp:featuredmedia":[{"embeddable":true,"href":"https:\/\/theinsulatedglass.com\/pt\/wp-json\/wp\/v2\/media\/537"}],"wp:attachment":[{"href":"https:\/\/theinsulatedglass.com\/pt\/wp-json\/wp\/v2\/media?parent=536"}],"wp:term":[{"taxonomy":"product_brand","embeddable":true,"href":"https:\/\/theinsulatedglass.com\/pt\/wp-json\/wp\/v2\/product_brand?post=536"},{"taxonomy":"product_cat","embeddable":true,"href":"https:\/\/theinsulatedglass.com\/pt\/wp-json\/wp\/v2\/product_cat?post=536"},{"taxonomy":"product_tag","embeddable":true,"href":"https:\/\/theinsulatedglass.com\/pt\/wp-json\/wp\/v2\/product_tag?post=536"}],"curies":[{"name":"wp","href":"https:\/\/api.w.org\/{rel}","templated":true}]}}