{"id":543,"date":"2026-01-27T06:06:26","date_gmt":"2026-01-27T06:06:26","guid":{"rendered":"https:\/\/theinsulatedglass.com\/?post_type=product&#038;p=543"},"modified":"2026-01-27T06:06:26","modified_gmt":"2026-01-27T06:06:26","slug":"pvb-laminated-glass-safety-use-bulk-supply","status":"publish","type":"product","link":"https:\/\/theinsulatedglass.com\/pt\/pvb-laminated-glass-safety-use-bulk-supply\/","title":{"rendered":"Vidro laminado PVB Uso de seguran\u00e7a Fornecimento a granel"},"content":{"rendered":"<p data-start=\"49\" data-end=\"445\"><strong data-start=\"57\" data-end=\"69\">Vis\u00e3o geral<\/strong><br data-start=\"69\" data-end=\"72\" \/>Projetado para o conforto em ambientes movimentados, o vidro laminado PVB reduz a transfer\u00eancia de vibra\u00e7\u00e3o ao mesmo tempo em que fornece uma camada de seguran\u00e7a que ajuda a manter os fragmentos quebrados ligados \u00e0 camada intermedi\u00e1ria. \u00c9 uma escolha pr\u00e1tica onde o risco de impacto, risco de queda ou alto tr\u00e1fego de pedestres exige um comportamento de quebra controlado.<\/p>\n<p data-start=\"447\" data-end=\"465\"><strong data-start=\"447\" data-end=\"463\">Carater\u00edsticas principais<\/strong><\/p>\n<ul data-start=\"466\" data-end=\"997\">\n<li data-start=\"466\" data-end=\"582\">\n<p data-start=\"468\" data-end=\"582\">Amortecer o ru\u00eddo e limitar a resson\u00e2ncia com o efeito de amortecimento da camada interm\u00e9dia de PVB.<\/p>\n<\/li>\n<li data-start=\"583\" data-end=\"702\">\n<p data-start=\"585\" data-end=\"702\">Guardar os peda\u00e7os de vidro ap\u00f3s a sua quebra para reduzir a queda de objectos cortantes em \u00e1reas ocupadas.<\/p>\n<\/li>\n<li data-start=\"703\" data-end=\"826\">\n<p data-start=\"705\" data-end=\"826\">Melhoram a prote\u00e7\u00e3o interior filtrando os raios UV quando especificados com PVB com prote\u00e7\u00e3o UV.<\/p>\n<\/li>\n<li data-start=\"827\" data-end=\"918\">\n<p data-start=\"829\" data-end=\"918\">Manter a consist\u00eancia da constru\u00e7\u00e3o atrav\u00e9s do controlo de qualidade interno e da rastreabilidade da qualidade em todos os lotes.<\/p>\n<\/li>\n<li data-start=\"919\" data-end=\"997\">\n<p data-start=\"921\" data-end=\"997\">Apoiar a produ\u00e7\u00e3o de volume direto da f\u00e1brica para programas de fornecimento a granel em curso.<\/p>\n<\/li>\n<\/ul>\n<p data-start=\"999\" data-end=\"1028\"><strong data-start=\"999\" data-end=\"1026\">Op\u00e7\u00f5es e personaliza\u00e7\u00e3o<\/strong><\/p>\n<ul data-start=\"1029\" data-end=\"1471\">\n<li data-start=\"1029\" data-end=\"1098\">\n<p data-start=\"1031\" data-end=\"1098\">Fabricado por encomenda Tamanho, formas e arestas personalizados de acordo com as especifica\u00e7\u00f5es do projeto.<\/p>\n<\/li>\n<li data-start=\"1099\" data-end=\"1186\">\n<p data-start=\"1101\" data-end=\"1186\">L\u00e2minas temperadas ou refor\u00e7adas pelo calor dispon\u00edveis a pedido para necessidades de maior resist\u00eancia.<\/p>\n<\/li>\n<li data-start=\"1187\" data-end=\"1260\">\n<p data-start=\"1189\" data-end=\"1260\">Combina\u00e7\u00f5es de vidro transparente, colorido, com padr\u00e3o ou com baixo teor de ferro, conforme necess\u00e1rio.<\/p>\n<\/li>\n<li data-start=\"1261\" data-end=\"1390\">\n<p data-start=\"1263\" data-end=\"1390\">Op\u00e7\u00f5es de PVB: standard, ac\u00fastico ou com prote\u00e7\u00e3o UV; espessura e n\u00famero de camadas a pedido.<\/p>\n<\/li>\n<li data-start=\"1391\" data-end=\"1471\">\n<p data-start=\"1393\" data-end=\"1471\">Cortes CNC, entalhes e furos com suporte de desenho de loja \/ desenho.<\/p>\n<\/li>\n<\/ul>\n<p data-start=\"1473\" data-end=\"1688\"><strong data-start=\"1473\" data-end=\"1497\">Aplica\u00e7\u00f5es t\u00edpicas<\/strong><br data-start=\"1497\" data-end=\"1500\" \/>Divis\u00f3rias interiores, fachadas de escrit\u00f3rios, balaustradas e guarda-corpos, envidra\u00e7amento de escadas, coberturas, clarab\u00f3ias, envidra\u00e7amento de montras, envidra\u00e7amento de fachadas cortina, \u00e1trios de elevadores, janelas de visualiza\u00e7\u00e3o de equipamentos.<\/p>\n<p data-start=\"1690\" data-end=\"1908\"><strong data-start=\"1690\" data-end=\"1710\">Fornecimento e apoio<\/strong><br data-start=\"1710\" data-end=\"1713\" \/>Oferecemos uma programa\u00e7\u00e3o est\u00e1vel de prazos de entrega, embalagem para exporta\u00e7\u00e3o e embalagem em caixotes para reduzir o risco de tr\u00e2nsito. A documenta\u00e7\u00e3o para a inspe\u00e7\u00e3o de entrada \u00e9 fornecida e a conformidade com as normas est\u00e1 dispon\u00edvel mediante pedido.<\/p>","protected":false},"excerpt":{"rendered":"<p>O vidro laminado PVB combina duas camadas com um interlayer PVB para ajudar a reter os fragmentos ap\u00f3s o impacto e melhorar o conforto nos espa\u00e7os ocupados diariamente. Normalmente especificado para divis\u00f3rias interiores e balaustradas que requerem um comportamento de quebra controlado.<\/p>","protected":false},"featured_media":544,"template":"","meta":{"_gspb_post_css":""},"product_brand":[],"product_cat":[30],"product_tag":[70,74,75,64,77,73,68,69,67,76,72,71],"class_list":{"0":"post-543","1":"product","2":"type-product","3":"status-publish","4":"has-post-thumbnail","6":"product_cat-laminated-glass","7":"product_tag-acoustic-laminated-glass","8":"product_tag-balustrade-glass","9":"product_tag-canopy-glazing","10":"product_tag-custom-size","11":"product_tag-factory-direct-bulk-supply","12":"product_tag-glass-partition-panels","13":"product_tag-laminated-safety-glass","14":"product_tag-pvb-interlayer","15":"product_tag-pvb-laminated-glass-safety-use-bulk-supply","16":"product_tag-skylight-glazing","17":"product_tag-tempered-ply-option","18":"product_tag-uv-screening-interlayer","20":"first","21":"instock","22":"shipping-taxable","23":"purchasable","24":"product-type-simple"},"_links":{"self":[{"href":"https:\/\/theinsulatedglass.com\/pt\/wp-json\/wp\/v2\/product\/543","targetHints":{"allow":["GET"]}}],"collection":[{"href":"https:\/\/theinsulatedglass.com\/pt\/wp-json\/wp\/v2\/product"}],"about":[{"href":"https:\/\/theinsulatedglass.com\/pt\/wp-json\/wp\/v2\/types\/product"}],"wp:featuredmedia":[{"embeddable":true,"href":"https:\/\/theinsulatedglass.com\/pt\/wp-json\/wp\/v2\/media\/544"}],"wp:attachment":[{"href":"https:\/\/theinsulatedglass.com\/pt\/wp-json\/wp\/v2\/media?parent=543"}],"wp:term":[{"taxonomy":"product_brand","embeddable":true,"href":"https:\/\/theinsulatedglass.com\/pt\/wp-json\/wp\/v2\/product_brand?post=543"},{"taxonomy":"product_cat","embeddable":true,"href":"https:\/\/theinsulatedglass.com\/pt\/wp-json\/wp\/v2\/product_cat?post=543"},{"taxonomy":"product_tag","embeddable":true,"href":"https:\/\/theinsulatedglass.com\/pt\/wp-json\/wp\/v2\/product_tag?post=543"}],"curies":[{"name":"wp","href":"https:\/\/api.w.org\/{rel}","templated":true}]}}