{"id":557,"date":"2026-01-27T06:21:06","date_gmt":"2026-01-27T06:21:06","guid":{"rendered":"https:\/\/theinsulatedglass.com\/?post_type=product&#038;p=557"},"modified":"2026-01-27T06:21:06","modified_gmt":"2026-01-27T06:21:06","slug":"curtain-wall-low-e-igu-for-facade-use-project-spec","status":"publish","type":"product","link":"https:\/\/theinsulatedglass.com\/pt\/curtain-wall-low-e-igu-for-facade-use-project-spec\/","title":{"rendered":"IGU de baixa emissividade para parede cortina para utiliza\u00e7\u00e3o em fachadas Especifica\u00e7\u00f5es do projeto"},"content":{"rendered":"<p data-start=\"55\" data-end=\"457\">VIS\u00c3O GERAL<br data-start=\"71\" data-end=\"74\" \/>Em al\u00e7ados expostos ao sol e fachadas viradas para o tr\u00e2nsito, os problemas de conforto aparecem rapidamente - encandeamento nos postos de trabalho, frio radiante junto ao vidro e maior ru\u00eddo percet\u00edvel. As nossas IGU Low-E para fachadas cortina s\u00e3o constru\u00eddas de acordo com as especifica\u00e7\u00f5es do projeto para melhorar o conforto visual e t\u00e9rmico em sistemas de fachadas cortina, reflectindo a energia t\u00e9rmica de ondas longas e ajudando a gerir o encandeamento.<\/p>\n<p data-start=\"459\" data-end=\"473\">CARACTER\u00cdSTICAS PRINCIPAIS<\/p>\n<ul data-start=\"474\" data-end=\"1147\">\n<li data-start=\"474\" data-end=\"606\">\n<p data-start=\"476\" data-end=\"606\">Reduzir a troca de calor radiante utilizando vidros com revestimento Low-E concebidos para refletir a energia infravermelha.<\/p>\n<\/li>\n<li data-start=\"607\" data-end=\"742\">\n<p data-start=\"609\" data-end=\"742\">Apoiar interiores luminosos com luz do dia, atenuando ao mesmo tempo o encandeamento em fachadas com grandes dimens\u00f5es de janela a parede.<\/p>\n<\/li>\n<li data-start=\"743\" data-end=\"918\">\n<p data-start=\"745\" data-end=\"918\">Afinar o desempenho ac\u00fastico ajustando o espa\u00e7o a\u00e9reo e a composi\u00e7\u00e3o das l\u00e2minas, incluindo espessura assim\u00e9trica ou op\u00e7\u00f5es laminadas, quando necess\u00e1rio.<\/p>\n<\/li>\n<li data-start=\"919\" data-end=\"1043\">\n<p data-start=\"921\" data-end=\"1043\">Atualizar o isolamento com enchimentos opcionais de g\u00e1s \u00e1rgon\/cript\u00e3o no interior da cavidade selada.<\/p>\n<\/li>\n<li data-start=\"1044\" data-end=\"1147\">\n<p data-start=\"1046\" data-end=\"1147\">Manter a consist\u00eancia da constru\u00e7\u00e3o atrav\u00e9s do controlo de qualidade interno e da rastreabilidade da qualidade, desde o corte at\u00e9 \u00e0 selagem final.<\/p>\n<\/li>\n<\/ul>\n<p data-start=\"1149\" data-end=\"1174\">OP\u00c7\u00d5ES E PERSONALIZA\u00c7\u00c3O<\/p>\n<ul data-start=\"1175\" data-end=\"1676\">\n<li data-start=\"1175\" data-end=\"1265\">\n<p data-start=\"1177\" data-end=\"1265\">Fabricado por encomenda Tamanho, formas e espessura total personalizados para se adaptar \u00e0s profundidades das bolsas do sistema.<\/p>\n<\/li>\n<li data-start=\"1266\" data-end=\"1401\">\n<p data-start=\"1268\" data-end=\"1401\">Sistemas de espa\u00e7adores, incluindo op\u00e7\u00f5es de borda quente para reduzir a ponte t\u00e9rmica no per\u00edmetro do vidro.<\/p>\n<\/li>\n<li data-start=\"1402\" data-end=\"1502\">\n<p data-start=\"1404\" data-end=\"1502\">Vidro: transparente\/colorido, temperado, termoendurecido ou laminado, conforme solicitado.<\/p>\n<\/li>\n<li data-start=\"1503\" data-end=\"1588\">\n<p data-start=\"1505\" data-end=\"1588\">Sele\u00e7\u00e3o e coloca\u00e7\u00e3o do revestimento coordenadas atrav\u00e9s do desenho da loja e do apoio ao desenho.<\/p>\n<\/li>\n<li data-start=\"1589\" data-end=\"1676\">\n<p data-start=\"1591\" data-end=\"1676\">Pel\u00edculas de prote\u00e7\u00e3o, pormenores de elimina\u00e7\u00e3o de arestas e etiquetagem\/equipamento dispon\u00edveis mediante pedido.<\/p>\n<\/li>\n<\/ul>\n<p data-start=\"1678\" data-end=\"1875\">APLICA\u00c7\u00d5ES T\u00cdPICAS<br data-start=\"1698\" data-end=\"1701\" \/>M\u00f3dulos de fachada unificados, \u00e1reas de vis\u00e3o de fachada em taco, sistemas de parede de janela, pain\u00e9is de vis\u00e3o de canto, fachadas de p\u00f3dio, torres de escrit\u00f3rios, hot\u00e9is, hospitais, aeroportos.<\/p>\n<p data-start=\"1877\" data-end=\"2099\">FORNECIMENTO E APOIO<br data-start=\"1893\" data-end=\"1896\" \/>A produ\u00e7\u00e3o direta da f\u00e1brica suporta lan\u00e7amentos faseados e planeamento de prazos de entrega est\u00e1veis para projectos de v\u00e1rias fases. A embalagem para exporta\u00e7\u00e3o e a embalagem em caixote est\u00e3o dispon\u00edveis, e a conformidade com as normas est\u00e1 dispon\u00edvel mediante pedido.<\/p>","protected":false},"excerpt":{"rendered":"<p>As IGUs Low-E para paredes cortina s\u00e3o fabricadas por encomenda para melhorar o conforto t\u00e9rmico e ajudar a reduzir o encandeamento, com maquilhagem ac\u00fastica opcional para interiores mais silenciosos. S\u00e3o normalmente utilizadas em pain\u00e9is de vis\u00e3o unificados para paredes cortina e envidra\u00e7amento de cantos onde as dimens\u00f5es repet\u00edveis e a qualidade consistente s\u00e3o importantes.<\/p>","protected":false},"featured_media":558,"template":"","meta":{"_gspb_post_css":""},"product_brand":[],"product_cat":[41],"product_tag":[89,87,92,64,91,93,81,88,65,61,90,60],"class_list":{"0":"post-557","1":"product","2":"type-product","3":"status-publish","4":"has-post-thumbnail","6":"product_cat-curtain-wall-glass","7":"product_tag-argon-filled-igu","8":"product_tag-curtain-wall-low-e-igu-for-facade-use-project-spec","9":"product_tag-curtain-wall-modules","10":"product_tag-custom-size","11":"product_tag-facade-vision-panels","12":"product_tag-factory-direct-supply","13":"product_tag-laminated-glass-option","14":"product_tag-low-e-insulated-glass-unit","15":"product_tag-shop-drawing-support","16":"product_tag-tempered-glass-option","17":"product_tag-unitized-curtain-wall-glazing","18":"product_tag-warm-edge-spacer","20":"first","21":"instock","22":"shipping-taxable","23":"purchasable","24":"product-type-simple"},"_links":{"self":[{"href":"https:\/\/theinsulatedglass.com\/pt\/wp-json\/wp\/v2\/product\/557","targetHints":{"allow":["GET"]}}],"collection":[{"href":"https:\/\/theinsulatedglass.com\/pt\/wp-json\/wp\/v2\/product"}],"about":[{"href":"https:\/\/theinsulatedglass.com\/pt\/wp-json\/wp\/v2\/types\/product"}],"wp:featuredmedia":[{"embeddable":true,"href":"https:\/\/theinsulatedglass.com\/pt\/wp-json\/wp\/v2\/media\/558"}],"wp:attachment":[{"href":"https:\/\/theinsulatedglass.com\/pt\/wp-json\/wp\/v2\/media?parent=557"}],"wp:term":[{"taxonomy":"product_brand","embeddable":true,"href":"https:\/\/theinsulatedglass.com\/pt\/wp-json\/wp\/v2\/product_brand?post=557"},{"taxonomy":"product_cat","embeddable":true,"href":"https:\/\/theinsulatedglass.com\/pt\/wp-json\/wp\/v2\/product_cat?post=557"},{"taxonomy":"product_tag","embeddable":true,"href":"https:\/\/theinsulatedglass.com\/pt\/wp-json\/wp\/v2\/product_tag?post=557"}],"curies":[{"name":"wp","href":"https:\/\/api.w.org\/{rel}","templated":true}]}}