{"id":564,"date":"2026-01-27T06:34:09","date_gmt":"2026-01-27T06:34:09","guid":{"rendered":"https:\/\/theinsulatedglass.com\/?post_type=product&#038;p=564"},"modified":"2026-01-27T06:34:09","modified_gmt":"2026-01-27T06:34:09","slug":"project-spec-bulk-double-glazed-low-e-insulating-glass","status":"publish","type":"product","link":"https:\/\/theinsulatedglass.com\/pt\/project-spec-bulk-double-glazed-low-e-insulating-glass\/","title":{"rendered":"Especifica\u00e7\u00e3o do projeto Vidro isolante Low-E com vidro duplo a granel"},"content":{"rendered":"<p data-start=\"59\" data-end=\"357\"><strong data-start=\"67\" data-end=\"79\">Vis\u00e3o geral<\/strong><br data-start=\"79\" data-end=\"82\" \/>O desempenho energ\u00e9tico come\u00e7a na linha do vidro. O nosso vidro duplo com isolamento Low-E \u00e9 constru\u00eddo de acordo com as especifica\u00e7\u00f5es do projeto, combinando um espa\u00e7o de ar selado com l\u00e2minas revestidas com Low-E para reduzir a transfer\u00eancia de calor, mantendo uma forte transmiss\u00e3o da luz do dia.<\/p>\n<p data-start=\"359\" data-end=\"377\"><strong data-start=\"359\" data-end=\"375\">Carater\u00edsticas principais<\/strong><\/p>\n<ul data-start=\"378\" data-end=\"942\">\n<li data-start=\"378\" data-end=\"506\">\n<p data-start=\"380\" data-end=\"506\">Reduzir a troca de calor radiante atrav\u00e9s de revestimentos de baixa emissividade para melhorar o conforto t\u00e9rmico.<\/p>\n<\/li>\n<li data-start=\"507\" data-end=\"603\">\n<p data-start=\"509\" data-end=\"603\">Melhorar o conforto interior na proximidade de envidra\u00e7ados perimetrais, limitando as oscila\u00e7\u00f5es de temperatura no vidro.<\/p>\n<\/li>\n<li data-start=\"604\" data-end=\"729\">\n<p data-start=\"606\" data-end=\"729\">Melhorar o isolamento com enchimentos de cavidades opcionais de \u00e1rgon\/cript\u00e3o (dispon\u00edveis a pedido).<\/p>\n<\/li>\n<li data-start=\"730\" data-end=\"846\">\n<p data-start=\"732\" data-end=\"846\">Minimizar as perdas de arestas especificando sistemas de espa\u00e7adores de arestas quentes quando necess\u00e1rio.<\/p>\n<\/li>\n<li data-start=\"847\" data-end=\"942\">\n<p data-start=\"849\" data-end=\"942\">Manter a consist\u00eancia da constru\u00e7\u00e3o atrav\u00e9s do controlo de qualidade interno e da rastreabilidade da qualidade em todos os lotes de produ\u00e7\u00e3o.<\/p>\n<\/li>\n<\/ul>\n<p data-start=\"944\" data-end=\"973\"><strong data-start=\"944\" data-end=\"971\">Op\u00e7\u00f5es e personaliza\u00e7\u00e3o<\/strong><\/p>\n<ul data-start=\"974\" data-end=\"1416\">\n<li data-start=\"974\" data-end=\"1064\">\n<p data-start=\"976\" data-end=\"1064\">Fabricado por encomenda Tamanho, formas e espessura total personalizados para corresponder \u00e0 profundidade da bolsa do sistema.<\/p>\n<\/li>\n<li data-start=\"1065\" data-end=\"1154\">\n<p data-start=\"1067\" data-end=\"1154\">Vidros: transparentes ou fumados; vidros temperados e\/ou laminados dispon\u00edveis a pedido.<\/p>\n<\/li>\n<li data-start=\"1155\" data-end=\"1247\">\n<p data-start=\"1157\" data-end=\"1247\">A sele\u00e7\u00e3o do revestimento e a coloca\u00e7\u00e3o da superf\u00edcie s\u00e3o coordenadas com o desenho da loja\/apoio ao desenho.<\/p>\n<\/li>\n<li data-start=\"1248\" data-end=\"1334\">\n<p data-start=\"1250\" data-end=\"1334\">Op\u00e7\u00f5es de espa\u00e7adores e vedantes (incluindo variantes de borda quente) fornecidas por especifica\u00e7\u00e3o.<\/p>\n<\/li>\n<li data-start=\"1335\" data-end=\"1416\">\n<p data-start=\"1337\" data-end=\"1416\">Suporte de etiquetagem, montagem de kits e servi\u00e7o OEM\/ODM dispon\u00edvel para programas repetidos.<\/p>\n<\/li>\n<\/ul>\n<p data-start=\"1418\" data-end=\"1656\"><strong data-start=\"1418\" data-end=\"1442\">Aplica\u00e7\u00f5es t\u00edpicas<\/strong><br data-start=\"1442\" data-end=\"1445\" \/>M\u00f3dulos de parede cortina unificados, \u00e1reas de vis\u00e3o de parede cortina constru\u00eddas \u00e0 m\u00e3o, sistemas de parede de janela, fachadas de escrit\u00f3rios de arranha-c\u00e9us, al\u00e7ados de hot\u00e9is, montras de p\u00f3dio, envidra\u00e7amento de escadas\/lobby, escolas e edif\u00edcios de cuidados de sa\u00fade.<\/p>\n<p data-start=\"1658\" data-end=\"1891\"><strong data-start=\"1658\" data-end=\"1678\">Fornecimento e apoio<\/strong><br data-start=\"1678\" data-end=\"1681\" \/>O fabrico direto da f\u00e1brica suporta o fornecimento a granel e os calend\u00e1rios de produ\u00e7\u00e3o em volume com um planeamento est\u00e1vel do prazo de entrega. A embalagem para exporta\u00e7\u00e3o e a embalagem em caixote est\u00e3o dispon\u00edveis, e a conformidade com as normas est\u00e1 dispon\u00edvel mediante pedido.<\/p>","protected":false},"excerpt":{"rendered":"<p>O vidro duplo isolante Low-E Project Spec melhora o conforto t\u00e9rmico, combinando uma cavidade selada com vidros revestidos Low-E. Fabricado por encomenda para m\u00f3dulos de parede cortina e sistemas de janelas de alto desempenho que requerem dimens\u00f5es repet\u00edveis e constru\u00e7\u00f5es consistentes.<\/p>","protected":false},"featured_media":565,"template":"","meta":{"_gspb_post_css":""},"product_brand":[],"product_cat":[26],"product_tag":[95,66,62,64,56,97,81,58,94,61,60,96],"class_list":{"0":"post-564","1":"product","2":"type-product","3":"status-publish","4":"has-post-thumbnail","6":"product_cat-low-e-insulating-glass","7":"product_tag-argon-gas-fill-option","8":"product_tag-bulk-supply","9":"product_tag-curtain-wall-glazing","10":"product_tag-custom-size","11":"product_tag-double-glazed-igu","12":"product_tag-factory-direct","13":"product_tag-laminated-glass-option","14":"product_tag-low-e-coated-glass","15":"product_tag-project-spec-bulk-double-glazed-low-e-insulating-glass","16":"product_tag-tempered-glass-option","17":"product_tag-warm-edge-spacer","18":"product_tag-window-wall-systems","20":"first","21":"instock","22":"shipping-taxable","23":"purchasable","24":"product-type-simple"},"_links":{"self":[{"href":"https:\/\/theinsulatedglass.com\/pt\/wp-json\/wp\/v2\/product\/564","targetHints":{"allow":["GET"]}}],"collection":[{"href":"https:\/\/theinsulatedglass.com\/pt\/wp-json\/wp\/v2\/product"}],"about":[{"href":"https:\/\/theinsulatedglass.com\/pt\/wp-json\/wp\/v2\/types\/product"}],"wp:featuredmedia":[{"embeddable":true,"href":"https:\/\/theinsulatedglass.com\/pt\/wp-json\/wp\/v2\/media\/565"}],"wp:attachment":[{"href":"https:\/\/theinsulatedglass.com\/pt\/wp-json\/wp\/v2\/media?parent=564"}],"wp:term":[{"taxonomy":"product_brand","embeddable":true,"href":"https:\/\/theinsulatedglass.com\/pt\/wp-json\/wp\/v2\/product_brand?post=564"},{"taxonomy":"product_cat","embeddable":true,"href":"https:\/\/theinsulatedglass.com\/pt\/wp-json\/wp\/v2\/product_cat?post=564"},{"taxonomy":"product_tag","embeddable":true,"href":"https:\/\/theinsulatedglass.com\/pt\/wp-json\/wp\/v2\/product_tag?post=564"}],"curies":[{"name":"wp","href":"https:\/\/api.w.org\/{rel}","templated":true}]}}