{"id":571,"date":"2026-01-27T06:43:07","date_gmt":"2026-01-27T06:43:07","guid":{"rendered":"https:\/\/theinsulatedglass.com\/?post_type=product&#038;p=571"},"modified":"2026-01-27T06:43:07","modified_gmt":"2026-01-27T06:43:07","slug":"custom-build-explosion-proof-glass-project-spec","status":"publish","type":"product","link":"https:\/\/theinsulatedglass.com\/pt\/custom-build-explosion-proof-glass-project-spec\/","title":{"rendered":"Especifica\u00e7\u00e3o de projeto de vidro \u00e0 prova de explos\u00e3o de constru\u00e7\u00e3o personalizada"},"content":{"rendered":"<p data-start=\"52\" data-end=\"471\"><strong data-start=\"60\" data-end=\"72\">Vis\u00e3o geral<\/strong><br data-start=\"72\" data-end=\"75\" \/>Projetado para aberturas de alto risco, o vidro \u00e0 prova de explos\u00e3o Custom Build \u00e9 configurado como um conjunto de envidra\u00e7amento de mitiga\u00e7\u00e3o de explos\u00e3o para ajudar a reduzir a queda de vidro perigoso e melhorar a integridade p\u00f3s-quebra. O desempenho depende do sistema - o tipo de vidro, a sele\u00e7\u00e3o da camada intermedi\u00e1ria, o projeto da estrutura e a ancoragem influenciam o resultado.<\/p>\n<p data-start=\"473\" data-end=\"491\"><strong data-start=\"473\" data-end=\"489\">Carater\u00edsticas principais<\/strong><\/p>\n<ul data-start=\"492\" data-end=\"1019\">\n<li data-start=\"492\" data-end=\"633\">\n<p data-start=\"494\" data-end=\"633\">Reduzir os riscos de estilha\u00e7os utilizando vidro laminado que une os fragmentos a uma camada interm\u00e9dia ap\u00f3s a quebra.<\/p>\n<\/li>\n<li data-start=\"634\" data-end=\"725\">\n<p data-start=\"636\" data-end=\"725\">Aumentar a capacidade residual com constru\u00e7\u00f5es de m\u00faltiplas camadas adaptadas aos requisitos das especifica\u00e7\u00f5es do projeto.<\/p>\n<\/li>\n<li data-start=\"726\" data-end=\"839\">\n<p data-start=\"728\" data-end=\"839\">Combine resist\u00eancia e comportamento de rutura seguro, combinando vidros temperados com constru\u00e7\u00f5es laminadas (a pedido).<\/p>\n<\/li>\n<li data-start=\"840\" data-end=\"943\">\n<p data-start=\"842\" data-end=\"943\">Coordenar as toler\u00e2ncias atrav\u00e9s do desenho de fabrico e do suporte de desenho para as interfaces de hardware e de enquadramento.<\/p>\n<\/li>\n<li data-start=\"944\" data-end=\"1019\">\n<p data-start=\"946\" data-end=\"1019\">Manter a rastreabilidade da qualidade atrav\u00e9s do controlo de qualidade interno e da identifica\u00e7\u00e3o de lotes.<\/p>\n<\/li>\n<\/ul>\n<p data-start=\"1021\" data-end=\"1050\"><strong data-start=\"1021\" data-end=\"1048\">Op\u00e7\u00f5es e personaliza\u00e7\u00e3o<\/strong><\/p>\n<ul data-start=\"1051\" data-end=\"1479\">\n<li data-start=\"1051\" data-end=\"1139\">\n<p data-start=\"1053\" data-end=\"1139\">Personalizado por encomenda Tamanho, formas e condi\u00e7\u00f5es dos bordos para caixilhos fixos ou oper\u00e1veis.<\/p>\n<\/li>\n<li data-start=\"1140\" data-end=\"1220\">\n<p data-start=\"1142\" data-end=\"1220\">Op\u00e7\u00f5es de intercalar camadas (PVB ou ionoplast) e n\u00famero de camadas dispon\u00edveis mediante pedido.<\/p>\n<\/li>\n<li data-start=\"1221\" data-end=\"1318\">\n<p data-start=\"1223\" data-end=\"1318\">Pel\u00edcula de seguran\u00e7a secund\u00e1ria opcional, revestimentos contra sali\u00eancias ou composi\u00e7\u00f5es de vidro-pol\u00edmero, conforme necess\u00e1rio.<\/p>\n<\/li>\n<li data-start=\"1319\" data-end=\"1402\">\n<p data-start=\"1321\" data-end=\"1402\">Perfura\u00e7\u00e3o de furos, entalhes e recortes para grampos, escareadores ou passagens.<\/p>\n<\/li>\n<li data-start=\"1403\" data-end=\"1479\">\n<p data-start=\"1405\" data-end=\"1479\">Op\u00e7\u00f5es de superf\u00edcie: faixas de privacidade transparentes, com baixo teor de ferro, coloridas ou com frisos de cer\u00e2mica.<\/p>\n<\/li>\n<\/ul>\n<p data-start=\"1481\" data-end=\"1703\"><strong data-start=\"1481\" data-end=\"1505\">Aplica\u00e7\u00f5es t\u00edpicas<\/strong><br data-start=\"1505\" data-end=\"1508\" \/>Salas de controlo, cabinas de vigil\u00e2ncia, janelas de seguran\u00e7a, instala\u00e7\u00f5es petroqu\u00edmicas, subesta\u00e7\u00f5es de energia, pain\u00e9is de observa\u00e7\u00e3o de laborat\u00f3rios, centros de dados, aeroportos e centros de transporte, balc\u00f5es de servi\u00e7os governamentais.<\/p>\n<p data-start=\"1705\" data-end=\"1907\"><strong data-start=\"1705\" data-end=\"1725\">Fornecimento e apoio<\/strong><br data-start=\"1725\" data-end=\"1728\" \/>A produ\u00e7\u00e3o direta da f\u00e1brica suporta lan\u00e7amentos faseados com planeamento de prazos de entrega est\u00e1veis. A embalagem para exporta\u00e7\u00e3o e a embalagem em caixa est\u00e3o dispon\u00edveis, e a conformidade com as normas est\u00e1 dispon\u00edvel mediante pedido.<\/p>","protected":false},"excerpt":{"rendered":"<p>O envidra\u00e7amento personalizado para mitiga\u00e7\u00e3o de explos\u00f5es utiliza constru\u00e7\u00f5es laminadas e de m\u00faltiplas camadas para ajudar a reter fragmentos de vidro e manter uma barreira ap\u00f3s eventos de impacto. Fabricado por encomenda para janelas de salas de controlo e pain\u00e9is de visualiza\u00e7\u00e3o de seguran\u00e7a onde se especifica um ajuste fi\u00e1vel e um desempenho centrado na seguran\u00e7a.<\/p>","protected":false},"featured_media":572,"template":"","meta":{"_gspb_post_css":""},"product_brand":[],"product_cat":[31],"product_tag":[99,104,98,64,93,105,101,100,69,103,102],"class_list":{"0":"post-571","1":"product","2":"type-product","3":"status-publish","4":"has-post-thumbnail","6":"product_cat-explosion-proof-glass","7":"product_tag-blast-mitigation-glazing","8":"product_tag-control-room-glazing","9":"product_tag-custom-build-explosion-proof-glass-project-spec","10":"product_tag-custom-size","11":"product_tag-factory-direct-supply","12":"product_tag-guard-booth-window","13":"product_tag-ionoplast-interlayer","14":"product_tag-multi-ply-laminated-glass","15":"product_tag-pvb-interlayer","16":"product_tag-security-window-glazing","17":"product_tag-tempered-lite-option","19":"first","20":"instock","21":"shipping-taxable","22":"purchasable","23":"product-type-simple"},"_links":{"self":[{"href":"https:\/\/theinsulatedglass.com\/pt\/wp-json\/wp\/v2\/product\/571","targetHints":{"allow":["GET"]}}],"collection":[{"href":"https:\/\/theinsulatedglass.com\/pt\/wp-json\/wp\/v2\/product"}],"about":[{"href":"https:\/\/theinsulatedglass.com\/pt\/wp-json\/wp\/v2\/types\/product"}],"wp:featuredmedia":[{"embeddable":true,"href":"https:\/\/theinsulatedglass.com\/pt\/wp-json\/wp\/v2\/media\/572"}],"wp:attachment":[{"href":"https:\/\/theinsulatedglass.com\/pt\/wp-json\/wp\/v2\/media?parent=571"}],"wp:term":[{"taxonomy":"product_brand","embeddable":true,"href":"https:\/\/theinsulatedglass.com\/pt\/wp-json\/wp\/v2\/product_brand?post=571"},{"taxonomy":"product_cat","embeddable":true,"href":"https:\/\/theinsulatedglass.com\/pt\/wp-json\/wp\/v2\/product_cat?post=571"},{"taxonomy":"product_tag","embeddable":true,"href":"https:\/\/theinsulatedglass.com\/pt\/wp-json\/wp\/v2\/product_tag?post=571"}],"curies":[{"name":"wp","href":"https:\/\/api.w.org\/{rel}","templated":true}]}}