{"id":577,"date":"2026-01-27T06:49:53","date_gmt":"2026-01-27T06:49:53","guid":{"rendered":"https:\/\/theinsulatedglass.com\/?post_type=product&#038;p=577"},"modified":"2026-01-27T06:49:53","modified_gmt":"2026-01-27T06:49:53","slug":"cut-to-size-bulk-supply-blue-tinted-glass","status":"publish","type":"product","link":"https:\/\/theinsulatedglass.com\/pt\/cut-to-size-bulk-supply-blue-tinted-glass\/","title":{"rendered":"Fornecimento a granel de vidro colorido azul cortado \u00e0 medida"},"content":{"rendered":"<p data-start=\"46\" data-end=\"413\"><strong data-start=\"54\" data-end=\"66\">Vis\u00e3o geral<\/strong><br data-start=\"66\" data-end=\"69\" \/>Constru\u00eddo para pacotes de envidra\u00e7amento exigentes, o vidro colorido azul ajuda a gerenciar o brilho e a radia\u00e7\u00e3o solar, acrescentando um tom de cor dur\u00e1vel e consistente. Os produtos de vidro float colorido s\u00e3o normalmente selecionados para reduzir o brilho e a transfer\u00eancia de calor em compara\u00e7\u00e3o com o vidro transparente, melhorando o conforto dos ocupantes nas eleva\u00e7\u00f5es viradas para o sol.<\/p>\n<p data-start=\"415\" data-end=\"433\"><strong data-start=\"415\" data-end=\"431\">Carater\u00edsticas principais<\/strong><\/p>\n<ul data-start=\"434\" data-end=\"950\">\n<li data-start=\"434\" data-end=\"548\">\n<p data-start=\"436\" data-end=\"548\">Melhoram o conforto visual reduzindo a transmiss\u00e3o da luz vis\u00edvel e o encandeamento.<\/p>\n<\/li>\n<li data-start=\"549\" data-end=\"657\">\n<p data-start=\"551\" data-end=\"657\">Absorvem uma parte da energia solar para ajudar a moderar o ganho de calor solar.<\/p>\n<\/li>\n<li data-start=\"658\" data-end=\"741\">\n<p data-start=\"660\" data-end=\"741\">Manter a uniformidade da cor lote a lote com o controlo de qualidade interno e a rastreabilidade da qualidade.<\/p>\n<\/li>\n<li data-start=\"742\" data-end=\"867\">\n<p data-start=\"744\" data-end=\"867\">Aumente o desempenho de seguran\u00e7a com op\u00e7\u00f5es de constru\u00e7\u00e3o temperadas ou laminadas, quando necess\u00e1rio.<\/p>\n<\/li>\n<li data-start=\"868\" data-end=\"950\">\n<p data-start=\"870\" data-end=\"950\">Suportam um ajuste repet\u00edvel atrav\u00e9s do processamento de corte \u00e0 medida e do controlo dos bordos.<\/p>\n<\/li>\n<\/ul>\n<p data-start=\"952\" data-end=\"981\"><strong data-start=\"952\" data-end=\"979\">Op\u00e7\u00f5es e personaliza\u00e7\u00e3o<\/strong><\/p>\n<ul data-start=\"982\" data-end=\"1408\">\n<li data-start=\"982\" data-end=\"1062\">\n<p data-start=\"984\" data-end=\"1062\">Pain\u00e9is, rect\u00e2ngulos ou perfis moldados \u00e0 medida, de acordo com o desenho.<\/p>\n<\/li>\n<li data-start=\"1063\" data-end=\"1138\">\n<p data-start=\"1065\" data-end=\"1138\">Acabamentos dos bordos: com costura, polido plano, polido a l\u00e1pis ou com pequenos bis\u00e9is.<\/p>\n<\/li>\n<li data-start=\"1139\" data-end=\"1217\">\n<p data-start=\"1141\" data-end=\"1217\">Perfura\u00e7\u00e3o\/entalhamento CNC para acess\u00f3rios, escareadores e folgas de hardware.<\/p>\n<\/li>\n<li data-start=\"1218\" data-end=\"1337\">\n<p data-start=\"1220\" data-end=\"1337\">Configura\u00e7\u00f5es temperadas ou laminadas dispon\u00edveis mediante pedido para envidra\u00e7amento de seguran\u00e7a.<\/p>\n<\/li>\n<li data-start=\"1338\" data-end=\"1408\">\n<p data-start=\"1340\" data-end=\"1408\">Embalagens mistas, conjuntos de etiquetas e kits para programas de servi\u00e7o OEM\/ODM.<\/p>\n<\/li>\n<\/ul>\n<p data-start=\"1410\" data-end=\"1624\"><strong data-start=\"1410\" data-end=\"1434\">Aplica\u00e7\u00f5es t\u00edpicas<\/strong><br data-start=\"1434\" data-end=\"1437\" \/>Zonas de vis\u00e3o de cortinas, pain\u00e9is de teto falso e de sombreamento, envidra\u00e7ados de montras, janelas exteriores, divis\u00f3rias interiores, enchimento de balaustradas (quando laminadas), envidra\u00e7ados de coberturas, pain\u00e9is de exposi\u00e7\u00e3o.<\/p>\n<p data-start=\"1626\" data-end=\"1861\"><strong data-start=\"1626\" data-end=\"1646\">Fornecimento e apoio<\/strong><br data-start=\"1646\" data-end=\"1649\" \/>O fornecimento a granel direto da f\u00e1brica suporta programas de volume com planeamento de prazos de entrega est\u00e1veis. A embalagem para exporta\u00e7\u00e3o e a embalagem em caixote est\u00e3o dispon\u00edveis para proteger cantos e superf\u00edcies, e a conformidade com as normas est\u00e1 dispon\u00edvel mediante pedido.<\/p>","protected":false},"excerpt":{"rendered":"<p>O vidro colorido azul cortado \u00e0 medida reduz o encandeamento e o controlo solar, ao mesmo tempo que proporciona um aspeto duradouro e consistente com a cor. Normalmente utilizado para envidra\u00e7amento de fachadas de lojas e para fachadas de cortinas onde o ajuste repet\u00edvel e os lotes est\u00e1veis s\u00e3o importantes.<\/p>","protected":false},"featured_media":581,"template":"","meta":{"_gspb_post_css":""},"product_brand":[],"product_cat":[36],"product_tag":[107,66,62,64,106,97,111,81,110,109,61,108],"class_list":{"0":"post-577","1":"product","2":"type-product","3":"status-publish","4":"has-post-thumbnail","6":"product_cat-tinted-glass","7":"product_tag-blue-tinted-float-glass","8":"product_tag-bulk-supply","9":"product_tag-curtain-wall-glazing","10":"product_tag-custom-size","11":"product_tag-cut-to-size-bulk-supply-blue-tinted-glass","12":"product_tag-factory-direct","13":"product_tag-interior-partitions","14":"product_tag-laminated-glass-option","15":"product_tag-spandrel-panels","16":"product_tag-storefront-glass","17":"product_tag-tempered-glass-option","18":"product_tag-tinted-architectural-glass","20":"first","21":"instock","22":"shipping-taxable","23":"purchasable","24":"product-type-simple"},"_links":{"self":[{"href":"https:\/\/theinsulatedglass.com\/pt\/wp-json\/wp\/v2\/product\/577","targetHints":{"allow":["GET"]}}],"collection":[{"href":"https:\/\/theinsulatedglass.com\/pt\/wp-json\/wp\/v2\/product"}],"about":[{"href":"https:\/\/theinsulatedglass.com\/pt\/wp-json\/wp\/v2\/types\/product"}],"wp:featuredmedia":[{"embeddable":true,"href":"https:\/\/theinsulatedglass.com\/pt\/wp-json\/wp\/v2\/media\/581"}],"wp:attachment":[{"href":"https:\/\/theinsulatedglass.com\/pt\/wp-json\/wp\/v2\/media?parent=577"}],"wp:term":[{"taxonomy":"product_brand","embeddable":true,"href":"https:\/\/theinsulatedglass.com\/pt\/wp-json\/wp\/v2\/product_brand?post=577"},{"taxonomy":"product_cat","embeddable":true,"href":"https:\/\/theinsulatedglass.com\/pt\/wp-json\/wp\/v2\/product_cat?post=577"},{"taxonomy":"product_tag","embeddable":true,"href":"https:\/\/theinsulatedglass.com\/pt\/wp-json\/wp\/v2\/product_tag?post=577"}],"curies":[{"name":"wp","href":"https:\/\/api.w.org\/{rel}","templated":true}]}}