{"id":582,"date":"2026-01-27T06:56:24","date_gmt":"2026-01-27T06:56:24","guid":{"rendered":"https:\/\/theinsulatedglass.com\/?post_type=product&#038;p=582"},"modified":"2026-01-27T06:56:24","modified_gmt":"2026-01-27T06:56:24","slug":"custom-size-bulk-supply-tempered-door-and-window-glass","status":"publish","type":"product","link":"https:\/\/theinsulatedglass.com\/pt\/custom-size-bulk-supply-tempered-door-and-window-glass\/","title":{"rendered":"Tamanho personalizado Fornecimento a granel Vidro temperado para portas e janelas"},"content":{"rendered":"<p data-start=\"59\" data-end=\"606\"><strong data-start=\"67\" data-end=\"79\">Vis\u00e3o geral<\/strong><br data-start=\"79\" data-end=\"82\" \/>Quando as aberturas de portas e janelas est\u00e3o expostas ao sol, ao vento e ao contacto frequente, o vidro temperado ajuda a manter as montagens dur\u00e1veis e a suportar interiores confort\u00e1veis. A t\u00eampera t\u00e9rmica aquece o vidro e o resfria rapidamente para criar compress\u00e3o na superf\u00edcie, tornando-o pelo menos quatro vezes mais forte que o vidro recozido da mesma espessura. Se houver quebra, ele normalmente se divide em pequenas part\u00edculas, reduzindo a probabilidade de cortes graves em \u00e1reas de tr\u00e1fego intenso.<\/p>\n<p data-start=\"608\" data-end=\"626\"><strong data-start=\"608\" data-end=\"624\">Carater\u00edsticas principais<\/strong><\/p>\n<ul data-start=\"627\" data-end=\"1140\">\n<li data-start=\"627\" data-end=\"731\">\n<p data-start=\"629\" data-end=\"731\">Aumento da resist\u00eancia ao impacto e \u00e0 carga de vento em rela\u00e7\u00e3o ao vidro recozido.<\/p>\n<\/li>\n<li data-start=\"732\" data-end=\"829\">\n<p data-start=\"734\" data-end=\"829\">Reduzir o risco de les\u00f5es com um padr\u00e3o de quebra de pequenos fragmentos.<\/p>\n<\/li>\n<li data-start=\"830\" data-end=\"948\">\n<p data-start=\"832\" data-end=\"948\">Apoiam uma veda\u00e7\u00e3o mais apertada e um funcionamento mais suave, mantendo a planicidade e a qualidade dos bordos atrav\u00e9s de um processamento controlado.<\/p>\n<\/li>\n<li data-start=\"949\" data-end=\"1072\">\n<p data-start=\"951\" data-end=\"1072\">Permitir o envidra\u00e7amento exigido por raz\u00f5es de seguran\u00e7a em aplica\u00e7\u00f5es de portas, janelas laterais e janelas selecionadas.<\/p>\n<\/li>\n<li data-start=\"1073\" data-end=\"1140\">\n<p data-start=\"1075\" data-end=\"1140\">Manter a coer\u00eancia com o controlo de qualidade interno e a rastreabilidade da qualidade.<\/p>\n<\/li>\n<\/ul>\n<p data-start=\"1142\" data-end=\"1171\"><strong data-start=\"1142\" data-end=\"1169\">Op\u00e7\u00f5es e personaliza\u00e7\u00e3o<\/strong><\/p>\n<ul data-start=\"1172\" data-end=\"1664\">\n<li data-start=\"1172\" data-end=\"1257\">\n<p data-start=\"1174\" data-end=\"1257\">Fabricado por encomenda, \u00e0 medida das especifica\u00e7\u00f5es do projeto, com desenho da loja e apoio ao desenho.<\/p>\n<\/li>\n<li data-start=\"1258\" data-end=\"1338\">\n<p data-start=\"1260\" data-end=\"1338\">Acabamentos dos bordos: com costuras, com arestas, polimento a l\u00e1pis, polimento plano ou pequenos bis\u00e9is.<\/p>\n<\/li>\n<li data-start=\"1339\" data-end=\"1464\">\n<p data-start=\"1341\" data-end=\"1464\">Furos, entalhes e cortes de ferragens conclu\u00eddos antes da t\u00eampera, de acordo com os seus desenhos.<\/p>\n<\/li>\n<li data-start=\"1465\" data-end=\"1549\">\n<p data-start=\"1467\" data-end=\"1549\">Substratos: transparentes, com baixo teor de ferro, coloridos; frita\/impress\u00e3o e pel\u00edculas de prote\u00e7\u00e3o a pedido.<\/p>\n<\/li>\n<li data-start=\"1550\" data-end=\"1664\">\n<p data-start=\"1552\" data-end=\"1664\">L\u00e2mpadas temperadas preparadas para IGU dispon\u00edveis para constru\u00e7\u00e3o de portas\/janelas com vidro duplo.<\/p>\n<\/li>\n<\/ul>\n<p data-start=\"1666\" data-end=\"1865\"><strong data-start=\"1666\" data-end=\"1690\">Aplica\u00e7\u00f5es t\u00edpicas<\/strong><br data-start=\"1690\" data-end=\"1693\" \/>Pain\u00e9is de portas de correr para p\u00e1tios, portas de entrada com dobradi\u00e7as, vidros de portas de lojas, linhas laterais e travessas, folhas de janelas, portas de varanda, portas de vidro interiores, vidros de substitui\u00e7\u00e3o.<\/p>\n<p data-start=\"1867\" data-end=\"2068\"><strong data-start=\"1867\" data-end=\"1887\">Fornecimento e apoio<\/strong><br data-start=\"1887\" data-end=\"1890\" \/>O fornecimento a granel direto da f\u00e1brica apoia a produ\u00e7\u00e3o em volume com um planeamento est\u00e1vel do prazo de entrega. Embalagem para exporta\u00e7\u00e3o e embalagem em caixas est\u00e3o dispon\u00edveis. Conformidade com as normas dispon\u00edvel a pedido.<\/p>","protected":false},"excerpt":{"rendered":"<p>O vidro temperado para portas e janelas \u00e9 fabricado por encomenda para uma maior resist\u00eancia e um padr\u00e3o de quebra mais seguro, ajudando a proteger os ocupantes em aberturas com muito tr\u00e1fego. Constru\u00eddo de acordo com os seus desenhos para portas de correr e janelas laterais, com arestas limpas e lites opcionais prontos para IGU para montagens isoladas.<\/p>","protected":false},"featured_media":583,"template":"","meta":{"_gspb_post_css":""},"product_brand":[],"product_cat":[42],"product_tag":[116,64,112,77,114,115,65,120,117,119,113,118],"class_list":{"0":"post-582","1":"product","2":"type-product","3":"status-publish","4":"has-post-thumbnail","6":"product_cat-door-window-glass","7":"product_tag-cnc-drilling-and-notching","8":"product_tag-custom-size","9":"product_tag-custom-size-bulk-supply-tempered-door-and-window-glass","10":"product_tag-factory-direct-bulk-supply","11":"product_tag-heat-treated-glass","12":"product_tag-polished-edgework","13":"product_tag-shop-drawing-support","14":"product_tag-sidelite-and-transom-glass","15":"product_tag-sliding-door-glass","16":"product_tag-storefront-door-glazing","17":"product_tag-tempered-safety-glass","18":"product_tag-window-sash-glass","20":"first","21":"instock","22":"shipping-taxable","23":"purchasable","24":"product-type-simple"},"_links":{"self":[{"href":"https:\/\/theinsulatedglass.com\/pt\/wp-json\/wp\/v2\/product\/582","targetHints":{"allow":["GET"]}}],"collection":[{"href":"https:\/\/theinsulatedglass.com\/pt\/wp-json\/wp\/v2\/product"}],"about":[{"href":"https:\/\/theinsulatedglass.com\/pt\/wp-json\/wp\/v2\/types\/product"}],"wp:featuredmedia":[{"embeddable":true,"href":"https:\/\/theinsulatedglass.com\/pt\/wp-json\/wp\/v2\/media\/583"}],"wp:attachment":[{"href":"https:\/\/theinsulatedglass.com\/pt\/wp-json\/wp\/v2\/media?parent=582"}],"wp:term":[{"taxonomy":"product_brand","embeddable":true,"href":"https:\/\/theinsulatedglass.com\/pt\/wp-json\/wp\/v2\/product_brand?post=582"},{"taxonomy":"product_cat","embeddable":true,"href":"https:\/\/theinsulatedglass.com\/pt\/wp-json\/wp\/v2\/product_cat?post=582"},{"taxonomy":"product_tag","embeddable":true,"href":"https:\/\/theinsulatedglass.com\/pt\/wp-json\/wp\/v2\/product_tag?post=582"}],"curies":[{"name":"wp","href":"https:\/\/api.w.org\/{rel}","templated":true}]}}