{"id":589,"date":"2026-01-27T07:02:11","date_gmt":"2026-01-27T07:02:11","guid":{"rendered":"https:\/\/theinsulatedglass.com\/?post_type=product&#038;p=589"},"modified":"2026-01-27T07:02:11","modified_gmt":"2026-01-27T07:02:11","slug":"cut-to-size-bulk-hard-coat-online-low-e-glass","status":"publish","type":"product","link":"https:\/\/theinsulatedglass.com\/pt\/cut-to-size-bulk-hard-coat-online-low-e-glass\/","title":{"rendered":"Vidro de baixa emissividade on-line de revestimento duro a granel cortado \u00e0 medida"},"content":{"rendered":"<p data-start=\"50\" data-end=\"537\"><strong data-start=\"58\" data-end=\"70\">Vis\u00e3o geral<\/strong><br data-start=\"70\" data-end=\"73\" \/>Para projectos que necessitam de um aspeto limpo e consistente com um manuseamento pr\u00e1tico, o Low-E de revestimento duro (pirol\u00edtico) \u00e9 uma escolha fi\u00e1vel. Os revestimentos pirol\u00edticos s\u00e3o aplicados em linha durante a produ\u00e7\u00e3o de flutuadores e formam uma liga\u00e7\u00e3o de superf\u00edcie duradoura que suporta os fluxos de trabalho de fabrico e processamento. Os revestimentos Low-E reflectem a energia infravermelha de onda longa para ajudar a melhorar o conforto t\u00e9rmico sem bloquear a luz natural do dia.<\/p>\n<p data-start=\"539\" data-end=\"557\"><strong data-start=\"539\" data-end=\"555\">Carater\u00edsticas principais<\/strong><\/p>\n<ul data-start=\"558\" data-end=\"1104\">\n<li data-start=\"558\" data-end=\"646\">\n<p data-start=\"560\" data-end=\"646\">Manter um tom visual consistente em todos os lotes com uniformidade de revestimento controlada.<\/p>\n<\/li>\n<li data-start=\"647\" data-end=\"762\">\n<p data-start=\"649\" data-end=\"762\">Melhoram o conforto interior reflectindo o calor radiante de volta para a sua fonte.<\/p>\n<\/li>\n<li data-start=\"763\" data-end=\"887\">\n<p data-start=\"765\" data-end=\"887\">Apoiam linhas de corte eficientes gra\u00e7as \u00e0 natureza robusta das superf\u00edcies de revestimento duro.<\/p>\n<\/li>\n<li data-start=\"888\" data-end=\"1030\">\n<p data-start=\"890\" data-end=\"1030\">Possibilitar constru\u00e7\u00f5es de seguran\u00e7a combinando com t\u00eampera ou lamina\u00e7\u00e3o quando necess\u00e1rio (dispon\u00edvel a pedido).<\/p>\n<\/li>\n<li data-start=\"1031\" data-end=\"1104\">\n<p data-start=\"1033\" data-end=\"1104\">Manter o controlo de qualidade interno com rastreabilidade da qualidade para obter resultados repet\u00edveis.<\/p>\n<\/li>\n<\/ul>\n<p data-start=\"1106\" data-end=\"1135\"><strong data-start=\"1106\" data-end=\"1133\">Op\u00e7\u00f5es e personaliza\u00e7\u00e3o<\/strong><\/p>\n<ul data-start=\"1136\" data-end=\"1683\">\n<li data-start=\"1136\" data-end=\"1233\">\n<p data-start=\"1138\" data-end=\"1233\">Folhas de tamanho personalizado, rect\u00e2ngulos cortados \u00e0 medida ou perfis moldados de acordo com as especifica\u00e7\u00f5es do projeto.<\/p>\n<\/li>\n<li data-start=\"1234\" data-end=\"1313\">\n<p data-start=\"1236\" data-end=\"1313\">Op\u00e7\u00f5es de bordos: bordos com costuras, com arestas ou polidos, consoante a exposi\u00e7\u00e3o.<\/p>\n<\/li>\n<li data-start=\"1314\" data-end=\"1408\">\n<p data-start=\"1316\" data-end=\"1408\">Orienta\u00e7\u00e3o da coloca\u00e7\u00e3o do revestimento atrav\u00e9s do apoio ao desenho \/ revis\u00e3o do desenho da loja para a localiza\u00e7\u00e3o da superf\u00edcie.<\/p>\n<\/li>\n<li data-start=\"1409\" data-end=\"1539\">\n<p data-start=\"1411\" data-end=\"1539\">Op\u00e7\u00f5es de integra\u00e7\u00e3o IGU (posi\u00e7\u00e3o do espa\u00e7ador e configura\u00e7\u00e3o da cavidade) dispon\u00edveis mediante pedido.<\/p>\n<\/li>\n<li data-start=\"1540\" data-end=\"1683\">\n<p data-start=\"1542\" data-end=\"1683\">Compatibilidade de tratamento t\u00e9rmico e lamina\u00e7\u00e3o dispon\u00edvel a pedido, sujeita \u00e0 sele\u00e7\u00e3o do vidro\/revestimento.<\/p>\n<\/li>\n<\/ul>\n<p data-start=\"1685\" data-end=\"1871\"><strong data-start=\"1685\" data-end=\"1709\">Aplica\u00e7\u00f5es t\u00edpicas<\/strong><br data-start=\"1709\" data-end=\"1712\" \/>Janelas de tempestade, vidros secund\u00e1rios, vidros de substitui\u00e7\u00e3o, vidros duplos IGU, \u00e1reas de vis\u00e3o de parede cortina, vidros de clarab\u00f3ias, sol\u00e1rios, balc\u00f5es de servi\u00e7o.<\/p>\n<p data-start=\"1873\" data-end=\"2143\"><strong data-start=\"1873\" data-end=\"1893\">Fornecimento e apoio<\/strong><br data-start=\"1893\" data-end=\"1896\" \/>Os programas de Fornecimento a Granel Direto da F\u00e1brica s\u00e3o suportados com programa\u00e7\u00e3o de Tempo de Espera Est\u00e1vel, Embalagem para Exporta\u00e7\u00e3o e Embalagem em Caixa para envios de longa dist\u00e2ncia. Os registos de inspe\u00e7\u00e3o podem ser fornecidos com cada lote, e a conformidade com as normas est\u00e1 dispon\u00edvel mediante pedido.<\/p>","protected":false},"excerpt":{"rendered":"<p>O vidro Low-E online de revestimento duro \u00e9 cortado \u00e0 sua medida com um revestimento pirol\u00edtico duradouro concebido para um manuseamento e fabrico eficientes. Fornecido a granel para envidra\u00e7amento secund\u00e1rio e pain\u00e9is de janelas de tempestade, permite actualiza\u00e7\u00f5es pr\u00e1ticas de energia, mantendo uma apar\u00eancia consistente.<\/p>","protected":false},"featured_media":590,"template":"","meta":{"_gspb_post_css":""},"product_brand":[],"product_cat":[27],"product_tag":[64,121,77,122,125,127,124,123,129,128,126,130],"class_list":{"0":"post-589","1":"product","2":"type-product","3":"status-publish","4":"has-post-thumbnail","6":"product_cat-online-low-e-glass","7":"product_tag-custom-size","8":"product_tag-cut-to-size-bulk-hard-coat-online-low-e-glass","9":"product_tag-factory-direct-bulk-supply","10":"product_tag-hard-coat-low-e-glass","11":"product_tag-igu-compatible-glass","12":"product_tag-laminated-option","13":"product_tag-low-emissivity-coating","14":"product_tag-pyrolytic-online-coating","15":"product_tag-secondary-glazing","16":"product_tag-storm-window-glass","17":"product_tag-tempered-option","18":"product_tag-window-replacement-lites","20":"first","21":"instock","22":"shipping-taxable","23":"purchasable","24":"product-type-simple"},"_links":{"self":[{"href":"https:\/\/theinsulatedglass.com\/pt\/wp-json\/wp\/v2\/product\/589","targetHints":{"allow":["GET"]}}],"collection":[{"href":"https:\/\/theinsulatedglass.com\/pt\/wp-json\/wp\/v2\/product"}],"about":[{"href":"https:\/\/theinsulatedglass.com\/pt\/wp-json\/wp\/v2\/types\/product"}],"wp:featuredmedia":[{"embeddable":true,"href":"https:\/\/theinsulatedglass.com\/pt\/wp-json\/wp\/v2\/media\/590"}],"wp:attachment":[{"href":"https:\/\/theinsulatedglass.com\/pt\/wp-json\/wp\/v2\/media?parent=589"}],"wp:term":[{"taxonomy":"product_brand","embeddable":true,"href":"https:\/\/theinsulatedglass.com\/pt\/wp-json\/wp\/v2\/product_brand?post=589"},{"taxonomy":"product_cat","embeddable":true,"href":"https:\/\/theinsulatedglass.com\/pt\/wp-json\/wp\/v2\/product_cat?post=589"},{"taxonomy":"product_tag","embeddable":true,"href":"https:\/\/theinsulatedglass.com\/pt\/wp-json\/wp\/v2\/product_tag?post=589"}],"curies":[{"name":"wp","href":"https:\/\/api.w.org\/{rel}","templated":true}]}}