{"id":618,"date":"2026-01-27T07:47:48","date_gmt":"2026-01-27T07:47:48","guid":{"rendered":"https:\/\/theinsulatedglass.com\/?post_type=product&#038;p=618"},"modified":"2026-01-27T07:47:48","modified_gmt":"2026-01-27T07:47:48","slug":"project-spec-bulk-supply-heat-soaked-tempered-glass","status":"publish","type":"product","link":"https:\/\/theinsulatedglass.com\/pt\/project-spec-bulk-supply-heat-soaked-tempered-glass\/","title":{"rendered":"Project Speck Fornecimento a granel Vidro temperado embebido em calor"},"content":{"rendered":"<p data-start=\"64\" data-end=\"347\">Vis\u00e3o geral<br data-start=\"72\" data-end=\"75\" \/>Para fachadas de alta visibilidade e vidros suspensos, a consist\u00eancia visual \u00e9 parte da hist\u00f3ria do desempenho. O vidro temperado embebido em calor acrescenta uma etapa adicional de triagem ap\u00f3s a t\u00eampera para ajudar a melhorar a confian\u00e7a em servi\u00e7o, mantendo a apar\u00eancia limpa e clara que os arquitetos esperam.<\/p>\n<p data-start=\"351\" data-end=\"365\">Carater\u00edsticas principais<\/p>\n<p data-start=\"368\" data-end=\"424\">Clarificar as linhas de vis\u00e3o com baixa tonalidade e elevada transpar\u00eancia<\/p>\n<p data-start=\"427\" data-end=\"485\">Refor\u00e7ar o desempenho da seguran\u00e7a atrav\u00e9s da constru\u00e7\u00e3o temperada<\/p>\n<p data-start=\"488\" data-end=\"565\">Reduzir o risco de rutura inesperada em servi\u00e7o aplicando o processamento de imers\u00e3o em calor<\/p>\n<p data-start=\"568\" data-end=\"642\">Apoiar os pormenores com uma qualidade controlada das arestas e do acabamento dos cantos<\/p>\n<p data-start=\"645\" data-end=\"713\">Manter a repeti\u00e7\u00e3o do aspeto em todos os lotes para grandes eleva\u00e7\u00f5es<\/p>\n<p data-start=\"716\" data-end=\"794\">Permitem uma instala\u00e7\u00e3o mais suave, mantendo os pain\u00e9is planos e dimensionalmente est\u00e1veis<\/p>\n<p data-start=\"798\" data-end=\"823\">Op\u00e7\u00f5es e personaliza\u00e7\u00e3o<\/p>\n<p data-start=\"826\" data-end=\"900\">Corte por encomenda de acordo com as especifica\u00e7\u00f5es do projeto, incluindo corte \u00e0 medida a pedido<\/p>\n<p data-start=\"903\" data-end=\"978\">Furos, entalhes e cortes CNC para suportes, fixa\u00e7\u00f5es de pontos e ferragens<\/p>\n<p data-start=\"981\" data-end=\"1047\">Op\u00e7\u00f5es de bordadura dispon\u00edveis a pedido (polido, arrumado, alisado)<\/p>\n<p data-start=\"1050\" data-end=\"1121\">Padr\u00f5es opcionais de frita cer\u00e2mica ou impress\u00f5es antiderrapantes para \u00e1reas selecionadas<\/p>\n<p data-start=\"1124\" data-end=\"1184\">Maquetas laminadas ou integra\u00e7\u00e3o IGU dispon\u00edveis a pedido<\/p>\n<p data-start=\"1187\" data-end=\"1250\">Embalagem, rotulagem e kits adaptados \u00e0 sequencia\u00e7\u00e3o do local<\/p>\n<p data-start=\"1254\" data-end=\"1460\">Aplica\u00e7\u00f5es t\u00edpicas<br data-start=\"1274\" data-end=\"1277\" \/>Vidro de vis\u00e3o para fachadas cortina, envidra\u00e7amento de montras, clarab\u00f3ias, coberturas de vidro, tectos de \u00e1trio, zonas de fachada, pain\u00e9is de enchimento de balaustradas, envidra\u00e7amento de lobbies de elevadores, para-brisas<\/p>\n<p data-start=\"1464\" data-end=\"1773\">Fornecimento e apoio<br data-start=\"1480\" data-end=\"1483\" \/>Fornecimento em massa com planeamento de produ\u00e7\u00e3o em volume e um prazo de entrega r\u00e1pido sempre que a programa\u00e7\u00e3o o permita. O apoio ao desenho e a coordena\u00e7\u00e3o do desenho da loja s\u00e3o fornecidos, apoiados por CQ interno e rastreabilidade da qualidade. Est\u00e3o dispon\u00edveis embalagens para exporta\u00e7\u00e3o e embalagens em caixotes; a conformidade com as normas est\u00e1 dispon\u00edvel mediante pedido.<\/p>","protected":false},"excerpt":{"rendered":"<p>O vidro temperado embebido em calor proporciona uma est\u00e9tica clara e consistente, com um passo adicional de rastreio para apoiar a fiabilidade a longo prazo. Fornecido em tamanhos personalizados para programas a granel, \u00e9 amplamente especificado para pain\u00e9is de vis\u00e3o de parede cortina e envidra\u00e7amento suspenso onde a apar\u00eancia e a confian\u00e7a s\u00e3o importantes.<\/p>","protected":false},"featured_media":619,"template":"","meta":{"_gspb_post_css":""},"product_brand":[],"product_cat":[23],"product_tag":[161,62,139,160,158,157,159,156,65,76,109,113],"class_list":{"0":"post-618","1":"product","2":"type-product","3":"status-publish","4":"has-post-thumbnail","6":"product_cat-heat-soaked-tempered-glass","7":"product_tag-bulk-supply-glass","8":"product_tag-curtain-wall-glazing","9":"product_tag-custom-size-glass","10":"product_tag-glass-canopy-panels","11":"product_tag-heat-soak-processed-glass","12":"product_tag-heat-soaked-tempered-glass","13":"product_tag-laminated-heat-soaked-glass","14":"product_tag-project-spec-bulk-supply-heat-soaked-tempered-glass","15":"product_tag-shop-drawing-support","16":"product_tag-skylight-glazing","17":"product_tag-storefront-glass","18":"product_tag-tempered-safety-glass","20":"first","21":"instock","22":"shipping-taxable","23":"purchasable","24":"product-type-simple"},"_links":{"self":[{"href":"https:\/\/theinsulatedglass.com\/pt\/wp-json\/wp\/v2\/product\/618","targetHints":{"allow":["GET"]}}],"collection":[{"href":"https:\/\/theinsulatedglass.com\/pt\/wp-json\/wp\/v2\/product"}],"about":[{"href":"https:\/\/theinsulatedglass.com\/pt\/wp-json\/wp\/v2\/types\/product"}],"wp:featuredmedia":[{"embeddable":true,"href":"https:\/\/theinsulatedglass.com\/pt\/wp-json\/wp\/v2\/media\/619"}],"wp:attachment":[{"href":"https:\/\/theinsulatedglass.com\/pt\/wp-json\/wp\/v2\/media?parent=618"}],"wp:term":[{"taxonomy":"product_brand","embeddable":true,"href":"https:\/\/theinsulatedglass.com\/pt\/wp-json\/wp\/v2\/product_brand?post=618"},{"taxonomy":"product_cat","embeddable":true,"href":"https:\/\/theinsulatedglass.com\/pt\/wp-json\/wp\/v2\/product_cat?post=618"},{"taxonomy":"product_tag","embeddable":true,"href":"https:\/\/theinsulatedglass.com\/pt\/wp-json\/wp\/v2\/product_tag?post=618"}],"curies":[{"name":"wp","href":"https:\/\/api.w.org\/{rel}","templated":true}]}}