{"id":625,"date":"2026-01-27T07:53:33","date_gmt":"2026-01-27T07:53:33","guid":{"rendered":"https:\/\/theinsulatedglass.com\/?post_type=product&#038;p=625"},"modified":"2026-01-27T07:53:33","modified_gmt":"2026-01-27T07:53:33","slug":"project-spec-custom-solar-control-coated-glass","status":"publish","type":"product","link":"https:\/\/theinsulatedglass.com\/pt\/project-spec-custom-solar-control-coated-glass\/","title":{"rendered":"Especifica\u00e7\u00f5es do projeto Vidro revestido de controlo solar personalizado"},"content":{"rendered":"<p data-start=\"59\" data-end=\"366\">Vis\u00e3o geral<br data-start=\"67\" data-end=\"70\" \/>Desde a coordena\u00e7\u00e3o inicial da fachada at\u00e9 \u00e0 expedi\u00e7\u00e3o final, o vidro revestido de controlo solar tem um melhor desempenho quando \u00e9 fornecido exatamente de acordo com os requisitos de constru\u00e7\u00e3o e manuseamento do projeto. Esta solu\u00e7\u00e3o Project Spec ajuda a reduzir o calor solar e o encandeamento, preservando a luz do dia e uma apar\u00eancia exterior consistente.<\/p>\n<p data-start=\"370\" data-end=\"384\">Carater\u00edsticas principais<\/p>\n<p data-start=\"387\" data-end=\"461\">Gerir os ganhos solares e o encandeamento para melhorar o conforto interior junto \u00e0s linhas de envidra\u00e7amento<\/p>\n<p data-start=\"464\" data-end=\"546\">Manter a coer\u00eancia das cores arquitect\u00f3nicas entre al\u00e7ados e entregas faseadas<\/p>\n<p data-start=\"549\" data-end=\"627\">Apoiar as montagens de IGU e laminados com pr\u00e1ticas de processamento conscientes do revestimento<\/p>\n<p data-start=\"630\" data-end=\"701\">Coordenar a orienta\u00e7\u00e3o do revestimento para uma instala\u00e7\u00e3o correta no local<\/p>\n<p data-start=\"704\" data-end=\"788\">Melhorar a fiabilidade da selagem a jusante atrav\u00e9s da prepara\u00e7\u00e3o controlada do bordo do revestimento<\/p>\n<p data-start=\"791\" data-end=\"863\">Permitir a execu\u00e7\u00e3o previs\u00edvel de projectos com controlo de produ\u00e7\u00e3o rastre\u00e1vel<\/p>\n<p data-start=\"867\" data-end=\"892\">Op\u00e7\u00f5es e personaliza\u00e7\u00e3o<\/p>\n<p data-start=\"895\" data-end=\"968\">Tamanho personalizado \/ cortes, formas e correspond\u00eancia de pain\u00e9is feitos por encomenda a pedido<\/p>\n<p data-start=\"971\" data-end=\"1046\">Selec\u00e7\u00f5es de tom de revestimento\/reflect\u00e2ncia dispon\u00edveis para alinhar com a inten\u00e7\u00e3o da fachada<\/p>\n<p data-start=\"1049\" data-end=\"1128\">Configura\u00e7\u00f5es IGU e suporte de compatibilidade de espa\u00e7ador\/vedante dispon\u00edveis mediante pedido<\/p>\n<p data-start=\"1131\" data-end=\"1198\">Elimina\u00e7\u00e3o de arestas, mascaramento e zonas protegidas previstas nos desenhos<\/p>\n<p data-start=\"1201\" data-end=\"1272\">Convers\u00f5es temperadas ou laminadas dispon\u00edveis mediante pedido, quando necess\u00e1rio<\/p>\n<p data-start=\"1275\" data-end=\"1335\">Amostras e pain\u00e9is de aprova\u00e7\u00e3o dispon\u00edveis para a assinatura do projeto<\/p>\n<p data-start=\"1339\" data-end=\"1550\">Aplica\u00e7\u00f5es t\u00edpicas<br data-start=\"1359\" data-end=\"1362\" \/>IGUs para fachadas cortina, unidades de janelas comerciais, reabilita\u00e7\u00e3o de fachadas, torres de escrit\u00f3rios, envidra\u00e7ados de hot\u00e9is, montras de lojas, caixas de \u00e1trio, clarab\u00f3ias e clarab\u00f3ias de telhado, terminais de aeroportos e de tr\u00e2nsito<\/p>\n<p data-start=\"1554\" data-end=\"1903\">Fornecimento e apoio<br data-start=\"1570\" data-end=\"1573\" \/>Fornecimento direto da f\u00e1brica com alinhamento das especifica\u00e7\u00f5es do projeto, apoio ao desenho e coordena\u00e7\u00e3o do desenho da loja para aprova\u00e7\u00f5es e sequencia\u00e7\u00e3o. O planeamento de prazos de entrega est\u00e1veis est\u00e1 dispon\u00edvel para lan\u00e7amentos faseados, apoiados por CQ interno e rastreabilidade da qualidade. A embalagem para exporta\u00e7\u00e3o e a embalagem em caixotes podem ser organizadas; a conformidade com as normas est\u00e1 dispon\u00edvel mediante pedido.<\/p>","protected":false},"excerpt":{"rendered":"<p>O vidro revestido de controlo solar Project Spec reduz o calor e o encandeamento, mantendo a luz do dia e um tom exterior limpo. Fabricado por encomenda em tamanhos personalizados com coordena\u00e7\u00e3o de desenho, \u00e9 uma op\u00e7\u00e3o fi\u00e1vel para projectos de fachadas e janelas comerciais que exigem um aspeto consistente em todas as entregas.<\/p>","protected":false},"featured_media":629,"template":"","meta":{"_gspb_post_css":""},"product_brand":[],"product_cat":[28],"product_tag":[66,166,62,139,167,169,164,58,165,162,168,163],"class_list":{"0":"post-625","1":"product","2":"type-product","3":"status-publish","4":"has-post-thumbnail","6":"product_cat-coated-glass","7":"product_tag-bulk-supply","8":"product_tag-commercial-window-glass","9":"product_tag-curtain-wall-glazing","10":"product_tag-custom-size-glass","11":"product_tag-facade-glass","12":"product_tag-factory-direct-glass","13":"product_tag-igu-glass","14":"product_tag-low-e-coated-glass","15":"product_tag-magnetron-coated-glass","16":"product_tag-project-spec-custom-solar-control-coated-glass","17":"product_tag-project-spec-support","18":"product_tag-solar-control-coated-glass","20":"first","21":"instock","22":"shipping-taxable","23":"purchasable","24":"product-type-simple"},"_links":{"self":[{"href":"https:\/\/theinsulatedglass.com\/pt\/wp-json\/wp\/v2\/product\/625","targetHints":{"allow":["GET"]}}],"collection":[{"href":"https:\/\/theinsulatedglass.com\/pt\/wp-json\/wp\/v2\/product"}],"about":[{"href":"https:\/\/theinsulatedglass.com\/pt\/wp-json\/wp\/v2\/types\/product"}],"wp:featuredmedia":[{"embeddable":true,"href":"https:\/\/theinsulatedglass.com\/pt\/wp-json\/wp\/v2\/media\/629"}],"wp:attachment":[{"href":"https:\/\/theinsulatedglass.com\/pt\/wp-json\/wp\/v2\/media?parent=625"}],"wp:term":[{"taxonomy":"product_brand","embeddable":true,"href":"https:\/\/theinsulatedglass.com\/pt\/wp-json\/wp\/v2\/product_brand?post=625"},{"taxonomy":"product_cat","embeddable":true,"href":"https:\/\/theinsulatedglass.com\/pt\/wp-json\/wp\/v2\/product_cat?post=625"},{"taxonomy":"product_tag","embeddable":true,"href":"https:\/\/theinsulatedglass.com\/pt\/wp-json\/wp\/v2\/product_tag?post=625"}],"curies":[{"name":"wp","href":"https:\/\/api.w.org\/{rel}","templated":true}]}}