{"id":679,"date":"2026-01-27T08:52:42","date_gmt":"2026-01-27T08:52:42","guid":{"rendered":"https:\/\/theinsulatedglass.com\/?post_type=product&#038;p=679"},"modified":"2026-01-27T08:52:42","modified_gmt":"2026-01-27T08:52:42","slug":"factory-direct-custom-insulating-glass-igu","status":"publish","type":"product","link":"https:\/\/theinsulatedglass.com\/pt\/factory-direct-custom-insulating-glass-igu\/","title":{"rendered":"IGU de vidro isolante personalizado direto da f\u00e1brica"},"content":{"rendered":"<p data-start=\"55\" data-end=\"295\">Vis\u00e3o geral<br data-start=\"63\" data-end=\"66\" \/>A redu\u00e7\u00e3o da demanda de HVAC geralmente come\u00e7a na linha de envidra\u00e7amento. O nosso IGU de vidro isolante personalizado Factory Diret \u00e9 montado de acordo com os requisitos do projeto para ajudar a limitar a transfer\u00eancia de calor, melhorar o conforto dos ocupantes e manter a luz do dia clara e utiliz\u00e1vel.<\/p>\n<p data-start=\"299\" data-end=\"313\">Carater\u00edsticas principais<\/p>\n<p data-start=\"316\" data-end=\"396\">Reduzir a perda de calor no inverno e a entrada de calor no ver\u00e3o em compara\u00e7\u00e3o com o vidro monol\u00edtico<\/p>\n<p data-start=\"399\" data-end=\"471\">Melhorar o conforto junto \u00e0s janelas, estabilizando a temperatura interior do vidro<\/p>\n<p data-start=\"474\" data-end=\"550\">Apoiar vistas mais claras com limpeza interna controlada durante a montagem<\/p>\n<p data-start=\"553\" data-end=\"635\">Melhorar a resist\u00eancia \u00e0 condensa\u00e7\u00e3o quando o sistema completo de janelas \u00e9 corretamente concebido<\/p>\n<p data-start=\"638\" data-end=\"711\">Mant\u00eam dimens\u00f5es repet\u00edveis para facilitar o enquadramento e o encaixe das juntas<\/p>\n<p data-start=\"715\" data-end=\"740\">Op\u00e7\u00f5es e personaliza\u00e7\u00e3o<\/p>\n<p data-start=\"743\" data-end=\"806\">Tamanhos e formas de IGU feitos por encomenda \/ \u00e0 medida, de acordo com os desenhos<\/p>\n<p data-start=\"809\" data-end=\"874\">Selec\u00e7\u00f5es de revestimentos Low-E e de controlo solar dispon\u00edveis mediante pedido<\/p>\n<p data-start=\"877\" data-end=\"958\">Op\u00e7\u00f5es de espa\u00e7ador, op\u00e7\u00f5es de borda quente e sistemas de veda\u00e7\u00e3o oferecidos de acordo com as especifica\u00e7\u00f5es do projeto<\/p>\n<p data-start=\"961\" data-end=\"1041\">Enchimento de g\u00e1s, substratos coloridos e vidros laminados\/temperados dispon\u00edveis mediante pedido<\/p>\n<p data-start=\"1044\" data-end=\"1111\">Grelhas, bordos de frita e zonas de elimina\u00e7\u00e3o de arestas fornecidas conforme necess\u00e1rio<\/p>\n<p data-start=\"1115\" data-end=\"1291\">Aplica\u00e7\u00f5es t\u00edpicas<br data-start=\"1135\" data-end=\"1138\" \/>Janelas residenciais, paredes de janelas comerciais, \u00e1reas de vis\u00e3o de parede cortina, sistemas de fachada de loja, clarab\u00f3ias, portas de p\u00e1tio, envidra\u00e7amento de escadarias, caixas de \u00e1trio<\/p>\n<p data-start=\"1295\" data-end=\"1619\">Fornecimento e apoio<br data-start=\"1311\" data-end=\"1314\" \/>A produ\u00e7\u00e3o em volume est\u00e1 dispon\u00edvel para programas repetidos, com planeamento de prazos de entrega r\u00e1pidos para lan\u00e7amentos faseados. O controlo de qualidade interno suporta verifica\u00e7\u00f5es de montagem consistentes e \u00e9 poss\u00edvel organizar a embalagem para exporta\u00e7\u00e3o com embalagem em caixa. Est\u00e1 dispon\u00edvel suporte para desenhos de fabrico e revis\u00e3o de desenhos; a conformidade com as normas est\u00e1 dispon\u00edvel mediante pedido.<\/p>","protected":false},"excerpt":{"rendered":"<p>Uma IGU bem constru\u00edda \u00e9 o caminho mais r\u00e1pido para salas mais confort\u00e1veis e um risco reduzido de condensa\u00e7\u00e3o em geral. As nossas unidades de vidro isolante feitas \u00e0 medida, diretamente da f\u00e1brica, s\u00e3o fornecidas para janelas residenciais e sistemas de fachadas comerciais com um ajuste consistente.<\/p>","protected":false},"featured_media":680,"template":"","meta":{"_gspb_post_css":""},"product_brand":[],"product_cat":[25],"product_tag":[66,232,64,230,228,57,229,233,234,60,231],"class_list":{"0":"post-679","1":"product","2":"type-product","3":"status-publish","4":"has-post-thumbnail","6":"product_cat-insulating-glass-igu","7":"product_tag-bulk-supply","8":"product_tag-curtain-wall-igu","9":"product_tag-custom-size","10":"product_tag-double-glazing","11":"product_tag-factory-direct-custom-insulating-glass-igu","12":"product_tag-insulated-glass-unit","13":"product_tag-low-e-igu","14":"product_tag-skylight-igu","15":"product_tag-storefront-igu","16":"product_tag-warm-edge-spacer","17":"product_tag-window-igu","19":"first","20":"instock","21":"shipping-taxable","22":"purchasable","23":"product-type-simple"},"_links":{"self":[{"href":"https:\/\/theinsulatedglass.com\/pt\/wp-json\/wp\/v2\/product\/679","targetHints":{"allow":["GET"]}}],"collection":[{"href":"https:\/\/theinsulatedglass.com\/pt\/wp-json\/wp\/v2\/product"}],"about":[{"href":"https:\/\/theinsulatedglass.com\/pt\/wp-json\/wp\/v2\/types\/product"}],"wp:featuredmedia":[{"embeddable":true,"href":"https:\/\/theinsulatedglass.com\/pt\/wp-json\/wp\/v2\/media\/680"}],"wp:attachment":[{"href":"https:\/\/theinsulatedglass.com\/pt\/wp-json\/wp\/v2\/media?parent=679"}],"wp:term":[{"taxonomy":"product_brand","embeddable":true,"href":"https:\/\/theinsulatedglass.com\/pt\/wp-json\/wp\/v2\/product_brand?post=679"},{"taxonomy":"product_cat","embeddable":true,"href":"https:\/\/theinsulatedglass.com\/pt\/wp-json\/wp\/v2\/product_cat?post=679"},{"taxonomy":"product_tag","embeddable":true,"href":"https:\/\/theinsulatedglass.com\/pt\/wp-json\/wp\/v2\/product_tag?post=679"}],"curies":[{"name":"wp","href":"https:\/\/api.w.org\/{rel}","templated":true}]}}