{"id":831,"date":"2026-01-28T07:06:31","date_gmt":"2026-01-28T07:06:31","guid":{"rendered":"https:\/\/theinsulatedglass.com\/?post_type=product&#038;p=831"},"modified":"2026-01-28T07:06:31","modified_gmt":"2026-01-28T07:06:31","slug":"premium-clarity-bulk-ultra-clear-laminated-glass","status":"publish","type":"product","link":"https:\/\/theinsulatedglass.com\/pt\/premium-clarity-bulk-ultra-clear-laminated-glass\/","title":{"rendered":"Vidro laminado ultra-claro a granel de claridade superior"},"content":{"rendered":"<p data-start=\"61\" data-end=\"461\">Vis\u00e3o geral<br data-start=\"69\" data-end=\"72\" \/>Os envelopes orientados para a luz do dia t\u00eam como objetivo reduzir a depend\u00eancia da ilumina\u00e7\u00e3o artificial, mantendo os interiores visualmente confort\u00e1veis. O vidro laminado ultra-claro de elevada nitidez minimiza a t\u00edpica tonalidade verde dos bordos, ajudando os arquitectos a manter uma verdadeira reprodu\u00e7\u00e3o de cores em grandes \u00e1reas envidra\u00e7adas. Tamb\u00e9m pode ser especificado para constru\u00e7\u00f5es IGU ou emparelhamentos de revestimento, a pedido, para apoiar os objectivos gerais de conforto da fachada.<\/p>\n<p data-start=\"465\" data-end=\"479\">Carater\u00edsticas principais<\/p>\n<p data-start=\"482\" data-end=\"549\">Proporciona um aspeto n\u00edtido e neutro com elevada transpar\u00eancia visual<\/p>\n<p data-start=\"552\" data-end=\"611\">Combina a seguran\u00e7a laminada com uma est\u00e9tica de qualidade superior com baixo teor de ferro<\/p>\n<p data-start=\"614\" data-end=\"678\">Apoiar interiores mais luminosos, maximizando a transmiss\u00e3o da luz do dia<\/p>\n<p data-start=\"681\" data-end=\"737\">Minimizar a mudan\u00e7a de cor dos bordos para um envidra\u00e7amento focado na montra<\/p>\n<p data-start=\"740\" data-end=\"809\">Melhorar a durabilidade do servi\u00e7o atrav\u00e9s de um processamento de lamina\u00e7\u00e3o controlado<\/p>\n<p data-start=\"813\" data-end=\"838\">Op\u00e7\u00f5es e personaliza\u00e7\u00e3o<\/p>\n<p data-start=\"841\" data-end=\"894\">Tamanhos e formas de corte feitos por encomenda de acordo com as especifica\u00e7\u00f5es do projeto<\/p>\n<p data-start=\"897\" data-end=\"952\">Tipo de camada interm\u00e9dia e op\u00e7\u00f5es de tonalidade dispon\u00edveis mediante pedido<\/p>\n<p data-start=\"955\" data-end=\"1025\">Detalhes de cantos e arestas dispon\u00edveis a pedido para arestas expostas<\/p>\n<p data-start=\"1028\" data-end=\"1088\">Furos\/entalhes\/cortes CNC dispon\u00edveis para suportes e acess\u00f3rios<\/p>\n<p data-start=\"1091\" data-end=\"1147\">Luzes preparadas para IGU e emparelhamento Low-E dispon\u00edveis a pedido<\/p>\n<p data-start=\"1150\" data-end=\"1217\">Suporte para desenhos de fabrico e desenhos dispon\u00edveis para fluxos de trabalho de aprova\u00e7\u00e3o<\/p>\n<p data-start=\"1221\" data-end=\"1443\">Aplica\u00e7\u00f5es t\u00edpicas<br data-start=\"1241\" data-end=\"1244\" \/>Pain\u00e9is de vis\u00e3o para paredes cortina, vidros para montras de qualidade superior, frentes de exposi\u00e7\u00e3o de museus, montras de lojas de luxo, ecr\u00e3s para \u00e1trios de elevadores, janelas residenciais de alta qualidade, paredes interiores, balaustradas de vidro<\/p>\n<p data-start=\"1447\" data-end=\"1749\">Fornecimento e apoio<br data-start=\"1463\" data-end=\"1466\" \/>O fornecimento a granel direto da f\u00e1brica \u00e9 apoiado pelo planeamento da produ\u00e7\u00e3o em volume e por um prazo de entrega est\u00e1vel. O controlo de qualidade interno com rastreabilidade da qualidade \u00e9 aplicado ao longo do processamento e a embalagem para exporta\u00e7\u00e3o\/embalagem em caixote est\u00e1 dispon\u00edvel para envio a longa dist\u00e2ncia. Conformidade com as normas dispon\u00edvel mediante pedido.<\/p>","protected":false},"excerpt":{"rendered":"<p>A claridade de primeira qualidade alia-se \u00e0 seguran\u00e7a laminada num vidro com baixo teor de ferro, produzido de acordo com as especifica\u00e7\u00f5es do projeto em tamanhos feitos por encomenda para fornecimento em volume. Adequa-se a \u00e1reas de vis\u00e3o de paredes cortina e envidra\u00e7amento de montras de luxo, mantendo as cores verdadeiras ao mesmo tempo que suporta um ajuste consistente do m\u00f3dulo.<\/p>","protected":false},"featured_media":850,"template":"","meta":{"_gspb_post_css":""},"product_brand":[],"product_cat":[35],"product_tag":[66,363,365,361,68,362,51,366,364,359,277,360],"class_list":{"0":"post-831","1":"product","2":"type-product","3":"status-publish","4":"has-post-thumbnail","6":"product_cat-ultra-clear-glass","7":"product_tag-bulk-supply","8":"product_tag-curtain-wall-vision-panels","9":"product_tag-glass-balustrade","10":"product_tag-igu-ready-glazing","11":"product_tag-laminated-safety-glass","12":"product_tag-low-e-pairing","13":"product_tag-low-iron-glass","14":"product_tag-made-to-order","15":"product_tag-museum-display-glass","16":"product_tag-premium-clarity-bulk-ultra-clear-laminated-glass","17":"product_tag-storefront-glazing","18":"product_tag-ultra-clear-laminated-glass","20":"first","21":"instock","22":"shipping-taxable","23":"purchasable","24":"product-type-simple"},"_links":{"self":[{"href":"https:\/\/theinsulatedglass.com\/pt\/wp-json\/wp\/v2\/product\/831","targetHints":{"allow":["GET"]}}],"collection":[{"href":"https:\/\/theinsulatedglass.com\/pt\/wp-json\/wp\/v2\/product"}],"about":[{"href":"https:\/\/theinsulatedglass.com\/pt\/wp-json\/wp\/v2\/types\/product"}],"wp:featuredmedia":[{"embeddable":true,"href":"https:\/\/theinsulatedglass.com\/pt\/wp-json\/wp\/v2\/media\/850"}],"wp:attachment":[{"href":"https:\/\/theinsulatedglass.com\/pt\/wp-json\/wp\/v2\/media?parent=831"}],"wp:term":[{"taxonomy":"product_brand","embeddable":true,"href":"https:\/\/theinsulatedglass.com\/pt\/wp-json\/wp\/v2\/product_brand?post=831"},{"taxonomy":"product_cat","embeddable":true,"href":"https:\/\/theinsulatedglass.com\/pt\/wp-json\/wp\/v2\/product_cat?post=831"},{"taxonomy":"product_tag","embeddable":true,"href":"https:\/\/theinsulatedglass.com\/pt\/wp-json\/wp\/v2\/product_tag?post=831"}],"curies":[{"name":"wp","href":"https:\/\/api.w.org\/{rel}","templated":true}]}}