{"id":989,"date":"2026-01-28T09:35:09","date_gmt":"2026-01-28T09:35:09","guid":{"rendered":"https:\/\/theinsulatedglass.com\/?post_type=product&#038;p=989"},"modified":"2026-01-28T09:35:09","modified_gmt":"2026-01-28T09:35:09","slug":"low-iron-option-factory-direct-ultra-clear-glass","status":"publish","type":"product","link":"https:\/\/theinsulatedglass.com\/pt\/low-iron-option-factory-direct-ultra-clear-glass\/","title":{"rendered":"Op\u00e7\u00e3o com baixo teor de ferro Vidro ultra-claro direto da f\u00e1brica"},"content":{"rendered":"<p data-start=\"61\" data-end=\"393\">Vis\u00e3o geral<br data-start=\"69\" data-end=\"72\" \/>Onde a luz do dia e a reprodu\u00e7\u00e3o de cores verdadeiras s\u00e3o prioridades de design, o vidro ultra-claro com baixo teor de ferro ajuda a minimizar a tonalidade verde vista no vidro float padr\u00e3o. \u00c9 frequentemente selecionado como um substrato de alta claridade para constru\u00e7\u00f5es de envidra\u00e7amento focadas na energia, incluindo unidades de isolamento e configura\u00e7\u00f5es revestidas especificadas para o conforto da fachada.<\/p>\n<p data-start=\"397\" data-end=\"411\">Carater\u00edsticas principais<\/p>\n<p data-start=\"414\" data-end=\"493\">Proporcionam uma \u00f3tica mais limpa para interiores mais brilhantes e uma apresenta\u00e7\u00e3o mais verdadeira do produto.<\/p>\n<p data-start=\"496\" data-end=\"572\">Reduzir a tonalidade dos bordos para um aspeto mais neutro em constru\u00e7\u00f5es espessas ou em camadas.<\/p>\n<p data-start=\"575\" data-end=\"655\">Apoiar estrat\u00e9gias de ilumina\u00e7\u00e3o natural que possam reduzir a depend\u00eancia da ilumina\u00e7\u00e3o artificial.<\/p>\n<p data-start=\"658\" data-end=\"743\">Permitir vias de fabrico como a t\u00eampera ou a lamina\u00e7\u00e3o para necessidades de envidra\u00e7amento de seguran\u00e7a.<\/p>\n<p data-start=\"746\" data-end=\"816\">Manter a coer\u00eancia com o controlo de qualidade interno e a rastreabilidade da qualidade por lote.<\/p>\n<p data-start=\"820\" data-end=\"845\">Op\u00e7\u00f5es e personaliza\u00e7\u00e3o<\/p>\n<p data-start=\"848\" data-end=\"928\">Fornecer tamanhos e formas de corte feitos por encomenda para corresponder aos requisitos das especifica\u00e7\u00f5es do projeto.<\/p>\n<p data-start=\"931\" data-end=\"1013\">Oferecer apoio ao desenho e revis\u00e3o do desenho da loja para layouts de padr\u00f5es e descolagens.<\/p>\n<p data-start=\"1016\" data-end=\"1094\">Configure como monol\u00edtico, temperado, laminado ou pronto para IGU, a pedido.<\/p>\n<p data-start=\"1097\" data-end=\"1182\">Preparar as op\u00e7\u00f5es de bordadura (com costura, com aresta, polida) para se adaptarem a instala\u00e7\u00f5es vis\u00edveis.<\/p>\n<p data-start=\"1185\" data-end=\"1257\">Organizar o servi\u00e7o OEM\/ODM para etiquetagem, c\u00f3digos de barras e kits baseados em modelos.<\/p>\n<p data-start=\"1261\" data-end=\"1475\">Aplica\u00e7\u00f5es t\u00edpicas<br data-start=\"1281\" data-end=\"1284\" \/>Ilumina\u00e7\u00e3o natural de zonas de vis\u00e3o em fachada cortina, montras de qualidade superior, clarab\u00f3ias e clarab\u00f3ias de telhado, vidros para estufas, pain\u00e9is para aqu\u00e1rios, vidros para vitrinas, divis\u00f3rias de duche, divis\u00f3rias interiores.<\/p>\n<p data-start=\"1479\" data-end=\"1777\">Fornecimento e apoio<br data-start=\"1495\" data-end=\"1498\" \/>O fornecimento a granel direto da f\u00e1brica suporta o planeamento de prazos de entrega est\u00e1veis para programa\u00e7\u00f5es repetidas e liberta\u00e7\u00f5es de volumes. A embalagem para exporta\u00e7\u00e3o com embalagem em caixa est\u00e1 dispon\u00edvel para envios de longa dist\u00e2ncia, com registos de inspe\u00e7\u00e3o emitidos por lote, quando solicitado. Conformidade com as normas dispon\u00edvel mediante pedido.<\/p>","protected":false},"excerpt":{"rendered":"<p>O vidro ultra-claro com baixo teor de ferro melhora a transpar\u00eancia e a neutralidade da cor, ajudando a luz do dia a penetrar mais profundamente nos interiores com um resultado visual mais limpo. Fornecido por encomenda e diretamente da f\u00e1brica, \u00e9 amplamente utilizado em montras e clarab\u00f3ias de qualidade superior, onde a apar\u00eancia e a consist\u00eancia s\u00e3o importantes.<\/p>","protected":false},"featured_media":1000,"template":"","meta":{"_gspb_post_css":""},"product_brand":[],"product_cat":[35],"product_tag":[66,226,64,530,293,528,51,525,529,241,527,526],"class_list":{"0":"post-989","1":"product","2":"type-product","3":"status-publish","4":"has-post-thumbnail","6":"product_cat-ultra-clear-glass","7":"product_tag-bulk-supply","8":"product_tag-curtain-wall-vision-glass","9":"product_tag-custom-size","10":"product_tag-greenhouse-glazing","11":"product_tag-igu-ready-glass","12":"product_tag-laminated-ultra-clear-glass","13":"product_tag-low-iron-glass","14":"product_tag-low-iron-option-factory-direct-ultra-clear-glass","15":"product_tag-skylight-glass","16":"product_tag-storefront-window-glass","17":"product_tag-tempered-low-iron-glass","18":"product_tag-ultra-clear-glass","20":"first","21":"instock","22":"shipping-taxable","23":"purchasable","24":"product-type-simple"},"_links":{"self":[{"href":"https:\/\/theinsulatedglass.com\/pt\/wp-json\/wp\/v2\/product\/989","targetHints":{"allow":["GET"]}}],"collection":[{"href":"https:\/\/theinsulatedglass.com\/pt\/wp-json\/wp\/v2\/product"}],"about":[{"href":"https:\/\/theinsulatedglass.com\/pt\/wp-json\/wp\/v2\/types\/product"}],"wp:featuredmedia":[{"embeddable":true,"href":"https:\/\/theinsulatedglass.com\/pt\/wp-json\/wp\/v2\/media\/1000"}],"wp:attachment":[{"href":"https:\/\/theinsulatedglass.com\/pt\/wp-json\/wp\/v2\/media?parent=989"}],"wp:term":[{"taxonomy":"product_brand","embeddable":true,"href":"https:\/\/theinsulatedglass.com\/pt\/wp-json\/wp\/v2\/product_brand?post=989"},{"taxonomy":"product_cat","embeddable":true,"href":"https:\/\/theinsulatedglass.com\/pt\/wp-json\/wp\/v2\/product_cat?post=989"},{"taxonomy":"product_tag","embeddable":true,"href":"https:\/\/theinsulatedglass.com\/pt\/wp-json\/wp\/v2\/product_tag?post=989"}],"curies":[{"name":"wp","href":"https:\/\/api.w.org\/{rel}","templated":true}]}}