{"id":1015,"date":"2026-01-28T09:55:01","date_gmt":"2026-01-28T09:55:01","guid":{"rendered":"https:\/\/theinsulatedglass.com\/?post_type=product&#038;p=1015"},"modified":"2026-01-28T09:55:01","modified_gmt":"2026-01-28T09:55:01","slug":"custom-high-performance-low-e-insulating-glass","status":"publish","type":"product","link":"https:\/\/theinsulatedglass.com\/tr\/custom-high-performance-low-e-insulating-glass\/","title":{"rendered":"\u00d6zel Y\u00fcksek Performansl\u0131 Low-E Yal\u0131t\u0131m Cam\u0131"},"content":{"rendered":"<p data-start=\"59\" data-end=\"439\">Genel Bak\u0131\u015f<br data-start=\"67\" data-end=\"70\" \/>Y\u00fckseltme program\u0131n\u0131z ve kesim listeniz etraf\u0131nda olu\u015fturulan y\u00fcksek performansl\u0131 Low-E yal\u0131t\u0131m cam\u0131, do\u011fru makyaj, birim kimlikleri ve ta\u015f\u0131ma korumas\u0131 ile gelmelidir. IGU'lar\u0131m\u0131z, tutarl\u0131 i\u015fleme i\u00e7in kontrol edilen kaplama y\u00f6n\u00fc ve s\u0131zd\u0131rmazl\u0131k ad\u0131mlar\u0131 ile proje spesifikasyonuna g\u00f6re Do\u011frudan Fabrikada \u00fcretilir. Sipari\u015f \u00dczerine \u00dcretim, a\u015famal\u0131 s\u00fcr\u00fcmlerin yan\u0131 s\u0131ra maketleri de destekler.<\/p>\n<p data-start=\"443\" data-end=\"883\">Temel \u00d6zellikler<br data-start=\"455\" data-end=\"458\" \/>- Kat baz\u0131nda kurulum ve takip i\u00e7in birim etiketlemesini koordine edin<br data-start=\"529\" data-end=\"532\" \/>- Low-E kaplamalar\u0131 yal\u0131t\u0131ml\u0131 hava sahas\u0131 ile e\u015fle\u015ftirerek termal konforu art\u0131r\u0131n (tasar\u0131ma ba\u011fl\u0131)<br data-start=\"626\" data-end=\"629\" \/>- Kontroll\u00fc kenar silme ve dolgu macunu temas b\u00f6lgeleri arac\u0131l\u0131\u011f\u0131yla \u00e7evre ko\u015fullar\u0131n\u0131 y\u00f6netin<br data-start=\"717\" data-end=\"720\" \/>- Kalite izlenebilirli\u011fini kullanarak partiler aras\u0131nda g\u00f6r\u00fcn\u00fcm b\u00fct\u00fcnl\u00fc\u011f\u00fcn\u00fc koruyun<br data-start=\"794\" data-end=\"797\" \/>- Boyutlar, conta b\u00fct\u00fcnl\u00fc\u011f\u00fc ve g\u00f6rseller konusunda \u015eirket \u0130\u00e7i Kalite Kontrol ile kritik noktalar\u0131 do\u011frulay\u0131n<\/p>\n<p data-start=\"887\" data-end=\"1289\">Se\u00e7enekler &amp; \u00d6zelle\u015ftirme<br data-start=\"910\" data-end=\"913\" \/>- At\u00f6lye \u00c7izimine g\u00f6re \u00d6zel Boyutlu dikd\u00f6rtgenler, \u015fekiller ve yar\u0131\u00e7apl\u0131 k\u00f6\u015feler<br data-start=\"982\" data-end=\"985\" \/>- Talep \u00fczerine \u00e7ift veya \u00fc\u00e7l\u00fc cam eklentileri mevcuttur<br data-start=\"1042\" data-end=\"1045\" \/>- D\u00fc\u015f\u00fck demirli, renkli veya yans\u0131t\u0131c\u0131 d\u0131\u015f camlar istek \u00fczerine temin edilebilir<br data-start=\"1111\" data-end=\"1114\" \/>- Belirtildi\u011fi gibi gaz dolgusu ve ara renk se\u00e7imleri<br data-start=\"1165\" data-end=\"1168\" \/>- G\u00fcvenlik ihtiya\u00e7lar\u0131 i\u00e7in talep \u00fczerine temperli veya lamine bile\u015fenler mevcuttur<br data-start=\"1240\" data-end=\"1243\" \/>- Standartlara uygunluk istek \u00fczerine mevcuttur.<\/p>\n<p data-start=\"1293\" data-end=\"1446\">Tipik Uygulamalar<br data-start=\"1313\" data-end=\"1316\" \/>Giydirme cephe g\u00f6r\u00fc\u015f \u00fcniteleri, pencere duvar sistemleri, delikli pencereler, s\u00fcrg\u00fcl\u00fc kap\u0131 IGU'lar\u0131, vitrin camlar\u0131, \u00e7at\u0131 pencereleri, atriyum camlar\u0131.<\/p>\n<p data-start=\"1450\" data-end=\"1708\">Tedarik ve Destek<br data-start=\"1466\" data-end=\"1469\" \/>Tekrarlanan boyutlar i\u00e7in H\u0131zl\u0131 Teslim S\u00fcresi mevcuttur ve Kararl\u0131 Teslim S\u00fcresi planlamas\u0131 b\u00fcy\u00fck s\u00fcr\u00fcmleri destekler. \u00c7izim Deste\u011fi, paketleme listeleri ve denetim kay\u0131tlar\u0131 sa\u011fl\u0131yoruz; deniza\u015f\u0131r\u0131 sevkiyat i\u00e7in Sand\u0131k Ambalajl\u0131 \u0130hracat Ambalaj\u0131 mevcuttur.<\/p>","protected":false},"excerpt":{"rendered":"<p>Sipari\u015f \u00fczerine \u00fcretilen Low-E yal\u0131t\u0131m cam\u0131 \u00fcniteleri, yap\u0131n\u0131za g\u00f6re koordine edilen kaplama yerle\u015fimi ile g\u00fcn \u0131\u015f\u0131\u011f\u0131n\u0131 kullan\u0131labilir tutarken \u0131s\u0131 transferini azaltmaya yard\u0131mc\u0131 olur. Genellikle perde duvar g\u00f6r\u00fc\u015f alanlar\u0131 ve tutarl\u0131 \u00e7\u0131kt\u0131 ve temiz g\u00f6r\u00fcn\u00fcme ihtiya\u00e7 duyan y\u00fcksek performansl\u0131 pencere hatlar\u0131 i\u00e7in belirlenir.<\/p>","protected":false},"featured_media":1021,"template":"","meta":{"_gspb_post_css":""},"product_brand":[],"product_cat":[26],"product_tag":[66,62,567,64,230,570,97,569,540,229,65,568],"class_list":{"0":"post-1015","1":"product","2":"type-product","3":"status-publish","4":"has-post-thumbnail","6":"product_cat-low-e-insulating-glass","7":"product_tag-bulk-supply","8":"product_tag-curtain-wall-glazing","9":"product_tag-custom-high-performance-low-e-insulating-glass","10":"product_tag-custom-size","11":"product_tag-double-glazing","12":"product_tag-energy-efficient-windows","13":"product_tag-factory-direct","14":"product_tag-gas-filled-igu","15":"product_tag-insulating-glass-unit","16":"product_tag-low-e-igu","17":"product_tag-shop-drawing-support","18":"product_tag-triple-glazing-option","20":"first","21":"instock","22":"shipping-taxable","23":"purchasable","24":"product-type-simple"},"_links":{"self":[{"href":"https:\/\/theinsulatedglass.com\/tr\/wp-json\/wp\/v2\/product\/1015","targetHints":{"allow":["GET"]}}],"collection":[{"href":"https:\/\/theinsulatedglass.com\/tr\/wp-json\/wp\/v2\/product"}],"about":[{"href":"https:\/\/theinsulatedglass.com\/tr\/wp-json\/wp\/v2\/types\/product"}],"wp:featuredmedia":[{"embeddable":true,"href":"https:\/\/theinsulatedglass.com\/tr\/wp-json\/wp\/v2\/media\/1021"}],"wp:attachment":[{"href":"https:\/\/theinsulatedglass.com\/tr\/wp-json\/wp\/v2\/media?parent=1015"}],"wp:term":[{"taxonomy":"product_brand","embeddable":true,"href":"https:\/\/theinsulatedglass.com\/tr\/wp-json\/wp\/v2\/product_brand?post=1015"},{"taxonomy":"product_cat","embeddable":true,"href":"https:\/\/theinsulatedglass.com\/tr\/wp-json\/wp\/v2\/product_cat?post=1015"},{"taxonomy":"product_tag","embeddable":true,"href":"https:\/\/theinsulatedglass.com\/tr\/wp-json\/wp\/v2\/product_tag?post=1015"}],"curies":[{"name":"wp","href":"https:\/\/api.w.org\/{rel}","templated":true}]}}