{"id":1016,"date":"2026-01-28T09:54:58","date_gmt":"2026-01-28T09:54:58","guid":{"rendered":"https:\/\/theinsulatedglass.com\/?post_type=product&#038;p=1016"},"modified":"2026-01-28T09:54:58","modified_gmt":"2026-01-28T09:54:58","slug":"useful-blast-mitigation-glass-to-enhanced-retention","status":"publish","type":"product","link":"https:\/\/theinsulatedglass.com\/tr\/useful-blast-mitigation-glass-to-enhanced-retention\/","title":{"rendered":"Geli\u015ftirilmi\u015f Tutuculuk i\u00e7in Faydal\u0131 Patlama Azaltma Cam\u0131"},"content":{"rendered":"<p data-start=\"64\" data-end=\"513\">Genel Bak\u0131\u015f<br data-start=\"72\" data-end=\"75\" \/>Koruyucu camda bile netlik \u00f6nemlidir: panel daha g\u00fcvenli tutma performans\u0131n\u0131 desteklerken n\u00f6tr g\u00f6r\u00fcnmelidir. Geli\u015ftirilmi\u015f Tutuculuk i\u00e7in Faydal\u0131 Patlama Azaltma Cam\u0131, par\u00e7alar\u0131n ara katmana ba\u011flanmas\u0131na ve darbe y\u00fckleri olu\u015ftu\u011funda \u00e7er\u00e7eveleme sistemi i\u00e7inde daha iyi tutulmas\u0131na yard\u0131mc\u0131 olmak i\u00e7in tasarlanm\u0131\u015f lamine cam olarak tedarik edilir. G\u00f6r\u00fcn\u00fcm ve detayland\u0131rman\u0131n s\u0131k\u0131 bir \u015fekilde kontrol edildi\u011fi proje odakl\u0131 g\u00fcvenlik camlar\u0131 i\u00e7in tasarlanm\u0131\u015ft\u0131r.<\/p>\n<p data-start=\"517\" data-end=\"531\">Temel \u00d6zellikler<\/p>\n<p data-start=\"534\" data-end=\"607\">D\u00fc\u015f\u00fck g\u00f6rsel bulan\u0131kl\u0131k potansiyeli ile temiz, y\u00fcksek \u015feffafl\u0131k g\u00f6r\u00fcn\u00fcm\u00fcn\u00fc koruyun<\/p>\n<p data-start=\"610\" data-end=\"686\">Litleri yap\u0131sal bir ara katmana ba\u011flayarak k\u0131r\u0131lma sonras\u0131 kohezyonu iyile\u015ftirin<\/p>\n<p data-start=\"689\" data-end=\"760\">G\u00fcvenilir s\u0131zd\u0131rmazl\u0131k ve \u00e7evre \u0131s\u0131rmas\u0131n\u0131 desteklemek i\u00e7in kenar kalitesini stabilize edin<\/p>\n<p data-start=\"763\" data-end=\"849\">\u00c7er\u00e7eveler, braketler ve ge\u00e7i\u015f detaylar\u0131 i\u00e7in kesikleri ve delik konumlar\u0131n\u0131 koordine edin<\/p>\n<p data-start=\"852\" data-end=\"935\">Kurum \u0130\u00e7i Kalite Kontrol ve izlenebilirlik i\u00e7in parti tan\u0131mlama ile tekrarlanabilirli\u011fi koruyun<\/p>\n<p data-start=\"939\" data-end=\"964\">Se\u00e7enekler &amp; \u00d6zelle\u015ftirme<\/p>\n<p data-start=\"967\" data-end=\"1034\">Proje Spesifikasyon gereksinimlerine g\u00f6re Sipari\u015f \u00dczerine \u00dcretilen boyutlar ve \u015fekiller<\/p>\n<p data-start=\"1037\" data-end=\"1099\">Ara katman se\u00e7imi (PVB veya iyonoplast) istek \u00fczerine mevcuttur<\/p>\n<p data-start=\"1102\" data-end=\"1181\">Gerekti\u011fi gibi Low-E \/ renk tonu ile tek caml\u0131 lamine paneller veya IGU entegrasyonu<\/p>\n<p data-start=\"1184\" data-end=\"1253\">At\u00f6lye \u00c7izimine g\u00f6re sa\u011flanan kenar bitirme, k\u00f6\u015fe yar\u0131\u00e7aplar\u0131 ve kesikler<\/p>\n<p data-start=\"1256\" data-end=\"1331\">G\u00f6rsel perdeleme veya spandrel hizalama i\u00e7in iste\u011fe ba\u011fl\u0131 seramik-frit desenleri<\/p>\n<p data-start=\"1335\" data-end=\"1550\">Tipik Uygulamalar<br data-start=\"1355\" data-end=\"1358\" \/>G\u00fcvenlik pencereleri, resepsiyon ve vezne ekranlar\u0131, korumal\u0131 bina lobileri, bek\u00e7i kabinleri, kontrol odalar\u0131, veri merkezleri, devlet tesisleri, \u00e7evre giri\u015fleri, kritik altyap\u0131 sahalar\u0131<\/p>\n<p data-start=\"1554\" data-end=\"1814\">Tedarik ve Destek<br data-start=\"1570\" data-end=\"1573\" \/>Fabrika Do\u011frudan \u00fcretimi, programlar s\u0131k\u0131\u015ft\u0131\u011f\u0131nda H\u0131zl\u0131 Teslimat S\u00fcresi planlamas\u0131 ile a\u015famal\u0131 s\u00fcr\u00fcmleri destekler. Paneller, \u015fantiye riskini azaltmak i\u00e7in \u0130hracat Ambalaj\u0131 \/ Sand\u0131k Ambalaj\u0131 ve ta\u015f\u0131ma etiketleri ile birlikte g\u00f6nderilir. Standartlara uygunluk istek \u00fczerine mevcuttur.<\/p>","protected":false},"excerpt":{"rendered":"<p>Darbe olaylar\u0131 s\u0131ras\u0131nda par\u00e7alar\u0131n tutulmas\u0131n\u0131 art\u0131rmak ve tehlikeli serpintiyi s\u0131n\u0131rlamak i\u00e7in tasarlanm\u0131\u015f \u015feffaf lamine patlama \u00f6nleyici cam. \u015eeffafl\u0131k ve daha g\u00fcvenli performans\u0131n bir arada bulunmas\u0131 gereken g\u00fcvenlik pencereleri, resepsiyon bankolar\u0131 ve korumal\u0131 lobi cepheleri i\u00e7in proje boyutlar\u0131nda tedarik edilir.<\/p>","protected":false},"featured_media":1026,"template":"","meta":{"_gspb_post_css":""},"product_brand":[],"product_cat":[40],"product_tag":[564,64,97,429,565,101,274,566,103,65,238,563],"class_list":{"0":"post-1016","1":"product","2":"type-product","3":"status-publish","4":"has-post-thumbnail","6":"product_cat-project-application-glass","7":"product_tag-blast-mitigation-glass","8":"product_tag-custom-size","9":"product_tag-factory-direct","10":"product_tag-guard-booth-glazing","11":"product_tag-igu-integration","12":"product_tag-ionoplast-interlayer","13":"product_tag-laminated-security-glass","14":"product_tag-lobby-protective-glazing","15":"product_tag-security-window-glazing","16":"product_tag-shop-drawing-support","17":"product_tag-tempered-laminated-glass","18":"product_tag-useful-blast-mitigation-glass-to-enhanced-retention","20":"first","21":"instock","22":"shipping-taxable","23":"purchasable","24":"product-type-simple"},"_links":{"self":[{"href":"https:\/\/theinsulatedglass.com\/tr\/wp-json\/wp\/v2\/product\/1016","targetHints":{"allow":["GET"]}}],"collection":[{"href":"https:\/\/theinsulatedglass.com\/tr\/wp-json\/wp\/v2\/product"}],"about":[{"href":"https:\/\/theinsulatedglass.com\/tr\/wp-json\/wp\/v2\/types\/product"}],"wp:featuredmedia":[{"embeddable":true,"href":"https:\/\/theinsulatedglass.com\/tr\/wp-json\/wp\/v2\/media\/1026"}],"wp:attachment":[{"href":"https:\/\/theinsulatedglass.com\/tr\/wp-json\/wp\/v2\/media?parent=1016"}],"wp:term":[{"taxonomy":"product_brand","embeddable":true,"href":"https:\/\/theinsulatedglass.com\/tr\/wp-json\/wp\/v2\/product_brand?post=1016"},{"taxonomy":"product_cat","embeddable":true,"href":"https:\/\/theinsulatedglass.com\/tr\/wp-json\/wp\/v2\/product_cat?post=1016"},{"taxonomy":"product_tag","embeddable":true,"href":"https:\/\/theinsulatedglass.com\/tr\/wp-json\/wp\/v2\/product_tag?post=1016"}],"curies":[{"name":"wp","href":"https:\/\/api.w.org\/{rel}","templated":true}]}}