{"id":1046,"date":"2026-01-28T11:00:19","date_gmt":"2026-01-28T11:00:19","guid":{"rendered":"https:\/\/theinsulatedglass.com\/?post_type=product&#038;p=1046"},"modified":"2026-01-28T11:00:19","modified_gmt":"2026-01-28T11:00:19","slug":"wholesale-security-windows-bullet-resistant-glass","status":"publish","type":"product","link":"https:\/\/theinsulatedglass.com\/tr\/wholesale-security-windows-bullet-resistant-glass\/","title":{"rendered":"Toptan G\u00fcvenlik Pencereleri Kur\u015funa Dayan\u0131kl\u0131 Cam"},"content":{"rendered":"<p data-start=\"62\" data-end=\"411\">Genel Bak\u0131\u015f<br data-start=\"70\" data-end=\"73\" \/>Hassas \u00fcretim, temiz bir \u015fekilde s\u0131zd\u0131rmazl\u0131k sa\u011flayan bir g\u00fcvenlik penceresi ile \u00e7er\u00e7eveyle sava\u015fan bir pencere aras\u0131ndaki farkt\u0131r. Toptan G\u00fcvenlik Pencereleri Kur\u015funa Dayan\u0131kl\u0131 Cam, koruyucu cam\u0131n g\u00fcvenli pencere sistemlerine g\u00fcvenilir bir \u015fekilde entegre olmas\u0131 i\u00e7in kontroll\u00fc kenar i\u015f\u00e7ili\u011fi ve koordineli kesiklerle haz\u0131rlanm\u0131\u015f lamine, \u00e7ok katmanl\u0131 paneller olarak tedarik edilir.<\/p>\n<p data-start=\"415\" data-end=\"429\">Temel \u00d6zellikler<\/p>\n<p data-start=\"432\" data-end=\"515\">\u00c7arpma olaylar\u0131ndan sonra par\u00e7alar\u0131n ba\u011fl\u0131 kalmas\u0131na yard\u0131mc\u0131 olan lamine yap\u0131lar in\u015fa edin<\/p>\n<p data-start=\"518\" data-end=\"595\">Tutarl\u0131 kesim ve karelik y\u00f6netimi ile panel geometrisini kontrol edin<\/p>\n<p data-start=\"598\" data-end=\"676\">Conta \u0131s\u0131rmas\u0131n\u0131 ve \u00e7evre s\u0131zd\u0131rmazl\u0131k stabilitesini desteklemek i\u00e7in rafine kenarlar\u0131 haz\u0131rlay\u0131n<\/p>\n<p data-start=\"679\" data-end=\"766\">Tekrarlanabilir delikler, \u00e7entikler ve ge\u00e7i\u015f detaylar\u0131 ile donan\u0131m entegrasyonunu destekleyin<\/p>\n<p data-start=\"769\" data-end=\"856\">\u015eirket \u0130\u00e7i Kalite Kontrol ve parti d\u00fczeyinde Kalite \u0130zlenebilirli\u011fi kullanarak \u00fcretim tutarl\u0131l\u0131\u011f\u0131n\u0131 art\u0131r\u0131n<\/p>\n<p data-start=\"860\" data-end=\"885\">Se\u00e7enekler &amp; \u00d6zelle\u015ftirme<\/p>\n<p data-start=\"888\" data-end=\"955\">A\u00e7\u0131l\u0131\u015f programlar\u0131na g\u00f6re \u00d6zel Boyut \/ Sipari\u015f \u00dczerine \u00dcretilen boyutlar<\/p>\n<p data-start=\"958\" data-end=\"1062\">Proje Spesifikasyonlar\u0131na g\u00f6re yap\u0131land\u0131r\u0131lm\u0131\u015f lamine makyajlar (talep \u00fczerine sadece cam veya cam-kompozit)<\/p>\n<p data-start=\"1065\" data-end=\"1144\">\u00c7er\u00e7eveli g\u00fcvenlik pencerelerine uyacak \u015fekilde sa\u011flanan kenar bitirme ve k\u00f6\u015fe i\u015flemleri<\/p>\n<p data-start=\"1147\" data-end=\"1224\">\u00c7izim Deste\u011fi \/ At\u00f6lye \u00c7izimi arac\u0131l\u0131\u011f\u0131yla koordine edilen delme, yuvalar ve kesikler<\/p>\n<p data-start=\"1227\" data-end=\"1299\">\u0130ste\u011fe ba\u011fl\u0131 IGU entegrasyonu, renk tonu veya gizlilik katmanlar\u0131 talep \u00fczerine temin edilebilir<\/p>\n<p data-start=\"1302\" data-end=\"1384\">\u00d6zel etiketleme, ambalaj i\u015faretleri ve dok\u00fcmantasyon \u015fablonlar\u0131 i\u00e7in OEM\/ODM Hizmeti<\/p>\n<p data-start=\"1388\" data-end=\"1600\">Tipik Uygulamalar<br data-start=\"1408\" data-end=\"1411\" \/>Banka g\u00fcvenlik pencereleri, gi\u015fe camlar\u0131, bek\u00e7i kul\u00fcbesi camlar\u0131, i\u015flem pencereleri, resepsiyon g\u00fcvenlik ekranlar\u0131, kontrol odas\u0131 camlar\u0131, ofis arkas\u0131 servis pencereleri, nakit i\u015fleme odalar\u0131<\/p>\n<p data-start=\"1604\" data-end=\"1903\">Tedarik ve Destek<br data-start=\"1620\" data-end=\"1623\" \/>A\u015famal\u0131 da\u011f\u0131t\u0131mlar i\u00e7in \u0130stikrarl\u0131 Teslimat S\u00fcresi planlamas\u0131 ile Toplu \u00dcretim ve Toplu Tedarik planlamas\u0131 mevcuttur. \u0130hracat Ambalaj\u0131 \/ Kasa Ambalaj\u0131, daha g\u00fcvenli transit ve saha elle\u00e7lemesi i\u00e7in sunulmaktad\u0131r ve talep \u00fczerine denetim kay\u0131tlar\u0131 mevcuttur. Standartlara uygunluk istek \u00fczerine mevcuttur.<\/p>","protected":false},"excerpt":{"rendered":"<p>Daha iyi yolcu korumas\u0131 i\u00e7in lamine \u00e7ok katmanl\u0131 paneller olarak yap\u0131land\u0131r\u0131lan bu kur\u015funa dayan\u0131kl\u0131 cam, g\u00fcvenli \u00e7er\u00e7evelere uyacak \u015fekilde hassas kenar i\u015f\u00e7ili\u011fi ve donan\u0131m kesikleriyle i\u015flenir. Genellikle bankalardaki g\u00fcvenlik pencereleri, bek\u00e7i kabinleri ve i\u015flem bankolar\u0131 i\u00e7in kullan\u0131l\u0131r.<\/p>","protected":false},"featured_media":1054,"template":"","meta":{"_gspb_post_css":""},"product_brand":[],"product_cat":[32],"product_tag":[590,66,588,64,429,329,274,589,86,441,103,587],"class_list":{"0":"post-1046","1":"product","2":"type-product","3":"status-publish","4":"has-post-thumbnail","6":"product_cat-bulletproof-glass","7":"product_tag-bank-teller-window-glass","8":"product_tag-bulk-supply","9":"product_tag-bullet-resistant-glass","10":"product_tag-custom-size","11":"product_tag-guard-booth-glazing","12":"product_tag-igu-option","13":"product_tag-laminated-security-glass","14":"product_tag-multi-layer-laminated-glass","15":"product_tag-oem-odm-service","16":"product_tag-pvb-interlayer-glass","17":"product_tag-security-window-glazing","18":"product_tag-wholesale-security-windows-bullet-resistant-glass","20":"first","21":"instock","22":"shipping-taxable","23":"purchasable","24":"product-type-simple"},"_links":{"self":[{"href":"https:\/\/theinsulatedglass.com\/tr\/wp-json\/wp\/v2\/product\/1046","targetHints":{"allow":["GET"]}}],"collection":[{"href":"https:\/\/theinsulatedglass.com\/tr\/wp-json\/wp\/v2\/product"}],"about":[{"href":"https:\/\/theinsulatedglass.com\/tr\/wp-json\/wp\/v2\/types\/product"}],"wp:featuredmedia":[{"embeddable":true,"href":"https:\/\/theinsulatedglass.com\/tr\/wp-json\/wp\/v2\/media\/1054"}],"wp:attachment":[{"href":"https:\/\/theinsulatedglass.com\/tr\/wp-json\/wp\/v2\/media?parent=1046"}],"wp:term":[{"taxonomy":"product_brand","embeddable":true,"href":"https:\/\/theinsulatedglass.com\/tr\/wp-json\/wp\/v2\/product_brand?post=1046"},{"taxonomy":"product_cat","embeddable":true,"href":"https:\/\/theinsulatedglass.com\/tr\/wp-json\/wp\/v2\/product_cat?post=1046"},{"taxonomy":"product_tag","embeddable":true,"href":"https:\/\/theinsulatedglass.com\/tr\/wp-json\/wp\/v2\/product_tag?post=1046"}],"curies":[{"name":"wp","href":"https:\/\/api.w.org\/{rel}","templated":true}]}}