{"id":1047,"date":"2026-01-28T11:00:15","date_gmt":"2026-01-28T11:00:15","guid":{"rendered":"https:\/\/theinsulatedglass.com\/?post_type=product&#038;p=1047"},"modified":"2026-01-28T11:00:15","modified_gmt":"2026-01-28T11:00:15","slug":"factory-direct-partitions-textured-pattern-glass","status":"publish","type":"product","link":"https:\/\/theinsulatedglass.com\/tr\/factory-direct-partitions-textured-pattern-glass\/","title":{"rendered":"Fabrika Do\u011frudan B\u00f6lmeler Dokulu Desenli Cam"},"content":{"rendered":"<p data-start=\"61\" data-end=\"411\">Genel Bak\u0131\u015f<br data-start=\"69\" data-end=\"72\" \/>A\u00e7\u0131k planl\u0131 i\u00e7 mekanlarda \u0131\u015f\u0131k y\u00f6netimi genellikle b\u00f6lme malzemesine ba\u011fl\u0131d\u0131r. Factory Direct Partitions Dokulu Desenli Cam, a\u00e7\u0131kl\u0131k hissini korurken g\u00f6rsel konforu art\u0131rmak i\u00e7in g\u00fcn \u0131\u015f\u0131\u011f\u0131n\u0131 yayar. Desenli y\u00fczey, do\u011frudan parlamay\u0131 azaltmaya yard\u0131mc\u0131 olur ve kontrast\u0131 yumu\u015fatarak konforlu i\u015f yerlerini ve a\u011f\u0131rlama alanlar\u0131n\u0131 destekler.<\/p>\n<p data-start=\"415\" data-end=\"429\">Temel \u00d6zellikler<\/p>\n<p data-start=\"432\" data-end=\"497\">Daha yumu\u015fak parlakl\u0131k ve daha az parlama i\u00e7in gelen \u0131\u015f\u0131\u011f\u0131 da\u011f\u0131t\u0131n.<\/p>\n<p data-start=\"500\" data-end=\"569\">G\u00fcn \u0131\u015f\u0131\u011f\u0131 ge\u00e7i\u015fini tamamen engellemeden gizlilik b\u00f6lgelendirmesi olu\u015fturun.<\/p>\n<p data-start=\"572\" data-end=\"634\">Daha temiz g\u00f6r\u00fc\u015f hatlar\u0131 i\u00e7in paneller aras\u0131nda tutarl\u0131 bir g\u00f6r\u00fcn\u00fcm sa\u011flay\u0131n.<\/p>\n<p data-start=\"637\" data-end=\"710\">G\u00fcvenlik cam\u0131 gerekti\u011finde temperleme veya laminasyon yollar\u0131n\u0131 destekleyin.<\/p>\n<p data-start=\"713\" data-end=\"777\">Lekeleri gizleyen pratik dokusuyla temizli\u011fi kolayla\u015ft\u0131r\u0131n.<\/p>\n<p data-start=\"781\" data-end=\"806\">Se\u00e7enekler &amp; \u00d6zelle\u015ftirme<\/p>\n<p data-start=\"809\" data-end=\"865\">Proje Spesifikasyonuna g\u00f6re Sipari\u015f \u00dczerine \u00dcretilen panel boyutlar\u0131 ve \u015fekilleri.<\/p>\n<p data-start=\"868\" data-end=\"931\">Desen se\u00e7imi ve gizleme seviyesi istek \u00fczerine mevcuttur.<\/p>\n<p data-start=\"934\" data-end=\"1002\">Diki\u015fli, arrisli veya cilal\u0131 kenarlar gibi kenar bitirme se\u00e7enekleri.<\/p>\n<p data-start=\"1005\" data-end=\"1080\">Gerekti\u011finde kelep\u00e7eler, kanallar veya yama ba\u011flant\u0131 par\u00e7alar\u0131 i\u00e7in delik\/\u00e7entik haz\u0131rl\u0131\u011f\u0131.<\/p>\n<p data-start=\"1083\" data-end=\"1157\">Daha y\u00fcksek performansl\u0131 b\u00f6lmeler i\u00e7in iste\u011fe ba\u011fl\u0131 temperli veya lamine yap\u0131lar.<\/p>\n<p data-start=\"1161\" data-end=\"1370\">Tipik Uygulamalar<br data-start=\"1181\" data-end=\"1184\" \/>Ofis oda b\u00f6l\u00fcc\u00fcler, toplant\u0131 odas\u0131 b\u00f6lmeleri, resepsiyon ekranlar\u0131, otel koridor camlar\u0131, tuvalet gizlilik panelleri, merdiven bo\u015flu\u011fu ekranlar\u0131, perakende montaj odas\u0131 b\u00f6lmeleri, salon ay\u0131r\u0131c\u0131lar.<\/p>\n<p data-start=\"1374\" data-end=\"1652\">Tedarik ve Destek<br data-start=\"1390\" data-end=\"1393\" \/>\u0130stikrarl\u0131 Teslimat S\u00fcresi planlamas\u0131, At\u00f6lye \u00c7izimi incelemesi ve kesim listesi onay\u0131 ile desteklenir. Her parti \u015eirket \u0130\u00e7i Kalite Kontrol alt\u0131nda kontrol edilir ve birimler transit koruma i\u00e7in \u0130hracat Ambalaj\u0131 ve Kasa Ambalaj\u0131 ile g\u00f6nderilebilir. Standartlara uygunluk istek \u00fczerine mevcuttur.<\/p>","protected":false},"excerpt":{"rendered":"<p>Fabrikadan do\u011frudan temin edilen dokulu desenli cam paneller g\u00fcn \u0131\u015f\u0131\u011f\u0131n\u0131 yumu\u015fat\u0131r ve i\u00e7 mekanlar\u0131 karartmadan mahremiyeti art\u0131r\u0131r. Ofis b\u00f6lmeleri ve resepsiyon ekranlar\u0131 i\u00e7in iste\u011fe ba\u011fl\u0131 temperleme veya laminasyon ve daha h\u0131zl\u0131 kurulum i\u00e7in talep \u00fczerine temiz y\u00f6nlendirme i\u015faretlemesi ile Sipari\u015f \u00dczerine \u00dcretilmi\u015ftir.<\/p>","protected":false},"featured_media":1058,"template":"","meta":{"_gspb_post_css":""},"product_brand":[],"product_cat":[37],"product_tag":[66,584,64,581,586,583,585,136,242,309,582],"class_list":{"0":"post-1047","1":"product","2":"type-product","3":"status-publish","4":"has-post-thumbnail","6":"product_cat-patterned-glass","7":"product_tag-bulk-supply","8":"product_tag-cnc-cut-glass-panels","9":"product_tag-custom-size","10":"product_tag-factory-direct-partitions-textured-pattern-glass","11":"product_tag-hotel-privacy-partitions","12":"product_tag-laminated-textured-glass","13":"product_tag-meeting-room-divider-glass","14":"product_tag-office-partition-glass","15":"product_tag-reception-screen-glass","16":"product_tag-tempered-patterned-glass","17":"product_tag-textured-pattern-glass-panels","19":"first","20":"instock","21":"shipping-taxable","22":"purchasable","23":"product-type-simple"},"_links":{"self":[{"href":"https:\/\/theinsulatedglass.com\/tr\/wp-json\/wp\/v2\/product\/1047","targetHints":{"allow":["GET"]}}],"collection":[{"href":"https:\/\/theinsulatedglass.com\/tr\/wp-json\/wp\/v2\/product"}],"about":[{"href":"https:\/\/theinsulatedglass.com\/tr\/wp-json\/wp\/v2\/types\/product"}],"wp:featuredmedia":[{"embeddable":true,"href":"https:\/\/theinsulatedglass.com\/tr\/wp-json\/wp\/v2\/media\/1058"}],"wp:attachment":[{"href":"https:\/\/theinsulatedglass.com\/tr\/wp-json\/wp\/v2\/media?parent=1047"}],"wp:term":[{"taxonomy":"product_brand","embeddable":true,"href":"https:\/\/theinsulatedglass.com\/tr\/wp-json\/wp\/v2\/product_brand?post=1047"},{"taxonomy":"product_cat","embeddable":true,"href":"https:\/\/theinsulatedglass.com\/tr\/wp-json\/wp\/v2\/product_cat?post=1047"},{"taxonomy":"product_tag","embeddable":true,"href":"https:\/\/theinsulatedglass.com\/tr\/wp-json\/wp\/v2\/product_tag?post=1047"}],"curies":[{"name":"wp","href":"https:\/\/api.w.org\/{rel}","templated":true}]}}