{"id":1048,"date":"2026-01-28T11:00:12","date_gmt":"2026-01-28T11:00:12","guid":{"rendered":"https:\/\/theinsulatedglass.com\/?post_type=product&#038;p=1048"},"modified":"2026-01-28T11:00:13","modified_gmt":"2026-01-28T11:00:13","slug":"custom-build-easy-clean-option-shower-glass","status":"publish","type":"product","link":"https:\/\/theinsulatedglass.com\/tr\/custom-build-easy-clean-option-shower-glass\/","title":{"rendered":"\u00d6zel Yap\u0131m Kolay Temizlenebilir Opsiyonel Du\u015f Cam\u0131"},"content":{"rendered":"<p data-start=\"56\" data-end=\"357\">Genel Bak\u0131\u015f<br data-start=\"64\" data-end=\"67\" \/>Kolay temizlenen performans, herhangi bir y\u00fczey i\u015flemi uygulanmadan \u00e7ok \u00f6nce ba\u015flar. Du\u015f panelleri i\u00e7in hassas kesim, kenar bitirme ve delme, kaplama alanlar\u0131n\u0131n korunmas\u0131na ve donan\u0131m hizalamas\u0131n\u0131n \u00f6ng\u00f6r\u00fclebilir olmas\u0131na yard\u0131mc\u0131 olur. Her bir lite, montaja haz\u0131r ve set boyunca tutarl\u0131 olacak \u015fekilde i\u015flenir.<\/p>\n<p data-start=\"361\" data-end=\"764\">Temel \u00d6zellikler<br data-start=\"373\" data-end=\"376\" \/>- Tala\u015f ve ta\u015f\u0131ma izlerini azaltmak i\u00e7in makine kaplamas\u0131na haz\u0131r kenarlar<br data-start=\"443\" data-end=\"446\" \/>- Mente\u015feler, kelep\u00e7eler, tutamaklar ve sabitleyici \u00e7ubuklar i\u00e7in tam olarak delin ve \u00e7entik a\u00e7\u0131n<br data-start=\"522\" data-end=\"525\" \/>- Kontroll\u00fc d\u00fczl\u00fck ve karelik kontrolleri sayesinde net optikler sa\u011flay\u0131n<br data-start=\"598\" data-end=\"601\" \/>- Talep \u00fczerine sunulan kolay temizleme se\u00e7ene\u011fi ile g\u00fcnl\u00fck temizlik zahmetini azalt\u0131n<br data-start=\"678\" data-end=\"681\" \/>- Saha tasnifini ve kurulumu kolayla\u015ft\u0131rmak i\u00e7in panel tan\u0131mlamas\u0131n\u0131 yerle\u015fim planlar\u0131yla e\u015fle\u015ftirin<\/p>\n<p data-start=\"768\" data-end=\"1208\">Se\u00e7enekler &amp; \u00d6zelle\u015ftirme<br data-start=\"791\" data-end=\"794\" \/>- Sipari\u015f \u00dczerine \u00dcretilir \/ Proje Spesifikasyonuna G\u00f6re \u00d6zel Boyutlu \u015fekiller, k\u00f6\u015fe yar\u0131\u00e7aplar\u0131 ve \u00e7entikler<br data-start=\"874\" data-end=\"877\" \/>- G\u00fcvenlik odakl\u0131 tasar\u0131mlar i\u00e7in istek \u00fczerine temperli veya lamine yap\u0131lar mevcuttur<br data-start=\"955\" data-end=\"958\" \/>- Talep \u00fczerine kolay temizlenen tedavi kapsam\u0131 se\u00e7enekleri (t\u00fcm y\u00fcz veya se\u00e7ilen b\u00f6lgeler)<br data-start=\"1038\" data-end=\"1041\" \/>- Kenar kaplamalar\u0131: diki\u015fli, kalem veya d\u00fcz cilal\u0131, ayr\u0131ca \u00f6zel k\u00f6\u015fe detaylar\u0131<br data-start=\"1120\" data-end=\"1123\" \/>- At\u00f6lye \u00e7izimi koordinasyonu ve tolerans incelemesi ile CNC delikleri, yuvalar\u0131 ve kesikleri<\/p>\n<p data-start=\"1212\" data-end=\"1417\">Tipik Uygulamalar<br data-start=\"1232\" data-end=\"1235\" \/>\u00c7er\u00e7evesiz du\u015f kap\u0131lar\u0131, sabit du\u015f perdeleri, du\u015fakabin panelleri, k\u00f6\u015fe muhafazalar\u0131, k\u00fcvet s\u0131\u00e7rama korumalar\u0131, otel banyo donan\u0131mlar\u0131, spa du\u015f b\u00f6lmeleri, eri\u015filebilir du\u015f b\u00f6lmeleri.<\/p>\n<p data-start=\"1421\" data-end=\"1770\">Tedarik ve Destek<br data-start=\"1437\" data-end=\"1440\" \/>Toplu Tedarik programlar\u0131, a\u015famal\u0131 kurulumu desteklemek i\u00e7in oda setine veya kat s\u0131ras\u0131na g\u00f6re paketlenebilir. Programlar s\u0131k\u0131la\u015ft\u0131\u011f\u0131nda, \u015eirket \u0130\u00e7i Kalite Kontrol ve Kalite \u0130zlenebilirli\u011fi ile desteklenen H\u0131zl\u0131 Teslimat S\u00fcresi planlamas\u0131 mevcuttur. Uzun mesafeli nakliye i\u00e7in Sand\u0131k Ambalajl\u0131 \u0130hracat Ambalaj\u0131 sunulmaktad\u0131r ve talep \u00fczerine Standartlara uygunluk mevcuttur.<\/p>","protected":false},"excerpt":{"rendered":"<p>Bak\u0131m\u0131 ve kurulumu kolayla\u015ft\u0131rmak i\u00e7in kaplamaya haz\u0131r kenarlar ve hassas mente\u015fe\/kulp kesikleriyle i\u015flenmi\u015f, kolay temizlenebilir se\u00e7ene\u011fe sahip \u00f6zel yap\u0131m du\u015f cam\u0131. Otellerde ve \u00fcst d\u00fczey konut banyolar\u0131nda \u00e7er\u00e7evesiz du\u015fakabin ekranlar\u0131 i\u00e7in s\u0131k\u00e7a tercih edilen bir \u00fcr\u00fcnd\u00fcr.<\/p>","protected":false},"featured_media":1062,"template":"","meta":{"_gspb_post_css":""},"product_brand":[],"product_cat":[43],"product_tag":[580,66,533,576,64,577,578,68,53,85,579,304],"class_list":{"0":"post-1048","1":"product","2":"type-product","3":"status-publish","4":"has-post-thumbnail","6":"product_cat-shower-glass","7":"product_tag-bathroom-partition-glass","8":"product_tag-bulk-supply","9":"product_tag-cnc-drilled-glass","10":"product_tag-custom-build-easy-clean-option-shower-glass","11":"product_tag-custom-size","12":"product_tag-easy-clean-shower-glass","13":"product_tag-hydrophobic-coating-glass","14":"product_tag-laminated-safety-glass","15":"product_tag-polished-edge-glass","16":"product_tag-shower-enclosure-glass","17":"product_tag-tempered-shower-glass","18":"product_tag-walk-in-shower-screen","20":"first","21":"instock","22":"shipping-taxable","23":"purchasable","24":"product-type-simple"},"_links":{"self":[{"href":"https:\/\/theinsulatedglass.com\/tr\/wp-json\/wp\/v2\/product\/1048","targetHints":{"allow":["GET"]}}],"collection":[{"href":"https:\/\/theinsulatedglass.com\/tr\/wp-json\/wp\/v2\/product"}],"about":[{"href":"https:\/\/theinsulatedglass.com\/tr\/wp-json\/wp\/v2\/types\/product"}],"wp:featuredmedia":[{"embeddable":true,"href":"https:\/\/theinsulatedglass.com\/tr\/wp-json\/wp\/v2\/media\/1062"}],"wp:attachment":[{"href":"https:\/\/theinsulatedglass.com\/tr\/wp-json\/wp\/v2\/media?parent=1048"}],"wp:term":[{"taxonomy":"product_brand","embeddable":true,"href":"https:\/\/theinsulatedglass.com\/tr\/wp-json\/wp\/v2\/product_brand?post=1048"},{"taxonomy":"product_cat","embeddable":true,"href":"https:\/\/theinsulatedglass.com\/tr\/wp-json\/wp\/v2\/product_cat?post=1048"},{"taxonomy":"product_tag","embeddable":true,"href":"https:\/\/theinsulatedglass.com\/tr\/wp-json\/wp\/v2\/product_tag?post=1048"}],"curies":[{"name":"wp","href":"https:\/\/api.w.org\/{rel}","templated":true}]}}