{"id":1049,"date":"2026-01-28T11:00:10","date_gmt":"2026-01-28T11:00:10","guid":{"rendered":"https:\/\/theinsulatedglass.com\/?post_type=product&#038;p=1049"},"modified":"2026-01-28T11:00:10","modified_gmt":"2026-01-28T11:00:10","slug":"factory-direct-jumbo-heat-soaked-tempered-glass","status":"publish","type":"product","link":"https:\/\/theinsulatedglass.com\/tr\/factory-direct-jumbo-heat-soaked-tempered-glass\/","title":{"rendered":"Fabrika Do\u011frudan Jumbo Is\u0131yla Islat\u0131lm\u0131\u015f Temperli Cam"},"content":{"rendered":"<p data-start=\"60\" data-end=\"425\">Genel Bak\u0131\u015f<br data-start=\"68\" data-end=\"71\" \/>B\u00fcy\u00fck boyutlu yap\u0131sal camlar i\u00e7in g\u00fcvenilirlik her ad\u0131mda tasarlanm\u0131\u015ft\u0131r. Jumbo \u0131s\u0131yla \u0131slat\u0131lm\u0131\u015f temperli cam, g\u00fcvenlik a\u00e7\u0131s\u0131ndan g\u00fc\u00e7lendirici temperlemeyi, kal\u0131nt\u0131larla ili\u015fkili kendili\u011finden k\u0131r\u0131lma riskini azaltmaya yard\u0131mc\u0131 olmay\u0131 ama\u00e7layan ek bir \u0131s\u0131yla \u0131slatma i\u015flemiyle birle\u015ftirir. Ar\u0131za s\u00fcresinin maliyetli oldu\u011fu geni\u015f formatl\u0131 cephe ve ba\u015f \u00fcst\u00fc kurulumlar\u0131 i\u00e7in uygundur.<\/p>\n<p data-start=\"429\" data-end=\"443\">Temel \u00d6zellikler<\/p>\n<p data-start=\"446\" data-end=\"514\">Temperlenmi\u015f g\u00fcvenlik performans\u0131 ile y\u00fcksek r\u00fczgar y\u00fck\u00fc taleplerine dayan\u0131r<\/p>\n<p data-start=\"517\" data-end=\"589\">Kritik y\u00fcksekliklerde g\u00fcveni art\u0131rmak i\u00e7in \u0131s\u0131yla \u0131slatma i\u015flemi ekler<\/p>\n<p data-start=\"592\" data-end=\"659\">Birle\u015ftirilmi\u015f \u00e7er\u00e7eveleme ve conta uyumu i\u00e7in kontroll\u00fc d\u00fczl\u00fc\u011f\u00fc korur<\/p>\n<p data-start=\"662\" data-end=\"735\">Ta\u015f\u0131ma ve elle\u00e7leme s\u0131ras\u0131nda ufalanmay\u0131 azaltmak i\u00e7in dayan\u0131kl\u0131 kenarlar sunar<\/p>\n<p data-start=\"738\" data-end=\"797\">Maruz kal\u0131nan d\u0131\u015f ko\u015fullarda uzun hizmet \u00f6mr\u00fcn\u00fc destekler<\/p>\n<p data-start=\"801\" data-end=\"826\">Se\u00e7enekler &amp; \u00d6zelle\u015ftirme<\/p>\n<p data-start=\"829\" data-end=\"883\">Proje \u00f6zelliklerine g\u00f6re sipari\u015f \u00fczerine jumbo boyutlar ve \u015fekiller<\/p>\n<p data-start=\"886\" data-end=\"950\">Cilal\u0131\/ta\u015flanm\u0131\u015f kenar ve k\u00f6\u015fe yar\u0131\u00e7aplar\u0131 istek \u00fczerine temin edilebilir<\/p>\n<p data-start=\"953\" data-end=\"1020\">Ba\u011flant\u0131 par\u00e7alar\u0131 i\u00e7in talep \u00fczerine delikler, \u00e7entikler ve CNC kesikleri mevcuttur<\/p>\n<p data-start=\"1023\" data-end=\"1086\">IGU'ya haz\u0131r lamba ve kaplama\/renk tonu e\u015fle\u015ftirmesi istek \u00fczerine mevcuttur<\/p>\n<p data-start=\"1089\" data-end=\"1147\">Talep \u00fczerine OEM\/ODM hizmeti ve markalama y\u00f6ntemleri mevcuttur<\/p>\n<p data-start=\"1150\" data-end=\"1221\">Onaylar i\u00e7in \u00e7izim deste\u011fi ve at\u00f6lye \u00e7izim koordinasyonu mevcuttur<\/p>\n<p data-start=\"1225\" data-end=\"1416\">Tipik Uygulamalar<br data-start=\"1245\" data-end=\"1248\" \/>Birle\u015ftirilmi\u015f giydirme cephe g\u00f6r\u00fc\u015f panelleri, jumbo pencere duvar mod\u00fclleri, atriyum camlar\u0131, \u00e7at\u0131 pencereleri, kanopiler, kanat destekli cam duvarlar, b\u00fcy\u00fck vitrin b\u00f6lmeleri, g\u00f6zlem g\u00fcverteleri<\/p>\n<p data-start=\"1420\" data-end=\"1717\">Tedarik ve Destek<br data-start=\"1436\" data-end=\"1439\" \/>Fabrika Do\u011frudan hacimli \u00fcretim, istikrarl\u0131 bir teslim s\u00fcresi ile toplu tedarik planlamas\u0131n\u0131 destekler. \u015eirket i\u00e7i kalite kontrol ve kalite izlenebilirli\u011fi, uzun mesafeli nakliye i\u00e7in mevcut ihracat ambalaj\u0131 ve sand\u0131k ambalaj\u0131 ile harmanlama yoluyla korunur. Standartlara uygunluk istek \u00fczerine mevcuttur.<\/p>","protected":false},"excerpt":{"rendered":"<p>Geni\u015f formatl\u0131 camlar i\u00e7in tasarlanan \u0131s\u0131yla \u0131slat\u0131lm\u0131\u015f temperli cam\u0131m\u0131z, temperlenmi\u015f g\u00fcvenlik g\u00fcc\u00fcn\u00fc korurken kendili\u011finden k\u0131r\u0131lma riskini azaltmaya yard\u0131mc\u0131 olmak i\u00e7in ekstra bir i\u015fleme ad\u0131m\u0131 ekler. Sipari\u015fe g\u00f6re jumbo boyutlarda tedarik edilen bu \u00fcr\u00fcn, birle\u015ftirilmi\u015f perde duvar g\u00f6r\u00fc\u015f panelleri ve \u00e7at\u0131 pencereleri i\u00e7in yayg\u0131n olarak kullan\u0131lmaktad\u0131r.<\/p>","protected":false},"featured_media":1068,"template":"","meta":{"_gspb_post_css":""},"product_brand":[],"product_cat":[23],"product_tag":[66,575,64,571,572,157,573,115,76,113,574],"class_list":{"0":"post-1049","1":"product","2":"type-product","3":"status-publish","4":"has-post-thumbnail","6":"product_cat-heat-soaked-tempered-glass","7":"product_tag-bulk-supply","8":"product_tag-canopy-glass-panels","9":"product_tag-custom-size","10":"product_tag-factory-direct-jumbo-heat-soaked-tempered-glass","11":"product_tag-heat-soak-processing","12":"product_tag-heat-soaked-tempered-glass","13":"product_tag-igu-ready-jumbo-lite","14":"product_tag-polished-edgework","15":"product_tag-skylight-glazing","16":"product_tag-tempered-safety-glass","17":"product_tag-unitized-curtain-wall","19":"first","20":"instock","21":"shipping-taxable","22":"purchasable","23":"product-type-simple"},"_links":{"self":[{"href":"https:\/\/theinsulatedglass.com\/tr\/wp-json\/wp\/v2\/product\/1049","targetHints":{"allow":["GET"]}}],"collection":[{"href":"https:\/\/theinsulatedglass.com\/tr\/wp-json\/wp\/v2\/product"}],"about":[{"href":"https:\/\/theinsulatedglass.com\/tr\/wp-json\/wp\/v2\/types\/product"}],"wp:featuredmedia":[{"embeddable":true,"href":"https:\/\/theinsulatedglass.com\/tr\/wp-json\/wp\/v2\/media\/1068"}],"wp:attachment":[{"href":"https:\/\/theinsulatedglass.com\/tr\/wp-json\/wp\/v2\/media?parent=1049"}],"wp:term":[{"taxonomy":"product_brand","embeddable":true,"href":"https:\/\/theinsulatedglass.com\/tr\/wp-json\/wp\/v2\/product_brand?post=1049"},{"taxonomy":"product_cat","embeddable":true,"href":"https:\/\/theinsulatedglass.com\/tr\/wp-json\/wp\/v2\/product_cat?post=1049"},{"taxonomy":"product_tag","embeddable":true,"href":"https:\/\/theinsulatedglass.com\/tr\/wp-json\/wp\/v2\/product_tag?post=1049"}],"curies":[{"name":"wp","href":"https:\/\/api.w.org\/{rel}","templated":true}]}}