{"id":1077,"date":"2026-01-29T01:34:39","date_gmt":"2026-01-29T01:34:39","guid":{"rendered":"https:\/\/theinsulatedglass.com\/?post_type=product&#038;p=1077"},"modified":"2026-01-29T01:34:39","modified_gmt":"2026-01-29T01:34:39","slug":"supply-custom-size-anti-reflective-coated-glass","status":"publish","type":"product","link":"https:\/\/theinsulatedglass.com\/tr\/supply-custom-size-anti-reflective-coated-glass\/","title":{"rendered":"\u00d6zel Boyutlu Yans\u0131ma \u00d6nleyici Kaplamal\u0131 Cam Temini"},"content":{"rendered":"<p data-start=\"60\" data-end=\"348\">Genel Bak\u0131\u015f<br data-start=\"68\" data-end=\"71\" \/>Yans\u0131malar\u0131n kritik g\u00f6r\u00fc\u015fe engel oldu\u011fu durumlarda, yans\u0131ma \u00f6nleyici (AR) kaplamal\u0131 cam, cam yap\u0131s\u0131n\u0131 uzun s\u00fcreli kullan\u0131m i\u00e7in g\u00fcvenilir tutarken daha net g\u00f6r\u00fc\u015f hatlar\u0131 sa\u011flar. Kaplamalar, mimari ve end\u00fcstriyel kurulumlara uygun projeye haz\u0131r alt tabakalara uygulan\u0131r.<\/p>\n<p data-start=\"352\" data-end=\"747\">Temel \u00d6zellikler<br data-start=\"364\" data-end=\"367\" \/>- Ayd\u0131nl\u0131k ortamlarda daha g\u00fcvenilir g\u00f6rsel kontroller i\u00e7in y\u00fczey parlamas\u0131n\u0131 azalt\u0131r<br data-start=\"442\" data-end=\"445\" \/>- Daha ger\u00e7ek\u00e7i renkler ve ayr\u0131nt\u0131lar i\u00e7in y\u00fcksek g\u00f6r\u00fcn\u00fcr ge\u00e7irgenli\u011fi korur<br data-start=\"509\" data-end=\"512\" \/>- Temperli veya lamine tabanlar \u00fczerinde belirtildi\u011finde g\u00fcvenlik cam\u0131 ile b\u00fct\u00fcnle\u015fir<br data-start=\"590\" data-end=\"593\" \/>- Tasarlanm\u0131\u015f, dayan\u0131kl\u0131 kaplama y\u0131\u011f\u0131n\u0131 sayesinde rutin temizli\u011fe dayan\u0131r<br data-start=\"667\" data-end=\"670\" \/>- Daha kal\u0131n veya \u00e7ok katmanl\u0131 cam yap\u0131larda g\u00f6lgelenmeyi ve \u00e7ift g\u00f6r\u00fcnt\u00fcy\u00fc azalt\u0131r<\/p>\n<p data-start=\"751\" data-end=\"1133\">Se\u00e7enekler &amp; \u00d6zelle\u015ftirme<br data-start=\"774\" data-end=\"777\" \/>- Proje spesifikasyonlar\u0131ndan, CAD'den veya \u015fablonlardan Sipari\u015f \u00dczerine \u00dcretilen boyutlar ve \u015fekiller<br data-start=\"851\" data-end=\"854\" \/>- \u0130stek \u00fczerine tek veya \u00e7ift tarafl\u0131 AR kaplama mevcuttur<br data-start=\"910\" data-end=\"913\" \/>- Y\u00fczey se\u00e7enekleri: \u015feffaf, d\u00fc\u015f\u00fck demir se\u00e7ene\u011fi, temperli, lamine veya IGU'ya haz\u0131r<br data-start=\"991\" data-end=\"994\" \/>- Kenar i\u015fleri, k\u00f6\u015fe bitirme, delikler ve gerekti\u011finde CNC kesimleri<br data-start=\"1058\" data-end=\"1061\" \/>- Numuneler arac\u0131l\u0131\u011f\u0131yla g\u00f6r\u00fcn\u00fcm e\u015fle\u015ftirme ve montajc\u0131lar i\u00e7in kullan\u0131m k\u0131lavuzu<\/p>\n<p data-start=\"1137\" data-end=\"1347\">Tipik Uygulamalar<br data-start=\"1157\" data-end=\"1160\" \/>M\u00fcze vitrinleri, perakende vitrinleri, kontrol odas\u0131 pencereleri, ekipman g\u00f6r\u00fcnt\u00fcleme panelleri, makine koruma viz\u00f6rleri, vitrin g\u00f6r\u00fc\u015f panelleri, alet kapak cam\u0131, kamera\/sens\u00f6r muhafazalar\u0131<\/p>\n<p data-start=\"1351\" data-end=\"1637\">Tedarik ve Destek<br data-start=\"1367\" data-end=\"1370\" \/>\u015eirket \u0130\u00e7i Kalite Kontrol ve Kalite \u0130zlenebilirli\u011fi ile Fabrika Do\u011frudan Tedarik, \u0130stikrarl\u0131 Teslimat S\u00fcresi ile Toplu Tedariki destekler. \u0130hracat Ambalaj\u0131 ve sand\u0131k ambalaj\u0131 mevcuttur ve \u00c7izim Deste\u011fi \/ At\u00f6lye \u00c7izimi koordinasyonu sa\u011flanabilir; Talep \u00fczerine standartlara uygunluk sa\u011flanabilir.<\/p>","protected":false},"excerpt":{"rendered":"<p>Yans\u0131ma \u00f6nleyici kaplamal\u0131 cam, sa\u011flam bir cam yap\u0131s\u0131ndan \u00f6d\u00fcn vermeden parlamay\u0131 azaltmak ve g\u00f6r\u00fc\u015f netli\u011fini art\u0131rmak i\u00e7in \u00f6zel boyutlarda tedarik edilir. Spot ayd\u0131nlatma alt\u0131nda yans\u0131malar\u0131n ince ayr\u0131nt\u0131lar\u0131 gizleyebildi\u011fi m\u00fcze vitrinleri i\u00e7in idealdir.<\/p>","protected":false},"featured_media":1098,"template":"","meta":{"_gspb_post_css":""},"product_brand":[],"product_cat":[28],"product_tag":[595,66,597,594,598,97,293,81,599,596,61],"class_list":{"0":"post-1077","1":"product","2":"type-product","3":"status-publish","4":"has-post-thumbnail","6":"product_cat-coated-glass","7":"product_tag-ar-coated-glass-panel","8":"product_tag-bulk-supply","9":"product_tag-control-room-window-glass","10":"product_tag-custom-size-anti-reflective-coated-glass","11":"product_tag-equipment-viewing-panel","12":"product_tag-factory-direct","13":"product_tag-igu-ready-glass","14":"product_tag-laminated-glass-option","15":"product_tag-low-iron-glass-option","16":"product_tag-museum-display-glazing","17":"product_tag-tempered-glass-option","19":"first","20":"instock","21":"shipping-taxable","22":"purchasable","23":"product-type-simple"},"_links":{"self":[{"href":"https:\/\/theinsulatedglass.com\/tr\/wp-json\/wp\/v2\/product\/1077","targetHints":{"allow":["GET"]}}],"collection":[{"href":"https:\/\/theinsulatedglass.com\/tr\/wp-json\/wp\/v2\/product"}],"about":[{"href":"https:\/\/theinsulatedglass.com\/tr\/wp-json\/wp\/v2\/types\/product"}],"wp:featuredmedia":[{"embeddable":true,"href":"https:\/\/theinsulatedglass.com\/tr\/wp-json\/wp\/v2\/media\/1098"}],"wp:attachment":[{"href":"https:\/\/theinsulatedglass.com\/tr\/wp-json\/wp\/v2\/media?parent=1077"}],"wp:term":[{"taxonomy":"product_brand","embeddable":true,"href":"https:\/\/theinsulatedglass.com\/tr\/wp-json\/wp\/v2\/product_brand?post=1077"},{"taxonomy":"product_cat","embeddable":true,"href":"https:\/\/theinsulatedglass.com\/tr\/wp-json\/wp\/v2\/product_cat?post=1077"},{"taxonomy":"product_tag","embeddable":true,"href":"https:\/\/theinsulatedglass.com\/tr\/wp-json\/wp\/v2\/product_tag?post=1077"}],"curies":[{"name":"wp","href":"https:\/\/api.w.org\/{rel}","templated":true}]}}