{"id":1103,"date":"2026-01-29T02:05:24","date_gmt":"2026-01-29T02:05:24","guid":{"rendered":"https:\/\/theinsulatedglass.com\/?post_type=product&#038;p=1103"},"modified":"2026-01-29T02:05:24","modified_gmt":"2026-01-29T02:05:24","slug":"factory-direct-fire-resistant-laminated-glass","status":"publish","type":"product","link":"https:\/\/theinsulatedglass.com\/tr\/factory-direct-fire-resistant-laminated-glass\/","title":{"rendered":"Fabrika Do\u011frudan Yang\u0131na Dayan\u0131kl\u0131 Lamine Cam"},"content":{"rendered":"<p data-start=\"58\" data-end=\"385\">Genel Bak\u0131\u015f<br data-start=\"66\" data-end=\"69\" \/>G\u00fcn \u0131\u015f\u0131\u011f\u0131n\u0131n yang\u0131n ay\u0131rma hatt\u0131nda durmas\u0131 gerekmez. Fabrikada do\u011frudan \u00fcretilen yang\u0131na dayan\u0131kl\u0131 lamine cam\u0131m\u0131z, yang\u0131na dayan\u0131kl\u0131 cam tertibatlar\u0131n\u0131 desteklerken n\u00f6tr ve profesyonel bir g\u00f6r\u00fcn\u00fcme ihtiya\u00e7 duyan projeler i\u00e7in \u00fcretilmi\u015ftir. Lamine yap\u0131, hizmet s\u0131ras\u0131nda termal ve darbe stresleri s\u0131ras\u0131nda b\u00f6lmenin sa\u011flam kalmas\u0131na yard\u0131mc\u0131 olur.<\/p>\n<p data-start=\"389\" data-end=\"770\">Temel \u00d6zellikler<br data-start=\"401\" data-end=\"404\" \/>- Kontroll\u00fc laminasyon ve kenar kalitesi ile net g\u00f6r\u00fc\u015f\u00fc koruyun<br data-start=\"472\" data-end=\"475\" \/>- \u00d6ng\u00f6r\u00fclebilir panel geometrisi ile yang\u0131na dayan\u0131kl\u0131 \u00e7er\u00e7eveleme sistemlerine entegre edin<br data-start=\"550\" data-end=\"553\" \/>- Dikkatli katman hizalama ve ta\u015f\u0131ma sayesinde g\u00f6rsel bozulmay\u0131 azalt\u0131n<br data-start=\"624\" data-end=\"627\" \/>- \u015eirket i\u00e7i kalite kontrol ve kalite izlenebilirlik dok\u00fcmantasyonu arac\u0131l\u0131\u011f\u0131yla partileri kaydedin<br data-start=\"698\" data-end=\"701\" \/>- \u00c7ok odal\u0131 veya \u00e7ok katl\u0131 kurulumlar i\u00e7in sabit \u00e7\u0131k\u0131\u015f\u0131 destekler<\/p>\n<p data-start=\"774\" data-end=\"1178\">Se\u00e7enekler &amp; \u00d6zelle\u015ftirme<br data-start=\"797\" data-end=\"800\" \/>- A\u00e7\u0131l\u0131\u015f program\u0131n\u0131za g\u00f6re \u00d6zel Boyut \/ Sipari\u015fe G\u00f6re \u00dcretilen formatlar<br data-start=\"868\" data-end=\"871\" \/>- \u015eeffaf, d\u00fc\u015f\u00fck demirli veya hafif renkli g\u00f6r\u00fcn\u00fcm istek \u00fczerine mevcuttur<br data-start=\"939\" data-end=\"942\" \/>- Tasar\u0131m\u0131n izin verdi\u011fi yerlerde sa\u011flanan kenar bitirme, k\u00f6\u015fe yar\u0131\u00e7aplar\u0131 ve kesikler<br data-start=\"1020\" data-end=\"1023\" \/>- Proje \u00f6zelliklerine, b\u00f6l\u00fcmlerine ve kurulum s\u0131ras\u0131na uyum sa\u011flamak i\u00e7in \u00e7izim deste\u011fi<br data-start=\"1099\" data-end=\"1102\" \/>- Sand\u0131k paketleme ve nem korumas\u0131 dahil ihracat paketleme se\u00e7enekleri<\/p>\n<p data-start=\"1182\" data-end=\"1403\">Tipik Uygulamalar<br data-start=\"1202\" data-end=\"1205\" \/>Yang\u0131na dayan\u0131kl\u0131 i\u00e7 b\u00f6lmeler, yang\u0131n kap\u0131s\u0131 g\u00f6r\u00fc\u015f panelleri, merdiven bo\u015flu\u011fu muhafazalar\u0131, koridor camlar\u0131, asans\u00f6r lobisi ekranlar\u0131, s\u0131\u011f\u0131nak alan\u0131 pencereleri, kontrol odas\u0131 g\u00f6r\u00fc\u015f panelleri, ekipman odas\u0131 ayr\u0131m\u0131<\/p>\n<p data-start=\"1407\" data-end=\"1693\">Tedarik ve Destek<br data-start=\"1423\" data-end=\"1426\" \/>A\u015famal\u0131 teslimatlar i\u00e7in istikrarl\u0131 teslim s\u00fcresi planlamas\u0131yla birlikte standart makyajlar i\u00e7in h\u0131zl\u0131 teslim s\u00fcresi se\u00e7enekleri mevcuttur. Her sevkiyat kontrol edilir, etiketlenir ve nakliye i\u00e7in paketlenir. Standartlara uygunluk talep \u00fczerine mevcuttur; destekleyici belgeler sipari\u015fle birlikte verilebilir.<\/p>","protected":false},"excerpt":{"rendered":"<p>Fabrikada do\u011frudan \u00fcretilen yang\u0131na dayan\u0131kl\u0131 lamine cam, tutarl\u0131 g\u00f6r\u00fcn\u00fcm, temiz optik ve proje detaylar\u0131yla g\u00fcvenilir entegrasyon i\u00e7in sipari\u015f \u00fczerine \u00fcretilir. Yang\u0131n dereceli i\u00e7 b\u00f6lmeler ve koridor g\u00f6r\u00fc\u015f panelleri i\u00e7in yayg\u0131n olarak belirtilen bu \u00fcr\u00fcn, daha g\u00fcvenli b\u00f6lmeleri desteklerken alanlar\u0131n ayd\u0131nl\u0131k kalmas\u0131na yard\u0131mc\u0131 olur.<\/p>","protected":false},"featured_media":1108,"template":"","meta":{"_gspb_post_css":""},"product_brand":[],"product_cat":[33],"product_tag":[654,64,489,648,175,652,651,649,68,366,650,653],"class_list":{"0":"post-1103","1":"product","2":"type-product","3":"status-publish","4":"has-post-thumbnail","6":"product_cat-fire-resistant-glass","7":"product_tag-corridor-glazing","8":"product_tag-custom-size","9":"product_tag-export-crate-packing","10":"product_tag-factory-direct-fire-resistant-laminated-glass","11":"product_tag-fire-door-vision-panel-glass","12":"product_tag-fire-rated-partition-glazing","13":"product_tag-fire-resistant-interlayer","14":"product_tag-fire-resistant-laminated-glass","15":"product_tag-laminated-safety-glass","16":"product_tag-made-to-order","17":"product_tag-multi-layer-glass-laminate","18":"product_tag-stairwell-glazing","20":"first","21":"instock","22":"shipping-taxable","23":"purchasable","24":"product-type-simple"},"_links":{"self":[{"href":"https:\/\/theinsulatedglass.com\/tr\/wp-json\/wp\/v2\/product\/1103","targetHints":{"allow":["GET"]}}],"collection":[{"href":"https:\/\/theinsulatedglass.com\/tr\/wp-json\/wp\/v2\/product"}],"about":[{"href":"https:\/\/theinsulatedglass.com\/tr\/wp-json\/wp\/v2\/types\/product"}],"wp:featuredmedia":[{"embeddable":true,"href":"https:\/\/theinsulatedglass.com\/tr\/wp-json\/wp\/v2\/media\/1108"}],"wp:attachment":[{"href":"https:\/\/theinsulatedglass.com\/tr\/wp-json\/wp\/v2\/media?parent=1103"}],"wp:term":[{"taxonomy":"product_brand","embeddable":true,"href":"https:\/\/theinsulatedglass.com\/tr\/wp-json\/wp\/v2\/product_brand?post=1103"},{"taxonomy":"product_cat","embeddable":true,"href":"https:\/\/theinsulatedglass.com\/tr\/wp-json\/wp\/v2\/product_cat?post=1103"},{"taxonomy":"product_tag","embeddable":true,"href":"https:\/\/theinsulatedglass.com\/tr\/wp-json\/wp\/v2\/product_tag?post=1103"}],"curies":[{"name":"wp","href":"https:\/\/api.w.org\/{rel}","templated":true}]}}