{"id":1105,"date":"2026-01-29T02:05:19","date_gmt":"2026-01-29T02:05:19","guid":{"rendered":"https:\/\/theinsulatedglass.com\/?post_type=product&#038;p=1105"},"modified":"2026-01-29T02:05:19","modified_gmt":"2026-01-29T02:05:19","slug":"wholesale-fluted-interior-decoration-glass-glass-bottle","status":"publish","type":"product","link":"https:\/\/theinsulatedglass.com\/tr\/wholesale-fluted-interior-decoration-glass-glass-bottle\/","title":{"rendered":"Toptan Yivli \u0130\u00e7 Dekorasyon Cam\u0131 cam \u015fi\u015fe"},"content":{"rendered":"<p data-start=\"70\" data-end=\"401\">Genel Bak\u0131\u015f<br data-start=\"78\" data-end=\"81\" \/>Doku bir marka imzas\u0131 olabilir ve yivli cam bu imzay\u0131 keskin, tekrarlanabilir yivli bir y\u00fczeyle ambalaj ve dekora ta\u015f\u0131r. Bu Toptan Yivli \u0130\u00e7 Dekorasyon Cam\u0131 cam \u015fi\u015fe yakla\u015f\u0131m\u0131, \u0131\u015f\u0131k yay\u0131l\u0131m\u0131, kavrama hissi ve raf mevcudiyetinin netlik kadar \u00f6nemli oldu\u011fu tasar\u0131m odakl\u0131 \u00e7izgiler i\u00e7in uygundur.<\/p>\n<p data-start=\"405\" data-end=\"419\">Temel \u00d6zellikler<\/p>\n<p data-start=\"422\" data-end=\"492\">G\u00f6rsel derinli\u011fi ve \u00fcst\u00fcn el hissini art\u0131ran do\u011frusal yivler ekler<\/p>\n<p data-start=\"495\" data-end=\"568\">Perakende ayd\u0131nlatma alt\u0131nda etiketin okunabilirli\u011fini art\u0131rmak i\u00e7in yans\u0131malar\u0131 da\u011f\u0131t\u0131r<\/p>\n<p data-start=\"571\" data-end=\"642\">Koordineli \u015fi\u015fe aileleri i\u00e7in tutarl\u0131 desen hizalamas\u0131n\u0131 destekler<\/p>\n<p data-start=\"645\" data-end=\"709\">Dokunsal y\u00fczey profili sayesinde yol tutu\u015f g\u00fcvenini art\u0131r\u0131r<\/p>\n<p data-start=\"712\" data-end=\"779\">\u00dcr\u00fcn rengini sergilemek i\u00e7in temiz \u015feffafl\u0131k se\u00e7eneklerini korur<\/p>\n<p data-start=\"783\" data-end=\"808\">Se\u00e7enekler &amp; \u00d6zelle\u015ftirme<\/p>\n<p data-start=\"811\" data-end=\"890\">Sipari\u015fe G\u00f6re \u00dcretilen \u015fekiller, boyun kaplamalar\u0131 ve kapasite aral\u0131klar\u0131 istek \u00fczerine mevcuttur<\/p>\n<p data-start=\"893\" data-end=\"974\">Sadece yivli, kar\u0131\u015f\u0131k dokular veya se\u00e7ici mat alanlar dahil y\u00fczey se\u00e7enekleri<\/p>\n<p data-start=\"977\" data-end=\"1071\">\u0130ste\u011fe g\u00f6re renkli kaplama, serigrafi b\u00f6lgeleri veya etiket panelleri gibi dekorasyon se\u00e7enekleri<\/p>\n<p data-start=\"1074\" data-end=\"1162\">\u00d6zel kal\u0131plar, marka \u00f6\u011feleri ve ikincil ambalaj konseptleri i\u00e7in OEM\/ODM hizmeti<\/p>\n<p data-start=\"1165\" data-end=\"1247\">Teknik inceleme ve \u00fcretime haz\u0131r dosyalar i\u00e7in proje spesifikasyonu ve \u00e7izim deste\u011fi<\/p>\n<p data-start=\"1251\" data-end=\"1463\">Tipik Uygulamalar<br data-start=\"1271\" data-end=\"1274\" \/>Koku \u015fi\u015feleri, dif\u00fcz\u00f6r \u015fi\u015feleri, kozmetik kaplar\u0131, premium i\u00e7ecek \u015fi\u015feleri, hediye seti ambalajlar\u0131, otel ikram \u015fi\u015feleri, te\u015fhir aksesuarlar\u0131, perakende raf dekoru, tezgah \u00fcst\u00fc \u015fekillendirme par\u00e7alar\u0131<\/p>\n<p data-start=\"1467\" data-end=\"1761\">Tedarik ve Destek<br data-start=\"1483\" data-end=\"1486\" \/>Fabrika Do\u011frudan hacimli \u00fcretim, tekrarlanan programlar i\u00e7in istikrarl\u0131 teslim s\u00fcresi ile organize edilebilir. \u015eirket i\u00e7i kalite kontrol ve kalite izlenebilirli\u011fi partiden partiye tutarl\u0131l\u0131\u011f\u0131 desteklerken, ihracat ambalaj\u0131 ve sand\u0131k ambalaj\u0131 mallar\u0131 nakliye s\u0131ras\u0131nda korur. Standartlara uygunluk istek \u00fczerine mevcuttur.<\/p>","protected":false},"excerpt":{"rendered":"<p>Yivli cam \u015fi\u015fe stili, \u00fcr\u00fcn g\u00f6r\u00fcn\u00fcrl\u00fc\u011f\u00fcn\u00fc korurken raf varl\u0131\u011f\u0131n\u0131 ve dokunsal tutu\u015fu art\u0131ran ay\u0131rt edici bir yivli doku sunar. Koku ve dif\u00fcz\u00f6r ambalajlar\u0131 i\u00e7in ideal olan bu tasar\u0131m, markalar\u0131n koordineli \u015fi\u015fe koleksiyonlar\u0131nda tutarl\u0131 ve birinci s\u0131n\u0131f bir g\u00f6r\u00fcn\u00fcm elde etmesine yard\u0131mc\u0131 olur.<\/p>","protected":false},"featured_media":1119,"template":"","meta":{"_gspb_post_css":""},"product_brand":[],"product_cat":[44],"product_tag":[66,638,64,635,637,97,633,636,513,86,634,632],"class_list":{"0":"post-1105","1":"product","2":"type-product","3":"status-publish","4":"has-post-thumbnail","6":"product_cat-interior-decoration-glass","7":"product_tag-bulk-supply","8":"product_tag-cosmetic-packaging-glass","9":"product_tag-custom-size","10":"product_tag-decorative-glass-surface","11":"product_tag-diffuser-bottle","12":"product_tag-factory-direct","13":"product_tag-fluted-glass-bottle","14":"product_tag-fragrance-bottle","15":"product_tag-in-house-qc","16":"product_tag-oem-odm-service","17":"product_tag-ribbed-texture-glass","18":"product_tag-wholesale-fluted-interior-decoration-glass-glass-bottle","20":"first","21":"instock","22":"shipping-taxable","23":"purchasable","24":"product-type-simple"},"_links":{"self":[{"href":"https:\/\/theinsulatedglass.com\/tr\/wp-json\/wp\/v2\/product\/1105","targetHints":{"allow":["GET"]}}],"collection":[{"href":"https:\/\/theinsulatedglass.com\/tr\/wp-json\/wp\/v2\/product"}],"about":[{"href":"https:\/\/theinsulatedglass.com\/tr\/wp-json\/wp\/v2\/types\/product"}],"wp:featuredmedia":[{"embeddable":true,"href":"https:\/\/theinsulatedglass.com\/tr\/wp-json\/wp\/v2\/media\/1119"}],"wp:attachment":[{"href":"https:\/\/theinsulatedglass.com\/tr\/wp-json\/wp\/v2\/media?parent=1105"}],"wp:term":[{"taxonomy":"product_brand","embeddable":true,"href":"https:\/\/theinsulatedglass.com\/tr\/wp-json\/wp\/v2\/product_brand?post=1105"},{"taxonomy":"product_cat","embeddable":true,"href":"https:\/\/theinsulatedglass.com\/tr\/wp-json\/wp\/v2\/product_cat?post=1105"},{"taxonomy":"product_tag","embeddable":true,"href":"https:\/\/theinsulatedglass.com\/tr\/wp-json\/wp\/v2\/product_tag?post=1105"}],"curies":[{"name":"wp","href":"https:\/\/api.w.org\/{rel}","templated":true}]}}