{"id":1106,"date":"2026-01-29T02:05:17","date_gmt":"2026-01-29T02:05:17","guid":{"rendered":"https:\/\/theinsulatedglass.com\/?post_type=product&#038;p=1106"},"modified":"2026-01-29T02:05:17","modified_gmt":"2026-01-29T02:05:17","slug":"privacy-option-switchable-shower-smart-glass","status":"publish","type":"product","link":"https:\/\/theinsulatedglass.com\/tr\/privacy-option-switchable-shower-smart-glass\/","title":{"rendered":"Gizlilik Se\u00e7ene\u011fi De\u011fi\u015ftirilebilir Du\u015f Ak\u0131ll\u0131 Cam\u0131"},"content":{"rendered":"<p data-start=\"49\" data-end=\"343\">Genel Bak\u0131\u015f<br data-start=\"63\" data-end=\"66\" \/>Talep \u00fczerine gizlilik, buhar ve g\u00f6r\u00fc\u015f hatlar\u0131n\u0131n bulu\u015ftu\u011fu yere aittir. De\u011fi\u015ftirilebilir du\u015f ak\u0131ll\u0131 cam\u0131, temiz ve modern bir muhafaza esteti\u011fini korurken gizlili\u011fi y\u00f6netmek i\u00e7in \u015feffaf ve opak durumlar aras\u0131nda ge\u00e7i\u015f yapar. Her panel, proje d\u00fczenlerine ve donan\u0131m aray\u00fczlerine uyacak \u015fekilde sipari\u015f \u00fczerine \u00fcretilir.<\/p>\n<p data-start=\"345\" data-end=\"359\">Temel \u00d6zellikler<\/p>\n<ul data-start=\"360\" data-end=\"786\">\n<li data-start=\"360\" data-end=\"442\">\n<p data-start=\"362\" data-end=\"442\">Perde, panjur veya kal\u0131c\u0131 buzlanma olmadan an\u0131nda gizlilik kontrol\u00fc sa\u011flay\u0131n<\/p>\n<\/li>\n<li data-start=\"443\" data-end=\"526\">\n<p data-start=\"445\" data-end=\"526\">Islak alan bak\u0131m rutinleri i\u00e7in uygun, \u015f\u0131k ve temizlemesi kolay bir y\u00fczey sa\u011flar<\/p>\n<\/li>\n<li data-start=\"527\" data-end=\"613\">\n<p data-start=\"529\" data-end=\"613\">Ak\u0131ll\u0131 cam montajlar\u0131 i\u00e7in yayg\u0131n olarak belirtilen lamine g\u00fcvenlik yap\u0131lar\u0131n\u0131 destekler<\/p>\n<\/li>\n<li data-start=\"614\" data-end=\"700\">\n<p data-start=\"616\" data-end=\"700\">Ortak veya premium banyolarda g\u00f6rsel dikkat da\u011f\u0131n\u0131kl\u0131\u011f\u0131n\u0131 azaltarak kullan\u0131c\u0131 konforunu art\u0131r\u0131n<\/p>\n<\/li>\n<li data-start=\"701\" data-end=\"786\">\n<p data-start=\"703\" data-end=\"786\">Camdan montaja kadar kurum i\u00e7i kalite kontrol noktalar\u0131 ile kalite izlenebilirli\u011fini koruyun<\/p>\n<\/li>\n<\/ul>\n<p data-start=\"788\" data-end=\"813\">Se\u00e7enekler &amp; \u00d6zelle\u015ftirme<\/p>\n<ul data-start=\"814\" data-end=\"1239\">\n<li data-start=\"814\" data-end=\"890\">\n<p data-start=\"816\" data-end=\"890\">Proje \u00f6zelliklerine g\u00f6re \u00f6zel boyutta kesim, \u015fekil d\u00fczeltme ve kenar bitirme<\/p>\n<\/li>\n<li data-start=\"891\" data-end=\"974\">\n<p data-start=\"893\" data-end=\"974\">Mente\u015feler, kelep\u00e7eler, tutamaklar ve braketler i\u00e7in gerekti\u011fi \u015fekilde delik delme ve \u00e7entikler<\/p>\n<\/li>\n<li data-start=\"975\" data-end=\"1062\">\n<p data-start=\"977\" data-end=\"1062\">De\u011fi\u015ftirilebilir katman entegrasyon se\u00e7enekleri (lamine yap\u0131, kablo \u00e7\u0131k\u0131\u015f konumu)<\/p>\n<\/li>\n<li data-start=\"1063\" data-end=\"1156\">\n<p data-start=\"1065\" data-end=\"1156\">Duvar anahtar\u0131 veya otomasyona haz\u0131r kurulumlar dahil olmak \u00fczere kontrol se\u00e7enekleri istek \u00fczerine mevcuttur<\/p>\n<\/li>\n<li data-start=\"1157\" data-end=\"1239\">\n<p data-start=\"1159\" data-end=\"1239\">Montajc\u0131lar i\u00e7in markalama, etiketleme ve kit tarz\u0131 paketleme i\u00e7in OEM\/ODM hizmeti<\/p>\n<\/li>\n<\/ul>\n<p data-start=\"1241\" data-end=\"1471\">Tipik Uygulamalar<br data-start=\"1261\" data-end=\"1264\" \/>\u00c7er\u00e7evesiz du\u015f perdeleri, du\u015fakabin panelleri, otel banyo s\u00fcitleri, apartman banyo y\u00fckseltmeleri, spa soyunma odalar\u0131, spor salonu du\u015f b\u00f6lmeleri, konaklama yenileme projeleri, konut l\u00fcks muhafazalar\u0131.<\/p>\n<p data-start=\"1473\" data-end=\"1756\">Tedarik ve Destek<br data-start=\"1489\" data-end=\"1492\" \/>\u00dcretimden \u00f6nce boyutlar\u0131 ve kesimleri onaylamak i\u00e7in \u00e7izimleri inceleyebilir ve at\u00f6lye \u00e7izimi deste\u011fi sa\u011flayabiliriz. Transit korumas\u0131 i\u00e7in ihracat ambalaj\u0131 veya sand\u0131k ambalaj\u0131 ile toplu tedarik ve h\u0131zl\u0131 teslimat s\u00fcresi planlamas\u0131 mevcuttur. Standartlara uygunluk istek \u00fczerine mevcuttur.<\/p>","protected":false},"excerpt":{"rendered":"<p>De\u011fi\u015ftirilebilir du\u015f ak\u0131ll\u0131 cam\u0131, panjur veya film olmadan an\u0131nda gizlilik sa\u011flar - a\u00e7\u0131kl\u0131k istedi\u011finizde net, gizlili\u011fe ihtiya\u00e7 duydu\u011funuzda opak. Sipari\u015f \u00fczerine \u00fcretilen paneller, yayg\u0131n du\u015f donan\u0131m\u0131yla entegre olarak otel banyolar\u0131 ve \u00fcst d\u00fczey konut muhafazalar\u0131 i\u00e7in pratik bir y\u00fckseltme sa\u011flar.<\/p>","protected":false},"featured_media":1124,"template":"","meta":{"_gspb_post_css":""},"product_brand":[],"product_cat":[39],"product_tag":[630,66,64,631,86,627,625,65,629,137,626,628],"class_list":{"0":"post-1106","1":"product","2":"type-product","3":"status-publish","4":"has-post-thumbnail","6":"product_cat-smart-glass-pdlc-glass","7":"product_tag-bathroom-enclosure-glazing","8":"product_tag-bulk-supply","9":"product_tag-custom-size","10":"product_tag-hotel-bathroom-smart-glass","11":"product_tag-oem-odm-service","12":"product_tag-pdlc-smart-glass","13":"product_tag-privacy-option-switchable-shower-smart-glass","14":"product_tag-shop-drawing-support","15":"product_tag-shower-partition-glass","16":"product_tag-shower-screen-glass","17":"product_tag-switchable-laminated-glass","18":"product_tag-tempered-laminated-safety-glass","20":"first","21":"instock","22":"shipping-taxable","23":"purchasable","24":"product-type-simple"},"_links":{"self":[{"href":"https:\/\/theinsulatedglass.com\/tr\/wp-json\/wp\/v2\/product\/1106","targetHints":{"allow":["GET"]}}],"collection":[{"href":"https:\/\/theinsulatedglass.com\/tr\/wp-json\/wp\/v2\/product"}],"about":[{"href":"https:\/\/theinsulatedglass.com\/tr\/wp-json\/wp\/v2\/types\/product"}],"wp:featuredmedia":[{"embeddable":true,"href":"https:\/\/theinsulatedglass.com\/tr\/wp-json\/wp\/v2\/media\/1124"}],"wp:attachment":[{"href":"https:\/\/theinsulatedglass.com\/tr\/wp-json\/wp\/v2\/media?parent=1106"}],"wp:term":[{"taxonomy":"product_brand","embeddable":true,"href":"https:\/\/theinsulatedglass.com\/tr\/wp-json\/wp\/v2\/product_brand?post=1106"},{"taxonomy":"product_cat","embeddable":true,"href":"https:\/\/theinsulatedglass.com\/tr\/wp-json\/wp\/v2\/product_cat?post=1106"},{"taxonomy":"product_tag","embeddable":true,"href":"https:\/\/theinsulatedglass.com\/tr\/wp-json\/wp\/v2\/product_tag?post=1106"}],"curies":[{"name":"wp","href":"https:\/\/api.w.org\/{rel}","templated":true}]}}