{"id":1136,"date":"2026-01-29T02:34:26","date_gmt":"2026-01-29T02:34:26","guid":{"rendered":"https:\/\/theinsulatedglass.com\/?post_type=product&#038;p=1136"},"modified":"2026-01-29T02:34:26","modified_gmt":"2026-01-29T02:34:26","slug":"interlayer-options-bulk-clear-and-useful-laminated-glass","status":"publish","type":"product","link":"https:\/\/theinsulatedglass.com\/tr\/interlayer-options-bulk-clear-and-useful-laminated-glass\/","title":{"rendered":"Ara Katman Se\u00e7enekleri Toplu \u015eeffaf ve Faydal\u0131 Lamine Cam"},"content":{"rendered":"<p data-start=\"69\" data-end=\"355\">Genel Bak\u0131\u015f<br data-start=\"77\" data-end=\"80\" \/>Yo\u011fun i\u00e7 mekanlarda parlama, yank\u0131 ve g\u00fcvenlik endi\u015feleri s\u0131kl\u0131kla bir araya gelir; \u015feffaf lamine cam bu \u00fc\u00e7 endi\u015fenin de giderilmesine yard\u0131mc\u0131 olur. \u0130ki liti se\u00e7ilebilir bir ara katmanla birle\u015ftirerek, panel darbeden sonra daha stabil kal\u0131r ve dolu alanlarda daha sakin bir akustik his i\u00e7in ayarlanabilir.<\/p>\n<p data-start=\"359\" data-end=\"759\">Temel \u00d6zellikler<br data-start=\"371\" data-end=\"374\" \/>- Akustik s\u0131n\u0131f bir ara katman belirtildi\u011finde alg\u0131lanan g\u00fcr\u00fclt\u00fc iletimini azalt\u0131n<br data-start=\"458\" data-end=\"461\" \/>- Daha iyi yolcu g\u00fcvenli\u011fi i\u00e7in k\u0131r\u0131lmadan sonra par\u00e7alar\u0131 bir arada tutun<br data-start=\"530\" data-end=\"533\" \/>- Cam yak\u0131n\u0131ndaki i\u00e7 kaplamalar\u0131n solmas\u0131n\u0131 yava\u015flatmaya yard\u0131mc\u0131 olmak i\u00e7in UV filtresi<br data-start=\"598\" data-end=\"601\" \/>- A\u00e7\u0131k g\u00f6r\u00fc\u015f hatlar\u0131 ve g\u00fcn \u0131\u015f\u0131\u011f\u0131 da\u011f\u0131l\u0131m\u0131 i\u00e7in net g\u00f6r\u00fcn\u00fcm\u00fc koruyun<br data-start=\"674\" data-end=\"677\" \/>- Filmler, bask\u0131lar veya desenli katmanlarla e\u015fle\u015ftirildi\u011finde gizlilik stratejilerini destekler<\/p>\n<p data-start=\"763\" data-end=\"1175\">Se\u00e7enekler &amp; \u00d6zelle\u015ftirme<br data-start=\"786\" data-end=\"789\" \/>- Proje Spesifikasyonunuzdan veya numunenizden \u00d6zel Boyut \/ Sipari\u015f \u00dczerine \u00dcretilen paneller<br data-start=\"858\" data-end=\"861\" \/>- Talep \u00fczerine ara katman se\u00e7enekleri mevcuttur: standart \u015feffaf PVB, akustik PVB, yap\u0131sal ara katman<br data-start=\"959\" data-end=\"962\" \/>- Gerekti\u011fi gibi \u015feffaf, d\u00fc\u015f\u00fck demirli veya renkli caml\u0131 yap\u0131lar<br data-start=\"1023\" data-end=\"1026\" \/>- Braketler ve ba\u011flant\u0131 par\u00e7alar\u0131 i\u00e7in kenarlar, kesikler ve delikler sa\u011flanabilir<br data-start=\"1098\" data-end=\"1101\" \/>- \u00c7oklu panel montajlar\u0131 i\u00e7in IGU'ya haz\u0131r lamine paneller ve e\u015fle\u015fen setler<\/p>\n<p data-start=\"1179\" data-end=\"1358\">Tipik Uygulamalar<br data-start=\"1199\" data-end=\"1202\" \/>Ofis b\u00f6lmeleri, toplant\u0131 odas\u0131 duvarlar\u0131, otel lobisi ekranlar\u0131, konut balkon camlar\u0131, vitrin pencereleri, i\u00e7 kap\u0131lar, merdiven korkuluklar\u0131, asans\u00f6r lobileri<\/p>\n<p data-start=\"1362\" data-end=\"1644\">Tedarik ve Destek<br data-start=\"1378\" data-end=\"1381\" \/>Fabrika Do\u011frudan Hacim \u00dcretimi, \u0130stikrarl\u0131 Teslimat S\u00fcresi ile Toplu Tedariki destekler. \u015eirket \u0130\u00e7i Kalite Kontrol ve Kalite \u0130zlenebilirli\u011fi uygulan\u0131r, \u0130hracat Ambalaj\u0131 \/ sand\u0131k ambalaj\u0131 mevcuttur; At\u00f6lye \u00c7izimi koordinasyonu sa\u011flanabilir. Standartlara uygunluk istek \u00fczerine mevcuttur.<\/p>","protected":false},"excerpt":{"rendered":"<p>Ara katman se\u00e7eneklerine sahip \u015feffaf lamine cam, g\u00fcvenli\u011fi koruma ile geli\u015fmi\u015f akustik konforu dengelemek i\u00e7in sipari\u015fe g\u00f6re boyutlarda tedarik edilir. Darbe direnci ve daha sakin ses seviyelerinin daha konforlu bir \u00e7al\u0131\u015fma alan\u0131 yaratmaya yard\u0131mc\u0131 oldu\u011fu ofis b\u00f6lmeleri ve toplant\u0131 odas\u0131 camlar\u0131 i\u00e7in yayg\u0131n bir se\u00e7imdir.<\/p>","protected":false},"featured_media":1160,"template":"","meta":{"_gspb_post_css":""},"product_brand":[],"product_cat":[30],"product_tag":[656,66,64,97,658,655,68,657,136,69,659],"class_list":{"0":"post-1136","1":"product","2":"type-product","3":"status-publish","4":"has-post-thumbnail","6":"product_cat-laminated-glass","7":"product_tag-acoustic-interlayer-glass","8":"product_tag-bulk-supply","9":"product_tag-custom-size","10":"product_tag-factory-direct","11":"product_tag-hotel-lobby-glass-screen","12":"product_tag-interlayer-options-bulk-clear-and-useful-laminated-glass","13":"product_tag-laminated-safety-glass","14":"product_tag-meeting-room-wall-glazing","15":"product_tag-office-partition-glass","16":"product_tag-pvb-interlayer","17":"product_tag-window-laminated-glass","19":"first","20":"instock","21":"shipping-taxable","22":"purchasable","23":"product-type-simple"},"_links":{"self":[{"href":"https:\/\/theinsulatedglass.com\/tr\/wp-json\/wp\/v2\/product\/1136","targetHints":{"allow":["GET"]}}],"collection":[{"href":"https:\/\/theinsulatedglass.com\/tr\/wp-json\/wp\/v2\/product"}],"about":[{"href":"https:\/\/theinsulatedglass.com\/tr\/wp-json\/wp\/v2\/types\/product"}],"wp:featuredmedia":[{"embeddable":true,"href":"https:\/\/theinsulatedglass.com\/tr\/wp-json\/wp\/v2\/media\/1160"}],"wp:attachment":[{"href":"https:\/\/theinsulatedglass.com\/tr\/wp-json\/wp\/v2\/media?parent=1136"}],"wp:term":[{"taxonomy":"product_brand","embeddable":true,"href":"https:\/\/theinsulatedglass.com\/tr\/wp-json\/wp\/v2\/product_brand?post=1136"},{"taxonomy":"product_cat","embeddable":true,"href":"https:\/\/theinsulatedglass.com\/tr\/wp-json\/wp\/v2\/product_cat?post=1136"},{"taxonomy":"product_tag","embeddable":true,"href":"https:\/\/theinsulatedglass.com\/tr\/wp-json\/wp\/v2\/product_tag?post=1136"}],"curies":[{"name":"wp","href":"https:\/\/api.w.org\/{rel}","templated":true}]}}