{"id":1161,"date":"2026-01-29T03:10:11","date_gmt":"2026-01-29T03:10:11","guid":{"rendered":"https:\/\/theinsulatedglass.com\/?post_type=product&#038;p=1161"},"modified":"2026-01-29T03:10:11","modified_gmt":"2026-01-29T03:10:11","slug":"custom-curtain-wall-laminated-glass-for-safety-use","status":"publish","type":"product","link":"https:\/\/theinsulatedglass.com\/tr\/custom-curtain-wall-laminated-glass-for-safety-use\/","title":{"rendered":"G\u00fcvenlik Kullan\u0131m\u0131 \u0130\u00e7in \u00d6zel Giydirme Cephe Lamine Cam"},"content":{"rendered":"<p data-start=\"63\" data-end=\"416\">Genel Bak\u0131\u015f<br data-start=\"71\" data-end=\"74\" \/>Sessiz i\u00e7 mekanlar cephede ba\u015flar ve lamine cam hem g\u00fcvenlik hem de konfor a\u00e7\u0131s\u0131ndan \u00f6nemli bir rol oynar. Giydirme cephe sistemleri i\u00e7in ara katman, k\u0131r\u0131k par\u00e7alar\u0131n yap\u0131\u015fmas\u0131n\u0131 sa\u011flarken ayn\u0131 zamanda monolitik cama k\u0131yasla ses zay\u0131flamas\u0131n\u0131 iyile\u015ftirir. Sonu\u00e7, daha sakin ofisleri, otelleri ve konut kulelerini destekleyen g\u00fcvenilir bir g\u00fcvenlik yap\u0131s\u0131d\u0131r.<\/p>\n<p data-start=\"420\" data-end=\"814\">Temel \u00d6zellikler<br data-start=\"432\" data-end=\"435\" \/>- K\u0131r\u0131lma sonras\u0131 tutuculuk i\u00e7in cam katlar\u0131n\u0131 bir ara katmanla birle\u015ftirin<br data-start=\"500\" data-end=\"503\" \/>- Daha iyi yolcu konforu i\u00e7in trafik ve \u015fehir g\u00fcr\u00fclt\u00fcs\u00fc iletimini azalt\u0131n<br data-start=\"577\" data-end=\"580\" \/>- Ba\u015f \u00fcst\u00fc veya kenar riskli b\u00f6lgeler i\u00e7in belirtildi\u011finde perde duvar g\u00fcvenlik performans\u0131n\u0131 g\u00fc\u00e7lendirin<br data-start=\"670\" data-end=\"673\" \/>- Kontroll\u00fc kenar kalitesi ve d\u00fczl\u00fck kontrolleri ile temiz g\u00f6r\u00fc\u015f hatlar\u0131 sa\u011flay\u0131n<br data-start=\"749\" data-end=\"752\" \/>- Kurum i\u00e7i kalite kontrol ve kalite izlenebilirli\u011fi yoluyla belge \u00e7\u0131kt\u0131s\u0131<\/p>\n<p data-start=\"818\" data-end=\"1249\">Se\u00e7enekler &amp; \u00d6zelle\u015ftirme<br data-start=\"841\" data-end=\"844\" \/>- Perde duvar mod\u00fcl\u00fc \u0131zgaralar\u0131na uymas\u0131 i\u00e7in Sipari\u015f \u00dczerine \u00dcretilen \/ \u00d6zel Boyutlu paneller<br data-start=\"915\" data-end=\"918\" \/>- Akustik ve yap\u0131sal se\u00e7enekler dahil olmak \u00fczere ara katman se\u00e7imleri istek \u00fczerine mevcuttur<br data-start=\"1005\" data-end=\"1008\" \/>- Daha y\u00fcksek g\u00fcvenlik beklentileri i\u00e7in iste\u011fe ba\u011fl\u0131 temperli + lamine konfig\u00fcrasyonlar<br data-start=\"1085\" data-end=\"1088\" \/>- Proje Spesifikasyonuna g\u00f6re sa\u011flanan kenar i\u015f\u00e7ili\u011fi, g\u00fcvenlik k\u00f6\u015feleri ve dolgu macunu dostu arrisler<br data-start=\"1170\" data-end=\"1173\" \/>- At\u00f6lye \u00c7izimi deste\u011fi ile koordine edilen delik\/yuva i\u015fleme ve \u00e7entik detaylar\u0131<\/p>\n<p data-start=\"1253\" data-end=\"1473\">Tipik Uygulamalar<br data-start=\"1273\" data-end=\"1276\" \/>Y\u00fcksek katl\u0131 giydirme cephe g\u00f6r\u00fc\u015f panelleri, podyum cepheleri, k\u00f6\u015fe birimleri, spandrel biti\u015fik g\u00fcvenlik camlar\u0131, atriyum cepheleri, merdiven bo\u015flu\u011fu giydirme cepheleri, otel misafir odas\u0131 cepheleri, konut kulesi cepheleri.<\/p>\n<p data-start=\"1477\" data-end=\"1736\">Tedarik ve Destek<br data-start=\"1493\" data-end=\"1496\" \/>A\u015famal\u0131 projeler ve tekrarlanan cepheler i\u00e7in istikrarl\u0131 teslim s\u00fcresi ile Hacimli \u00dcretim planlamas\u0131. Paneller denetlenir, izlenebilirlik i\u00e7in etiketlenir ve kenarlar\u0131 korumak i\u00e7in ihracata haz\u0131r Sand\u0131k Ambalaj\u0131 ile paketlenir. Standartlara uygunluk istek \u00fczerine mevcuttur.<\/p>","protected":false},"excerpt":{"rendered":"<p>Lamine giydirme cephe cam\u0131, akustik konforu art\u0131r\u0131rken k\u0131r\u0131lmadan sonra par\u00e7alar\u0131 ba\u011fl\u0131 tutmak i\u00e7in bir ara katman kullan\u0131r. Y\u00fcksek katl\u0131 giydirme cephe g\u00f6r\u00fc\u015f alanlar\u0131, podyum cepheleri ve di\u011fer g\u00fcvenlik a\u00e7\u0131s\u0131ndan kritik d\u0131\u015f camlama b\u00f6lgeleri i\u00e7in at\u00f6lye \u00e7izimi koordinasyonlu sipari\u015f \u00fczerine \u00fcretilen paneller tedarik edilir.<\/p>","protected":false},"featured_media":1173,"template":"","meta":{"_gspb_post_css":""},"product_brand":[],"product_cat":[40],"product_tag":[237,66,696,64,697,698,695,68,65,238,694],"class_list":{"0":"post-1161","1":"product","2":"type-product","3":"status-publish","4":"has-post-thumbnail","6":"product_cat-project-application-glass","7":"product_tag-acoustic-pvb-interlayer","8":"product_tag-bulk-supply","9":"product_tag-curtain-wall-vision-panel-glass","10":"product_tag-custom-size","11":"product_tag-facade-glazing-panels","12":"product_tag-high-rise-window-wall-glazing","13":"product_tag-igu-curtain-wall-option","14":"product_tag-laminated-safety-glass","15":"product_tag-shop-drawing-support","16":"product_tag-tempered-laminated-glass","17":"product_tag-useful-curtain-wall-laminated-glass-for-safety-use","19":"first","20":"instock","21":"shipping-taxable","22":"purchasable","23":"product-type-simple"},"_links":{"self":[{"href":"https:\/\/theinsulatedglass.com\/tr\/wp-json\/wp\/v2\/product\/1161","targetHints":{"allow":["GET"]}}],"collection":[{"href":"https:\/\/theinsulatedglass.com\/tr\/wp-json\/wp\/v2\/product"}],"about":[{"href":"https:\/\/theinsulatedglass.com\/tr\/wp-json\/wp\/v2\/types\/product"}],"wp:featuredmedia":[{"embeddable":true,"href":"https:\/\/theinsulatedglass.com\/tr\/wp-json\/wp\/v2\/media\/1173"}],"wp:attachment":[{"href":"https:\/\/theinsulatedglass.com\/tr\/wp-json\/wp\/v2\/media?parent=1161"}],"wp:term":[{"taxonomy":"product_brand","embeddable":true,"href":"https:\/\/theinsulatedglass.com\/tr\/wp-json\/wp\/v2\/product_brand?post=1161"},{"taxonomy":"product_cat","embeddable":true,"href":"https:\/\/theinsulatedglass.com\/tr\/wp-json\/wp\/v2\/product_cat?post=1161"},{"taxonomy":"product_tag","embeddable":true,"href":"https:\/\/theinsulatedglass.com\/tr\/wp-json\/wp\/v2\/product_tag?post=1161"}],"curies":[{"name":"wp","href":"https:\/\/api.w.org\/{rel}","templated":true}]}}