{"id":1164,"date":"2026-01-29T03:09:51","date_gmt":"2026-01-29T03:09:51","guid":{"rendered":"https:\/\/theinsulatedglass.com\/?post_type=product&#038;p=1164"},"modified":"2026-01-29T03:09:51","modified_gmt":"2026-01-29T03:09:51","slug":"blast-mitigation-glass-enhanced-retention-for-safety-use","status":"publish","type":"product","link":"https:\/\/theinsulatedglass.com\/tr\/blast-mitigation-glass-enhanced-retention-for-safety-use\/","title":{"rendered":"G\u00fcvenlik Kullan\u0131m\u0131 \u0130\u00e7in Patlama Azaltma Cam\u0131 Geli\u015ftirilmi\u015f Tutma"},"content":{"rendered":"<p data-start=\"69\" data-end=\"362\">Genel Bak\u0131\u015f<br data-start=\"77\" data-end=\"80\" \/>\u0130\u015fgal alt\u0131ndaki sahalarda genellikle insanlar\u0131 kapal\u0131 alan hissi vermeden koruyan g\u00fcvenlik camlar\u0131na ihtiya\u00e7 duyulur. Geli\u015ftirilmi\u015f tutuculu\u011fa sahip patlama azalt\u0131c\u0131 cam, y\u00fcksek bas\u0131n\u00e7l\u0131 bir olaydan sonra daha uzun s\u00fcre bir arada kalacak \u015fekilde tasarlanm\u0131\u015ft\u0131r ve kullan\u0131labilir g\u00f6r\u00fcn\u00fcrl\u00fc\u011f\u00fc korurken i\u00e7 d\u00f6k\u00fcnt\u00fcleri s\u0131n\u0131rlamaya yard\u0131mc\u0131 olur.<\/p>\n<p data-start=\"366\" data-end=\"780\">Temel \u00d6zellikler<br data-start=\"378\" data-end=\"381\" \/>- \u0130\u015fgal edilen alanlara cam serpintisini azaltmak i\u00e7in k\u0131r\u0131lma sonras\u0131 tutmaya \u00f6ncelik verin<br data-start=\"461\" data-end=\"464\" \/>- G\u00fcnl\u00fck konfor i\u00e7in g\u00fcvenlik performans\u0131n\u0131 net g\u00f6r\u00fcn\u00fcmle dengeleyin<br data-start=\"535\" data-end=\"538\" \/>- Belirtildi\u011finde temperlenmi\u015f katlar i\u00e7erebilen katmanl\u0131 yap\u0131lar\u0131 destekleyin<br data-start=\"613\" data-end=\"616\" \/>- Cam tutmay\u0131 uyumlu \u00e7er\u00e7eveleme uygulamalar\u0131yla e\u015fle\u015ftirerek \u00e7evre b\u00fct\u00fcnl\u00fc\u011f\u00fcn\u00fc iyile\u015ftirin<br data-start=\"706\" data-end=\"709\" \/>- Rutin temizli\u011fe uygun y\u00fczeylerle servis verilebilirli\u011fi koruyun<\/p>\n<p data-start=\"784\" data-end=\"1223\">Se\u00e7enekler &amp; \u00d6zelle\u015ftirme<br data-start=\"807\" data-end=\"810\" \/>- Proje Spesifikasyonundan, eskizlerden veya numunelerden Sipari\u015f \u00dczerine \u00dcretilen boyutlar ve \u015fekiller<br data-start=\"882\" data-end=\"885\" \/>- Ara katman se\u00e7imleri istek \u00fczerine mevcuttur (standart, akustik, yap\u0131sal se\u00e7enekler)<br data-start=\"970\" data-end=\"973\" \/>- Gerekti\u011fi gibi lamine cam, \u0131s\u0131l i\u015flem g\u00f6rm\u00fc\u015f lite veya IGU'ya haz\u0131r \u00fcniteleri birle\u015ftiren yap\u0131lar<br data-start=\"1062\" data-end=\"1065\" \/>- Kenar bitirme, delikler ve kesikler donan\u0131m ve mullionlarla e\u015fle\u015fecek \u015fekilde sunulur<br data-start=\"1140\" data-end=\"1143\" \/>- Talep \u00fczerine iste\u011fe ba\u011fl\u0131 gizlilik veya parlama kontrol\u00fc eklentileri (filmler, fritler, kaplamalar)<\/p>\n<p data-start=\"1227\" data-end=\"1458\">Tipik Uygulamalar<br data-start=\"1247\" data-end=\"1250\" \/>Ofis kamp\u00fcs lobileri, otel resepsiyon camlar\u0131, g\u00fcvenlik pencereleri, bek\u00e7i kabinleri, devlet tesisleri, veri merkezi \u00e7evre camlar\u0131, kontrol odalar\u0131, ula\u015f\u0131m terminalleri, kritik altyap\u0131 binalar\u0131<\/p>\n<p data-start=\"1462\" data-end=\"1742\">Tedarik ve Destek<br data-start=\"1478\" data-end=\"1481\" \/>\u015eirket \u0130\u00e7i Kalite Kontrol ile Fabrika Do\u011frudan tedariki, \u0130stikrarl\u0131 bir Teslimat S\u00fcresinde Toplu Tedarik programlar\u0131n\u0131 destekler. Kurulum aray\u00fczleri i\u00e7in \u00c7izim Deste\u011fi ve at\u00f6lye \u00e7izimi koordinasyonu ile \u0130hracat Ambalaj\u0131 \/ Sand\u0131k Ambalaj\u0131 mevcuttur. Standartlara uygunluk istek \u00fczerine mevcuttur.<\/p>","protected":false},"excerpt":{"rendered":"<p>Geli\u015ftirilmi\u015f tutuculu patlama azaltma cam\u0131, bas\u0131n\u00e7 olaylar\u0131ndan sonra par\u00e7alar\u0131n ba\u011flanmas\u0131na ve i\u00e7 mekan tehlikelerinin azalt\u0131lmas\u0131na yard\u0131mc\u0131 olmak i\u00e7in sipari\u015f \u00fczerine yap\u0131lan birikimler halinde tedarik edilir. Ofislerde, otellerde ve kritik tesislerde g\u00fcvenlik pencereleri ve halka a\u00e7\u0131k lobi camlar\u0131 i\u00e7in yayg\u0131n olarak kullan\u0131l\u0131r.<\/p>","protected":false},"featured_media":1189,"template":"","meta":{"_gspb_post_css":""},"product_brand":[],"product_cat":[29],"product_tag":[678,66,104,64,97,483,679,366,681,103,680,72],"class_list":{"0":"post-1164","1":"product","2":"type-product","3":"status-publish","4":"has-post-thumbnail","6":"product_cat-safety-glass-series","7":"product_tag-blast-mitigation-glass-enhanced-retention-for-safety-use","8":"product_tag-bulk-supply","9":"product_tag-control-room-glazing","10":"product_tag-custom-size","11":"product_tag-factory-direct","12":"product_tag-guard-booth-glass","13":"product_tag-laminated-blast-mitigation-glass","14":"product_tag-made-to-order","15":"product_tag-public-lobby-glazing","16":"product_tag-security-window-glazing","17":"product_tag-structural-interlayer","18":"product_tag-tempered-ply-option","20":"first","21":"instock","22":"shipping-taxable","23":"purchasable","24":"product-type-simple"},"_links":{"self":[{"href":"https:\/\/theinsulatedglass.com\/tr\/wp-json\/wp\/v2\/product\/1164","targetHints":{"allow":["GET"]}}],"collection":[{"href":"https:\/\/theinsulatedglass.com\/tr\/wp-json\/wp\/v2\/product"}],"about":[{"href":"https:\/\/theinsulatedglass.com\/tr\/wp-json\/wp\/v2\/types\/product"}],"wp:featuredmedia":[{"embeddable":true,"href":"https:\/\/theinsulatedglass.com\/tr\/wp-json\/wp\/v2\/media\/1189"}],"wp:attachment":[{"href":"https:\/\/theinsulatedglass.com\/tr\/wp-json\/wp\/v2\/media?parent=1164"}],"wp:term":[{"taxonomy":"product_brand","embeddable":true,"href":"https:\/\/theinsulatedglass.com\/tr\/wp-json\/wp\/v2\/product_brand?post=1164"},{"taxonomy":"product_cat","embeddable":true,"href":"https:\/\/theinsulatedglass.com\/tr\/wp-json\/wp\/v2\/product_cat?post=1164"},{"taxonomy":"product_tag","embeddable":true,"href":"https:\/\/theinsulatedglass.com\/tr\/wp-json\/wp\/v2\/product_tag?post=1164"}],"curies":[{"name":"wp","href":"https:\/\/api.w.org\/{rel}","templated":true}]}}