{"id":1203,"date":"2026-01-29T03:32:52","date_gmt":"2026-01-29T03:32:52","guid":{"rendered":"https:\/\/theinsulatedglass.com\/?post_type=product&#038;p=1203"},"modified":"2026-01-29T03:32:53","modified_gmt":"2026-01-29T03:32:53","slug":"factory-direct-bulk-supply-multi-layer-ballistic-glass","status":"publish","type":"product","link":"https:\/\/theinsulatedglass.com\/tr\/factory-direct-bulk-supply-multi-layer-ballistic-glass\/","title":{"rendered":"Fabrika Do\u011frudan Toplu Tedarik \u00c7ok Katmanl\u0131 Balistik Cam"},"content":{"rendered":"<p data-start=\"67\" data-end=\"351\">Genel Bak\u0131\u015f<br data-start=\"75\" data-end=\"78\" \/>G\u00fcvenlik camlar\u0131, bir binay\u0131 karanl\u0131k ve rahats\u0131z edici bir kutuya d\u00f6n\u00fc\u015ft\u00fcrmeden insanlar\u0131 korumal\u0131d\u0131r. \u00c7ok katmanl\u0131 balistik cam, lamine katmanlar\u0131 pencere ve cephe sistemlerinde kullan\u0131ld\u0131\u011f\u0131nda daha istikrarl\u0131 i\u00e7 mekan konforunu destekleyecek \u015fekilde yap\u0131land\u0131r\u0131labilen \u015feffaf bir bariyerde birle\u015ftirir.<\/p>\n<p data-start=\"355\" data-end=\"807\">Temel \u00d6zellikler<br data-start=\"367\" data-end=\"370\" \/>- Koruyucu cam i\u00e7in tasarlanm\u0131\u015f \u00e7ok katmanl\u0131 lamine yap\u0131 sayesinde darbelere kar\u015f\u0131 dayan\u0131kl\u0131d\u0131r<br data-start=\"455\" data-end=\"458\" \/>- \u0130\u015fleme s\u0131ras\u0131nda kontroll\u00fc pus ve bozulma y\u00f6netimi ile net g\u00f6r\u00fc\u015f sa\u011flay\u0131n<br data-start=\"547\" data-end=\"550\" \/>- Bir i\u00e7 kalkan katman\u0131 belirtildi\u011finde korunan tarafta par\u00e7alanma riskini azalt\u0131n<br data-start=\"631\" data-end=\"634\" \/>- \u0130yi haz\u0131rlanm\u0131\u015f kenarlar ve laminasyon kontrol\u00fc ile \u00e7evre s\u0131zd\u0131rmazl\u0131k performans\u0131n\u0131 destekleyin<br data-start=\"721\" data-end=\"724\" \/>- S\u0131k temizlik ve kullan\u0131m ile personelli alanlarda uzun hizmet dayan\u0131kl\u0131l\u0131\u011f\u0131 sa\u011flay\u0131n<\/p>\n<p data-start=\"811\" data-end=\"1279\">Se\u00e7enekler &amp; \u00d6zelle\u015ftirme<br data-start=\"834\" data-end=\"837\" \/>- Proje Spesifikasyonlar\u0131na, \u00e7izimlere veya \u015fablonlara g\u00f6re \u00d6zel Boyut \/ Sipari\u015f \u00dczerine \u00dcretilen paneller<br data-start=\"914\" data-end=\"917\" \/>- Tehdit ve kurulum gereksinimlerine uymas\u0131 i\u00e7in talep \u00fczerine sunulan yap\u0131lar ve katman se\u00e7imleri<br data-start=\"1014\" data-end=\"1017\" \/>- Tasar\u0131m amac\u0131na ba\u011fl\u0131 olarak iste\u011fe ba\u011fl\u0131 polikarbonat i\u00e7 kat veya sadece cam laminatlar<br data-start=\"1100\" data-end=\"1103\" \/>- Daha iyi konfor i\u00e7in talep \u00fczerine IGU'ya haz\u0131r konfig\u00fcrasyonlar ve Low-E e\u015fle\u015ftirmeleri mevcuttur<br data-start=\"1188\" data-end=\"1191\" \/>- Kenar i\u015fleri, k\u00f6\u015fe yar\u0131\u00e7aplar\u0131 ve kesikler fizibilite ve donan\u0131m aray\u00fczleri i\u00e7in g\u00f6zden ge\u00e7irildi<\/p>\n<p data-start=\"1283\" data-end=\"1508\">Tipik Uygulamalar<br data-start=\"1303\" data-end=\"1306\" \/>Banka vezne pencereleri, i\u015flem bankolar\u0131, bek\u00e7i kabinleri, g\u00fcvenlik resepsiyon camlar\u0131, devlet tesisi pencereleri, el\u00e7ilik\/konsolosluk a\u00e7\u0131kl\u0131klar\u0131, veri merkezi g\u00f6r\u00fcnt\u00fcleme pencereleri, y\u00fcksek de\u011ferli perakende vitrinleri<\/p>\n<p data-start=\"1512\" data-end=\"1833\">Tedarik ve Destek<br data-start=\"1528\" data-end=\"1531\" \/>Fabrika Do\u011frudan Hacim \u00dcretimi, program sipari\u015fleri i\u00e7in \u0130stikrarl\u0131 bir Teslimat S\u00fcresi ile Toplu Tedariki destekler. Kalite \u0130zlenebilirli\u011fi ile \u015eirket \u0130\u00e7i Kalite Kontrol uygulan\u0131r ve \u0130hracat Ambalaj\u0131 \/ Kasa Ambalaj\u0131 d\u00fczenlenebilir; \u00c7izim Deste\u011fi \/ At\u00f6lye \u00c7izimi koordinasyonu mevcuttur. Standartlara uygunluk istek \u00fczerine mevcuttur.<\/p>","protected":false},"excerpt":{"rendered":"<p>\u00c7ok katmanl\u0131 balistik cam, lamine katman b\u00fct\u00fcnl\u00fc\u011f\u00fc ve kontroll\u00fc kenar kalitesi ile net bir koruyucu bariyer sa\u011flamak i\u00e7in sipari\u015fe g\u00f6re boyutlarda tedarik edilir. Genellikle g\u00fcvenlik ve g\u00fcvenilir g\u00fcnl\u00fck konforun birlikte \u00e7al\u0131\u015fmas\u0131 gereken banka vezne pencereleri ve bek\u00e7i kul\u00fcbesi camlar\u0131 i\u00e7in belirlenir.<\/p>","protected":false},"featured_media":1222,"template":"","meta":{"_gspb_post_css":""},"product_brand":[],"product_cat":[32],"product_tag":[590,66,64,714,429,718,715,486,716,717,103],"class_list":{"0":"post-1203","1":"product","2":"type-product","3":"status-publish","4":"has-post-thumbnail","6":"product_cat-bulletproof-glass","7":"product_tag-bank-teller-window-glass","8":"product_tag-bulk-supply","9":"product_tag-custom-size","10":"product_tag-factory-direct-bulk-supply-multi-layer-ballistic-glass","11":"product_tag-guard-booth-glazing","12":"product_tag-igu-ready-security-glass","13":"product_tag-laminated-ballistic-glass","14":"product_tag-low-e-pairing-option","15":"product_tag-multi-layer-laminate-glazing","16":"product_tag-polycarbonate-inner-layer-option","17":"product_tag-security-window-glazing","19":"first","20":"instock","21":"shipping-taxable","22":"purchasable","23":"product-type-simple"},"_links":{"self":[{"href":"https:\/\/theinsulatedglass.com\/tr\/wp-json\/wp\/v2\/product\/1203","targetHints":{"allow":["GET"]}}],"collection":[{"href":"https:\/\/theinsulatedglass.com\/tr\/wp-json\/wp\/v2\/product"}],"about":[{"href":"https:\/\/theinsulatedglass.com\/tr\/wp-json\/wp\/v2\/types\/product"}],"wp:featuredmedia":[{"embeddable":true,"href":"https:\/\/theinsulatedglass.com\/tr\/wp-json\/wp\/v2\/media\/1222"}],"wp:attachment":[{"href":"https:\/\/theinsulatedglass.com\/tr\/wp-json\/wp\/v2\/media?parent=1203"}],"wp:term":[{"taxonomy":"product_brand","embeddable":true,"href":"https:\/\/theinsulatedglass.com\/tr\/wp-json\/wp\/v2\/product_brand?post=1203"},{"taxonomy":"product_cat","embeddable":true,"href":"https:\/\/theinsulatedglass.com\/tr\/wp-json\/wp\/v2\/product_cat?post=1203"},{"taxonomy":"product_tag","embeddable":true,"href":"https:\/\/theinsulatedglass.com\/tr\/wp-json\/wp\/v2\/product_tag?post=1203"}],"curies":[{"name":"wp","href":"https:\/\/api.w.org\/{rel}","templated":true}]}}