{"id":1204,"date":"2026-01-29T03:32:50","date_gmt":"2026-01-29T03:32:50","guid":{"rendered":"https:\/\/theinsulatedglass.com\/?post_type=product&#038;p=1204"},"modified":"2026-01-29T03:32:50","modified_gmt":"2026-01-29T03:32:50","slug":"useful-patterned-igu-optiond-for-decorative-use","status":"publish","type":"product","link":"https:\/\/theinsulatedglass.com\/tr\/useful-patterned-igu-optiond-for-decorative-use\/","title":{"rendered":"Dekoratif Kullan\u0131m \u0130\u00e7in Kullan\u0131\u015fl\u0131 Desenli IGU Se\u00e7ene\u011fi"},"content":{"rendered":"<p data-start=\"60\" data-end=\"330\">Genel Bak\u0131\u015f<br data-start=\"68\" data-end=\"71\" \/>S\u0131zd\u0131rmaz bir IGU i\u00e7indeki desenli litler, \u00fcniteyi g\u00fcnl\u00fck bina kullan\u0131m\u0131 i\u00e7in esnek tutarken dekoratif dif\u00fczyon sa\u011flar. Yal\u0131t\u0131ml\u0131 yap\u0131, performans\u0131n dengelenmesine yard\u0131mc\u0131 olur ve dokulu y\u00fczey, a\u00e7\u0131kta kalan yerlerde dayan\u0131kl\u0131l\u0131ktan \u00f6d\u00fcn vermeden gizlilik sa\u011flar.<\/p>\n<p data-start=\"334\" data-end=\"748\">Temel \u00d6zellikler<br data-start=\"346\" data-end=\"349\" \/>- Yal\u0131t\u0131ml\u0131 cam \u00fcnitesi yap\u0131s\u0131 kullanarak hizmet i\u00e7i g\u00fcvenilirli\u011fi g\u00fc\u00e7lendirin<br data-start=\"429\" data-end=\"432\" \/>- Proje i\u00e7in temperli katlar belirlendi\u011finde g\u00fcvenlik potansiyelini art\u0131r\u0131n<br data-start=\"509\" data-end=\"512\" \/>- K\u00fc\u00e7\u00fck lekeleri gizleyen desenli y\u00fczeyler ile uzun s\u00fcreli g\u00f6r\u00fcn\u00fcm\u00fc koruyun<br data-start=\"591\" data-end=\"594\" \/>- Kontroll\u00fc birim karesi ve kenar kalitesi sayesinde \u00e7er\u00e7eve sa\u011flaml\u0131\u011f\u0131n\u0131 destekleyin<br data-start=\"670\" data-end=\"673\" \/>- Do\u011frudan parlamay\u0131 ve sert yans\u0131malar\u0131 azaltarak yolcu konforunu art\u0131r\u0131n<\/p>\n<p data-start=\"752\" data-end=\"1167\">Se\u00e7enekler &amp; \u00d6zelle\u015ftirme<br data-start=\"775\" data-end=\"778\" \/>- \u00d6zel Boyut \/ Proje Spesifikasyonu, numune veya \u0130malat \u00c7izimine g\u00f6re Sipari\u015f \u00dczerine \u00dcretilir<br data-start=\"849\" data-end=\"852\" \/>- \u0130stek \u00fczerine desen se\u00e7enekleri ve y\u00f6nlendirme mevcuttur (belirsiz, sazl\u0131, vb.)<br data-start=\"930\" data-end=\"933\" \/>- D\u00fc\u015f\u00fck demirli veya renkli refakat\u00e7iler, ayr\u0131ca gerekti\u011fi gibi temperli ve lamine se\u00e7enekler<br data-start=\"1013\" data-end=\"1016\" \/>- Saha ko\u015fullar\u0131na uygun olarak sunulan ara par\u00e7a, gaz dolgusu ve s\u0131zd\u0131rmazl\u0131k maddesi konfig\u00fcrasyonlar\u0131<br data-start=\"1094\" data-end=\"1097\" \/>- Talep \u00fczerine kenar silme, muntin d\u00fczenleri ve g\u00f6rsel e\u015fle\u015ftirme setleri<\/p>\n<p data-start=\"1171\" data-end=\"1389\">Tipik Uygulamalar<br data-start=\"1191\" data-end=\"1194\" \/>Merdiven bo\u015flu\u011fu camlar\u0131, dekoratif perde duvar g\u00f6r\u00fc\u015f panelleri, lobi \u00f6zellik pencereleri, koridor yan ayd\u0131nlatmalar\u0131, banyo d\u0131\u015f pencereleri, giri\u015f kap\u0131s\u0131 camlar\u0131, cephe gizlilik bantlar\u0131, i\u00e7 atriyum perdeleri<\/p>\n<p data-start=\"1393\" data-end=\"1700\">Tedarik ve Destek<br data-start=\"1409\" data-end=\"1412\" \/>Do\u011frudan Fabrika \u00fcretimi, tekrarlanan programlar i\u00e7in \u0130stikrarl\u0131 bir Teslimat S\u00fcresi ile Toplu Tedariki destekler. \u015eirket \u0130\u00e7i Kalite Kontrol ve Kalite \u0130zlenebilirli\u011fi uygulan\u0131r, aray\u00fcz incelemesi i\u00e7in \u00c7izim Deste\u011fi mevcuttur; \u0130hracat Ambalaj\u0131 \/ Kasa Ambalaj\u0131 d\u00fczenlenebilir. Standartlara uygunluk istek \u00fczerine mevcuttur.<\/p>","protected":false},"excerpt":{"rendered":"<p>Desenli IGU \u00fcniteleri, zaman i\u00e7inde dayan\u0131kl\u0131 gizlilik ve g\u00fcvenilir sa\u011flaml\u0131k sa\u011flamak i\u00e7in dokulu bir lite ile yal\u0131t\u0131ml\u0131 bir cam yap\u0131s\u0131n\u0131 birle\u015ftirir. Da\u011f\u0131n\u0131k \u0131\u015f\u0131k ve sa\u011flaml\u0131\u011f\u0131n \u00f6nemli oldu\u011fu merdiven bo\u015flu\u011fu pencereleri ve dekoratif perde duvar g\u00f6r\u00fc\u015f alanlar\u0131 i\u00e7in pop\u00fcler bir se\u00e7imdir.<\/p>","protected":false},"featured_media":1228,"template":"","meta":{"_gspb_post_css":""},"product_brand":[],"product_cat":[34],"product_tag":[66,64,710,97,707,709,712,706,713,711,708,705],"class_list":{"0":"post-1204","1":"product","2":"type-product","3":"status-publish","4":"has-post-thumbnail","6":"product_cat-decorative-special-glass","7":"product_tag-bulk-supply","8":"product_tag-custom-size","9":"product_tag-decorative-curtain-wall-glass","10":"product_tag-factory-direct","11":"product_tag-igu-double-glazing","12":"product_tag-laminated-igu-option","13":"product_tag-lobby-feature-windows","14":"product_tag-patterned-insulated-glass-unit","15":"product_tag-privacy-patterned-glass","16":"product_tag-stairwell-window-glazing","17":"product_tag-tempered-igu-option","18":"product_tag-useful-patterned-igu-optiond-for-decorative-use","20":"first","21":"instock","22":"shipping-taxable","23":"purchasable","24":"product-type-simple"},"_links":{"self":[{"href":"https:\/\/theinsulatedglass.com\/tr\/wp-json\/wp\/v2\/product\/1204","targetHints":{"allow":["GET"]}}],"collection":[{"href":"https:\/\/theinsulatedglass.com\/tr\/wp-json\/wp\/v2\/product"}],"about":[{"href":"https:\/\/theinsulatedglass.com\/tr\/wp-json\/wp\/v2\/types\/product"}],"wp:featuredmedia":[{"embeddable":true,"href":"https:\/\/theinsulatedglass.com\/tr\/wp-json\/wp\/v2\/media\/1228"}],"wp:attachment":[{"href":"https:\/\/theinsulatedglass.com\/tr\/wp-json\/wp\/v2\/media?parent=1204"}],"wp:term":[{"taxonomy":"product_brand","embeddable":true,"href":"https:\/\/theinsulatedglass.com\/tr\/wp-json\/wp\/v2\/product_brand?post=1204"},{"taxonomy":"product_cat","embeddable":true,"href":"https:\/\/theinsulatedglass.com\/tr\/wp-json\/wp\/v2\/product_cat?post=1204"},{"taxonomy":"product_tag","embeddable":true,"href":"https:\/\/theinsulatedglass.com\/tr\/wp-json\/wp\/v2\/product_tag?post=1204"}],"curies":[{"name":"wp","href":"https:\/\/api.w.org\/{rel}","templated":true}]}}