{"id":1236,"date":"2026-01-29T03:59:10","date_gmt":"2026-01-29T03:59:10","guid":{"rendered":"https:\/\/theinsulatedglass.com\/?post_type=product&#038;p=1236"},"modified":"2026-01-29T03:59:11","modified_gmt":"2026-01-29T03:59:11","slug":"easy-clean-option-factory-direct-coated-glass","status":"publish","type":"product","link":"https:\/\/theinsulatedglass.com\/tr\/easy-clean-option-factory-direct-coated-glass\/","title":{"rendered":"Kolay Temizlik Se\u00e7ene\u011fi Fabrika Do\u011frudan Kaplamal\u0131 Cam"},"content":{"rendered":"<p data-start=\"60\" data-end=\"341\">Genel Bak\u0131\u015f<br data-start=\"68\" data-end=\"71\" \/>Temiz g\u00f6r\u00fcnen bir y\u00fczey tasar\u0131m\u0131n bir par\u00e7as\u0131d\u0131r, sonradan d\u00fc\u015f\u00fcn\u00fclm\u00fc\u015f bir \u015fey de\u011fildir. Kolay Temizlik Se\u00e7ene\u011fi Fabrika Do\u011frudan Kaplamal\u0131 Cam, g\u00f6r\u00fcn\u00fcr su izlerini ve kullan\u0131m lekelerini azaltmaya yard\u0131mc\u0131 olan dayan\u0131kl\u0131 bir i\u015flevsel kaplama ekleyerek g\u00fcnl\u00fck kullan\u0131mda netli\u011fi ve rengi daha tutarl\u0131 tutar.<\/p>\n<p data-start=\"345\" data-end=\"359\">Temel \u00d6zellikler<\/p>\n<p data-start=\"362\" data-end=\"422\">Rutin temizlik d\u00f6ng\u00fclerini k\u0131saltmak i\u00e7in kal\u0131nt\u0131 birikimini \u00f6nler<\/p>\n<p data-start=\"425\" data-end=\"486\">Y\u00fcksek \u0131\u015f\u0131k ge\u00e7irgenli\u011fini ve net bir g\u00f6rselli\u011fi korur<\/p>\n<p data-start=\"489\" data-end=\"562\">Sert su ko\u015fullar\u0131nda dikey kurulumlarda \u00e7izgilenmeyi azalt\u0131r<\/p>\n<p data-start=\"565\" data-end=\"638\">Cam g\u00f6r\u00fcn\u00fcm\u00fcn\u00fc de\u011fi\u015ftirmeden \u00e7ok dokunulan b\u00f6lgelerdeki g\u00f6r\u00fcn\u00fcm\u00fc korur<\/p>\n<p data-start=\"641\" data-end=\"706\">\u0130\u00e7 ve d\u0131\u015f camlar i\u00e7in uzun s\u00fcreli esteti\u011fi destekler<\/p>\n<p data-start=\"710\" data-end=\"735\">Se\u00e7enekler &amp; \u00d6zelle\u015ftirme<\/p>\n<p data-start=\"738\" data-end=\"806\">Kalk\u0131\u015f listenize g\u00f6re \u00d6zel Boyutta kesim ve Sipari\u015fe G\u00f6re \u015eekiller<\/p>\n<p data-start=\"809\" data-end=\"881\">Proje spesifikasyonuna ve imalat resmine g\u00f6re tan\u0131mlanan kaplama konumu\/y\u00f6nlendirmesi<\/p>\n<p data-start=\"884\" data-end=\"944\">Gerekti\u011finde temperli veya lamine konfig\u00fcrasyonlar mevcuttur<\/p>\n<p data-start=\"947\" data-end=\"1023\">Ba\u011flant\u0131 par\u00e7alar\u0131 ve donan\u0131m i\u00e7in talep \u00fczerine sa\u011flanan kenar i\u015fleri, delikler ve \u00e7entikler<\/p>\n<p data-start=\"1026\" data-end=\"1094\">\u00d6zel etiket kartonlar\u0131 ve tan\u0131mlama i\u015faretleri i\u00e7in OEM\/ODM hizmeti<\/p>\n<p data-start=\"1098\" data-end=\"1266\">Tipik Uygulamalar<br data-start=\"1118\" data-end=\"1121\" \/>Du\u015f kap\u0131lar\u0131, banyo perdeleri, balkon korkuluklar\u0131, havuz \u00e7itleri, \u00e7at\u0131 pencereleri, cephe spandrel alanlar\u0131, perde duvar g\u00f6r\u00fc\u015f panelleri, cam kanopiler<\/p>\n<p data-start=\"1270\" data-end=\"1513\">Tedarik ve Destek<br data-start=\"1286\" data-end=\"1289\" \/>A\u015famal\u0131 teslimatlar i\u00e7in h\u0131zl\u0131 teslimat s\u00fcresi planlamas\u0131 ile Fabrika Do\u011frudan toplu tedarik. Kalite izlenebilirli\u011fi ile \u015firket i\u00e7i kalite kontrol, ayr\u0131ca transit koruma i\u00e7in ihracat ambalaj\u0131 ve sand\u0131k ambalaj\u0131. Talep \u00fczerine standartlara uygunluk.<\/p>","protected":false},"excerpt":{"rendered":"<p>Cam\u0131n temizlikler aras\u0131nda daha parlak g\u00f6r\u00fcnmesini sa\u011flamak i\u00e7in tasarlanan bu kolay temizlenen kaplamal\u0131 cam, y\u00fcksek \u015feffafl\u0131\u011f\u0131 korurken su ve kal\u0131nt\u0131lar\u0131n daha kolay \u00e7\u0131kmas\u0131na yard\u0131mc\u0131 olur. G\u00f6r\u00fcn\u00fcm ve bak\u0131m s\u00fcresinin kritik oldu\u011fu du\u015f kap\u0131lar\u0131 ve banyo paravanlar\u0131 i\u00e7in pop\u00fcler bir se\u00e7imdir.<\/p>","protected":false},"featured_media":1254,"template":"","meta":{"_gspb_post_css":""},"product_brand":[],"product_cat":[24],"product_tag":[66,721,62,64,749,750,748,753,752,246,529,751],"class_list":{"0":"post-1236","1":"product","2":"type-product","3":"status-publish","4":"has-post-thumbnail","6":"product_cat-architectural-energy-saving-glass","7":"product_tag-bulk-supply","8":"product_tag-coated-float-glass","9":"product_tag-curtain-wall-glazing","10":"product_tag-custom-size","11":"product_tag-easy-clean-coated-glass","12":"product_tag-easy-clean-coating-option","13":"product_tag-easy-clean-option-factory-direct-coated-glass","14":"product_tag-igu-compatible-coated-glass","15":"product_tag-laminated-coated-glass-option","16":"product_tag-shower-door-glass","17":"product_tag-skylight-glass","18":"product_tag-tempered-coated-glass-option","20":"first","21":"instock","22":"shipping-taxable","23":"purchasable","24":"product-type-simple"},"_links":{"self":[{"href":"https:\/\/theinsulatedglass.com\/tr\/wp-json\/wp\/v2\/product\/1236","targetHints":{"allow":["GET"]}}],"collection":[{"href":"https:\/\/theinsulatedglass.com\/tr\/wp-json\/wp\/v2\/product"}],"about":[{"href":"https:\/\/theinsulatedglass.com\/tr\/wp-json\/wp\/v2\/types\/product"}],"wp:featuredmedia":[{"embeddable":true,"href":"https:\/\/theinsulatedglass.com\/tr\/wp-json\/wp\/v2\/media\/1254"}],"wp:attachment":[{"href":"https:\/\/theinsulatedglass.com\/tr\/wp-json\/wp\/v2\/media?parent=1236"}],"wp:term":[{"taxonomy":"product_brand","embeddable":true,"href":"https:\/\/theinsulatedglass.com\/tr\/wp-json\/wp\/v2\/product_brand?post=1236"},{"taxonomy":"product_cat","embeddable":true,"href":"https:\/\/theinsulatedglass.com\/tr\/wp-json\/wp\/v2\/product_cat?post=1236"},{"taxonomy":"product_tag","embeddable":true,"href":"https:\/\/theinsulatedglass.com\/tr\/wp-json\/wp\/v2\/product_tag?post=1236"}],"curies":[{"name":"wp","href":"https:\/\/api.w.org\/{rel}","templated":true}]}}