{"id":1266,"date":"2026-01-29T06:34:43","date_gmt":"2026-01-29T06:34:43","guid":{"rendered":"https:\/\/theinsulatedglass.com\/?post_type=product&#038;p=1266"},"modified":"2026-01-29T06:34:43","modified_gmt":"2026-01-29T06:34:43","slug":"bulk-supply-custom-igu-units-for-architectural","status":"publish","type":"product","link":"https:\/\/theinsulatedglass.com\/tr\/bulk-supply-custom-igu-units-for-architectural\/","title":{"rendered":"Mimari \u0130\u00e7in Toplu Tedarik \u00d6zel IGU \u00dcniteleri"},"content":{"rendered":"<p data-start=\"59\" data-end=\"431\">Genel Bak\u0131\u015f<br data-start=\"67\" data-end=\"70\" \/>Kalk\u0131\u015ftan teslimata kadar, mimari IGU \u00fcniteleri en iyi performans\u0131 detaylar erken belirlendi\u011finde g\u00f6sterir. Fabrika Do\u011frudan yal\u0131t\u0131ml\u0131 cam i\u015f ak\u0131\u015f\u0131m\u0131z, g\u00f6r\u00fc\u015f hatlar\u0131n\u0131, ara \u00e7izgileri ve kenar bo\u015fluklar\u0131n\u0131 partiler aras\u0131nda tutarl\u0131 tutmak i\u00e7in Proje Spesifikasyonunuzu ve At\u00f6lye \u00c7izim setinizi takip eder. Toplu Tedarik i\u00e7in \u00fcretilen \u00fcniteler, kontroll\u00fc conta b\u00fct\u00fcnl\u00fc\u011f\u00fc ile \u00e7er\u00e7evelemeye haz\u0131r olarak gelir.<\/p>\n<p data-start=\"435\" data-end=\"816\">Temel \u00d6zellikler<br data-start=\"447\" data-end=\"450\" \/>- Cephe cebi ve \u0131s\u0131r\u0131k gereksinimlerine uyacak \u015fekilde cam yap\u0131lar\u0131 koordine edin<br data-start=\"523\" data-end=\"526\" \/>- Temiz d\u0131\u015f cephe esteti\u011fi i\u00e7in d\u00fczg\u00fcn ara par\u00e7a hizalamas\u0131n\u0131 koruyun<br data-start=\"591\" data-end=\"594\" \/>- Is\u0131 transferini ve so\u011fuk kenar etkilerini azaltarak i\u00e7 mekan konforunu art\u0131r\u0131n<br data-start=\"668\" data-end=\"671\" \/>- Do\u011frulanm\u0131\u015f birincil\/ikincil s\u0131zd\u0131rmazl\u0131k kontrolleri ile kenar dayan\u0131kl\u0131l\u0131\u011f\u0131n\u0131 koruyun<br data-start=\"743\" data-end=\"746\" \/>- \u015eirket i\u00e7i kalite kontrol ve kalite izlenebilirli\u011fi arac\u0131l\u0131\u011f\u0131yla \u00fcretim lotlar\u0131n\u0131 takip edin<\/p>\n<p data-start=\"820\" data-end=\"1271\">Se\u00e7enekler &amp; \u00d6zelle\u015ftirme<br data-start=\"843\" data-end=\"846\" \/>- \u00c7izim seti veya panel program\u0131 ba\u015f\u0131na Sipari\u015f \u00dczerine \u00dcretilen \/ \u00d6zel Boyut birimleri<br data-start=\"915\" data-end=\"918\" \/>- Low-E kaplama, renkli, d\u00fc\u015f\u00fck demirli veya desenli camlar istek \u00fczerine temin edilebilir<br data-start=\"992\" data-end=\"995\" \/>- G\u00fcvenlik odakl\u0131 y\u00fckseltiler i\u00e7in temperli veya lamine makyajlar<br data-start=\"1056\" data-end=\"1059\" \/>- S\u0131cak kenarl\u0131 ara par\u00e7a stilleri ve gaz dolum se\u00e7enekleri belirtildi\u011fi gibi sa\u011flan\u0131r<br data-start=\"1127\" data-end=\"1130\" \/>- Gerekti\u011finde kenar silme, havaland\u0131rma borusu ve k\u0131lcal damar \u00e7\u00f6z\u00fcmleri mevcuttur<br data-start=\"1207\" data-end=\"1210\" \/>- Standartla\u015ft\u0131r\u0131lm\u0131\u015f programlar ve tekrarlanan SKU'lar i\u00e7in OEM\/ODM Hizmeti<\/p>\n<p data-start=\"1275\" data-end=\"1454\">Tipik Uygulamalar<br data-start=\"1295\" data-end=\"1298\" \/>Birle\u015ftirilmi\u015f giydirme cephe, pencere duvar mod\u00fclleri, vitrin sistemleri, delikli pencereler, spandrel alanlar\u0131, \u0131\u015f\u0131kl\u0131klar, e\u011fimli camlar, atriyumlar, balkon kap\u0131s\u0131 camlar\u0131.<\/p>\n<p data-start=\"1458\" data-end=\"1713\">Tedarik ve Destek<br data-start=\"1474\" data-end=\"1477\" \/>\u0130stikrarl\u0131 teslim s\u00fcresi planlamas\u0131, a\u015famal\u0131 in\u015faat\u0131 ve yeniden sipari\u015f s\u00fcreklili\u011fini destekler. Sand\u0131k Paketleme ile \u0130hracat Ambalaj\u0131 mevcuttur ve \u00e7izim incelemeleri \u00fcretime ge\u00e7meden \u00f6nce tamamlan\u0131r. Standartlara uygunluk istek \u00fczerine mevcuttur.<\/p>","protected":false},"excerpt":{"rendered":"<p>Zaman i\u00e7inde termal konforu ve yo\u011fu\u015fma direncini iyile\u015ftirmek i\u00e7in proje d\u00fczenlerinize g\u00f6re in\u015fa edilmi\u015f, toplu olarak tedarik edilen mimari IGU \u00fcniteleri. Fabrikada do\u011frudan \u00fcretim, tutarl\u0131 s\u0131zd\u0131rmazl\u0131k kalitesi ve g\u00fcvenilir teslimat ile giydirme cephe ve pencere sistemlerini destekler.<\/p>","protected":false},"featured_media":1276,"template":"","meta":{"_gspb_post_css":""},"product_brand":[],"product_cat":[24],"product_tag":[780,232,64,77,781,784,782,233,234,783,60,785],"class_list":{"0":"post-1266","1":"product","2":"type-product","3":"status-publish","4":"has-post-thumbnail","6":"product_cat-architectural-energy-saving-glass","7":"product_tag-bulk-supply-custom-igu-units-for-architectural","8":"product_tag-curtain-wall-igu","9":"product_tag-custom-size","10":"product_tag-factory-direct-bulk-supply","11":"product_tag-insulated-glass-units-igu","12":"product_tag-laminated-igu-make-up","13":"product_tag-low-e-igu-option","14":"product_tag-skylight-igu","15":"product_tag-storefront-igu","16":"product_tag-tempered-igu-make-up","17":"product_tag-warm-edge-spacer","18":"product_tag-window-wall-igu","20":"first","21":"instock","22":"shipping-taxable","23":"purchasable","24":"product-type-simple"},"_links":{"self":[{"href":"https:\/\/theinsulatedglass.com\/tr\/wp-json\/wp\/v2\/product\/1266","targetHints":{"allow":["GET"]}}],"collection":[{"href":"https:\/\/theinsulatedglass.com\/tr\/wp-json\/wp\/v2\/product"}],"about":[{"href":"https:\/\/theinsulatedglass.com\/tr\/wp-json\/wp\/v2\/types\/product"}],"wp:featuredmedia":[{"embeddable":true,"href":"https:\/\/theinsulatedglass.com\/tr\/wp-json\/wp\/v2\/media\/1276"}],"wp:attachment":[{"href":"https:\/\/theinsulatedglass.com\/tr\/wp-json\/wp\/v2\/media?parent=1266"}],"wp:term":[{"taxonomy":"product_brand","embeddable":true,"href":"https:\/\/theinsulatedglass.com\/tr\/wp-json\/wp\/v2\/product_brand?post=1266"},{"taxonomy":"product_cat","embeddable":true,"href":"https:\/\/theinsulatedglass.com\/tr\/wp-json\/wp\/v2\/product_cat?post=1266"},{"taxonomy":"product_tag","embeddable":true,"href":"https:\/\/theinsulatedglass.com\/tr\/wp-json\/wp\/v2\/product_tag?post=1266"}],"curies":[{"name":"wp","href":"https:\/\/api.w.org\/{rel}","templated":true}]}}