{"id":1267,"date":"2026-01-29T06:34:41","date_gmt":"2026-01-29T06:34:41","guid":{"rendered":"https:\/\/theinsulatedglass.com\/?post_type=product&#038;p=1267"},"modified":"2026-01-29T06:34:41","modified_gmt":"2026-01-29T06:34:41","slug":"custom-size-supply-laminated-glass-for-railings","status":"publish","type":"product","link":"https:\/\/theinsulatedglass.com\/tr\/custom-size-supply-laminated-glass-for-railings\/","title":{"rendered":"Korkuluklar i\u00e7in \u00d6zel Boyutlu Tedarik Lamine Cam"},"content":{"rendered":"<p data-start=\"62\" data-end=\"371\">Genel Bak\u0131\u015f<br data-start=\"70\" data-end=\"73\" \/>Kenarlar\u0131n korunmas\u0131, darbe alt\u0131nda \u00f6ng\u00f6r\u00fclebilir kalan ve hasar g\u00f6rd\u00fc\u011f\u00fcnde daha g\u00fcvenli kalan cam gerektirir. \u00d6zel Boyutlu Tedarik Korkuluklar i\u00e7in Lamine Cam, iki veya daha fazla liti bir ara katmanla birle\u015ftirir, b\u00f6ylece par\u00e7alar korunur, konut ve kamu ortamlar\u0131nda dayan\u0131kl\u0131, g\u00fcvenli korkuluk sistemlerini destekler.<\/p>\n<p data-start=\"375\" data-end=\"389\">Temel \u00d6zellikler<\/p>\n<p data-start=\"392\" data-end=\"472\">Par\u00e7alar\u0131 ara katman i\u00e7inde bir arada tutarak k\u0131r\u0131lma sonras\u0131 g\u00fcvenli\u011fi art\u0131r\u0131r<\/p>\n<p data-start=\"475\" data-end=\"544\">Birinci s\u0131n\u0131f korkuluk hatlar\u0131 i\u00e7in sertli\u011fi ve alg\u0131lanan sa\u011flaml\u0131\u011f\u0131 art\u0131r\u0131r<\/p>\n<p data-start=\"547\" data-end=\"617\">Merdivenlerde ve balkonlarda s\u0131k\u00e7a kar\u015f\u0131la\u015f\u0131lan g\u00fcnl\u00fck darbelere ve titre\u015fime kar\u015f\u0131 dayan\u0131kl\u0131d\u0131r<\/p>\n<p data-start=\"620\" data-end=\"689\">Tipik korkuluk tasar\u0131m amac\u0131n\u0131 kar\u015f\u0131larken net g\u00f6r\u00fc\u015f sa\u011flar<\/p>\n<p data-start=\"692\" data-end=\"762\">Gev\u015fek par\u00e7al\u0131 cam \u00e7\u00f6z\u00fcmlerine k\u0131yasla bak\u0131m endi\u015felerini azalt\u0131r<\/p>\n<p data-start=\"766\" data-end=\"791\">Se\u00e7enekler &amp; \u00d6zelle\u015ftirme<\/p>\n<p data-start=\"794\" data-end=\"854\">\u00d6zel Boyut \/ Panel program\u0131n\u0131za g\u00f6re sipari\u015f \u00fczerine kesim<\/p>\n<p data-start=\"857\" data-end=\"918\">Gerekti\u011finde ara katman se\u00e7enekleri (PVB veya iyonoplast) mevcuttur<\/p>\n<p data-start=\"921\" data-end=\"992\">A\u00e7\u0131k kenar veya kanal sistemlerine uygun kenar ve k\u00f6\u015fe detaylar\u0131<\/p>\n<p data-start=\"995\" data-end=\"1051\">Proje \u00f6zelliklerine g\u00f6re sa\u011flanan delikler, \u00e7entikler ve kesikler<\/p>\n<p data-start=\"1054\" data-end=\"1126\">Yerle\u015fim onay\u0131 ve onaylar\u0131 i\u00e7in ma\u011faza \u00e7izimi ve \u00e7izim deste\u011fi<\/p>\n<p data-start=\"1130\" data-end=\"1309\">Tipik Uygulamalar<br data-start=\"1150\" data-end=\"1153\" \/>Balkon korkuluklar\u0131, merdiven korkuluklar\u0131, teras korumalar\u0131, havuz \u00e7it panelleri, Juliet balkonlar, cam r\u00fczgarl\u0131klar, asma kat korkuluklar\u0131, atriyum kenar korumas\u0131<\/p>\n<p data-start=\"1313\" data-end=\"1618\">Tedarik ve Destek<br data-start=\"1329\" data-end=\"1332\" \/>Do\u011frudan Fabrika \u00fcretimi, istikrarl\u0131 teslim s\u00fcresi planlamas\u0131 ile toplu tedarik programlar\u0131n\u0131 destekler. \u015eirket i\u00e7i kalite kontrol ve kalite izlenebilirli\u011fi; kesim, laminasyon ve sonland\u0131rma i\u015flemlerinde uygulanmakta, ihracat ambalaj\u0131 ve sand\u0131k ambalaj\u0131 sevkiyat i\u00e7in haz\u0131r bulunmaktad\u0131r. Standartlara uygunluk istek \u00fczerine mevcuttur.<\/p>","protected":false},"excerpt":{"rendered":"<p>Lamine korkuluk cam\u0131, k\u0131r\u0131ld\u0131ktan sonra par\u00e7alar\u0131n ara katmana ba\u011fl\u0131 kalmas\u0131n\u0131 sa\u011flayarak \u015feffafl\u0131ktan \u00f6d\u00fcn vermeden g\u00fcvenli\u011fi art\u0131r\u0131r. Balkon korkuluklar\u0131 ve merdiven korumalar\u0131 i\u00e7in \u00f6zel boyutlarda tedarik edilir, kanallara, kelep\u00e7elere ve \u00e7er\u00e7eveli korkuluk sistemlerine temiz montaj\u0131 destekler.<\/p>","protected":false},"featured_media":1281,"template":"","meta":{"_gspb_post_css":""},"product_brand":[],"product_cat":[29],"product_tag":[368,66,64,775,778,97,777,68,776,65,517,779],"class_list":{"0":"post-1267","1":"product","2":"type-product","3":"status-publish","4":"has-post-thumbnail","6":"product_cat-safety-glass-series","7":"product_tag-balcony-railing-glass","8":"product_tag-bulk-supply","9":"product_tag-custom-size","10":"product_tag-custom-size-supply-laminated-glass-for-railings","11":"product_tag-edge-polished-laminated-glass","12":"product_tag-factory-direct","13":"product_tag-ionoplast-interlayer-glass","14":"product_tag-laminated-safety-glass","15":"product_tag-pvb-laminated-glass","16":"product_tag-shop-drawing-support","17":"product_tag-stair-balustrade-glass","18":"product_tag-terrace-guard-glass","20":"first","21":"instock","22":"shipping-taxable","23":"purchasable","24":"product-type-simple"},"_links":{"self":[{"href":"https:\/\/theinsulatedglass.com\/tr\/wp-json\/wp\/v2\/product\/1267","targetHints":{"allow":["GET"]}}],"collection":[{"href":"https:\/\/theinsulatedglass.com\/tr\/wp-json\/wp\/v2\/product"}],"about":[{"href":"https:\/\/theinsulatedglass.com\/tr\/wp-json\/wp\/v2\/types\/product"}],"wp:featuredmedia":[{"embeddable":true,"href":"https:\/\/theinsulatedglass.com\/tr\/wp-json\/wp\/v2\/media\/1281"}],"wp:attachment":[{"href":"https:\/\/theinsulatedglass.com\/tr\/wp-json\/wp\/v2\/media?parent=1267"}],"wp:term":[{"taxonomy":"product_brand","embeddable":true,"href":"https:\/\/theinsulatedglass.com\/tr\/wp-json\/wp\/v2\/product_brand?post=1267"},{"taxonomy":"product_cat","embeddable":true,"href":"https:\/\/theinsulatedglass.com\/tr\/wp-json\/wp\/v2\/product_cat?post=1267"},{"taxonomy":"product_tag","embeddable":true,"href":"https:\/\/theinsulatedglass.com\/tr\/wp-json\/wp\/v2\/product_tag?post=1267"}],"curies":[{"name":"wp","href":"https:\/\/api.w.org\/{rel}","templated":true}]}}