{"id":1269,"date":"2026-01-29T06:34:35","date_gmt":"2026-01-29T06:34:35","guid":{"rendered":"https:\/\/theinsulatedglass.com\/?post_type=product&#038;p=1269"},"modified":"2026-01-29T06:34:35","modified_gmt":"2026-01-29T06:34:35","slug":"project-spec-bullet-resistant-glass-for-security-use","status":"publish","type":"product","link":"https:\/\/theinsulatedglass.com\/tr\/project-spec-bullet-resistant-glass-for-security-use\/","title":{"rendered":"G\u00fcvenlik Kullan\u0131m\u0131 \u0130\u00e7in Project Spec Kur\u015funa Dayan\u0131kl\u0131 Cam"},"content":{"rendered":"<p data-start=\"65\" data-end=\"393\">Genel Bak\u0131\u015f<br data-start=\"73\" data-end=\"76\" \/>\u0130lk tasar\u0131m notlar\u0131ndan son montaja kadar, g\u00fcvenlik camlar\u0131 cam, \u00e7er\u00e7eveleme ve aray\u00fcz detaylar\u0131 koordine edildi\u011finde en iyi \u015fekilde \u00e7al\u0131\u015f\u0131r. Kur\u015funa dayan\u0131kl\u0131 camlar\u0131m\u0131z, g\u00fcnl\u00fck operasyonlar i\u00e7in net g\u00f6r\u00fc\u015f hatlar\u0131n\u0131 desteklerken tehlikeli serpintileri s\u0131n\u0131rland\u0131rmaya yard\u0131mc\u0131 olmak i\u00e7in geli\u015fmi\u015f tutma \u00f6zellikleriyle Project Spec'e tedarik edilir.<\/p>\n<p data-start=\"397\" data-end=\"805\">Temel \u00d6zellikler<br data-start=\"409\" data-end=\"412\" \/>- \u00d6ng\u00f6r\u00fclebilir montaj i\u00e7in panel geometrisini \u00e7er\u00e7evelere ve donan\u0131ma g\u00f6re koordine edin<br data-start=\"485\" data-end=\"488\" \/>- \u00c7ok katmanl\u0131 lamine yap\u0131 sayesinde k\u0131r\u0131lma sonras\u0131 b\u00fct\u00fcnl\u00fc\u011f\u00fc art\u0131r\u0131r<br data-start=\"565\" data-end=\"568\" \/>- M\u00fc\u015fteriye d\u00f6n\u00fck g\u00fcvenlik noktalar\u0131na uygun optik netlik se\u00e7eneklerini koruyun<br data-start=\"644\" data-end=\"647\" \/>- Kontroll\u00fc kenar kalitesi ve kullan\u0131m k\u0131lavuzlu\u011fu ile dayan\u0131kl\u0131 hizmet \u00f6mr\u00fcn\u00fc destekleyin<br data-start=\"728\" data-end=\"731\" \/>- \u0130zlenebilir, tekrarlanabilir yap\u0131lar sunarak saha risk planlamas\u0131n\u0131 basitle\u015ftirin<\/p>\n<p data-start=\"809\" data-end=\"1265\">Se\u00e7enekler &amp; \u00d6zelle\u015ftirme<br data-start=\"832\" data-end=\"835\" \/>- \u00c7izimlere g\u00f6re Sipari\u015f \u00dczerine \u00dcretilen boyutlar, \u015fekiller ve set numaraland\u0131rmas\u0131<br data-start=\"901\" data-end=\"904\" \/>- Yap\u0131 konfig\u00fcrasyonlar\u0131 istek \u00fczerine mevcuttur (tamamen cam laminat, cam kapl\u0131 polikarbonat veya kar\u0131\u015f\u0131k katlar)<br data-start=\"1010\" data-end=\"1013\" \/>- Ge\u00e7i\u015f sistemleri ve sabitlemeler i\u00e7in sunulan kenar bitirme, delikler ve kesikler<br data-start=\"1094\" data-end=\"1097\" \/>- Talep \u00fczerine opsiyonel d\u00f6k\u00fclme kontrol\u00fc veya \u00e7izilmez y\u00fczey \u00e7\u00f6z\u00fcmleri mevcuttur<br data-start=\"1176\" data-end=\"1179\" \/>- Termal konforun gerekli oldu\u011fu yerlerde IGU-haz\u0131r kur\u015funa dayan\u0131kl\u0131 \u00fcniteler sa\u011flanabilir<\/p>\n<p data-start=\"1269\" data-end=\"1473\">Tipik Uygulamalar<br data-start=\"1289\" data-end=\"1292\" \/>\u0130\u015flem pencereleri, kasiyer muhafazalar\u0131, g\u00fcvenlik kabinleri, el\u00e7ilik ve konsolosluk camlar\u0131, banka vezne hatlar\u0131, g\u00fcvenli resepsiyon alanlar\u0131, g\u00f6zalt\u0131 tesisi g\u00f6zlemi, kontrol odas\u0131 pencereleri<\/p>\n<p data-start=\"1477\" data-end=\"1800\">Tedarik ve Destek<br data-start=\"1493\" data-end=\"1496\" \/>Fabrika Do\u011frudan tedariki, uzun mesafeli nakliye i\u00e7in \u0130hracat Ambalaj\u0131 \/ Kasa Ambalaj\u0131 dahil olmak \u00fczere, \u0130stikrarl\u0131 bir Teslim S\u00fcresi ile program planlamas\u0131n\u0131 destekler. \u015eirket \u0130\u00e7i Kalite Kontrol ve Kalite \u0130zlenebilirli\u011fi uygulan\u0131r; \u00c7izim Deste\u011fi ve At\u00f6lye \u00c7izimi koordinasyonu mevcuttur ve talep \u00fczerine Standartlara uygunluk sa\u011flan\u0131r.<\/p>","protected":false},"excerpt":{"rendered":"<p>Koordinasyonun \u00f6nemli oldu\u011fu g\u00fcvenlik noktalar\u0131 i\u00e7in tasarlanan bu kur\u015funa dayan\u0131kl\u0131 lamine cam, k\u0131r\u0131lma sonras\u0131 daha g\u00fcvenli davran\u0131\u015f i\u00e7in geli\u015ftirilmi\u015f tutma \u00f6zelli\u011fine sahip Project Spec'e g\u00f6re \u00fcretilmi\u015ftir. Genellikle i\u015flem pencereleri ve bek\u00e7i kul\u00fcbeleri i\u00e7in kullan\u0131lan bu cam, uyumlu \u00e7er\u00e7eve ve donan\u0131mla entegre olurken net g\u00f6r\u00fcn\u00fcrl\u00fc\u011f\u00fc destekler.<\/p>","protected":false},"featured_media":1291,"template":"","meta":{"_gspb_post_css":""},"product_brand":[],"product_cat":[32],"product_tag":[590,66,765,64,97,767,429,766,764,768,65,428],"class_list":{"0":"post-1269","1":"product","2":"type-product","3":"status-publish","4":"has-post-thumbnail","6":"product_cat-bulletproof-glass","7":"product_tag-bank-teller-window-glass","8":"product_tag-bulk-supply","9":"product_tag-bullet-resistant-laminated-glass","10":"product_tag-custom-size","11":"product_tag-factory-direct","12":"product_tag-glass-clad-polycarbonate-option","13":"product_tag-guard-booth-glazing","14":"product_tag-multi-layer-security-glazing","15":"product_tag-project-spec-bullet-resistant-glass-for-security-use","16":"product_tag-security-reception-glazing","17":"product_tag-shop-drawing-support","18":"product_tag-transaction-window-glass","20":"first","21":"instock","22":"shipping-taxable","23":"purchasable","24":"product-type-simple"},"_links":{"self":[{"href":"https:\/\/theinsulatedglass.com\/tr\/wp-json\/wp\/v2\/product\/1269","targetHints":{"allow":["GET"]}}],"collection":[{"href":"https:\/\/theinsulatedglass.com\/tr\/wp-json\/wp\/v2\/product"}],"about":[{"href":"https:\/\/theinsulatedglass.com\/tr\/wp-json\/wp\/v2\/types\/product"}],"wp:featuredmedia":[{"embeddable":true,"href":"https:\/\/theinsulatedglass.com\/tr\/wp-json\/wp\/v2\/media\/1291"}],"wp:attachment":[{"href":"https:\/\/theinsulatedglass.com\/tr\/wp-json\/wp\/v2\/media?parent=1269"}],"wp:term":[{"taxonomy":"product_brand","embeddable":true,"href":"https:\/\/theinsulatedglass.com\/tr\/wp-json\/wp\/v2\/product_brand?post=1269"},{"taxonomy":"product_cat","embeddable":true,"href":"https:\/\/theinsulatedglass.com\/tr\/wp-json\/wp\/v2\/product_cat?post=1269"},{"taxonomy":"product_tag","embeddable":true,"href":"https:\/\/theinsulatedglass.com\/tr\/wp-json\/wp\/v2\/product_tag?post=1269"}],"curies":[{"name":"wp","href":"https:\/\/api.w.org\/{rel}","templated":true}]}}