{"id":1297,"date":"2026-01-29T06:59:00","date_gmt":"2026-01-29T06:59:00","guid":{"rendered":"https:\/\/theinsulatedglass.com\/?post_type=product&#038;p=1297"},"modified":"2026-01-29T06:59:00","modified_gmt":"2026-01-29T06:59:00","slug":"supply-useful-and-clear-customized-project-glass","status":"publish","type":"product","link":"https:\/\/theinsulatedglass.com\/tr\/supply-useful-and-clear-customized-project-glass\/","title":{"rendered":"Faydal\u0131 ve \u015eeffaf \u00d6zelle\u015ftirilmi\u015f Proje Cam\u0131 Temini"},"content":{"rendered":"<p data-start=\"63\" data-end=\"394\">Genel Bak\u0131\u015f<br data-start=\"71\" data-end=\"74\" \/>\u0130\u00e7 mekan konforu ve cephe netli\u011fi \u00f6ncelikli oldu\u011funda, proje cam\u0131 verimli montaj i\u00e7in haz\u0131r olmal\u0131d\u0131r. Faydal\u0131 ve \u015eeffaf \u00d6zelle\u015ftirilmi\u015f Proje Cam\u0131 tedariki, kesim listeleriniz ve y\u00fckseklik ihtiya\u00e7lar\u0131n\u0131z etraf\u0131nda d\u00fczenlenir ve tedariki a\u015f\u0131r\u0131 karma\u015f\u0131kla\u015ft\u0131rmadan enerji odakl\u0131 pencere ve giydirme cephe sistemlerini destekler.<\/p>\n<p data-start=\"398\" data-end=\"412\">Temel \u00d6zellikler<\/p>\n<p data-start=\"415\" data-end=\"485\">Low-E veya IGU yap\u0131lar\u0131 ile belirtildi\u011finde g\u00fcn \u0131\u015f\u0131\u011f\u0131 konforunu art\u0131r\u0131r<\/p>\n<p data-start=\"488\" data-end=\"572\">Kesim hassasiyetini ve cam y\u00f6nelimini tutarl\u0131 tutarak montaj riskini azalt\u0131r<\/p>\n<p data-start=\"575\" data-end=\"649\">Kontroll\u00fc g\u00f6rsel kalite ve d\u00fczl\u00fck sayesinde temiz g\u00f6r\u00fc\u015f hatlar\u0131n\u0131 destekler<\/p>\n<p data-start=\"652\" data-end=\"738\">Cam, \u00e7er\u00e7eve ve dolgu macunlar\u0131n\u0131n ayn\u0131 hizada olmas\u0131 gereken \u00e7oklu ticaret zarflar\u0131na entegre olur<\/p>\n<p data-start=\"741\" data-end=\"826\">Koordineli dok\u00fcmantasyon ve izlenebilir partiler sayesinde proje verimlili\u011fini art\u0131r\u0131r<\/p>\n<p data-start=\"830\" data-end=\"855\">Se\u00e7enekler &amp; \u00d6zelle\u015ftirme<\/p>\n<p data-start=\"858\" data-end=\"924\">\u00d6zel Boyut \/ Programlardan ve kalk\u0131\u015flardan sipari\u015fe g\u00f6re kesim<\/p>\n<p data-start=\"927\" data-end=\"999\">Gerekti\u011finde temperli, lamine veya IGU'ya haz\u0131r konfig\u00fcrasyonlar mevcuttur<\/p>\n<p data-start=\"1002\" data-end=\"1083\">Konfor odakl\u0131 tasar\u0131mlar i\u00e7in talep \u00fczerine sunulan kaplama se\u00e7enekleri (Low-E dahil)<\/p>\n<p data-start=\"1086\" data-end=\"1151\">Proje \u00f6zelliklerine g\u00f6re kenar i\u015fleme, delikler, \u00e7entikler ve \u015fekil i\u015fleme<\/p>\n<p data-start=\"1154\" data-end=\"1225\">Onay, revizyon ve serbest b\u0131rakma i\u00e7in at\u00f6lye \u00e7izimi ve \u00e7izim deste\u011fi<\/p>\n<p data-start=\"1229\" data-end=\"1419\">Tipik Uygulamalar<br data-start=\"1249\" data-end=\"1252\" \/>Pencere IGU litleri, giydirme cephe g\u00f6r\u00fc\u015f panelleri, vitrin camlar\u0131, s\u00fcrg\u00fcl\u00fc kap\u0131 \u00fcniteleri, \u00e7at\u0131 penceresi tertibatlar\u0131, g\u00fcne\u015f odas\u0131 camlar\u0131, atriyum dolgular\u0131, cephe yenileme paketleri<\/p>\n<p data-start=\"1423\" data-end=\"1719\">Tedarik ve Destek<br data-start=\"1439\" data-end=\"1442\" \/>Fabrika Do\u011frudan tedariki, a\u015famal\u0131 teslimatlar i\u00e7in istikrarl\u0131 teslim s\u00fcresi planlamas\u0131 ile hacimli \u00fcretimi destekler. \u015eirket i\u00e7i kalite kontrol ve kalite izlenebilirli\u011fi, ihracat ambalaj\u0131 ve sand\u0131k ambalaj\u0131 ile i\u015fleme ve paketleme boyunca uygulan\u0131r. Standartlara uygunluk istek \u00fczerine mevcuttur.<\/p>","protected":false},"excerpt":{"rendered":"<p>Proje program\u0131n\u0131za uygun olarak tasarlanan bu \u00f6zelle\u015ftirilmi\u015f \u015feffaf cam, tutarl\u0131 bir g\u00f6r\u00fcn\u00fcme sahip IGU'ya haz\u0131r, temperli veya lamine formatlarda tedarik edilebilir. Tipik kullan\u0131mlar aras\u0131nda, do\u011fru boyutta kesim teslimat\u0131 ve \u00e7izim koordinasyonunun kurulumu yolunda tuttu\u011fu pencere ve perde duvar paketleri yer al\u0131r.<\/p>","protected":false},"featured_media":1313,"template":"","meta":{"_gspb_post_css":""},"product_brand":[],"product_cat":[46],"product_tag":[66,800,397,64,799,97,293,81,252,798,61,311],"class_list":{"0":"post-1297","1":"product","2":"type-product","3":"status-publish","4":"has-post-thumbnail","6":"product_cat-customized-project-glass","7":"product_tag-bulk-supply","8":"product_tag-clear-float-glass","9":"product_tag-curtain-wall-glass","10":"product_tag-custom-size","11":"product_tag-customized-project-glass","12":"product_tag-factory-direct","13":"product_tag-igu-ready-glass","14":"product_tag-laminated-glass-option","15":"product_tag-low-e-coating-option","16":"product_tag-supply-useful-and-clear-customized-project-glass","17":"product_tag-tempered-glass-option","18":"product_tag-window-glazing","20":"first","21":"instock","22":"shipping-taxable","23":"purchasable","24":"product-type-simple"},"_links":{"self":[{"href":"https:\/\/theinsulatedglass.com\/tr\/wp-json\/wp\/v2\/product\/1297","targetHints":{"allow":["GET"]}}],"collection":[{"href":"https:\/\/theinsulatedglass.com\/tr\/wp-json\/wp\/v2\/product"}],"about":[{"href":"https:\/\/theinsulatedglass.com\/tr\/wp-json\/wp\/v2\/types\/product"}],"wp:featuredmedia":[{"embeddable":true,"href":"https:\/\/theinsulatedglass.com\/tr\/wp-json\/wp\/v2\/media\/1313"}],"wp:attachment":[{"href":"https:\/\/theinsulatedglass.com\/tr\/wp-json\/wp\/v2\/media?parent=1297"}],"wp:term":[{"taxonomy":"product_brand","embeddable":true,"href":"https:\/\/theinsulatedglass.com\/tr\/wp-json\/wp\/v2\/product_brand?post=1297"},{"taxonomy":"product_cat","embeddable":true,"href":"https:\/\/theinsulatedglass.com\/tr\/wp-json\/wp\/v2\/product_cat?post=1297"},{"taxonomy":"product_tag","embeddable":true,"href":"https:\/\/theinsulatedglass.com\/tr\/wp-json\/wp\/v2\/product_tag?post=1297"}],"curies":[{"name":"wp","href":"https:\/\/api.w.org\/{rel}","templated":true}]}}