{"id":1298,"date":"2026-01-29T06:58:56","date_gmt":"2026-01-29T06:58:56","guid":{"rendered":"https:\/\/theinsulatedglass.com\/?post_type=product&#038;p=1298"},"modified":"2026-01-29T06:59:04","modified_gmt":"2026-01-29T06:59:04","slug":"project-spec-custom-coated-glass-energy-saving-glass","status":"publish","type":"product","link":"https:\/\/theinsulatedglass.com\/tr\/project-spec-custom-coated-glass-energy-saving-glass\/","title":{"rendered":"Proje Spesifikasyonu \u00d6zel Kaplamal\u0131 Cam Enerji Tasarruflu Cam"},"content":{"rendered":"<p data-start=\"65\" data-end=\"403\">Genel Bak\u0131\u015f<br data-start=\"73\" data-end=\"76\" \/>At\u00f6lye \u00e7izimlerinden sahaya haz\u0131r teslimata kadar, kaplamal\u0131 enerji tasarruflu cam, her ayr\u0131nt\u0131 erken koordine edildi\u011finde en iyi performans\u0131 g\u00f6sterir. Bu projeye \u00f6zel cam, a\u00e7\u0131kl\u0131k boyutlar\u0131na, kaplama y\u00f6n\u00fcne ve yal\u0131t\u0131m cam\u0131 montaj gereksinimlerine uyacak \u015fekilde \u00fcretilir. Konfor ve parti tutarl\u0131l\u0131\u011f\u0131n\u0131n \u00f6nemli oldu\u011fu cephe ve pencere sistemlerine uygundur.<\/p>\n<p data-start=\"407\" data-end=\"854\">Temel \u00d6zellikler<br data-start=\"419\" data-end=\"422\" \/>- Uygun kaplamal\u0131 cam se\u00e7imi ile enerji performans\u0131 potansiyelini optimize edin<br data-start=\"504\" data-end=\"507\" \/>- Ta\u015f\u0131ma ve kurulum hatalar\u0131n\u0131 azaltmak i\u00e7in IGU yap\u0131lar\u0131 i\u00e7in kaplama konumunu hizalay\u0131n<br data-start=\"589\" data-end=\"592\" \/>- Kontroll\u00fc denetim ve kaplama a\u00e7\u0131s\u0131ndan g\u00fcvenli elle\u00e7leme ile istikrarl\u0131 g\u00f6rsel kaliteyi koruyun<br data-start=\"677\" data-end=\"680\" \/>- Uygun kenar haz\u0131rl\u0131\u011f\u0131 ve i\u015fleme kontrol\u00fc ile dayan\u0131kl\u0131 IGU \u00fcretimini destekleyin<br data-start=\"766\" data-end=\"769\" \/>- \u00c7ok e\u011fimli projeler i\u00e7in e\u015fle\u015ftirilmi\u015f setler sa\u011flayarak sahadaki de\u011fi\u015fkenli\u011fi azalt\u0131n<\/p>\n<p data-start=\"858\" data-end=\"1322\">Se\u00e7enekler &amp; \u00d6zelle\u015ftirme<br data-start=\"881\" data-end=\"884\" \/>- \u00d6zel Boyut \/ Proje Spesifikasyonuna g\u00f6re Sipari\u015f \u00dczerine \u00dcretilen boyutlar ve \u015fekiller<br data-start=\"947\" data-end=\"950\" \/>- N\u00f6tr g\u00f6r\u00fcn\u00fcm aral\u0131klar\u0131 dahil olmak \u00fczere talep \u00fczerine Low-E kaplamal\u0131 cam se\u00e7enekleri mevcuttur<br data-start=\"1036\" data-end=\"1039\" \/>- Gerekti\u011fi gibi alt tabakalar mevcuttur: \u015feffaf, d\u00fc\u015f\u00fck demir se\u00e7ene\u011fi, renkli, temperli veya lamine<br data-start=\"1129\" data-end=\"1132\" \/>- IGU konfig\u00fcrasyonlar\u0131 (\u00e7ift veya \u00fc\u00e7l\u00fc cam) ve talep \u00fczerine sunulan gaz dolum paketleri<br data-start=\"1220\" data-end=\"1223\" \/>- Kenar silme b\u00f6lgeleri, delikler, \u00e7entikler ve \u00c7izim Deste\u011fi \/ At\u00f6lye \u00c7izimi ile fizibilite incelemesi<\/p>\n<p data-start=\"1326\" data-end=\"1511\">Tipik Uygulamalar<br data-start=\"1346\" data-end=\"1349\" \/>Giydirme cephe g\u00f6r\u00fc\u015f panelleri, ticari pencereler, konut pencereleri, \u00e7at\u0131 pencereleri, spandrel uyumlu IGU'lar, vitrin sistemleri, g\u00fcne\u015f odalar\u0131, cephe g\u00fc\u00e7lendirme projeleri<\/p>\n<p data-start=\"1515\" data-end=\"1804\">Tedarik ve Destek<br data-start=\"1531\" data-end=\"1534\" \/>\u0130stikrarl\u0131 bir Teslimat S\u00fcresi ile Fabrika Do\u011frudan tedariki, hem \u00f6rnekleme hem de Hacimli \u00dcretim \u00e7al\u0131\u015fmalar\u0131n\u0131 destekler. Kalite \u0130zlenebilirli\u011fi ile \u015eirket \u0130\u00e7i Kalite Kontrol uygulan\u0131r ve uzun mesafeli nakliye i\u00e7in \u0130hracat Ambalaj\u0131 \/ Kasa Ambalaj\u0131 d\u00fczenlenebilir. Standartlara uygunluk istek \u00fczerine mevcuttur.<\/p>","protected":false},"excerpt":{"rendered":"<p>Proje odakl\u0131 camlama i\u00e7in bu kaplamal\u0131 enerji tasarruflu cam, \u00e7izimlere ve aray\u00fcz detaylar\u0131na uyacak \u015fekilde sipari\u015f \u00fczerine \u00fcretilir. Kaplama, temiz bir g\u00f6r\u00fcn\u00fcm sa\u011flarken \u0131s\u0131 transferini y\u00f6netmeye yard\u0131mc\u0131 olur, bu da onu perde duvar ve y\u00fcksek performansl\u0131 pencere IGU'lar\u0131 i\u00e7in pratik bir se\u00e7im haline getirir.<\/p>","protected":false},"featured_media":1316,"template":"","meta":{"_gspb_post_css":""},"product_brand":[],"product_cat":[24],"product_tag":[66,797,226,64,230,318,267,81,58,796,233,61],"class_list":{"0":"post-1298","1":"product","2":"type-product","3":"status-publish","4":"has-post-thumbnail","6":"product_cat-architectural-energy-saving-glass","7":"product_tag-bulk-supply","8":"product_tag-coated-energy-saving-glazing","9":"product_tag-curtain-wall-vision-glass","10":"product_tag-custom-size","11":"product_tag-double-glazing","12":"product_tag-energy-efficient-window-glass","13":"product_tag-insulated-glass-unit-igu","14":"product_tag-laminated-glass-option","15":"product_tag-low-e-coated-glass","16":"product_tag-project-spec-custom-coated-glass-energy-saving-glass","17":"product_tag-skylight-igu","18":"product_tag-tempered-glass-option","20":"first","21":"instock","22":"shipping-taxable","23":"purchasable","24":"product-type-simple"},"_links":{"self":[{"href":"https:\/\/theinsulatedglass.com\/tr\/wp-json\/wp\/v2\/product\/1298","targetHints":{"allow":["GET"]}}],"collection":[{"href":"https:\/\/theinsulatedglass.com\/tr\/wp-json\/wp\/v2\/product"}],"about":[{"href":"https:\/\/theinsulatedglass.com\/tr\/wp-json\/wp\/v2\/types\/product"}],"wp:featuredmedia":[{"embeddable":true,"href":"https:\/\/theinsulatedglass.com\/tr\/wp-json\/wp\/v2\/media\/1316"}],"wp:attachment":[{"href":"https:\/\/theinsulatedglass.com\/tr\/wp-json\/wp\/v2\/media?parent=1298"}],"wp:term":[{"taxonomy":"product_brand","embeddable":true,"href":"https:\/\/theinsulatedglass.com\/tr\/wp-json\/wp\/v2\/product_brand?post=1298"},{"taxonomy":"product_cat","embeddable":true,"href":"https:\/\/theinsulatedglass.com\/tr\/wp-json\/wp\/v2\/product_cat?post=1298"},{"taxonomy":"product_tag","embeddable":true,"href":"https:\/\/theinsulatedglass.com\/tr\/wp-json\/wp\/v2\/product_tag?post=1298"}],"curies":[{"name":"wp","href":"https:\/\/api.w.org\/{rel}","templated":true}]}}