{"id":1328,"date":"2026-01-29T07:17:08","date_gmt":"2026-01-29T07:17:08","guid":{"rendered":"https:\/\/theinsulatedglass.com\/?post_type=product&#038;p=1328"},"modified":"2026-01-29T07:17:09","modified_gmt":"2026-01-29T07:17:09","slug":"durable-high-quality-heat-resistant-insulated-tempered-glass","status":"publish","type":"product","link":"https:\/\/theinsulatedglass.com\/tr\/durable-high-quality-heat-resistant-insulated-tempered-glass\/","title":{"rendered":"Dayan\u0131kl\u0131 Y\u00fcksek Kaliteli Is\u0131ya Dayan\u0131kl\u0131 Yal\u0131t\u0131ml\u0131 Temperli Cam"},"content":{"rendered":"<p data-start=\"75\" data-end=\"360\">Genel Bak\u0131\u015f<br data-start=\"83\" data-end=\"86\" \/>Termal konfor, cam yap\u0131s\u0131yla ba\u015flar. Dayan\u0131kl\u0131 Y\u00fcksek Kaliteli Is\u0131ya Dayan\u0131kl\u0131 Yal\u0131t\u0131ml\u0131 Temperli Cam, yal\u0131t\u0131m cam\u0131 montaj\u0131 i\u00e7in haz\u0131rlanm\u0131\u015f temperli litler olarak tedarik edilir ve cephedeki g\u00fc\u00e7l\u00fc s\u0131cakl\u0131k farkl\u0131l\u0131klar\u0131n\u0131 tolere ederken \u0131s\u0131 al\u0131\u015fveri\u015fini azaltmaya yard\u0131mc\u0131 olur.<\/p>\n<p data-start=\"364\" data-end=\"378\">Temel \u00d6zellikler<\/p>\n<p data-start=\"381\" data-end=\"437\">IGU konstr\u00fcksiyonlar\u0131na yerle\u015ftirildi\u011finde \u0131s\u0131 transferini azalt\u0131r<\/p>\n<p data-start=\"440\" data-end=\"515\">G\u00fcne\u015fe maruz kalma ve h\u0131zl\u0131 i\u00e7\/d\u0131\u015f mekan de\u011fi\u015fimleri alt\u0131nda performans\u0131 dengeler<\/p>\n<p data-start=\"518\" data-end=\"585\">Temperli k\u0131r\u0131lma modeli sayesinde i\u015fgal edilen alanlar i\u00e7in g\u00fcvenli\u011fi art\u0131r\u0131r<\/p>\n<p data-start=\"588\" data-end=\"647\">Kontroll\u00fc pus ve bozulma ile net g\u00f6r\u00fc\u015f sa\u011flar<\/p>\n<p data-start=\"650\" data-end=\"719\">Dayan\u0131kl\u0131 kenar ve conta uyumlulu\u011fu ile uzun hizmet \u00f6mr\u00fcn\u00fc destekler<\/p>\n<p data-start=\"723\" data-end=\"748\">Se\u00e7enekler &amp; \u00d6zelle\u015ftirme<\/p>\n<p data-start=\"751\" data-end=\"801\">Sipari\u015fe g\u00f6re boyutlar ve listeye g\u00f6re kesim optimizasyonu<\/p>\n<p data-start=\"804\" data-end=\"882\">Low-E e\u015fle\u015ftirme, renkli y\u00fczeyler veya yans\u0131t\u0131c\u0131 se\u00e7enekleri istek \u00fczerine mevcuttur<\/p>\n<p data-start=\"885\" data-end=\"954\">Proje spesifikasyonuna g\u00f6re tan\u0131mlanan ara par\u00e7a, gaz dolgusu ve genel IGU olu\u015fumu<\/p>\n<p data-start=\"957\" data-end=\"1031\">Daha y\u00fcksek g\u00fcvenlik i\u00e7in gerekti\u011fi \u015fekilde sa\u011flanan temperli + lamine kombinasyonlar<\/p>\n<p data-start=\"1034\" data-end=\"1103\">Kot e\u015fle\u015ftirme ve revizyonlar i\u00e7in at\u00f6lye \u00e7izimi \/ \u00e7izim deste\u011fi<\/p>\n<p data-start=\"1107\" data-end=\"1295\">Tipik Uygulamalar<br data-start=\"1127\" data-end=\"1130\" \/>Enerji tasarruflu pencereler, giydirme cephe IGU'lar\u0131, \u00e7at\u0131 penceresi \u00fcniteleri, veranda kap\u0131lar\u0131, g\u00fcne\u015f odalar\u0131 ve k\u0131\u015f bah\u00e7eleri, vitrin camlar\u0131, cihaz izleme pencereleri, \u00e7at\u0131 fenerleri<\/p>\n<p data-start=\"1299\" data-end=\"1547\">Tedarik ve Destek<br data-start=\"1315\" data-end=\"1318\" \/>A\u015famal\u0131 teslimatlar i\u00e7in istikrarl\u0131 teslim s\u00fcresi planlamas\u0131 ile Hacimli \u00dcretim. \u015eirket i\u00e7i kalite kontrol ve kalite izlenebilirli\u011fi, ihracat ambalaj\u0131 ve nakliye i\u00e7in sand\u0131k ambalaj\u0131 ile parti kontrol\u00fcn\u00fc destekler. Talep \u00fczerine standartlara uygunluk mevcuttur.<\/p>","protected":false},"excerpt":{"rendered":"<p>Yal\u0131t\u0131m cam\u0131 \u00fcniteleri i\u00e7in tasarlanan bu \u0131s\u0131ya dayan\u0131kl\u0131 temperli yap\u0131, g\u00fcnl\u00fck s\u0131cakl\u0131k dalgalanmalar\u0131 alt\u0131nda g\u00fcvenlik performans\u0131n\u0131 korurken termal konforu art\u0131r\u0131r. Enerji tasarruflu pencereler ve \u00e7at\u0131 pencereleri i\u00e7in yayg\u0131n olarak belirtilen bu \u00fcr\u00fcn, projelerin dayan\u0131kl\u0131l\u0131k, netlik ve g\u00fcvenilir hizmet \u00f6mr\u00fc aras\u0131nda denge kurmas\u0131na yard\u0131mc\u0131 olur.<\/p>","protected":false},"featured_media":1342,"template":"","meta":{"_gspb_post_css":""},"product_brand":[],"product_cat":[15],"product_tag":[66,232,64,817,815,164,816,541,722,818,113,311],"class_list":{"0":"post-1328","1":"product","2":"type-product","3":"status-publish","4":"has-post-thumbnail","6":"product_cat-tempered-glass-series","7":"product_tag-bulk-supply","8":"product_tag-curtain-wall-igu","9":"product_tag-custom-size","10":"product_tag-double-glazing-unit","11":"product_tag-durable-high-quality-heat-resistant-insulated-tempered-glass","12":"product_tag-igu-glass","13":"product_tag-insulated-tempered-glass","14":"product_tag-low-e-option","15":"product_tag-patio-door-glass","16":"product_tag-skylight-glass-unit","17":"product_tag-tempered-safety-glass","18":"product_tag-window-glazing","20":"first","21":"instock","22":"shipping-taxable","23":"purchasable","24":"product-type-simple"},"_links":{"self":[{"href":"https:\/\/theinsulatedglass.com\/tr\/wp-json\/wp\/v2\/product\/1328","targetHints":{"allow":["GET"]}}],"collection":[{"href":"https:\/\/theinsulatedglass.com\/tr\/wp-json\/wp\/v2\/product"}],"about":[{"href":"https:\/\/theinsulatedglass.com\/tr\/wp-json\/wp\/v2\/types\/product"}],"wp:featuredmedia":[{"embeddable":true,"href":"https:\/\/theinsulatedglass.com\/tr\/wp-json\/wp\/v2\/media\/1342"}],"wp:attachment":[{"href":"https:\/\/theinsulatedglass.com\/tr\/wp-json\/wp\/v2\/media?parent=1328"}],"wp:term":[{"taxonomy":"product_brand","embeddable":true,"href":"https:\/\/theinsulatedglass.com\/tr\/wp-json\/wp\/v2\/product_brand?post=1328"},{"taxonomy":"product_cat","embeddable":true,"href":"https:\/\/theinsulatedglass.com\/tr\/wp-json\/wp\/v2\/product_cat?post=1328"},{"taxonomy":"product_tag","embeddable":true,"href":"https:\/\/theinsulatedglass.com\/tr\/wp-json\/wp\/v2\/product_tag?post=1328"}],"curies":[{"name":"wp","href":"https:\/\/api.w.org\/{rel}","templated":true}]}}