{"id":527,"date":"2026-01-27T02:49:11","date_gmt":"2026-01-27T02:49:11","guid":{"rendered":"https:\/\/theinsulatedglass.com\/?post_type=product&#038;p=527"},"modified":"2026-01-27T06:14:01","modified_gmt":"2026-01-27T06:14:01","slug":"custom-extra-clear-appliance-glass-for-home-and-company","status":"publish","type":"product","link":"https:\/\/theinsulatedglass.com\/tr\/custom-extra-clear-appliance-glass-for-home-and-company\/","title":{"rendered":"Ev ve \u015eirket \u0130\u00e7in \u00d6zel Ekstra \u015eeffaf Cihaz Cam\u0131"},"content":{"rendered":"<p data-start=\"60\" data-end=\"391\"><strong data-start=\"68\" data-end=\"80\">Genel Bak\u0131\u015f<\/strong><br data-start=\"80\" data-end=\"83\" \/>S\u0131k\u0131 uyum, temiz kenarlar ve ger\u00e7ek renk, bir yedek paneli bir yeniden \u00e7al\u0131\u015fmadan ay\u0131ran \u015feydir. Ekstra \u015feffaf (d\u00fc\u015f\u00fck demirli) cihaz cam\u0131m\u0131z, standart \u015feffaf cama g\u00f6re daha az ye\u015fil kenar tonu ve daha y\u00fcksek \u0131\u015f\u0131k ge\u00e7irgenli\u011fi ile par\u00e7alar\u0131n\u0131za ve \u00e7izimlerinize uyacak \u015fekilde \u00fcretilir.<\/p>\n<p data-start=\"393\" data-end=\"411\"><strong data-start=\"393\" data-end=\"409\">Temel \u00d6zellikler<\/strong><\/p>\n<ul data-start=\"412\" data-end=\"1009\">\n<li data-start=\"412\" data-end=\"471\">\n<p data-start=\"414\" data-end=\"471\">Partiler aras\u0131nda tekrarlanabilir uyum i\u00e7in makinede kesilmi\u015f profiller.<\/p>\n<\/li>\n<li data-start=\"472\" data-end=\"569\">\n<p data-start=\"474\" data-end=\"569\">P\u00fcr\u00fczs\u00fcz, y\u00fcksek parlakl\u0131kta bir y\u00fczey i\u00e7in a\u00e7\u0131kta kalan kenarlar\u0131 cilalay\u0131n.<\/p>\n<\/li>\n<li data-start=\"570\" data-end=\"687\">\n<p data-start=\"572\" data-end=\"687\">Donan\u0131m hizalamas\u0131 i\u00e7in CNC i\u015fleme ile delikler, \u00e7entikler ve yuvalar a\u00e7\u0131n.<\/p>\n<\/li>\n<li data-start=\"688\" data-end=\"868\">\n<p data-start=\"690\" data-end=\"868\">Daha y\u00fcksek darbe\/termal diren\u00e7 gerekti\u011finde iste\u011fe ba\u011fl\u0131 temperleme sunar; temperlenmi\u015f cam tipik olarak k\u00fc\u00e7\u00fck, daha az keskin par\u00e7alara ayr\u0131l\u0131r.<\/p>\n<\/li>\n<li data-start=\"869\" data-end=\"934\">\n<p data-start=\"871\" data-end=\"934\">\u015eirket \u0130\u00e7i Kalite Kontrol ve Kalite \u0130zlenebilirli\u011fi ile \u00fcretimi kontrol edin.<\/p>\n<\/li>\n<li data-start=\"935\" data-end=\"1009\">\n<p data-start=\"937\" data-end=\"1009\">Devam eden programlar i\u00e7in H\u0131zl\u0131 Teslimat S\u00fcresi planlamas\u0131 ile Toplu Tedariki destekleyin.<\/p>\n<\/li>\n<\/ul>\n<p data-start=\"1011\" data-end=\"1040\"><strong data-start=\"1011\" data-end=\"1038\">Se\u00e7enekler &amp; \u00d6zelle\u015ftirme<\/strong><\/p>\n<ul data-start=\"1041\" data-end=\"1432\">\n<li data-start=\"1041\" data-end=\"1117\">\n<p data-start=\"1043\" data-end=\"1117\">Proje Spesifikasyonuna g\u00f6re Sipari\u015fe G\u00f6re \u00d6zel Boyut, kal\u0131nl\u0131k ve k\u00f6\u015fe yar\u0131\u00e7aplar\u0131.<\/p>\n<\/li>\n<li data-start=\"1118\" data-end=\"1200\">\n<p data-start=\"1120\" data-end=\"1200\">Kollar, mente\u015feler, sens\u00f6rler, havaland\u0131rma delikleri ve ba\u011flant\u0131 elemanlar\u0131 i\u00e7in kesikler (\u0130malat \u00c7izimine g\u00f6re).<\/p>\n<\/li>\n<li data-start=\"1201\" data-end=\"1275\">\n<p data-start=\"1203\" data-end=\"1275\">Kenar i\u015fleme se\u00e7enekleri: d\u00fcz cila, kalem cilas\u0131, e\u011fimler veya emniyet arrisi.<\/p>\n<\/li>\n<li data-start=\"1276\" data-end=\"1365\">\n<p data-start=\"1278\" data-end=\"1365\">Y\u00fczey se\u00e7enekleri: \u015feffaf, kaz\u0131nm\u0131\u015f\/buzlu, seramik frit veya istek \u00fczerine bask\u0131l\u0131 i\u015faretler.<\/p>\n<\/li>\n<li data-start=\"1366\" data-end=\"1432\">\n<p data-start=\"1368\" data-end=\"1432\">Gerekti\u011finde koruyucu filmler ve temizleme\/i\u015fleme talimatlar\u0131.<\/p>\n<\/li>\n<\/ul>\n<p data-start=\"1434\" data-end=\"1672\"><strong data-start=\"1434\" data-end=\"1458\">Tipik Uygulamalar<\/strong><br data-start=\"1458\" data-end=\"1461\" \/>F\u0131r\u0131n kap\u0131 cam\u0131, mikrodalga pencere panelleri, davlumbaz kapaklar\u0131, buzdolab\u0131 raf\/kapak plakalar\u0131, cihaz kontrol paneli kaplamalar\u0131, ekipman g\u00f6r\u00fcnt\u00fcleme pencereleri, perakende te\u015fhir kapaklar\u0131, i\u015f istasyonu y\u00fczey koruyucular\u0131.<\/p>\n<p data-start=\"1674\" data-end=\"1910\"><strong data-start=\"1674\" data-end=\"1694\">Tedarik ve Destek<\/strong><br data-start=\"1694\" data-end=\"1697\" \/>OEM \/ ODM Hizmeti ile Fabrika Do\u011frudan \u00fcretimi, numuneden hacimli \u00e7al\u0131\u015fmalara kadar mevcuttur. Uzun mesafeli sevkiyatlar i\u00e7in \u0130hracat Ambalaj\u0131 ve Sand\u0131k Ambalaj\u0131 d\u00fczenlenebilir ve talep \u00fczerine Standartlara uygunluk sa\u011flanabilir.<\/p>","protected":false},"excerpt":{"rendered":"<p>\u00d6zel Ekstra \u015eeffaf Cihaz Cam\u0131 ultra y\u00fcksek \u015feffafl\u0131k, p\u00fcr\u00fczs\u00fcz cilal\u0131 kenarlar ve g\u00fcvenilir g\u00fc\u00e7 sunar. Ev aletleri ve ticari kullan\u0131m i\u00e7in ideal olan bu \u00fcr\u00fcn, m\u00fckemmel dayan\u0131kl\u0131l\u0131k ve hassas \u00f6zelle\u015ftirme ile temiz ve modern bir g\u00f6r\u00fcn\u00fcm sunar.<\/p>","protected":false},"featured_media":533,"template":"","meta":{"_gspb_post_css":""},"product_brand":[],"product_cat":[45,40],"product_tag":[52,54,50,55,51,53],"class_list":{"0":"post-527","1":"product","2":"type-product","3":"status-publish","4":"has-post-thumbnail","6":"product_cat-appliance-glass","7":"product_cat-project-application-glass","8":"product_tag-custom-appliance-glass","9":"product_tag-cut-to-size-glass-panels","10":"product_tag-extra-clear-glass","11":"product_tag-home-and-company-applications","12":"product_tag-low-iron-glass","13":"product_tag-polished-edge-glass","15":"first","16":"instock","17":"shipping-taxable","18":"purchasable","19":"product-type-simple"},"_links":{"self":[{"href":"https:\/\/theinsulatedglass.com\/tr\/wp-json\/wp\/v2\/product\/527","targetHints":{"allow":["GET"]}}],"collection":[{"href":"https:\/\/theinsulatedglass.com\/tr\/wp-json\/wp\/v2\/product"}],"about":[{"href":"https:\/\/theinsulatedglass.com\/tr\/wp-json\/wp\/v2\/types\/product"}],"wp:featuredmedia":[{"embeddable":true,"href":"https:\/\/theinsulatedglass.com\/tr\/wp-json\/wp\/v2\/media\/533"}],"wp:attachment":[{"href":"https:\/\/theinsulatedglass.com\/tr\/wp-json\/wp\/v2\/media?parent=527"}],"wp:term":[{"taxonomy":"product_brand","embeddable":true,"href":"https:\/\/theinsulatedglass.com\/tr\/wp-json\/wp\/v2\/product_brand?post=527"},{"taxonomy":"product_cat","embeddable":true,"href":"https:\/\/theinsulatedglass.com\/tr\/wp-json\/wp\/v2\/product_cat?post=527"},{"taxonomy":"product_tag","embeddable":true,"href":"https:\/\/theinsulatedglass.com\/tr\/wp-json\/wp\/v2\/product_tag?post=527"}],"curies":[{"name":"wp","href":"https:\/\/api.w.org\/{rel}","templated":true}]}}