{"id":536,"date":"2026-01-27T05:58:28","date_gmt":"2026-01-27T05:58:28","guid":{"rendered":"https:\/\/theinsulatedglass.com\/?post_type=product&#038;p=536"},"modified":"2026-01-27T06:02:56","modified_gmt":"2026-01-27T06:02:56","slug":"double-glazed-igu-custom-build-bulk-supply","status":"publish","type":"product","link":"https:\/\/theinsulatedglass.com\/tr\/double-glazed-igu-custom-build-bulk-supply\/","title":{"rendered":"\u00d6zel Yap\u0131 \u00c7ift Caml\u0131 IGU Toplu Tedarik"},"content":{"rendered":"<p data-start=\"49\" data-end=\"487\"><strong data-start=\"57\" data-end=\"69\">Genel Bak\u0131\u015f<\/strong><br data-start=\"69\" data-end=\"72\" \/>G\u00fcr\u00fclt\u00fc \u015fikayetleri genellikle cepheye kadar uzan\u0131r. \u00c7ift Caml\u0131 IGU, yal\u0131t\u0131ml\u0131 bir hava bo\u015flu\u011fu olu\u015fturmak i\u00e7in aral\u0131kl\u0131 ve hermetik olarak kapat\u0131lm\u0131\u015f iki b\u00f6lme kullan\u0131r ve i\u00e7 mekan ko\u015fullar\u0131n\u0131 dengelemeye yard\u0131mc\u0131 olurken yolcu konforunu art\u0131r\u0131r. G\u00fcn \u0131\u015f\u0131\u011f\u0131ndan \u00f6d\u00fcn vermeden \u0131s\u0131 transferini daha da azaltmak i\u00e7in Low-E kaplamalar ve inert gaz dolgular belirlenebilir.<\/p>\n<p data-start=\"489\" data-end=\"507\"><strong data-start=\"489\" data-end=\"505\">Temel \u00d6zellikler<\/strong><\/p>\n<ul data-start=\"508\" data-end=\"1001\">\n<li data-start=\"508\" data-end=\"613\">\n<p data-start=\"510\" data-end=\"613\">Bo\u015fluk tasar\u0131m\u0131n\u0131 ve cam yap\u0131s\u0131n\u0131 ayarlayarak d\u0131\u015f g\u00fcr\u00fclt\u00fcy\u00fc azalt\u0131n.<\/p>\n<\/li>\n<li data-start=\"614\" data-end=\"733\">\n<p data-start=\"616\" data-end=\"733\">Cam sisteminden ge\u00e7en \u0131s\u0131 ak\u0131\u015f\u0131n\u0131 azaltarak termal performans\u0131 iyile\u015ftirin.<\/p>\n<\/li>\n<li data-start=\"734\" data-end=\"849\">\n<p data-start=\"736\" data-end=\"849\">Low-E se\u00e7enekleri se\u00e7ildi\u011finde g\u00fcne\u015f \u0131s\u0131s\u0131 kazanc\u0131n\u0131 ve g\u00f6r\u00fcn\u00fcr \u0131\u015f\u0131\u011f\u0131 y\u00f6netin.<\/p>\n<\/li>\n<li data-start=\"850\" data-end=\"923\">\n<p data-start=\"852\" data-end=\"923\">\u015eirket \u0130\u00e7i Kalite Kontrol ve Kalite \u0130zlenebilirli\u011fi ile yap\u0131 tutarl\u0131l\u0131\u011f\u0131n\u0131 koruyun.<\/p>\n<\/li>\n<li data-start=\"924\" data-end=\"1001\">\n<p data-start=\"926\" data-end=\"1001\">Tekrarlanan projeler i\u00e7in Fabrika Do\u011frudan Hacim \u00dcretimi ile g\u00fcvenilir bir \u015fekilde \u00f6l\u00e7eklendirin.<\/p>\n<\/li>\n<\/ul>\n<p data-start=\"1003\" data-end=\"1032\"><strong data-start=\"1003\" data-end=\"1030\">Se\u00e7enekler &amp; \u00d6zelle\u015ftirme<\/strong><\/p>\n<ul data-start=\"1033\" data-end=\"1587\">\n<li data-start=\"1033\" data-end=\"1101\">\n<p data-start=\"1035\" data-end=\"1101\">Proje Spesifikasyonunuza uymas\u0131 i\u00e7in Sipari\u015f \u00dczerine \u00d6zel Boyut ve \u015fekiller.<\/p>\n<\/li>\n<li data-start=\"1102\" data-end=\"1183\">\n<p data-start=\"1104\" data-end=\"1183\">Birim yerle\u015fimi, g\u00f6r\u00fc\u015f hatlar\u0131 ve toleranslar i\u00e7in At\u00f6lye \u00c7izimi ve \u00c7izim Deste\u011fi.<\/p>\n<\/li>\n<li data-start=\"1184\" data-end=\"1321\">\n<p data-start=\"1186\" data-end=\"1321\">Cam kombinasyonlar\u0131: \u015feffaf\/renkli, temperli, lamine veya akustik konfor i\u00e7in kar\u0131\u015f\u0131k kal\u0131nl\u0131k.<\/p>\n<\/li>\n<li data-start=\"1322\" data-end=\"1465\">\n<p data-start=\"1324\" data-end=\"1465\">U fakt\u00f6r\u00fcn\u00fc d\u00fc\u015f\u00fcrmeye ve kenar yo\u011fu\u015fma riskini azaltmaya yard\u0131mc\u0131 olmak i\u00e7in s\u0131cak kenar tasar\u0131mlar\u0131 da dahil olmak \u00fczere ara par\u00e7a se\u00e7enekleri.<\/p>\n<\/li>\n<li data-start=\"1466\" data-end=\"1587\">\n<p data-start=\"1468\" data-end=\"1587\">Hava veya inert gaz dolumu (argon\/kripton) ve s\u0131zd\u0131rmazl\u0131k sistemleri talep \u00fczerine temin edilebilir.<\/p>\n<\/li>\n<\/ul>\n<p data-start=\"1589\" data-end=\"1822\"><strong data-start=\"1589\" data-end=\"1613\">Tipik Uygulamalar<\/strong><br data-start=\"1613\" data-end=\"1616\" \/>Perde duvar g\u00f6r\u00fc\u015f alanlar\u0131, birle\u015ftirilmi\u015f cephe panelleri, vitrin camlar\u0131, otel misafir odas\u0131 pencereleri, ofis \u00e7evre pencereleri, toplant\u0131 odalar\u0131, konut yatak odalar\u0131, hastaneler ve klinikler, okullar ve k\u00fct\u00fcphaneler.<\/p>\n<p data-start=\"1824\" data-end=\"2107\"><strong data-start=\"1824\" data-end=\"1844\">Tedarik ve Destek<\/strong><br data-start=\"1844\" data-end=\"1847\" \/>Teslimat korumas\u0131 i\u00e7in \u0130hracat Ambalaj\u0131 ve Kasa Ambalaj\u0131 ile \u00f6zel \u00fcretimler ve Toplu Tedarik programlar\u0131 i\u00e7in \u0130stikrarl\u0131 Teslimat S\u00fcresi planlamas\u0131 sunulmaktad\u0131r. Her sevkiyat i\u00e7in sa\u011flanan denetim kay\u0131tlar\u0131 ve paketleme listeleri ile talep \u00fczerine standartlara uygunluk mevcuttur.<\/p>","protected":false},"excerpt":{"rendered":"<p>Daha sessiz, daha konforlu i\u00e7 mekanlar i\u00e7in tasarlanan \u00c7ift Caml\u0131 IGU'lar\u0131m\u0131z, \u0131s\u0131 ak\u0131\u015f\u0131n\u0131 ve d\u0131\u015f g\u00fcr\u00fclt\u00fcy\u00fc kontrol etmek i\u00e7in s\u0131zd\u0131rmaz hava\/gaz alanlar\u0131n\u0131 yap\u0131land\u0131r\u0131labilir cam makyajlar\u0131yla birle\u015ftirir. Oteller, ofisler ve konut kulelerindeki giydirme cephe ve pencere mod\u00fclleri i\u00e7in sipari\u015f \u00fczerine \u00fcretilir.<\/p>","protected":false},"featured_media":537,"template":"","meta":{"_gspb_post_css":""},"product_brand":[],"product_cat":[25],"product_tag":[59,66,62,64,56,57,58,65,61,60,63],"class_list":{"0":"post-536","1":"product","2":"type-product","3":"status-publish","4":"has-post-thumbnail","6":"product_cat-insulating-glass-igu","7":"product_tag-argon-gas-fill","8":"product_tag-bulk-supply","9":"product_tag-curtain-wall-glazing","10":"product_tag-custom-size","11":"product_tag-double-glazed-igu","12":"product_tag-insulated-glass-unit","13":"product_tag-low-e-coated-glass","14":"product_tag-shop-drawing-support","15":"product_tag-tempered-glass-option","16":"product_tag-warm-edge-spacer","17":"product_tag-window-modules","19":"first","20":"instock","21":"shipping-taxable","22":"purchasable","23":"product-type-simple"},"_links":{"self":[{"href":"https:\/\/theinsulatedglass.com\/tr\/wp-json\/wp\/v2\/product\/536","targetHints":{"allow":["GET"]}}],"collection":[{"href":"https:\/\/theinsulatedglass.com\/tr\/wp-json\/wp\/v2\/product"}],"about":[{"href":"https:\/\/theinsulatedglass.com\/tr\/wp-json\/wp\/v2\/types\/product"}],"wp:featuredmedia":[{"embeddable":true,"href":"https:\/\/theinsulatedglass.com\/tr\/wp-json\/wp\/v2\/media\/537"}],"wp:attachment":[{"href":"https:\/\/theinsulatedglass.com\/tr\/wp-json\/wp\/v2\/media?parent=536"}],"wp:term":[{"taxonomy":"product_brand","embeddable":true,"href":"https:\/\/theinsulatedglass.com\/tr\/wp-json\/wp\/v2\/product_brand?post=536"},{"taxonomy":"product_cat","embeddable":true,"href":"https:\/\/theinsulatedglass.com\/tr\/wp-json\/wp\/v2\/product_cat?post=536"},{"taxonomy":"product_tag","embeddable":true,"href":"https:\/\/theinsulatedglass.com\/tr\/wp-json\/wp\/v2\/product_tag?post=536"}],"curies":[{"name":"wp","href":"https:\/\/api.w.org\/{rel}","templated":true}]}}