{"id":543,"date":"2026-01-27T06:06:26","date_gmt":"2026-01-27T06:06:26","guid":{"rendered":"https:\/\/theinsulatedglass.com\/?post_type=product&#038;p=543"},"modified":"2026-01-27T06:06:26","modified_gmt":"2026-01-27T06:06:26","slug":"pvb-laminated-glass-safety-use-bulk-supply","status":"publish","type":"product","link":"https:\/\/theinsulatedglass.com\/tr\/pvb-laminated-glass-safety-use-bulk-supply\/","title":{"rendered":"PVB Lamine Cam G\u00fcvenlik Kullan\u0131m\u0131 Toplu Tedarik"},"content":{"rendered":"<p data-start=\"49\" data-end=\"445\"><strong data-start=\"57\" data-end=\"69\">Genel Bak\u0131\u015f<\/strong><br data-start=\"69\" data-end=\"72\" \/>Yo\u011fun ortamlarda konfor i\u00e7in tasarlanan PVB lamine cam, titre\u015fim transferini azalt\u0131rken k\u0131r\u0131lan par\u00e7alar\u0131n ara katmana yap\u0131\u015fmas\u0131na yard\u0131mc\u0131 olan bir g\u00fcvenlik katman\u0131 sa\u011flar. Darbe riski, d\u00fc\u015fme riski veya y\u00fcksek yaya trafi\u011finin kontroll\u00fc k\u0131r\u0131lma davran\u0131\u015f\u0131 gerektirdi\u011fi yerlerde pratik bir se\u00e7imdir.<\/p>\n<p data-start=\"447\" data-end=\"465\"><strong data-start=\"447\" data-end=\"463\">Temel \u00d6zellikler<\/strong><\/p>\n<ul data-start=\"466\" data-end=\"997\">\n<li data-start=\"466\" data-end=\"582\">\n<p data-start=\"468\" data-end=\"582\">PVB ara katman\u0131n\u0131n s\u00f6n\u00fcmleme etkisi ile g\u00fcr\u00fclt\u00fcy\u00fc azalt\u0131n ve rezonans\u0131 s\u0131n\u0131rlay\u0131n.<\/p>\n<\/li>\n<li data-start=\"583\" data-end=\"702\">\n<p data-start=\"585\" data-end=\"702\">K\u0131r\u0131ld\u0131ktan sonra cam par\u00e7alar\u0131n\u0131 saklay\u0131n ve b\u00f6ylece i\u015fgal edilen alanlarda keskin serpintileri azalt\u0131n.<\/p>\n<\/li>\n<li data-start=\"703\" data-end=\"826\">\n<p data-start=\"705\" data-end=\"826\">UV-perdeleme PVB ile belirtildi\u011finde UV'yi filtreleyerek i\u00e7 korumay\u0131 geli\u015ftirin.<\/p>\n<\/li>\n<li data-start=\"827\" data-end=\"918\">\n<p data-start=\"829\" data-end=\"918\">\u015eirket \u0130\u00e7i Kalite Kontrol ve Kalite \u0130zlenebilirli\u011fi arac\u0131l\u0131\u011f\u0131yla partiler aras\u0131nda yap\u0131 tutarl\u0131l\u0131\u011f\u0131n\u0131 koruyun.<\/p>\n<\/li>\n<li data-start=\"919\" data-end=\"997\">\n<p data-start=\"921\" data-end=\"997\">Devam eden Toplu Tedarik programlar\u0131 i\u00e7in Fabrika Do\u011frudan Hacim \u00dcretimini destekleyin.<\/p>\n<\/li>\n<\/ul>\n<p data-start=\"999\" data-end=\"1028\"><strong data-start=\"999\" data-end=\"1026\">Se\u00e7enekler &amp; \u00d6zelle\u015ftirme<\/strong><\/p>\n<ul data-start=\"1029\" data-end=\"1471\">\n<li data-start=\"1029\" data-end=\"1098\">\n<p data-start=\"1031\" data-end=\"1098\">Proje Spesifikasyonuna g\u00f6re Sipari\u015fe G\u00f6re \u00d6zel Boyut, \u015fekil ve kenar i\u015f\u00e7ili\u011fi.<\/p>\n<\/li>\n<li data-start=\"1099\" data-end=\"1186\">\n<p data-start=\"1101\" data-end=\"1186\">Daha y\u00fcksek mukavemet ihtiya\u00e7lar\u0131 i\u00e7in istek \u00fczerine temperlenmi\u015f veya \u0131s\u0131yla g\u00fc\u00e7lendirilmi\u015f katlar mevcuttur.<\/p>\n<\/li>\n<li data-start=\"1187\" data-end=\"1260\">\n<p data-start=\"1189\" data-end=\"1260\">Gerekti\u011fi gibi \u015feffaf, renkli, desenli veya d\u00fc\u015f\u00fck demirli cam kombinasyonlar\u0131.<\/p>\n<\/li>\n<li data-start=\"1261\" data-end=\"1390\">\n<p data-start=\"1263\" data-end=\"1390\">PVB se\u00e7enekleri: standart, akustik veya UV ekranlama; kal\u0131nl\u0131k ve katman say\u0131s\u0131 talep \u00fczerine.<\/p>\n<\/li>\n<li data-start=\"1391\" data-end=\"1471\">\n<p data-start=\"1393\" data-end=\"1471\">At\u00f6lye \u00c7izimi \/ \u00c7izim Deste\u011fi ile CNC kesikleri, \u00e7entikler ve delinmi\u015f delikler.<\/p>\n<\/li>\n<\/ul>\n<p data-start=\"1473\" data-end=\"1688\"><strong data-start=\"1473\" data-end=\"1497\">Tipik Uygulamalar<\/strong><br data-start=\"1497\" data-end=\"1500\" \/>\u0130\u00e7 b\u00f6lmeler, ofis cepheleri, korkuluklar ve korkuluklar, merdiven camlar\u0131, kanopiler, \u00e7at\u0131 pencereleri, vitrin camlar\u0131, perde duvar camlar\u0131, asans\u00f6r lobileri, ekipman izleme pencereleri.<\/p>\n<p data-start=\"1690\" data-end=\"1908\"><strong data-start=\"1690\" data-end=\"1710\">Tedarik ve Destek<\/strong><br data-start=\"1710\" data-end=\"1713\" \/>Transit riskini azaltmak i\u00e7in \u0130stikrarl\u0131 Teslimat S\u00fcresi planlamas\u0131, \u0130hracat Ambalaj\u0131 ve Sand\u0131k Ambalaj\u0131 sunuyoruz. Gelen denetim i\u00e7in belgeler sa\u011flan\u0131r ve talep \u00fczerine Standartlara uygunluk mevcuttur.<\/p>","protected":false},"excerpt":{"rendered":"<p>PVB lamine cam, darbeden sonra par\u00e7alar\u0131 tutmaya yard\u0131mc\u0131 olmak ve g\u00fcnl\u00fck kullan\u0131m alanlar\u0131nda konforu art\u0131rmak i\u00e7in iki kat\u0131 bir PVB ara katman\u0131 ile birle\u015ftirir. Kontroll\u00fc k\u0131r\u0131lma davran\u0131\u015f\u0131 gerektiren i\u00e7 b\u00f6lmeler ve korkuluklar i\u00e7in yayg\u0131n olarak belirtilir.<\/p>","protected":false},"featured_media":544,"template":"","meta":{"_gspb_post_css":""},"product_brand":[],"product_cat":[30],"product_tag":[70,74,75,64,77,73,68,69,67,76,72,71],"class_list":{"0":"post-543","1":"product","2":"type-product","3":"status-publish","4":"has-post-thumbnail","6":"product_cat-laminated-glass","7":"product_tag-acoustic-laminated-glass","8":"product_tag-balustrade-glass","9":"product_tag-canopy-glazing","10":"product_tag-custom-size","11":"product_tag-factory-direct-bulk-supply","12":"product_tag-glass-partition-panels","13":"product_tag-laminated-safety-glass","14":"product_tag-pvb-interlayer","15":"product_tag-pvb-laminated-glass-safety-use-bulk-supply","16":"product_tag-skylight-glazing","17":"product_tag-tempered-ply-option","18":"product_tag-uv-screening-interlayer","20":"first","21":"instock","22":"shipping-taxable","23":"purchasable","24":"product-type-simple"},"_links":{"self":[{"href":"https:\/\/theinsulatedglass.com\/tr\/wp-json\/wp\/v2\/product\/543","targetHints":{"allow":["GET"]}}],"collection":[{"href":"https:\/\/theinsulatedglass.com\/tr\/wp-json\/wp\/v2\/product"}],"about":[{"href":"https:\/\/theinsulatedglass.com\/tr\/wp-json\/wp\/v2\/types\/product"}],"wp:featuredmedia":[{"embeddable":true,"href":"https:\/\/theinsulatedglass.com\/tr\/wp-json\/wp\/v2\/media\/544"}],"wp:attachment":[{"href":"https:\/\/theinsulatedglass.com\/tr\/wp-json\/wp\/v2\/media?parent=543"}],"wp:term":[{"taxonomy":"product_brand","embeddable":true,"href":"https:\/\/theinsulatedglass.com\/tr\/wp-json\/wp\/v2\/product_brand?post=543"},{"taxonomy":"product_cat","embeddable":true,"href":"https:\/\/theinsulatedglass.com\/tr\/wp-json\/wp\/v2\/product_cat?post=543"},{"taxonomy":"product_tag","embeddable":true,"href":"https:\/\/theinsulatedglass.com\/tr\/wp-json\/wp\/v2\/product_tag?post=543"}],"curies":[{"name":"wp","href":"https:\/\/api.w.org\/{rel}","templated":true}]}}